{"id":169,"date":"2019-11-29T15:50:25","date_gmt":"2019-11-29T14:50:25","guid":{"rendered":"http:\/\/wp.unil.ch\/gtf\/?page_id=169"},"modified":"2024-04-23T14:09:28","modified_gmt":"2024-04-23T12:09:28","slug":"lims","status":"publish","type":"page","link":"https:\/\/wp.unil.ch\/gtf\/lims\/","title":{"rendered":"LIMS"},"content":{"rendered":"\n<p>All library preparation and sequencing requests must be submitted through our <a href=\"https:\/\/uhts-lgtf.unil.ch\/#\/signup\" target=\"_blank\" rel=\"noreferrer noopener\"><span style=\"color: #0563c1\"><u>Laboratory Information Management System<\/u><\/span><\/a>.<\/p>\n\n\n\n<p>By performing a request through the LIMS, you commit in having the experiment performed, and in paying the corresponding bill.<\/p>\n\n\n\n<p>We<!-- Encadr\u00e9 pour le s\u00e9parer du reste de la page (maus \u00e7a reste la meilleure place sur le site) --> would be grateful if the GTF is mentioned in the acknowledgements of any future publications which include data produced at our Facility<\/p>\n\n\n\n<p><span style=\"font-size: small\"><i>Example: \u201cLibrary preparation and sequencing [to be refined by the authors] was performed at the Lausanne Genomic Technologies Facility, University of Lausanne, Switzerland (https:\/\/www.unil.ch\/gtf\/en\/home.html).\u201d<\/i><\/span><\/p>\n\n\n\n<p>For our records, it would also be helpful if you could inform us when articles are published. Thank you in advance for your support.<\/p>\n\n\n\n<p><br><\/p>\n\n\n\n<p class=\"has-medium-font-size\"><u><strong>LIMS checklist<\/strong><\/u><\/p>\n\n\n\n<ol class=\"wp-block-list\">\n<li> If your laboratory does not have a GTF-LIMS account yet, please provide us with laboratory head name, paper mail address, phone number, and (professionnal\/academic) email address. This information will be used for billing.<br><br><\/li>\n\n\n\n<li> Request by <a href=\"mailto:contactGTF@unil.ch\" data-type=\"mailto\" data-id=\"mailto:contactGTF@unil.ch\">email<\/a> the creation of a new project (if required). This request must include the laboratory head name, a general description of the project (1 sentence), and a short name (1-2 words code).<br><br><\/li>\n\n\n\n<li> Request your own account through this <span style=\"color: #0563c1\"><u><a href=\"https:\/\/uhts-lgtf.unil.ch\/#\/signup\" target=\"_blank\" rel=\"noreferrer noopener\">LINK<\/a><\/u><\/span> (it generally takes 1\/2 day to be activated). A professional email address is required. <br><br><\/li>\n\n\n\n<li> Connect to the <span style=\"color: #0563c1\"><u><a href=\"https:\/\/uhts-lgtf.unil.ch\/#\/user\" target=\"_blank\" rel=\"noreferrer noopener\">LIMS system<\/a><\/u><\/span> and submit your request. <\/li>\n<\/ol>\n\n\n\n<p><\/p>\n","protected":false},"excerpt":{"rendered":"<p>All library preparation and sequencing requests must be submitted through our Laboratory Information Management System. By performing a request through the LIMS, you commit in having the experiment performed, and in paying the corresponding bill. We would be grateful if<\/p>\n","protected":false},"author":1002004,"featured_media":0,"parent":0,"menu_order":0,"comment_status":"closed","ping_status":"closed","template":"","meta":{"_seopress_robots_primary_cat":"","_seopress_titles_title":"","_seopress_titles_desc":"","_seopress_robots_index":"","footnotes":""},"class_list":["post-169","page","type-page","status-publish"],"_links":{"self":[{"href":"https:\/\/wp.unil.ch\/gtf\/wp-json\/wp\/v2\/pages\/169","targetHints":{"allow":["GET"]}}],"collection":[{"href":"https:\/\/wp.unil.ch\/gtf\/wp-json\/wp\/v2\/pages"}],"about":[{"href":"https:\/\/wp.unil.ch\/gtf\/wp-json\/wp\/v2\/types\/page"}],"author":[{"embeddable":true,"href":"https:\/\/wp.unil.ch\/gtf\/wp-json\/wp\/v2\/users\/1002004"}],"replies":[{"embeddable":true,"href":"https:\/\/wp.unil.ch\/gtf\/wp-json\/wp\/v2\/comments?post=169"}],"version-history":[{"count":1,"href":"https:\/\/wp.unil.ch\/gtf\/wp-json\/wp\/v2\/pages\/169\/revisions"}],"predecessor-version":[{"id":1804,"href":"https:\/\/wp.unil.ch\/gtf\/wp-json\/wp\/v2\/pages\/169\/revisions\/1804"}],"wp:attachment":[{"href":"https:\/\/wp.unil.ch\/gtf\/wp-json\/wp\/v2\/media?parent=169"}],"curies":[{"name":"wp","href":"https:\/\/api.w.org\/{rel}","templated":true}]}}