{"id":926,"date":"2025-02-24T22:04:42","date_gmt":"2025-02-24T21:04:42","guid":{"rendered":"https:\/\/wp.unil.ch\/grouperecherche-illes\/?page_id=926"},"modified":"2025-02-24T22:26:30","modified_gmt":"2025-02-24T21:26:30","slug":"catalogo-en-linea-del-corpus-de-estudio","status":"publish","type":"page","link":"https:\/\/wp.unil.ch\/grouperecherche-illes\/catalogo-en-linea-del-corpus-de-estudio\/","title":{"rendered":"Cat\u00e1logo en l\u00ednea del corpus de estudio"},"content":{"rendered":"\n<p>Este cat\u00e1logo reagrupa el conjunto de obras literarias estudiadas en el marco de proyecto FNS 100012_195971, ofreciendo as\u00ed un panorama de las autoras, los g\u00e9neros y las tem\u00e1ticas objeto de nuestro estudio y una plataforma actualizada de referencias de estudio en torno a los imaginarios l\u00e9sbicos en la literatura en espa\u00f1ol.&nbsp;<\/p>\n\n\n\n<p>Les enregistrements audio de ce catalogue a pu \u00eatre r\u00e9alis\u00e9 gr\u00e2ce \u00e0 l&rsquo;appui du <em>Centre d&rsquo;\u00e9tudes th\u00e9\u00e2trales de la Facult\u00e9 des lettres. <\/em><\/p>\n\n\n\n<p><a href=\"https:\/\/catima.unil.ch\/illes\/fr\">https:\/\/catima.unil.ch\/illes\/fr<\/a><\/p>\n\n\n\n<p class=\"has-text-align-center\"><strong>Iniciativa participativa de cat\u00e1logo colectivo<\/strong><\/p>\n\n\n\n<div data-wp-interactive=\"core\/file\" class=\"wp-block-file\"><object data-wp-bind--hidden=\"!state.hasPdfPreview\" hidden class=\"wp-block-file__embed\" data=\"https:\/\/wp.unil.ch\/grouperecherche-illes\/files\/2025\/02\/Opcion-1G.pdf\" type=\"application\/pdf\" style=\"width:100%;height:840px\" aria-label=\"Contenu embarqu\u00e9 Opcio\u0301n 1G.\"><\/object><a id=\"wp-block-file--media-4405bb04-8687-4456-9378-aa244080027f\" href=\"https:\/\/wp.unil.ch\/grouperecherche-illes\/files\/2025\/02\/Opcion-1G.pdf\">Opcio\u0301n 1G<\/a><a href=\"https:\/\/wp.unil.ch\/grouperecherche-illes\/files\/2025\/02\/Opcion-1G.pdf\" class=\"wp-block-file__button wp-element-button\" download aria-describedby=\"wp-block-file--media-4405bb04-8687-4456-9378-aa244080027f\">T\u00e9l\u00e9charger<\/a><\/div>\n","protected":false},"excerpt":{"rendered":"<p>Este cat\u00e1logo reagrupa el conjunto de obras literarias estudiadas en el marco de proyecto FNS 100012_195971, ofreciendo as\u00ed un panorama de las autoras, los g\u00e9neros y las tem\u00e1ticas&hellip;<\/p>\n","protected":false},"author":1002149,"featured_media":0,"parent":0,"menu_order":0,"comment_status":"closed","ping_status":"closed","template":"","meta":{"_seopress_robots_primary_cat":"","_seopress_titles_title":"","_seopress_titles_desc":"","_seopress_robots_index":"","footnotes":""},"class_list":["post-926","page","type-page","status-publish","has-post-thumbnail"],"_links":{"self":[{"href":"https:\/\/wp.unil.ch\/grouperecherche-illes\/wp-json\/wp\/v2\/pages\/926","targetHints":{"allow":["GET"]}}],"collection":[{"href":"https:\/\/wp.unil.ch\/grouperecherche-illes\/wp-json\/wp\/v2\/pages"}],"about":[{"href":"https:\/\/wp.unil.ch\/grouperecherche-illes\/wp-json\/wp\/v2\/types\/page"}],"author":[{"embeddable":true,"href":"https:\/\/wp.unil.ch\/grouperecherche-illes\/wp-json\/wp\/v2\/users\/1002149"}],"replies":[{"embeddable":true,"href":"https:\/\/wp.unil.ch\/grouperecherche-illes\/wp-json\/wp\/v2\/comments?post=926"}],"version-history":[{"count":5,"href":"https:\/\/wp.unil.ch\/grouperecherche-illes\/wp-json\/wp\/v2\/pages\/926\/revisions"}],"predecessor-version":[{"id":937,"href":"https:\/\/wp.unil.ch\/grouperecherche-illes\/wp-json\/wp\/v2\/pages\/926\/revisions\/937"}],"wp:attachment":[{"href":"https:\/\/wp.unil.ch\/grouperecherche-illes\/wp-json\/wp\/v2\/media?parent=926"}],"curies":[{"name":"wp","href":"https:\/\/api.w.org\/{rel}","templated":true}]}}