{"id":827,"date":"2024-06-10T18:15:55","date_gmt":"2024-06-10T16:15:55","guid":{"rendered":"https:\/\/wp.unil.ch\/grouperecherche-illes\/?page_id=827"},"modified":"2026-02-01T18:08:10","modified_gmt":"2026-02-01T17:08:10","slug":"nuestras-publicaciones-en-el-marco-del-proyecto-illes","status":"publish","type":"page","link":"https:\/\/wp.unil.ch\/grouperecherche-illes\/nuestras-publicaciones-en-el-marco-del-proyecto-illes\/","title":{"rendered":"Nuestras publicaciones en el marco del proyecto ILLEs"},"content":{"rendered":"\n<h2 class=\"wp-block-heading\">En preparaci\u00f3n<\/h2>\n\n\n\n<p>G. Cordone, Coll. Marie Rosier, M. Gamba, <em>Imaginarios l\u00e9sbicos en la literatura en espa\u00f1ol (2005-2020)<\/em>, colecci\u00f3n Hispanica Helv\u00e9tica\/De Gruyter, Berlin. Fecha de publicaci\u00f3n prevista: 2027.<\/p>\n\n\n\n<h2 class=\"wp-block-heading\">En prensa<\/h2>\n\n\n\n<p>G. Cordone, T. Courau, C. Laguian, S. Large, M.-A. Palaisi, M. Rosier (eds.), <em><em>Escrituras e imaginarios l\u00e9sbicos en el mundo hispano. De la herencia a la resistencia<\/em>, <\/em>Barcelona, Icaria, en prensa<\/p>\n\n\n\n<p>Cordone, Gabriela. \u201cLa interrupci\u00f3n l\u00e9sbica del relato. Una lectura de&nbsp;<em>Zez\u00e9<\/em> (1909), de&nbsp;\u00c1ngeles&nbsp;Vicente\u201d, en G. Cordone, T. Courau, C. Laguian, S. Large, M.-A. Palaisi, M. Rosier (eds.), <em><em>Escrituras e imaginarios l\u00e9sbicos en el mundo hispano. De la herencia a la resistencia<\/em>, <\/em>Barcelona, Icaria, en prensa. <\/p>\n\n\n\n<h2 class=\"wp-block-heading\">Trabajos publicados<\/h2>\n\n\n\n<p>Cordone, Gabriela. \u00ab\u00a0<em>Mi pantera criminal, <\/em>de Mag de Santo y Duen Sacchi. La salvaje performatividad del archivo l\u00e9sbico\u00a0\u00bb, en <em>Explorando la literatura l\u00e9sbica queer\/cuir en el mundo hispan\u00f3fono del siglo XXI<\/em>, Th\u00e9r\u00e8se Courau y Marie-Agn\u00e8s Palaisi (Eds.), Le Kremlin-Bic\u00eatre, Mare &amp; Martin, 2026. <a href=\"https:\/\/www.mareetmartin.com\/livre\/explorando-la-literatura-lesbica-cuir-queer-en-el-mundo-hispanofono-del-siglo-xxi\">https:\/\/www.mareetmartin.com\/livre\/explorando-la-literatura-lesbica-cuir-queer-en-el-mundo-hispanofono-del-siglo-xxi<\/a><a href=\"https:\/\/www.mareetmartin.com\/livre\/explorando-la-literatura-lesbica-cuir-queer-en-el-mundo-hispanofono-del-siglo-xxi\" data-type=\"link\" data-id=\"https:\/\/www.mareetmartin.com\/livre\/explorando-la-literatura-lesbica-cuir-queer-en-el-mundo-hispanofono-del-siglo-xxi\">https:\/\/www.mareetmartin.com\/livre\/explorando-la-literatura-lesbica-cuir-queer-en-el-mundo-hispanofono-del-siglo-xxi<\/a><\/p>\n\n\n\n<p><a href=\"https:\/\/interfas.univ-tlse2.fr\/sociocriticism\/3966#authors-infos\">Gabriela Cordone<\/a>, <a href=\"https:\/\/interfas.univ-tlse2.fr\/sociocriticism\/3966#authors-infos\">Marie Rosier<\/a>, <a href=\"https:\/\/interfas.univ-tlse2.fr\/sociocriticism\/3966#authors-infos\">Nella Arambasin<\/a>, <a href=\"https:\/\/interfas.univ-tlse2.fr\/sociocriticism\/3966#authors-infos\">Erwan Burel<\/a>, <a href=\"https:\/\/interfas.univ-tlse2.fr\/sociocriticism\/3966#authors-infos\">Micha\u00ebla Cogan<\/a>, <a href=\"https:\/\/interfas.univ-tlse2.fr\/sociocriticism\/3966#authors-infos\">Ana Marina Gamba<\/a> et <a href=\"https:\/\/interfas.univ-tlse2.fr\/sociocriticism\/3966#authors-infos\">Margaret Gillespie<\/a>, <em><a href=\"https:\/\/interfas.univ-tlse2.fr\/sociocriticism\/3966\" data-type=\"link\" data-id=\"https:\/\/interfas.univ-tlse2.fr\/sociocriticism\/3966\">Textualit\u00e9s lesbiennes et relations ancillaires : du lien amoureux au lien litt\u00e9raire<\/a><\/em>, <em>Sociocriticism <\/em>XXXVIII-2 \/ 2024 <\/p>\n\n\n\n<p><a href=\"https:\/\/www.actualites-editions.com\/eudy\/\">Itziar Pascual,<em> Eudy<\/em> (traduit de l\u2019espagnol par Marie Rosier), Actualit\u00e9s \u00c9ditions, 2024<\/a>.<\/p>\n\n\n\n<p>Marie-Pierre Rosier, \u00ab\u00a0Pr\u00e9face\u00a0\u00bb \u00e0 <em>Henri.ette Favez. Proc\u00e8s pour s&rsquo;\u00eatre habill\u00e9-e en homme au XIXe si\u00e8cle<\/em>, Julio C\u00e9sar Gonz\u00e1lez Pag\u00e9s, traduit de l&rsquo;espagnol par Jo\u00eblle B\u00e9lard-Ruchonnet, Lausanne, Editions d&rsquo;en bas, 2023. <\/p>\n\n\n\n<p>Cordone, Gabriela. \u201cEl imaginario l\u00e9sbico en escena: tr\u00e1nsitos por la historia y la memoria\u201d, en B\u00e9atrice Bottin (\u00e9d.), <em>Las artes esc\u00e9nicas como patrimonio del \u00e1mbito hisp\u00e1nico. Siglo XXI, <\/em>Berlin \/ Frankfurt \/ Bern, Peter Lang, 2023, pp. 213-222.<\/p>\n\n\n\n<p>Cordone Gabriela y Marie Rosier, \u201cLesbomaternidades en el teatro espa\u00f1ol: entre legitimidad y estereotipos\u201d, Paola Bellomi, Claudio Castro Filho, eds.,<em> Entre el cuarto oscuro y la utop\u00eda queer: sexualidades no normativas en el teatro espa\u00f1ol contempor\u00e1neo, <\/em>Colecci\u00f3n Romania Viva, Peter Lang, Berlin, 2023 (154-182).<\/p>\n\n\n\n<p>Cordone Gabriela y Marie Rosier, \u00bfPorno o postporno? Una lectura de la <em>Enciclopedia en los tiempos del porno, <\/em>de Josefa Ruiz Tagle &amp; Luc\u00eda Ega\u00f1a Rojas, <em>Revista Kamchatka<\/em>, 19 (2022), pp. 129-148.<\/p>\n\n\n\n<p>Cordone Gabriela y Marie Rosier, \u201cLe th\u00e9\u00e2tre lesbien en espagnol&nbsp;: entre contre-espace et utopie\u201d, <em>Mouvements. Des id\u00e9es et des luttes, <\/em>2021\/4, No. 108, pp. 104-114.<\/p>\n\n\n\n<p>Cordone Gabriela y Marie Rosier, \u201cDesde el margen: la escena l\u00e9sbica como contra-espacio esc\u00e9nico\u201d, en A. Abuin, E. P\u00e9rez Rasilla y G. Soria Tom\u00e1s (eds.), <em>Fuera del escenario. Teatralidades alternativas en la Espa\u00f1a actual, <\/em>Madrid, Visor, 2021, pp. 87-117.<\/p>\n\n\n\n<p>Cordone Gabriela et Marie Rosier, <a href=\"https:\/\/journals.openedition.org\/skenegraphie\/3302\">\u201cUtopies <em>queer <\/em>et dystopies lesbiennes. Entretien avec Mag De Santo\u201d, <em>Revue Sk\u00e9n&amp;graphie<\/em>, 7<\/a>, num\u00e9ro monographique <em>Sc\u00e8nes queer contemporaines, <\/em>coordonn\u00e9 par E. Burel, 2021, pp. 71-78.<\/p>\n\n\n\n<p>De Santo, Mag.  \u00ab\u00a0<a href=\"https:\/\/journals.openedition.org\/skenegraphie\/3313\">Manifeste pour la lesbianisation du th\u00e9\u00e2tre\u00a0\u00bb,  traduit de l&rsquo;espagnol par M. Rosier et G. Cordone, <em>Revue Sk\u00e9n&amp;graphie 7<\/em>,<\/a> num\u00e9ro monographique <em>Sc\u00e8nes queer contemporaines <\/em>coordonn\u00e9 par E. Burel, 2021, pp. 79-85.<\/p>\n\n\n\n<p>Rosier, Marie, \u201cEn pos del posporno en unas escrituras del yo l\u00e9sbico\u201d, in&nbsp;<em>Fantas\u00edas pornot\u00f3picas, subjetividades deseantes en Am\u00e9rica Latina,&nbsp;<\/em>Moderna Spr\u00e4k,<em>&nbsp;<\/em>\u00c1ngeles Mateo del Pino (ed.), 2020, pp.30-42.<\/p>\n\n\n\n<p><\/p>\n","protected":false},"excerpt":{"rendered":"<p>En preparaci\u00f3n G. Cordone, Coll. Marie Rosier, M. Gamba, Imaginarios l\u00e9sbicos en la literatura en espa\u00f1ol (2005-2020), colecci\u00f3n Hispanica Helv\u00e9tica\/De Gruyter, Berlin. Fecha de publicaci\u00f3n prevista: 2027. En&hellip;<\/p>\n","protected":false},"author":1002149,"featured_media":0,"parent":0,"menu_order":0,"comment_status":"closed","ping_status":"closed","template":"","meta":{"_seopress_robots_primary_cat":"","_seopress_titles_title":"","_seopress_titles_desc":"","_seopress_robots_index":"","footnotes":""},"class_list":["post-827","page","type-page","status-publish","has-post-thumbnail"],"_links":{"self":[{"href":"https:\/\/wp.unil.ch\/grouperecherche-illes\/wp-json\/wp\/v2\/pages\/827","targetHints":{"allow":["GET"]}}],"collection":[{"href":"https:\/\/wp.unil.ch\/grouperecherche-illes\/wp-json\/wp\/v2\/pages"}],"about":[{"href":"https:\/\/wp.unil.ch\/grouperecherche-illes\/wp-json\/wp\/v2\/types\/page"}],"author":[{"embeddable":true,"href":"https:\/\/wp.unil.ch\/grouperecherche-illes\/wp-json\/wp\/v2\/users\/1002149"}],"replies":[{"embeddable":true,"href":"https:\/\/wp.unil.ch\/grouperecherche-illes\/wp-json\/wp\/v2\/comments?post=827"}],"version-history":[{"count":5,"href":"https:\/\/wp.unil.ch\/grouperecherche-illes\/wp-json\/wp\/v2\/pages\/827\/revisions"}],"predecessor-version":[{"id":1011,"href":"https:\/\/wp.unil.ch\/grouperecherche-illes\/wp-json\/wp\/v2\/pages\/827\/revisions\/1011"}],"wp:attachment":[{"href":"https:\/\/wp.unil.ch\/grouperecherche-illes\/wp-json\/wp\/v2\/media?parent=827"}],"curies":[{"name":"wp","href":"https:\/\/api.w.org\/{rel}","templated":true}]}}