{"id":6,"date":"2019-11-28T16:00:19","date_gmt":"2019-11-28T15:00:19","guid":{"rendered":"http:\/\/wp.unil.ch\/grouperecherche-illes\/?page_id=6"},"modified":"2026-02-22T12:03:59","modified_gmt":"2026-02-22T11:03:59","slug":"home","status":"publish","type":"page","link":"https:\/\/wp.unil.ch\/grouperecherche-illes\/","title":{"rendered":"Imaginarios l\u00e9sbicos en la literatura en espa\u00f1ol (2005-2020)"},"content":{"rendered":"\n<h3 class=\"wp-block-heading\">Marie Rosier (1972-2024)<\/h3>\n\n\n\n<figure class=\"wp-block-image size-large is-resized\"><img alt=\"\" loading=\"lazy\" decoding=\"async\" width=\"902\" height=\"1024\" src=\"https:\/\/wp.unil.ch\/grouperecherche-illes\/files\/2025\/02\/IMG-20250215-WA0001-1-902x1024.jpg\" alt=\"\" class=\"wp-image-911\" style=\"width:205px;height:auto\" srcset=\"https:\/\/wp.unil.ch\/grouperecherche-illes\/files\/2025\/02\/IMG-20250215-WA0001-1-902x1024.jpg 902w, https:\/\/wp.unil.ch\/grouperecherche-illes\/files\/2025\/02\/IMG-20250215-WA0001-1-264x300.jpg 264w, https:\/\/wp.unil.ch\/grouperecherche-illes\/files\/2025\/02\/IMG-20250215-WA0001-1-768x872.jpg 768w, https:\/\/wp.unil.ch\/grouperecherche-illes\/files\/2025\/02\/IMG-20250215-WA0001-1-540x613.jpg 540w, https:\/\/wp.unil.ch\/grouperecherche-illes\/files\/2025\/02\/IMG-20250215-WA0001-1.jpg 929w\" sizes=\"auto, (max-width: 902px) 100vw, 902px\" \/><\/figure>\n\n\n\n<p>El proyecto ILLEs fue creado con la activa participaci\u00f3n de Marie. Con ella redactamos el dossier que presentamos ante el FNS. Con Marie llevamos a cabo la creaci\u00f3n del grupo de investigaci\u00f3n, ideamos actividades, organizamos jornadas de formaci\u00f3n y de estudio, participamos en coloquios, establecimos alianzas con otras universidades, publicamos art\u00edculos cient\u00edficos y, sobre todo, nos re\u00edmos como locas.<\/p>\n\n\n\n<p>Marie estaba trabajando sobre literatura l\u00e9sbica de juventud y novel\u00edstica l\u00e9sbica deportiva, y preparando un importante proyecto sobre \u00ab\u00a0la lesbiana del futuro\u00a0\u00bb cuando, contra toda l\u00f3gica y raz\u00f3n, hizo irrupci\u00f3n la muerte, dej\u00e1ndonos la desolaci\u00f3n de su ausencia.<\/p>\n\n\n\n<p>A su trabajo y a su memoria dedicamos este proyecto. <\/p>\n\n\n\n<h3 class=\"wp-block-heading\">Creaci\u00f3n del Colectivo Marie Rosier<\/h3>\n\n\n\n<p>En marzo de 2025 se form\u00f3 el Colectivo Marie Rosier con el prop\u00f3sito, a trav\u00e9s de algunos textos del corpus de estudio de Marie, establecer un puente entre sus lecturas y nuestras escrituras, y as\u00ed rendir homenaje a nuestra querida compa\u00f1era. El Colectivo Marie Rosier est\u00e1 formado por Beatriz Su\u00e1rez Briones y Mar\u00eda Jes\u00fas Fari\u00f1a Busto (Universidade de Vigo), Erwan Burel (Universit\u00e9 Marie et Louis Pasteur),  Laura Arn\u00e9s (Universidad de Buenos Aires &#8211; CONICET), Paola Bellomi (Universit\u00e0 di Sienna), Claudio Castro Filho (Universidade de Evora), Elena Madrigal (Colegio de M\u00e9xico), Yolanda Arroyo Pizarro (dramaturga, Puerto Rico), Itziar Pascual (dramaturga, RESAD), Nando L\u00f3pez (escritor, Madrid) y Cristina Mondrag\u00f3n Santoyo (Universit\u00e9 de Lausanne).<\/p>\n\n\n\n<hr class=\"wp-block-separator aligncenter has-alpha-channel-opacity is-style-wide\" \/>\n\n\n\n<h3 class=\"wp-block-heading\">Presentaci\u00f3n del proyecto y ejes de investigaci\u00f3n<\/h3>\n\n\n\n<p>El Grupo de Investigaci\u00f3n ILLEs, a trav\u00e9s del proyecto \u00ab\u00a0Imaginarios l\u00e9sbicos en la literatura en espa\u00f1ol (2005-2020)\u00a0\u00bb se dedica al estudio de la producci\u00f3n literaria en espa\u00f1ol (Am\u00e9rica Latina, Espa\u00f1a y Guinea Ecuatorial) de los \u00faltimos quince a\u00f1os que trata espec\u00edficamente lo l\u00e9sbico. El prop\u00f3sito del estudio es dar cuenta de un abigarrado conjunto de textos po\u00e9ticos, narrativos y teatrales producidos en diferentes \u00e1reas geogr\u00e1ficas hispanohablantes, con el fin de estudiar, analizar y visibilizar un corpus textual, te\u00f3rico y cr\u00edtico poco conocido de la literatura en espa\u00f1ol. <\/p>\n\n\n\n<p>En los \u00faltimos quince a\u00f1os, gran n\u00famero de producciones culturales del mundo hispanohablante han puesto en evidencia una importante visibilizaci\u00f3n y reconocimiento de los recorridos, identidades, violencias sufridas y luchas de personas LGBTQI+, fen\u00f3meno acompa\u00f1ado a su vez por una intensificaci\u00f3n en la atenci\u00f3n medi\u00e1tica a iniciativas a favor de los derechos humanos y legislativos de estos colectivos. Sin embargo, los progresos pol\u00edticos y culturales no deben ocultar la falta de reconocimiento concreto de las experiencias l\u00e9sbicas y la persistencia de estereotipos discriminatorios omnipresentes en todos los aspectos de la vida social y relacional, tanto en Am\u00e9rica Latina como en Espa\u00f1a y Guinea Ecuatorial.<\/p>\n\n\n\n<p>En \u00edntima sinton\u00eda con la efervescencia de las luchas feministas y por la igualdad de g\u00e9nero, las pr\u00e1cticas literarias recientes en los pa\u00edses hispanohablantes constituyen un laboratorio de experimentaci\u00f3n central en la transformaci\u00f3n de las sexualidades contempor\u00e1neas. En las pr\u00e1cticas art\u00edsticas se piensa, se ensaya, fracasa y se problematiza la complejidad del sistema sexo-g\u00e9nero-sexualidad desde la perspectiva de las din\u00e1micas de poder interseccionales que conforman el campo social. Las producciones art\u00edsticas, entendidas como pr\u00e1cticas sociales atravesadas por diversas relaciones de poder, permiten identificar las cuestiones pol\u00edticas y sociales centrales abordadas en este grupo de obras literarias. Al mismo tiempo, por las caracter\u00edsticas textuales que emergen de los textos con tem\u00e1tica l\u00e9sbica, se abre el estudio de este corpus a reflexiones literarias sobre las problem\u00e1ticas de g\u00e9nero, de clase y de raza que recorren dichas creaciones.<\/p>\n\n\n\n<p>Los ejes de investigaci\u00f3n son los siguientes: <\/p>\n\n\n\n<p>1. Imaginarios l\u00e9sbicos en la poes\u00eda y el teatro: Po\u00e9ticas y ret\u00f3ricas de escrituras lesbianas en la literatura en espa\u00f1ol de los \u00faltimos veinte a\u00f1os.<\/p>\n\n\n\n<p>2. Literatura juvenil y sus imaginarios l\u00e9sbicos. <\/p>\n\n\n\n<p>3. Las novelas \u00ab&nbsp;rom\u00e1nticas&nbsp;\u00bb: miradas, emociones y afectos. Formas disidentes del deseo en la renovaci\u00f3n de imaginarios sexo-gen\u00e9ricos.<\/p>\n\n\n\n<p><\/p>\n\n\n\n<p><\/p>\n","protected":false},"excerpt":{"rendered":"<p>Marie Rosier (1972-2024) El proyecto ILLEs fue creado con la activa participaci\u00f3n de Marie. Con ella redactamos el dossier que presentamos ante el FNS. Con Marie llevamos a&hellip;<\/p>\n","protected":false},"author":1002149,"featured_media":524,"parent":0,"menu_order":0,"comment_status":"closed","ping_status":"closed","template":"","meta":{"_seopress_robots_primary_cat":"","_seopress_titles_title":"","_seopress_titles_desc":"","_seopress_robots_index":"","footnotes":""},"class_list":["post-6","page","type-page","status-publish","has-post-thumbnail"],"_links":{"self":[{"href":"https:\/\/wp.unil.ch\/grouperecherche-illes\/wp-json\/wp\/v2\/pages\/6","targetHints":{"allow":["GET"]}}],"collection":[{"href":"https:\/\/wp.unil.ch\/grouperecherche-illes\/wp-json\/wp\/v2\/pages"}],"about":[{"href":"https:\/\/wp.unil.ch\/grouperecherche-illes\/wp-json\/wp\/v2\/types\/page"}],"author":[{"embeddable":true,"href":"https:\/\/wp.unil.ch\/grouperecherche-illes\/wp-json\/wp\/v2\/users\/1002149"}],"replies":[{"embeddable":true,"href":"https:\/\/wp.unil.ch\/grouperecherche-illes\/wp-json\/wp\/v2\/comments?post=6"}],"version-history":[{"count":5,"href":"https:\/\/wp.unil.ch\/grouperecherche-illes\/wp-json\/wp\/v2\/pages\/6\/revisions"}],"predecessor-version":[{"id":1023,"href":"https:\/\/wp.unil.ch\/grouperecherche-illes\/wp-json\/wp\/v2\/pages\/6\/revisions\/1023"}],"wp:featuredmedia":[{"embeddable":true,"href":"https:\/\/wp.unil.ch\/grouperecherche-illes\/wp-json\/wp\/v2\/media\/524"}],"wp:attachment":[{"href":"https:\/\/wp.unil.ch\/grouperecherche-illes\/wp-json\/wp\/v2\/media?parent=6"}],"curies":[{"name":"wp","href":"https:\/\/api.w.org\/{rel}","templated":true}]}}