{"id":533,"date":"2022-05-12T10:19:29","date_gmt":"2022-05-12T08:19:29","guid":{"rendered":"https:\/\/wp.unil.ch\/grouperecherche-illes\/?page_id=533"},"modified":"2026-02-02T12:17:30","modified_gmt":"2026-02-02T11:17:30","slug":"poesia","status":"publish","type":"page","link":"https:\/\/wp.unil.ch\/grouperecherche-illes\/poesia\/","title":{"rendered":"Poes\u00eda"},"content":{"rendered":"\n<p>Caama\u00f1o, Luciana: <em>Lugares comunes de la lengua<\/em>. Buenos Aires, N direcciones, 2016.<\/p>\n\n\n\n<p>Caama\u00f1o, Luciana: <em>Ac\u00e1 no<\/em>. C\u00e1ceres, Ediciones Liliputienses, 2016.<\/p>\n\n\n\n<p>Caama\u00f1o, Luciana: <em>Querida, ahora te llam\u00e1s muchacho. No me digas no.<\/em> In\u00e9ditos. Manuscrito proporcionado por la autora, sin fecha.<\/p>\n\n\n\n<p>Cu\u00f1uecar, Ivonne: <em>Patriagonia: Catab\u00e1tica, Adiab\u00e1tica, Anab\u00e1tica.<\/em> Santiago de Chile, LOM ediciones, 2014.<\/p>\n\n\n\n<p>Cu\u00f1ecar, Ivonne: <em>Trasandina<\/em>. Coihayque, Ediciones \u00d1ire Negro, 2017.<\/p>\n\n\n\n<p>Garc\u00eda, Txus: <em>Poes\u00eda para ni\u00f1as bien; Este torcido amor (la ternura de los ahogados)<\/em>. Edici\u00f3n biling\u00fce espa\u00f1ol-franc\u00e9s, trad. e introducci\u00f3n de Lucie Lavergne, Clermont-Ferrand, Presses Universitaires Blaise-Pascal, 2020.<\/p>\n\n\n\n<p>Ghezzi, Melissa: <em>Universo de mujer. Poemas.<\/em> Manuscrito de la autora, 2005.<\/p>\n\n\n\n<p>Ghezzi, Melissa: <em>Les Motiv (bit\u00e1cora de una boda)<\/em>. Lima, Mesa Redonda, 2008.<\/p>\n\n\n\n<p>Ghezzi, Melissa: <em>La sublimidad de lo ordinario<\/em>. Lima, Editorial AbriLes, 2019.<\/p>\n\n\n\n<p>L\u00f3pez Manrique, Laia: <em>Deriva<\/em>. Zaragoza, Prensas Universitarias de Zaragoza, 2012.<\/p>\n\n\n\n<p>L\u00f3pez Manrique, Laia: <em>Desbordamientos. <\/em>Pr\u00f3logo de Anotnio F. Rodr\u00edguez. Madrid, Tigres de Papel, 2015.<\/p>\n\n\n\n<p>L\u00f3pez Manrique, Laia: <em>Perif\u00e9rica interior. <\/em>Pr\u00f3logo de Claire Laguian. Barcelona, Stendhal Books, 2021.<\/p>\n\n\n\n<p>L\u00f3pez Manrique, Laia: <em>La mujer c\u00edclica. Speculum. <\/em>Ep\u00edlogo de Mercedes Roff\u00e9. Barcelona, La Gar\u00faa, 2022.<\/p>\n\n\n\n<p>Sastre, Elvira: <em>La soledad de un cuerpo acostumbrado a la herida<\/em>. Madrid, Visor, 2016.<\/p>\n\n\n\n<p>Sastre, Elvira: <em>Ya nadie baila. Antolog\u00eda po\u00e9tica<\/em>. Granada, Valpara\u00edso Ediciones, 2018.<\/p>\n\n\n\n<p>T\u00e9llez, Artemisa: <em>Cuerpo de mi soledad<\/em>. M\u00e9xico, Aquelarre, 2010.<\/p>\n\n\n\n<p>T\u00e9llez, Artemisa: <em>Mujeres de Cromagnon<\/em>. M\u00e9xico, VersodestierrO, 2020.<\/p>\n\n\n\n<p>Torres, Sara: <em>Phantasmagoria<\/em>. Barcelona, La Bella Varsovia, 2019.<\/p>\n\n\n\n<p>Torres, Sara: <em>El ritual del ba\u00f1o<\/em>. Madrid, La Bella Varsovia, 2021.<\/p>\n\n\n\n<p>Torres, Sara: <em>Conjuros y cantos<\/em>. Barcelona, La Bella Varsovia, 2025.<\/p>\n\n\n\n<p>VV.AA.: <em>Antolog\u00eda de poes\u00eda queer. <\/em>\u00c1ngelo N\u00e9store (ed.). Madrid, Espasa, 2024.<\/p>\n\n\n\n<p>VV.AA.: <em>Blanco Nuclear. Antolog\u00eda de poes\u00eda gay y l\u00e9sbica \u00faltima<\/em>. Coordinada por Luis Daniel Pino. Madrid, SIAL Ediciones, 2011.<\/p>\n\n\n\n<p>VV.AA.: <em>De Chueca al cielo. 100 poemas celebrando la diversidad LGBTI. <\/em>Recopilado por Lawrence Schimel. Madrid, Ayuntamiento de Madrid, 2018.<\/p>\n\n\n\n<p>VV.AA.: <em>Devotas. Antolog\u00eda de poes\u00eda l\u00e9sbica. <\/em>Montevideo, Fardo, 2021.<\/p>\n\n\n\n<p>VV.AA.: <em>Mujeres que aman a mujeres. <\/em>Pr\u00f3logo y selecci\u00f3n de Carmen Moreno. Madrid, Ediciones Vitruvio, 2012.<\/p>\n\n\n\n<p>VV.AA.: <em>Voces para Lilith. Antolog\u00eda. Literatura contempor\u00e1nea de tem\u00e1tica l\u00e9sbica en Sudam\u00e9rica<\/em>. M. Ghezzi\/ C. Salazar (ed.), Lima, Aerol\u00edneas Editoriales, 2011.<\/p>\n\n\n\n<p><\/p>\n","protected":false},"excerpt":{"rendered":"<p>Caama\u00f1o, Luciana: Lugares comunes de la lengua. Buenos Aires, N direcciones, 2016. Caama\u00f1o, Luciana: Ac\u00e1 no. C\u00e1ceres, Ediciones Liliputienses, 2016. Caama\u00f1o, Luciana: Querida, ahora te llam\u00e1s muchacho. No&hellip;<\/p>\n","protected":false},"author":1002149,"featured_media":0,"parent":0,"menu_order":0,"comment_status":"closed","ping_status":"closed","template":"","meta":{"_seopress_robots_primary_cat":"","_seopress_titles_title":"","_seopress_titles_desc":"","_seopress_robots_index":"","footnotes":""},"class_list":["post-533","page","type-page","status-publish","has-post-thumbnail"],"_links":{"self":[{"href":"https:\/\/wp.unil.ch\/grouperecherche-illes\/wp-json\/wp\/v2\/pages\/533","targetHints":{"allow":["GET"]}}],"collection":[{"href":"https:\/\/wp.unil.ch\/grouperecherche-illes\/wp-json\/wp\/v2\/pages"}],"about":[{"href":"https:\/\/wp.unil.ch\/grouperecherche-illes\/wp-json\/wp\/v2\/types\/page"}],"author":[{"embeddable":true,"href":"https:\/\/wp.unil.ch\/grouperecherche-illes\/wp-json\/wp\/v2\/users\/1002149"}],"replies":[{"embeddable":true,"href":"https:\/\/wp.unil.ch\/grouperecherche-illes\/wp-json\/wp\/v2\/comments?post=533"}],"version-history":[{"count":3,"href":"https:\/\/wp.unil.ch\/grouperecherche-illes\/wp-json\/wp\/v2\/pages\/533\/revisions"}],"predecessor-version":[{"id":1014,"href":"https:\/\/wp.unil.ch\/grouperecherche-illes\/wp-json\/wp\/v2\/pages\/533\/revisions\/1014"}],"wp:attachment":[{"href":"https:\/\/wp.unil.ch\/grouperecherche-illes\/wp-json\/wp\/v2\/media?parent=533"}],"curies":[{"name":"wp","href":"https:\/\/api.w.org\/{rel}","templated":true}]}}