{"id":532,"date":"2022-05-12T10:19:29","date_gmt":"2022-05-12T08:19:29","guid":{"rendered":"https:\/\/wp.unil.ch\/grouperecherche-illes\/?page_id=532"},"modified":"2022-06-22T14:49:36","modified_gmt":"2022-06-22T12:49:36","slug":"narrativa","status":"publish","type":"page","link":"https:\/\/wp.unil.ch\/grouperecherche-illes\/narrativa\/","title":{"rendered":"Narrativa"},"content":{"rendered":"\n<p>Abreu, Andrea (2020), <em>Panza de burro<\/em>, Sevilla, Editorial Barrett.<\/p>\n\n\n\n<p>Alonso, Odette (2006), <em>Con la boca abierta<\/em>, Madrid, Odisea.<\/p>\n\n\n\n<p>\u00c1lvarez, Fani (2018), <em>Nivel 10<\/em>, Barcelona, Les Editorial.<\/p>\n\n\n\n<p>Anthologie (2018), <em>Ins\u00f3litas. Relatos de ciencia ficci\u00f3n y fantas\u00eda LGBT+<\/em>, Murcia, Les Editorial.<\/p>\n\n\n\n<p><\/p>\n\n\n\n<p>Be, Olivia (2016), <em>B\u00e9sala t\u00fa por m\u00ed<\/em>, Createspace Independent Publishing Platform.<\/p>\n\n\n\n<p>Bellver, Pilar (2006), <em>La vendedora de tornillos<\/em>, Barcelona, Saymon Ediciones.<\/p>\n\n\n\n<p>Boluda Gisbert, Ana (2019), <em>Nada que esconder<\/em>, Barcelona, Tabarca Llibres.<\/p>\n\n\n\n<p>Cabez\u00f3n C\u00e1mara, Gabriela (2009) <em>La virgen cabeza<\/em>, Buenos Aires, Penguin Random.<\/p>\n\n\n\n<p>Cabez\u00f3n C\u00e1mara, Gabriela (2014) <em>Romance de la negra rubia<\/em>, Buenos Aires, Et Cadencia.<\/p>\n\n\n\n<p>Cabez\u00f3n C\u00e1mara, Gabriela (2017), <em>Las aventuras de la China Iron<\/em>, Buenos Aires, Penguin.<\/p>\n\n\n\n<p>Catal\u00e0 Vil\u00e0, Marta (2017), <em>Los dulces a\u00f1os del f\u00fatbol<\/em>, Publicaci\u00f3n independiente, Torrazza Piemonte, Printed by Amazon Italia.<\/p>\n\n\n\n<p>Cobelo, Carolina (2018), <em>La insurgencia cochina<\/em>, Buenos Aires, Editorial Brandon.<\/p>\n\n\n\n<p>Col, Valerie (2014), <em>En fuera de juego<\/em>, Createspace Independent Publishing Platform.<\/p>\n\n\n\n<p>Cort\u00e9s, Clara (2019), <em>Clementine<\/em>, Barcelona, La Galera.<\/p>\n\n\n\n<p>De la Cruz, Aixa (2019), <em>Cambiar de idea<\/em>, Barcelona, Caballo de Troya.<\/p>\n\n\n\n<p>Duarte, Clara (2020), <em>Cada seis meses,<\/em> Barcelona, La Galera.<\/p>\n\n\n\n<p>Franc, Isabel (2012), <em>Elogio del Happy End<\/em>, Barcelona, Egales.<\/p>\n\n\n\n<p>Garc\u00eda,  Clara Asunci\u00f3n (2011), <em>Elisa frente al mar<\/em>, Createspace Independent Publishing Platform.<\/p>\n\n\n\n<p>Guti\u00e9rrez, Diana (2016), <em>Un pavo rosa <\/em>(Acto I), Barcelona, Mercovia.<\/p>\n\n\n\n<p>Guti\u00e9rrez, Diana (2018), <em>Un pavo rosa <\/em>(Acto II), Barcelona, Mercovia<\/p>\n\n\n\n<p>Guti\u00e9rrez, Marta (2019), <em>Suicidas err\u00e1ticas<\/em>, www.martagutierrez-books.com, Torrazza Piemonte, Printed by Amazon Italia.<\/p>\n\n\n\n<p>Indiana Hern\u00e1ndez, Rita (2015), <em>La mucama de Omicunl\u00e9<\/em>, C\u00e1ceres, Editorial Perif\u00e9rica.<\/p>\n\n\n\n<p><\/p>\n\n\n\n<p>Mars, Emma (2016), <em>Lo nuestro es de otro planeta<\/em>, Createspace Independent Publishing Platform.<\/p>\n\n\n\n<p>Mart\u00ed, Olga (2005), <em>S\u00edgueme<\/em>, Madrid, Odisea.<\/p>\n\n\n\n<p>Massuh Gabriela (2008), <em>La intemperie<\/em>, Buenos Aires, Interzona.<\/p>\n\n\n\n<p>Montes, Isabel (2011), <em>Enredadas<\/em>, Madrid, Odisea.<\/p>\n\n\n\n<p>N\u00fa\u00f1ez, In\u00e9s (2007), <em>Amor&#8230;imperfecto<\/em>, Barcelona, Egales.<\/p>\n\n\n\n<p>Parente, Iria G. y Selene M. Pascual (2019), <em>El orgullo del drag\u00f3n<\/em>, Madrid, Nocturna Ediciones.<\/p>\n\n\n\n<p>Parente, Iria G. y Selene M. Pascual (2020), <em>La flor y la muerte<\/em>, Madrid, Nocturna Ediciones.<\/p>\n\n\n\n<p>Parente, Iria G. y Selene M. Pascual (2020), <em>La venganza del unicornio<\/em>, Madrid, Nocturna Ediciones.<\/p>\n\n\n\n<p>Peralta Pozanco, Paula (2021), <em>Ariadna y las posibilidades muertas<\/em>, Madrid, Copelia Ediciones.<\/p>\n\n\n\n<p>Peri Rossi, Cristina (2017), <em>Todo lo que no te pude decir<\/em>, Palencia, Menoscuarto.<\/p>\n\n\n\n<p>Prescol\u00ed, Isabel (2005), <em>Los estigmas de Eva<\/em>, Barcelona, Ellas Editorial.<\/p>\n\n\n\n<p>Rosetti, Dalia (2009), <em>Dame pelota,<\/em> Buenos Aires, Mansalva.<\/p>\n\n\n\n<p>Simmons, Clara Ann (2021), <em>Ni\u00f1ata<\/em>, Publicaci\u00f3n independiente.<\/p>\n\n\n\n<p>Tom\u00e9, Andrea (2017), <em>Desayuno en J\u00fapiter<\/em>, Barcelona, Plataforma Neo.<\/p>\n\n\n\n<p>Tortajada, Ana (2010), <em>Mi querida diablo lleva zancos<\/em>, Barcelona-Madrid, Editorial Egales.<\/p>\n\n\n\n<p>Tovar, Rosario (2018), <em>El caballerizo de Astigi<\/em>, Publicaci\u00f3n independiente.<\/p>\n\n\n\n<p><\/p>\n\n\n\n<p>Vega, Roc\u00edo (2016-2018), <em>Horizonte rojo<\/em>, Barcelona, Editorial Caf\u00e9 con leche.<\/p>\n\n\n\n<p>Vega, Roc\u00edo (2018), <em>La compa\u00f1\u00eda amable,<\/em> San Fernando, Editorial Cerbero.<\/p>\n\n\n\n<p>Venturini, Aurora (2020), <em>Las amigas,<\/em> Buenos Aires, Tusquets.<\/p>\n\n\n\n<p>Zubieta, Haizea M. (2021), <em>Tres<\/em>, Fandom Books.<\/p>\n\n\n\n<p><\/p>\n","protected":false},"excerpt":{"rendered":"<p>Abreu, Andrea (2020), Panza de burro, Sevilla, Editorial Barrett. Alonso, Odette (2006), Con la boca abierta, Madrid, Odisea. \u00c1lvarez, Fani (2018), Nivel 10, Barcelona, Les Editorial. Anthologie (2018),&hellip;<\/p>\n","protected":false},"author":1002430,"featured_media":0,"parent":0,"menu_order":0,"comment_status":"closed","ping_status":"closed","template":"","meta":{"_seopress_robots_primary_cat":"","_seopress_titles_title":"","_seopress_titles_desc":"","_seopress_robots_index":"","footnotes":""},"class_list":["post-532","page","type-page","status-publish","has-post-thumbnail"],"_links":{"self":[{"href":"https:\/\/wp.unil.ch\/grouperecherche-illes\/wp-json\/wp\/v2\/pages\/532","targetHints":{"allow":["GET"]}}],"collection":[{"href":"https:\/\/wp.unil.ch\/grouperecherche-illes\/wp-json\/wp\/v2\/pages"}],"about":[{"href":"https:\/\/wp.unil.ch\/grouperecherche-illes\/wp-json\/wp\/v2\/types\/page"}],"author":[{"embeddable":true,"href":"https:\/\/wp.unil.ch\/grouperecherche-illes\/wp-json\/wp\/v2\/users\/1002430"}],"replies":[{"embeddable":true,"href":"https:\/\/wp.unil.ch\/grouperecherche-illes\/wp-json\/wp\/v2\/comments?post=532"}],"version-history":[{"count":0,"href":"https:\/\/wp.unil.ch\/grouperecherche-illes\/wp-json\/wp\/v2\/pages\/532\/revisions"}],"wp:attachment":[{"href":"https:\/\/wp.unil.ch\/grouperecherche-illes\/wp-json\/wp\/v2\/media?parent=532"}],"curies":[{"name":"wp","href":"https:\/\/api.w.org\/{rel}","templated":true}]}}