{"id":291,"date":"2020-10-06T23:04:16","date_gmt":"2020-10-06T21:04:16","guid":{"rendered":"http:\/\/wp.unil.ch\/grouperecherche-illes\/?page_id=291"},"modified":"2022-09-03T22:03:48","modified_gmt":"2022-09-03T20:03:48","slug":"investigadoras-2","status":"publish","type":"page","link":"https:\/\/wp.unil.ch\/grouperecherche-illes\/investigadoras-2\/","title":{"rendered":"Investigadoras UNIL-FNS"},"content":{"rendered":"\n<p class=\"has-normal-font-size\">Uno de los objetivos del grupo de investigaci\u00f3n ILLEs es el de crear una red de investigaci\u00f3n internacional que comparta informaci\u00f3n, bibliograf\u00eda, textos, datos importantes y contactos. El grupo ILLEs, formado por tres investigadoras UNIL-FNS, cuenta con el apoyo de investigadoras de referencia (teor\u00eda de la literatura, feminismos, diversidad y aspectos ling\u00fc\u00edsticos y lexicogr\u00e1ficos) y comparte su red con las investigadoras aliadas. <\/p>\n\n\n\n<p class=\"has-medium-font-size\"><strong>Gabriela Cordone &#8211; Responsable de proyecto &#8211; Secci\u00f3n de espa\u00f1ol <\/strong>&#8211; <strong><em>Universit\u00e9 de Lausanne<\/em><\/strong><\/p>\n\n\n\n<p><em>Ma\u00eetre d&rsquo;enseignement et de recherche <\/em>de la Secci\u00f3n de Espa\u00f1ol de la <em>Universit\u00e9 de Lausanne<\/em>, Gabriela Cordone se doctor\u00f3 por la <em>Universit\u00e9 de Fribourg <\/em>con una tesis sobre el cuerpo y el texto en el teatro espa\u00f1ol de finales del siglo XX.  Ha impartido cursos en la&nbsp;<em>Universit\u00e9 de Fribourg<\/em>, en la&nbsp;<em>Universit\u00e4t Bern<\/em>&nbsp;y en la&nbsp;<em>Universit\u00e9 de Toulouse<\/em>,&nbsp;como profesora invitada.&nbsp;Su investigaci\u00f3n se centra principalmente en el teatro contempor\u00e1neo, sus corrientes y sus protagonistas, as\u00ed como tambi\u00e9n en el fen\u00f3meno de la intermedialidad en la literatura actual, temas en relaci\u00f3n con el exilio y, actualmente, el lesbianismo y la literatura en espa\u00f1ol. <\/p>\n\n\n\n<p><em>Lista completa de publicaciones en <a href=\"https:\/\/orcid.org\/0000-0002-9631-3815\">ORCID<\/a><\/em><\/p>\n\n\n\n<p class=\"has-medium-font-size\"><strong>Marie Rosier &#8211; Encargada de proyecto &#8211; <em>Universit\u00e9 de Lausanne &#8211; Universit\u00e9 Lyon 2<\/em><\/strong> <\/p>\n\n\n\n<p><em><em>Charg\u00e9e de cours<\/em>\u00a0de la Secci\u00f3n de Espa\u00f1ol de la\u00a0<em>Universit\u00e9 de Lausanne<\/em>, Marie Rosier vive y trabaja en Lausana. Obtuvo su doctorado por la Universidad de Lyon 2. Su tesis doctoral vers\u00f3 sobre las interacciones entre literatura, memoria y pol\u00edtica en la obra de tres escritoras argentinas ex-detenidas (Sara Rosenberg, Alicia Kozameh y Nora Strejilevich). Ha sido docente en la Universidad de Lille 3 y docente-formadora en el Instituto Universitario de Formaci\u00f3n de Maestros de Lyon. Es investigadora asociada del Laboratorio de Lenguas y Culturas Extranjeras de la Universidad Lumi\u00e8re Lyon 2. Ha publicado numerosos art\u00edculos en relaci\u00f3n con el trabajo de Sara Rosenberg y Alicia Kozameh y en los \u00faltimos a\u00f1os sobre literatura de lengua espa\u00f1ola ultra contempor\u00e1nea, g\u00e9nero y lesbianismo. Ha realizado, asimismo, varias traducciones literarias. Actualmente est\u00e1 cursando el M\u00e1ster de Estudios de G\u00e9nero de la Universidad de Ginebra y, a partir de agosto de 2021, colaborar\u00e1 en el proyecto \u201cImaginarios l\u00e9sbicos en la literatura en espa\u00f1ol (2005-2020)\u201d financiado por el Fondo Nacional Suizo de Investigaciones Cient\u00edficas (FNS).<\/em><\/p>\n\n\n\n<p class=\"has-medium-font-size\"><strong>Ana Marina Gamba &#8211; Doctoranda FNS <\/strong>&#8211;<strong> Universit\u00e9 de Lausanne<\/strong><\/p>\n\n\n\n<p>Ana Marina Gamba es Licenciada en Letras por la Universidad de Buenos Aires. Realiz\u00f3 sus estudios de Maestr\u00eda en Estudios Culturales y Estudios Iberoamericanos en la Universidad Cat\u00f3lica de Lovaina (KUL), B\u00e9lgica, a donde tambi\u00e9n se desempe\u00f1\u00f3 como ayudante en el departamento de Estudios Hisp\u00e1nicos. Actualmente cursa su doctorado en Letras en la Universidad de Lausana, Suiza, con una beca del Fondo Nacional Suizo de Investigaciones Cient\u00edficas (<em>FNS<\/em>). Su \u00e1rea de investigaci\u00f3n incluye problemas como la memoria, la vulnerabilidad y el deseo en figuraciones femeninas del cine y la literatura argentina contempor\u00e1neas.<\/p>\n","protected":false},"excerpt":{"rendered":"<p>Uno de los objetivos del grupo de investigaci\u00f3n ILLEs es el de crear una red de investigaci\u00f3n internacional que comparta informaci\u00f3n, bibliograf\u00eda, textos, datos importantes y contactos. El&hellip;<\/p>\n","protected":false},"author":1002149,"featured_media":0,"parent":0,"menu_order":0,"comment_status":"closed","ping_status":"closed","template":"","meta":{"_seopress_robots_primary_cat":"","_seopress_titles_title":"","_seopress_titles_desc":"","_seopress_robots_index":"","footnotes":""},"class_list":["post-291","page","type-page","status-publish","has-post-thumbnail"],"_links":{"self":[{"href":"https:\/\/wp.unil.ch\/grouperecherche-illes\/wp-json\/wp\/v2\/pages\/291","targetHints":{"allow":["GET"]}}],"collection":[{"href":"https:\/\/wp.unil.ch\/grouperecherche-illes\/wp-json\/wp\/v2\/pages"}],"about":[{"href":"https:\/\/wp.unil.ch\/grouperecherche-illes\/wp-json\/wp\/v2\/types\/page"}],"author":[{"embeddable":true,"href":"https:\/\/wp.unil.ch\/grouperecherche-illes\/wp-json\/wp\/v2\/users\/1002149"}],"replies":[{"embeddable":true,"href":"https:\/\/wp.unil.ch\/grouperecherche-illes\/wp-json\/wp\/v2\/comments?post=291"}],"version-history":[{"count":0,"href":"https:\/\/wp.unil.ch\/grouperecherche-illes\/wp-json\/wp\/v2\/pages\/291\/revisions"}],"wp:attachment":[{"href":"https:\/\/wp.unil.ch\/grouperecherche-illes\/wp-json\/wp\/v2\/media?parent=291"}],"curies":[{"name":"wp","href":"https:\/\/api.w.org\/{rel}","templated":true}]}}