{"id":194,"date":"2020-09-24T22:56:32","date_gmt":"2020-09-24T20:56:32","guid":{"rendered":"http:\/\/wp.unil.ch\/grouperecherche-illes\/?page_id=194"},"modified":"2024-01-23T18:02:09","modified_gmt":"2024-01-23T17:02:09","slug":"enlaces-de-interes","status":"publish","type":"page","link":"https:\/\/wp.unil.ch\/grouperecherche-illes\/enlaces-de-interes\/","title":{"rendered":"Enlaces de inter\u00e9s"},"content":{"rendered":"\n<p><a href=\"https:\/\/www.akahataorg.org\/\">Akaht\u00e1 &#8211; Equipo de trabajo en sexualidades y g\u00e9neros<\/a><\/p>\n\n\n\n<p><a href=\"https:\/\/normamogrovejo.blogspot.com\/?view=classic\"> El blog de Norma Mogrovejo <\/a><\/p>\n\n\n\n<p><a href=\"https:\/\/potenciatortillera.blogspot.com\/\" target=\"_blank\" rel=\"noreferrer noopener\">Potencia tortillera<\/a><\/p>\n\n\n\n<p><a href=\"https:\/\/www.fondslesbien.org\/\">LIG &#8211; Le fonds de dotation f\u00e9ministe et lesbien<\/a><\/p>\n\n\n\n<p><a href=\"https:\/\/institut-du-genre.fr\/fr\/\">Institut du genre &#8211; Groupement d&rsquo;int\u00e9r\u00eat scientifique<\/a><\/p>\n\n\n\n<p><a href=\"https:\/\/thelesbiansisters.blogspot.com\/\">The Lesbian Sisters<\/a> &#8211; Blog<\/p>\n\n\n\n<p><a href=\"https:\/\/escritoshereticos.blogspot.com\/?view=classic\">Escritos her\u00e8ticos &#8211; El blog de val flores<\/a><\/p>\n\n\n\n<p><a href=\"https:\/\/escritoshereticos.blogspot.com\/?view=classic\">Lesbian Tide <\/a><\/p>\n\n\n\n<p><a href=\"https:\/\/fernandaguaglianone.wordpress.com\/\">El blog de Fernanda Guaglianone &#8211; artista visual y dise\u00f1adora<\/a><\/p>\n\n\n\n<p><a href=\"https:\/\/inoutradio.com\/\">InOutRadio &#8211; La radio l\u00e9sbica<\/a><\/p>\n\n\n\n<p><a href=\"https:\/\/hayunalesbianaenmisopa.com\/\">HULEMS &#8211; Hay una lesbiana en mi sopa<\/a><\/p>\n\n\n\n<p><a href=\"https:\/\/www.jeanne-magazine.com\/\">Jeanne Magazine <\/a>&#8211; Le magazine 100% lesbien<\/p>\n\n\n\n<p><a href=\"https:\/\/revuewellwellwell.fr\/\">Revue Wellwellwell<\/a> &#8211; Le projet<\/p>\n\n\n\n<p><a href=\"https:\/\/wp.unil.ch\/grouperecherche-illes\/files\/2022\/10\/ProyectoPersonalCORREGIDO_MarinePilloud.pdf\">Proyecto personal de estudios (M\u00e1ster &#8211; Unil) en torno a <em>Ins\u00f3litas<\/em>: Relatos de autoras de ciencia ficci\u00f3n y fantas\u00eda LGBT+<\/a> <\/p>\n\n\n\n<p><a href=\"https:\/\/www.aireana.org.py\/\" data-type=\"link\" data-id=\"https:\/\/www.aireana.org.py\/\">AIREANA &#8211; Grupo de lesbianas del Paraguay <\/a><\/p>\n","protected":false},"excerpt":{"rendered":"<p>Akaht\u00e1 &#8211; Equipo de trabajo en sexualidades y g\u00e9neros El blog de Norma Mogrovejo Potencia tortillera LIG &#8211; Le fonds de dotation f\u00e9ministe et lesbien Institut du genre&hellip;<\/p>\n","protected":false},"author":1002149,"featured_media":0,"parent":0,"menu_order":0,"comment_status":"closed","ping_status":"closed","template":"","meta":{"_seopress_robots_primary_cat":"","_seopress_titles_title":"","_seopress_titles_desc":"","_seopress_robots_index":"","footnotes":""},"class_list":["post-194","page","type-page","status-publish","has-post-thumbnail"],"_links":{"self":[{"href":"https:\/\/wp.unil.ch\/grouperecherche-illes\/wp-json\/wp\/v2\/pages\/194","targetHints":{"allow":["GET"]}}],"collection":[{"href":"https:\/\/wp.unil.ch\/grouperecherche-illes\/wp-json\/wp\/v2\/pages"}],"about":[{"href":"https:\/\/wp.unil.ch\/grouperecherche-illes\/wp-json\/wp\/v2\/types\/page"}],"author":[{"embeddable":true,"href":"https:\/\/wp.unil.ch\/grouperecherche-illes\/wp-json\/wp\/v2\/users\/1002149"}],"replies":[{"embeddable":true,"href":"https:\/\/wp.unil.ch\/grouperecherche-illes\/wp-json\/wp\/v2\/comments?post=194"}],"version-history":[{"count":1,"href":"https:\/\/wp.unil.ch\/grouperecherche-illes\/wp-json\/wp\/v2\/pages\/194\/revisions"}],"predecessor-version":[{"id":799,"href":"https:\/\/wp.unil.ch\/grouperecherche-illes\/wp-json\/wp\/v2\/pages\/194\/revisions\/799"}],"wp:attachment":[{"href":"https:\/\/wp.unil.ch\/grouperecherche-illes\/wp-json\/wp\/v2\/media?parent=194"}],"curies":[{"name":"wp","href":"https:\/\/api.w.org\/{rel}","templated":true}]}}