{"id":6,"date":"2017-10-11T10:32:19","date_gmt":"2017-10-11T08:32:19","guid":{"rendered":"http:\/\/wp.unil.ch\/grim\/?page_id=6"},"modified":"2018-10-19T15:50:05","modified_gmt":"2018-10-19T13:50:05","slug":"home","status":"publish","type":"page","link":"https:\/\/wp.unil.ch\/grim\/","title":{"rendered":"Accueil"},"content":{"rendered":"<h2>Pr\u00e9sentation<\/h2>\n<p align=\"justify\">Les linguistes du groupe GrIM (Grammaire \u2013 Interaction \u2013 Multimodalit\u00e9) \u00e9tudient les ressources linguistiques et incarn\u00e9es en se concentrant sur leur d\u00e9ploiement temporel et s\u00e9quentiel. Les objets soumis \u00e0 l\u2019analyse vont des ressources grammaticales \u00e9tudi\u00e9es \u00e0 diff\u00e9rents degr\u00e9s de granularit\u00e9 jusqu\u2019aux ph\u00e9nom\u00e8nes pragmatiques (indexicalit\u00e9, deixis) et multimodaux (gestes, regard, postures et mouvements corporels, manipulation d\u2019artefacts, etc.). Aux niveaux th\u00e9orique et m\u00e9thodologique, notre recherche est ancr\u00e9e en analyse conversationnelle et en linguistique interactionnelle et adopte une conceptualisation de la multimodalit\u00e9 enracin\u00e9e dans ces approches.<\/p>\n","protected":false},"excerpt":{"rendered":"<p>Pr\u00e9sentation Les linguistes du groupe GrIM (Grammaire \u2013 Interaction \u2013 Multimodalit\u00e9) \u00e9tudient les ressources linguistiques et incarn\u00e9es en se concentrant sur leur d\u00e9ploiement temporel et s\u00e9quentiel. Les objets soumis \u00e0 l\u2019analyse vont des ressources grammaticales \u00e9tudi\u00e9es \u00e0 diff\u00e9rents degr\u00e9s de<\/p>\n","protected":false},"author":108,"featured_media":0,"parent":0,"menu_order":0,"comment_status":"closed","ping_status":"closed","template":"","meta":{"_seopress_robots_primary_cat":"","_seopress_titles_title":"","_seopress_titles_desc":"","_seopress_robots_index":"","footnotes":""},"class_list":["post-6","page","type-page","status-publish"],"_links":{"self":[{"href":"https:\/\/wp.unil.ch\/grim\/wp-json\/wp\/v2\/pages\/6","targetHints":{"allow":["GET"]}}],"collection":[{"href":"https:\/\/wp.unil.ch\/grim\/wp-json\/wp\/v2\/pages"}],"about":[{"href":"https:\/\/wp.unil.ch\/grim\/wp-json\/wp\/v2\/types\/page"}],"author":[{"embeddable":true,"href":"https:\/\/wp.unil.ch\/grim\/wp-json\/wp\/v2\/users\/108"}],"replies":[{"embeddable":true,"href":"https:\/\/wp.unil.ch\/grim\/wp-json\/wp\/v2\/comments?post=6"}],"version-history":[{"count":0,"href":"https:\/\/wp.unil.ch\/grim\/wp-json\/wp\/v2\/pages\/6\/revisions"}],"wp:attachment":[{"href":"https:\/\/wp.unil.ch\/grim\/wp-json\/wp\/v2\/media?parent=6"}],"curies":[{"name":"wp","href":"https:\/\/api.w.org\/{rel}","templated":true}]}}