{"id":73,"date":"2014-02-02T16:34:16","date_gmt":"2014-02-02T15:34:16","guid":{"rendered":"http:\/\/wp.unil.ch\/grebd\/?page_id=73"},"modified":"2023-09-05T16:21:22","modified_gmt":"2023-09-05T14:21:22","slug":"invitations","status":"publish","type":"page","link":"https:\/\/wp.unil.ch\/grebd\/mediation\/invitations\/","title":{"rendered":"Invitations et tables rondes"},"content":{"rendered":"\n<h5 class=\"wp-block-heading\">Parcours de recherche sur la bande dessin\u00e9e<\/h5>\n\n\n\n<p>Universit\u00e9 de Lausanne, Automne 2022-2023<\/p>\n\n\n\n<p>Cycle de rencontres avec des chercheur\u00b7euses en \u00e9tudes sur la bande dessin\u00e9e<\/p>\n\n\n\n<p>Invit\u00e9\u00b7es: Bounthavy Suvilay, H\u00e9l\u00e8ne Raux, Ir\u00e8ne Le Roy Ladurie, Beno\u00eet Cruficix, Pierre Noc\u00e9rino et Sylvain Lesage<\/p>\n\n\n\n<p><a href=\"https:\/\/wp.unil.ch\/grebd\/mediation\/invitations\/parcours-de-recherche\/\" data-type=\"page\" data-id=\"2753\">Plus d&rsquo;informations sur la page d\u00e9di\u00e9e aux \u00e9v\u00e9nements<\/a><\/p>\n\n\n\n<div style=\"height:30px\" aria-hidden=\"true\" class=\"wp-block-spacer\"><\/div>\n\n\n\n<h5 class=\"wp-block-heading\">Enseigner la bande dessin\u00e9e au gymnase<\/h5>\n\n\n\n<p>Gymnase du Bugnon, Lausanne, 5 mai 2022<\/p>\n\n\n\n<p>Table ronde autour de l&rsquo;enseignement dans la bande dessin\u00e9e au gymnase au Gymnase du Bugnon (site de l&rsquo;Ours, salle 211) le jeudi 5 mai 2022 de 17h30 \u00e0 18h30. <\/p>\n\n\n\n<p>Intervenants: Rapha\u00ebl Baroni, Barbara Hurni-Siegrist, \u00c9ric Lavanchy, Gaspard Turin<\/p>\n\n\n\n<details class=\"wp-block-details is-layout-flow wp-block-details-is-layout-flow\"><summary>En savoir plus<\/summary>\n<div class=\"wp-block-group\"><div class=\"wp-block-group__inner-container is-layout-constrained wp-block-group-is-layout-constrained\">\n<p>Malgr\u00e9 sa popularit\u00e9 suppos\u00e9e, ou alors \u00e0 cause d&rsquo;elle, la bande dessin\u00e9e peine \u00e0 trouver sa place dans les programmes scolaires. La faute, peut-\u00eatre, \u00e0 un d\u00e9ficit de suggestions didactiques, de commentaires m\u00e9thodologiques ou de r\u00e9flexions historiques. Un double num\u00e9ro de la jeune revue de didactique de la litt\u00e9rature&nbsp;<em><a class=\"\" href=\"https:\/\/www.transpositio.org\/\">Transpositio<\/a>&nbsp;<\/em>se propose de r\u00e9duire en partie ce d\u00e9ficit. <\/p>\n\n\n\n<p>Comment associer le geste interpr\u00e9tatif avec les sp\u00e9cificit\u00e9s de la bande dessin\u00e9e, sans pour autant tomber dans un r\u00e9pertoire de notions techniques arides&nbsp;? Comment joindre le plaisir de lecture et la prise en compte de la complexit\u00e9 d&rsquo;un m\u00e9dium \u00e0 la fois textuel et graphique&nbsp;?&nbsp;On trouvera dans le n\u00b0 4 des pistes de r\u00e9flexions relatives \u00e0 l\u2019ensemble de ces aspects, d\u2019abord en lien avec l\u2019histoire du m\u00e9dium et de sa scolarisation, puis orient\u00e9 sur diff\u00e9rentes propositions didactiques et observations en classe.&nbsp;<\/p>\n\n\n\n<p>Le n\u00b05 revient se penche quant \u00e0 lui sur la mani\u00e8re dont la bande dessin\u00e9e est abord\u00e9e dans la formation initiale des enseignants, en r\u00e9unissant les contributions interdisciplinaires de cinq membres du bureau du Groupe d\u2019\u00e9tude sur la bande dessin\u00e9e de l\u2019Universit\u00e9 de Lausanne, offrant autant de perspectives diff\u00e9rentes sur un album de Christin et Juillard.<\/p>\n\n\n\n<p>Cette table ronde r\u00e9unit les \u00e9diteurs de ces deux num\u00e9ros, un enseignant exp\u00e9riment\u00e9 qui a l\u2019habitude d\u2019enseigner la bande dessin\u00e9e, ainsi qu&rsquo;une repr\u00e9sentante du comit\u00e9 directeur de&nbsp;<em><a rel=\"noreferrer noopener\" href=\"https:\/\/www.transpositio.org\/\" target=\"_blank\">Transpositio<\/a><\/em>, cette revue&nbsp;cr\u00e9\u00e9e en 2017&nbsp;qui a l\u2019ambition de resserrer les liens entre recherche acad\u00e9mique, didactique et enseignement de la litt\u00e9rature.<\/p>\n<\/div><\/div>\n<\/details>\n\n\n\n<div style=\"height:25px\" aria-hidden=\"true\" class=\"wp-block-spacer\"><\/div>\n\n\n\n<h5 class=\"wp-block-heading\">Invitation de Frederik Peeters \u00e0 l&rsquo;UNIL<\/h5>\n\n\n\n<p>Universit\u00e9 de Lausanne, 22 mai 2014<\/p>\n\n\n\n<p>Invitation de Frederik Peeters \u00e0 l\u2019UNIL, 22 mai 2014<br>Master-class publique : 15h15, Internef, salle 126<br>Vernissage : 17h15, Anthropole 1131<\/p>\n\n\n\n<p>Figure incontournable de la bande dessin\u00e9e suisse, Frederik Peeters navigue avec aisance \u00e0 travers les styles et les genres. Parmi ses travaux \u00e9clectiques, la science-fiction est pr\u00e9pond\u00e9rante, particuli\u00e8rement dans les s\u00e9ries <em>Lupus<\/em> et <em>A\u00e2ma<\/em>. Explorateur, Peeters cr\u00e9e et illustre des mondes fantastiques, th\u00e9\u00e2tres de ses r\u00e9flexions et questionnements. Le tout servi par un trait caract\u00e9ristique, o\u00f9 se r\u00e9v\u00e8le un vrai plaisir dans le dessin.<\/p>\n\n\n\n<details class=\"wp-block-details is-layout-flow wp-block-details-is-layout-flow\"><summary>En savoir plus<\/summary>\n<div class=\"wp-block-group\"><div class=\"wp-block-group__inner-container is-layout-constrained wp-block-group-is-layout-constrained\">\n<p>Dipl\u00f4m\u00e9 en communication visuelle en 1995 \u00e0 l\u2019ESAA de Gen\u00e8ve, Frederik Peeters gagne la m\u00eame ann\u00e9e le premier prix du concours des dessinateurs de demain du Festival international de la bande dessin\u00e9e de Sierre. Il r\u00e9alise ensuite plusieurs planches dans la revue Bile noire d\u2019Atrabile, fanzine qui publie en son sein de futurs noms de la bande dessin\u00e9e genevoise comme Alex Baladi et Tom Tirabosco, et qui donne naissance en 1997 \u00e0 une maison d\u2019\u00e9dition. Peeters y publie <em>Fromage et Confiture<\/em> (1997) et <em>Brendon Bellard<\/em> (1998), alors qu\u2019il travaille comme bagagiste \u00e0 l\u2019a\u00e9roport de Gen\u00e8ve. Un emploi alimentaire qui lui assure les revenus suffisants pour pouvoir dessiner le reste du temps.<\/p>\n\n\n\n<p><em>Pilules bleues<\/em>, en 2001, lui apporte son premier succ\u00e8s. Publi\u00e9 chez Atrabile toujours, ce r\u00e9cit pose les jalons de son \u0153uvre future. Peeters y relate sa relation avec sa compagne et le fils de celle-ci, tous deux s\u00e9ropositifs. Il nous pr\u00e9sente une histoire sur un mode autobiographique, poignante, juste, pleine de pudeur et de tendresse. Il y explore certains des th\u00e8mes qui deviendront r\u00e9currents dans ses productions : la figure du p\u00e8re, l\u2019enfance, l\u2019acceptation, le rapport \u00e0 l\u2019autre. Dans un noir et blanc sublimant son dessin, il opte notamment pour le pinceau \u00e0 encre de chine, qui produit un trac\u00e9 fluide et \u00e9vocateur. Son trait est vif, parfois presque esquiss\u00e9, parfois riche de d\u00e9tails : il d\u00e9veloppe un style tr\u00e8s personnel que l\u2019on retrouvera dans des r\u00e9alisations similaires, particuli\u00e8rement <em>Lupus<\/em>.<\/p>\n<\/div><\/div>\n<\/details>\n","protected":false},"excerpt":{"rendered":"<p>Parcours de recherche sur la bande dessin\u00e9e Universit\u00e9 de Lausanne, Automne 2022-2023 Cycle de rencontres avec des chercheur\u00b7euses en \u00e9tudes sur la bande dessin\u00e9e Invit\u00e9\u00b7es: Bounthavy Suvilay, H\u00e9l\u00e8ne Raux, Ir\u00e8ne Le Roy Ladurie, Beno\u00eet Cruficix, Pierre Noc\u00e9rino et Sylvain Lesage<\/p>\n","protected":false},"author":1480,"featured_media":0,"parent":2004,"menu_order":2,"comment_status":"closed","ping_status":"closed","template":"","meta":{"_seopress_robots_primary_cat":"","_seopress_titles_title":"","_seopress_titles_desc":"","_seopress_robots_index":"","ngg_post_thumbnail":0,"footnotes":""},"class_list":["post-73","page","type-page","status-publish"],"_links":{"self":[{"href":"https:\/\/wp.unil.ch\/grebd\/wp-json\/wp\/v2\/pages\/73","targetHints":{"allow":["GET"]}}],"collection":[{"href":"https:\/\/wp.unil.ch\/grebd\/wp-json\/wp\/v2\/pages"}],"about":[{"href":"https:\/\/wp.unil.ch\/grebd\/wp-json\/wp\/v2\/types\/page"}],"author":[{"embeddable":true,"href":"https:\/\/wp.unil.ch\/grebd\/wp-json\/wp\/v2\/users\/1480"}],"replies":[{"embeddable":true,"href":"https:\/\/wp.unil.ch\/grebd\/wp-json\/wp\/v2\/comments?post=73"}],"version-history":[{"count":0,"href":"https:\/\/wp.unil.ch\/grebd\/wp-json\/wp\/v2\/pages\/73\/revisions"}],"up":[{"embeddable":true,"href":"https:\/\/wp.unil.ch\/grebd\/wp-json\/wp\/v2\/pages\/2004"}],"wp:attachment":[{"href":"https:\/\/wp.unil.ch\/grebd\/wp-json\/wp\/v2\/media?parent=73"}],"curies":[{"name":"wp","href":"https:\/\/api.w.org\/{rel}","templated":true}]}}