{"id":69,"date":"2014-02-02T16:27:41","date_gmt":"2014-02-02T15:27:41","guid":{"rendered":"http:\/\/wp.unil.ch\/grebd\/?page_id=69"},"modified":"2023-12-04T14:47:29","modified_gmt":"2023-12-04T13:47:29","slug":"expositions-du-grebd","status":"publish","type":"page","link":"https:\/\/wp.unil.ch\/grebd\/mediation\/expositions-du-grebd\/","title":{"rendered":"Expositions"},"content":{"rendered":"\n<h5 class=\"wp-block-heading\">Couper\/Coller: Reconfigurer la bande dessin\u00e9e \u00e0 l&rsquo;\u00e8re num\u00e9rique<\/h5>\n\n\n\n<p>Pavillon A de l&rsquo;EPFL, du 10 novembre 2023 au 7 janvier 2024<\/p>\n\n\n\n<p>La bande dessin\u00e9e est intimement li\u00e9e \u00e0 ses formats de publication. Dans une pleine page en couleur d\u2019un album, on ne raconte pas une histoire de la m\u00eame mani\u00e8re que dans un strip en noir et blanc qui parait dans un journal. Chaque fois qu\u2019une histoire change de support, il faut donc la r\u00e9inventer. L\u2019arriv\u00e9e des technologies num\u00e9riques a encore multipli\u00e9 les possibilit\u00e9s de publication. Du c\u00f4t\u00e9 de la cr\u00e9ation, les outils num\u00e9riques facilitent l\u2019adaptation des histoires aux nombreux formats dans lesquels elle sera racont\u00e9e. Ils peuvent \u00e9galement nous aider \u00e0 mieux comprendre la mani\u00e8re dont on lit une bande dessin\u00e9e. \u00abCouper\/Coller\u00bb vous propose \u2019de plonger dans l\u2019histoire \u00e9ditoriale de la bande dessin\u00e9e pour explorer les diverses fa\u00e7ons dont certains r\u00e9cits graphiques ont \u00e9t\u00e9 revisit\u00e9s en passant d\u2019un support \u00e0 un autre avant de d\u00e9couvrir des outils informatiques contemporains permettant d\u2019automatiser la transformation de bandes dessin\u00e9es et dont vous pourrez exp\u00e9rimenter vous-m\u00eame les r\u00e9sultats.<\/p>\n\n\n\n<p><a href=\"https:\/\/wp.unil.ch\/grebd\/couper-coller-reconfigurer-la-bande-dessinee-a-lere-numerique\/\" data-type=\"link\" data-id=\"https:\/\/wp.unil.ch\/grebd\/couper-coller-reconfigurer-la-bande-dessinee-a-lere-numerique\/\">Page consacr\u00e9e \u00e0 l&rsquo;exposition<\/a><\/p>\n\n\n\n<h5 class=\"wp-block-heading\">Apprendre avec des bulles<\/h5>\n\n\n\n<p>Universit\u00e9 de Lausanne, 31 mai au 3 juin 2018<\/p>\n\n\n\n<p>L\u2019exposition \u00ab\u00a0Apprendre avec des bulles\u00a0\u00bb, organis\u00e9 par le GrEBD pour les&nbsp;<em>Myst\u00e8res<\/em>&nbsp;de l\u2019UNIL 2018, s&rsquo;est pos\u00e9 la question de ce que la bande dessin\u00e9e peut, sp\u00e9cifiquement et raisonnablement, transmettre. En plus des contenus, les techniques typiques de \u00abvulgarisation\u00bb scientifique sont questionn\u00e9es \u00e0 travers des exemples&nbsp;: adaptation (plus ou moins ironique) du discours savant, interpr\u00e9tation graphique (plus ou moins fid\u00e8le) des sch\u00e9mas, sc\u00e9narisation (plus ou moins \u00e9pique) de la recherche scientifique, figuration (plus ou moins caricaturale) de la relation sachant-apprenant, circulation (plus ou moins heureuse) entre m\u00e9dias et supports.<\/p>\n\n\n\n<p><a href=\"https:\/\/wp.unil.ch\/grebd\/apprendre-avec-des-bulles\/\" data-type=\"URL\">Page consacr\u00e9e \u00e0 l&rsquo;exposition<\/a><\/p>\n\n\n\n<div style=\"height:25px\" aria-hidden=\"true\" class=\"wp-block-spacer\"><\/div>\n\n\n\n<h5 class=\"wp-block-heading\">Imaginaires du futur, la bande dessin\u00e9e franco-belge de science-fiction<\/h5>\n\n\n\n<p>Universit\u00e9 de Lausanne, 15-31 mai 2014 | Gymnase de la Broye, 20 mars au 3 avril 2017<\/p>\n\n\n\n<p>Organis\u00e9e par les prof. Alain Boillat et Rapha\u00ebl Baroni, en collaboration avec Marc Atallah (Maison d\u2019Ailleurs) et les \u00e9tudiants du cours Master \u00abLa science-fiction francophone : cin\u00e9ma et bande dessin\u00e9e\u00bb<\/p>\n\n\n\n<p><a href=\"https:\/\/wp.unil.ch\/grebd\/mediation\/expositions-du-grebd\/imaginaires-du-futur\/\" data-type=\"page\" data-id=\"2015\">Page consacr\u00e9e \u00e0 l&rsquo;exposition<\/a><\/p>\n\n\n\n<div style=\"height:25px\" aria-hidden=\"true\" class=\"wp-block-spacer\"><\/div>\n\n\n\n<h5 class=\"wp-block-heading\">L\u2019imaginaire au pouvoir \/ Gustave Dor\u00e9 (1832-1883). Master of imagination<\/h5>\n\n\n\n<p>Mus\u00e9e d&rsquo;Orsay, Paris du 10 f\u00e9vrier au 11 mai 2014, National Gallery of Canada, Ottawa, du 13 juin au 14 septembre 2014<br>Commissaire scientifique et directeur de la publication : Ph. Kaenel<\/p>\n\n\n\n<div style=\"height:25px\" aria-hidden=\"true\" class=\"wp-block-spacer\"><\/div>\n\n\n\n<h5 class=\"wp-block-heading\">La BD avant l&rsquo;album<\/h5>\n\n\n\n<p>H\u00f4tel de Ville de Lausanne, 16-26 octobre 2013<\/p>\n\n\n\n<p>L\u2019exposition \u00ab La BD avant l\u2019album \u00bb, financ\u00e9e par la Section d\u2019histoire et esth\u00e9tique du cin\u00e9ma de l\u2019Universit\u00e9 de Lausanne (Facult\u00e9 des Lettres), s\u2019est tenue au Forum de l\u2019H\u00f4tel de Ville de Lausanne du 16 au 26 octobre 2013. Le vernissage a eu lieu dans le cadre du colloque international \u00ab L\u2019image fixe en s\u00e9rie(s) : le spectre du mouvement \u00bb du programme doctoral de la Section. Le parcours historique et th\u00e9orique pr\u00e9sent\u00e9 dans cette exposition s&rsquo;est inscrit dans un projet de recherche subventionn\u00e9 par le Fonds National Suisse de la Recherche Scientifique (FNS).<\/p>\n\n\n\n<p><a href=\"https:\/\/wp.unil.ch\/grebd\/mediation\/expositions-du-grebd\/la-bd-avant-lalbum\/\" data-type=\"page\" data-id=\"2057\">Page consacr\u00e9e \u00e0 l&rsquo;exposition<\/a><\/p>\n\n\n\n<div style=\"height:25px\" aria-hidden=\"true\" class=\"wp-block-spacer\"><\/div>\n\n\n\n<h5 class=\"wp-block-heading\">Autour de L\u00e9na<\/h5>\n\n\n\n<p>Biblioth\u00e8que municipale de Lausanne, 16-27 avril 2012<\/p>\n\n\n\n<p>\u00ab Autour de L\u00e9na \u00bb constitue le versant public d\u2019une r\u00e9flexion commune men\u00e9e \u00e0 propos du travail de Pierre Christin et Andr\u00e9 Juillard par des enseignants et \u00e9tudiants de la Facult\u00e9 des lettres. Elle accompagne la venue \u00e0 Lausanne, le 27 avril 2012, des deux auteurs du Long Voyage de L\u00e9na pour une conf\u00e9rence et une pr\u00e9sentation \u00e0 la Cin\u00e9math\u00e8que suisse. Cette exposition est organis\u00e9e en collaboration avec Cuno Affolter, conservateur du Fonds patrimonial de la bande dessin\u00e9e de la Biblioth\u00e8que municipale, dans le cadre d\u2019un cours pluridisciplinaire consacr\u00e9 \u00e0 l\u2019\u00e9tude de la bande dessin\u00e9e.<\/p>\n\n\n\n<p><a href=\"https:\/\/wp.unil.ch\/grebd\/mediation\/expositions-du-grebd\/autour-de-lena\/\" data-type=\"page\" data-id=\"2067\">Page consacr\u00e9e \u00e0 l&rsquo;exposition<\/a><\/p>\n","protected":false},"excerpt":{"rendered":"<p>Couper\/Coller: Reconfigurer la bande dessin\u00e9e \u00e0 l&rsquo;\u00e8re num\u00e9rique Pavillon A de l&rsquo;EPFL, du 10 novembre 2023 au 7 janvier 2024 La bande dessin\u00e9e est intimement li\u00e9e \u00e0 ses formats de publication. Dans une pleine page en couleur d\u2019un album, on<\/p>\n","protected":false},"author":1480,"featured_media":0,"parent":2004,"menu_order":1,"comment_status":"closed","ping_status":"closed","template":"","meta":{"_seopress_robots_primary_cat":"","_seopress_titles_title":"","_seopress_titles_desc":"","_seopress_robots_index":"","ngg_post_thumbnail":0,"footnotes":""},"class_list":["post-69","page","type-page","status-publish"],"_links":{"self":[{"href":"https:\/\/wp.unil.ch\/grebd\/wp-json\/wp\/v2\/pages\/69","targetHints":{"allow":["GET"]}}],"collection":[{"href":"https:\/\/wp.unil.ch\/grebd\/wp-json\/wp\/v2\/pages"}],"about":[{"href":"https:\/\/wp.unil.ch\/grebd\/wp-json\/wp\/v2\/types\/page"}],"author":[{"embeddable":true,"href":"https:\/\/wp.unil.ch\/grebd\/wp-json\/wp\/v2\/users\/1480"}],"replies":[{"embeddable":true,"href":"https:\/\/wp.unil.ch\/grebd\/wp-json\/wp\/v2\/comments?post=69"}],"version-history":[{"count":2,"href":"https:\/\/wp.unil.ch\/grebd\/wp-json\/wp\/v2\/pages\/69\/revisions"}],"predecessor-version":[{"id":3101,"href":"https:\/\/wp.unil.ch\/grebd\/wp-json\/wp\/v2\/pages\/69\/revisions\/3101"}],"up":[{"embeddable":true,"href":"https:\/\/wp.unil.ch\/grebd\/wp-json\/wp\/v2\/pages\/2004"}],"wp:attachment":[{"href":"https:\/\/wp.unil.ch\/grebd\/wp-json\/wp\/v2\/media?parent=69"}],"curies":[{"name":"wp","href":"https:\/\/api.w.org\/{rel}","templated":true}]}}