{"id":67,"date":"2014-02-02T16:26:41","date_gmt":"2014-02-02T15:26:41","guid":{"rendered":"http:\/\/wp.unil.ch\/grebd\/?page_id=67"},"modified":"2024-05-02T17:21:44","modified_gmt":"2024-05-02T15:21:44","slug":"colloques","status":"publish","type":"page","link":"https:\/\/wp.unil.ch\/grebd\/recherche\/colloques\/","title":{"rendered":"Colloques et journ\u00e9es d\u2019\u00e9tude du GrEBD"},"content":{"rendered":"\n<details class=\"wp-block-details is-layout-flow wp-block-details-is-layout-flow\"><summary><strong>Bande dessin\u00e9e et enseignement-appretissage des langues \u00e9trang\u00e8re I et II (2024)<\/strong><\/summary>\n<p>Journ\u00e9es d&rsquo;\u00e9tude, UNIL et USN, 26 avril 2024 et 17 mai 2024<\/p>\n\n\n\n<p>De mani\u00e8re \u00e0 questionner l\u2019usage de la BD en FLE, l\u2019objectif de cette journ\u00e9e d\u2019\u00e9tude sera double. Il s\u2019agira d\u2019abord d\u2019aborder, par le prisme de la bande dessin\u00e9e, diff\u00e9rentes probl\u00e9matiques li\u00e9es au plurilinguisme et \u00e0 l\u2019interculturel. Les communications porteront en particulier sur la mani\u00e8re dont les r\u00e9cits graphiques, par leurs caract\u00e9ristiques m\u00e9diatiques, mettent en sc\u00e8nes et en images diff\u00e9rentes probl\u00e9matiques li\u00e9es au plurilinguisme et \u00e0 l\u2019interculturel, souvent li\u00e9es au v\u00e9cu des auteurs et des autrices. Ensuite, on fera le point sur diff\u00e9rents usages de la BD pour l\u2019enseignement-apprentissage du FLE, en se demandant en particulier en quoi la BD peut favoriser l\u2019enseignement-apprentissage de la langue parl\u00e9e.<\/p>\n\n\n\n<p>Plus d&rsquo;information sur la <a href=\"https:\/\/wp.unil.ch\/grebd\/recherche\/colloques\/bande-dessinee-et-enseignement-apprentissage-des-langues-etrangeres-plurilinguisme-interculturalite-et-variations-1\/\" data-type=\"link\" data-id=\"https:\/\/wp.unil.ch\/grebd\/recherche\/colloques\/bande-dessinee-et-enseignement-apprentissage-des-langues-etrangeres-plurilinguisme-interculturalite-et-variations-1\/\">page d\u00e9di\u00e9e \u00e0 l&rsquo;\u00e9v\u00e9nement<\/a> ainsi que sur le site des <a href=\"https:\/\/ecriplur.hypotheses.org\/2318\">Carnet de recherche \u201cEcriture et plurilinguisme\u201d<\/a>. <\/p>\n<\/details>\n\n\n\n<details class=\"wp-block-details is-layout-flow wp-block-details-is-layout-flow\"><summary><strong>La patrimonialisation de la bande dessin\u00e9e \u00e0 l\u2019\u00e8re num\u00e9rique (2023) <\/strong><\/summary>\n<p>Journ\u00e9e d&rsquo;\u00e9tude, EPFL, 10 novembre 2023<\/p>\n\n\n\n<p>Cette journ\u00e9e d\u2019\u00e9tude a port\u00e9 sur le probl\u00e8me de la gestion de fonds d\u2019archives num\u00e9ris\u00e9s, notamment de magazine ou de fanzines rares ou fragiles, et sur l\u2019accessibilit\u00e9 et les usages de ces donn\u00e9es. Elle a port\u00e9 \u00e9galement sur la probl\u00e9matique de la patrimonialisation d\u2019objets nativement num\u00e9riques. Un cas concret a \u00e9t\u00e9 \u00e9voqu\u00e9 en lien avec le projet FNS \u00ab&nbsp;Reconfigurer la bande dessin\u00e9e \u00e0 l\u2019\u00e8re num\u00e9rique&nbsp;\u00bb, impliquant la num\u00e9risation partielle d\u2019un fonds documentaire (fonds Ghebali). Nous avons notamment abord\u00e9 les probl\u00e8mes li\u00e9s \u00e0 son archivage par le Centre BD de la ville de Lausanne, d\u00e9positaire de ce fonds, et les recherches qui en d\u00e9coulent, en particulier pour les \u00e9tudes historiques et pour la recherche en IA sur la lecture des images dessin\u00e9es. Cette journ\u00e9e \u00e9tai financ\u00e9e par un partenariat privil\u00e9gi\u00e9 Unil-ULB ainsi que par le projet FNS Sinergia \u00ab&nbsp;Reconfiguring Comics in our Digital Era&nbsp;\u00bb (n\u00b0 180359), dirig\u00e9 par Sabine S\u00fcsstrunk, Mathieu Salzmann et Rapha\u00ebl Baroni. L\u2019\u00e9v\u00e9nement \u00e9tait associ\u00e9 \u00e0 l\u2019<a href=\"https:\/\/wp.unil.ch\/grebd\/couper-coller-reconfigurer-la-bande-dessinee-a-lere-numerique\/\">exposition COUPER\/COLLER<\/a> qui s&rsquo;est tenue au Pavillon de l\u2019EPFL du 10 novembre 2023 au 7 janvier 2024.<\/p>\n\n\n\n<p>Plus d&rsquo;informations sur la <a href=\"https:\/\/wp.unil.ch\/grebd\/2023\/10\/la-patrimonialisation-de-la-bande-dessinee-a-lere-numerique-2\/\">page d\u00e9di\u00e9e \u00e0 l&rsquo;\u00e9v\u00e9nement<\/a>.<\/p>\n\n\n\n<details class=\"wp-block-details is-layout-flow wp-block-details-is-layout-flow\"><summary><strong>La recherche doctorale sur la bande dessin\u00e9e \u00e0 l&rsquo;Universit\u00e9 de Lausanne (2022)<\/strong><\/summary>\n<p>Journ\u00e9e d&rsquo;\u00e9tude, UNIL, 2 juin 2022<\/p>\n\n\n\n<p>Dans le cadre du s\u00e9minaire organis\u00e9 par l\u2019Association internationale des chercheur\u00b7euses en litt\u00e9rature populaire et culture m\u00e9diatique (<a href=\"https:\/\/lpcm.hypotheses.org\/\">LPCM<\/a>), en partenariat avec le Groupe d\u2019\u00c9tude sur la Bande Dessin\u00e9e (<a href=\"https:\/\/wp.unil.ch\/grebd\/\">GrEBD<\/a>) et avec le soutien de la Formation doctorale interdisciplinaire de la Facult\u00e9 des lettres (<a href=\"https:\/\/www.unil.ch\/fdi\/fr\/home.html\">FDi<\/a>), une journ\u00e9e d\u2019\u00e9tude se tiendra le mardi 7 juin 2022 visant \u00e0 r\u00e9unir les doctorant\u00b7es de l\u2019Universit\u00e9 de Lausanne dont la recherche porte sur, ou inclut, la bande dessin\u00e9e.Le s\u00e9minaire annuel organis\u00e9 par la LPCM, qui encadrera la r\u00e9flexion de cette journ\u00e9e, invite les contributeur\u00b7ices \u00e0 s\u2019interroger sur les outils et les m\u00e9thodes impliqu\u00e9es dans l\u2019analyse des ph\u00e9nom\u00e8nes caract\u00e9ristiques de la production et de la r\u00e9ception des litt\u00e9ratures populaires et de la culture m\u00e9diatique. Cet accent port\u00e9 sur la r\u00e9flexivit\u00e9 m\u00e9thodologique trouve toute sa place dans le cas des recherches doctorales sur la bande dessin\u00e9e. Dans un contexte institutionnel o\u00f9 l\u2019histoire et la th\u00e9orie du m\u00e9dium ne font pas l\u2019objet d\u2019un cursus disciplinaire sp\u00e9cifique, l\u2019engagement et la poursuite d\u2019une th\u00e8se de doctorat concernant un tel objet implique des enjeux \u00e9pist\u00e9mologiques, historiographiques et, plus largement, m\u00e9thodologiques dont l\u2019occasion de d\u00e9battre n\u2019est que trop rarement donn\u00e9e.<a href=\"https:\/\/wp.unil.ch\/grebd\/recherche\/colloques\/recherche-doctorale-bd-unil\/\" data-type=\"page\" data-id=\"2393\" target=\"_blank\" rel=\"noreferrer noopener\">Plus d&rsquo;informations sur la page d\u00e9di\u00e9e \u00e0 l&rsquo;\u00e9v\u00e9nement<\/a><\/p>\n<\/details>\n<\/details>\n\n\n\n<details class=\"wp-block-details is-layout-flow wp-block-details-is-layout-flow\"><summary><strong>La recherche doctorale sur la bande dessin\u00e9e \u00e0 l&rsquo;Universit\u00e9 de Lausanne (2022)<\/strong><\/summary>\n<p>Journ\u00e9e d&rsquo;\u00e9tude, UNIL, 7 juin 2022<\/p>\n\n\n\n<p>Dans le cadre du s\u00e9minaire organis\u00e9 par l\u2019Association internationale des chercheur\u00b7euses en litt\u00e9rature populaire et culture m\u00e9diatique (<a href=\"https:\/\/lpcm.hypotheses.org\/\">LPCM<\/a>), en partenariat avec le Groupe d\u2019\u00e9tude sur la bande dessin\u00e9e et avec le soutien de la Formation doctorale interdisciplinaire de la Facult\u00e9 des lettres (<a href=\"https:\/\/www.unil.ch\/fdi\/fr\/home.html\">FDi<\/a>), une journ\u00e9e d\u2019\u00e9tude s&rsquo;est tenue le mardi 7 juin 2022. Elle r\u00e9unissait les doctorant\u00b7es de l\u2019Universit\u00e9 de Lausanne dont la recherche porte sur, ou inclut, la bande dessin\u00e9e.<\/p>\n\n\n\n<p>Plus d&rsquo;informations sur la <a href=\"https:\/\/wp.unil.ch\/grebd\/recherche\/colloques\/recherche-doctorale-bd-unil\/\">page d\u00e9di\u00e9e \u00e0 l&rsquo;\u00e9v\u00e9nement<\/a>.<\/p>\n<\/details>\n\n\n\n<details class=\"wp-block-details is-layout-flow wp-block-details-is-layout-flow\"><summary><strong>Transferts, reconfigurations et transition num\u00e9rique dans la bande dessin\u00e9e (2021)<\/strong><\/summary>\n<div class=\"wp-block-group\"><div class=\"wp-block-group__inner-container is-layout-constrained wp-block-group-is-layout-constrained\">\n<p>Colloque international, UNIL, 21, 22 et 23 octobre 2021<\/p>\n\n\n\n<p>Ce colloque, m\u00ealant communications scientifiques et tables rondes, vise \u00e0 interroger l\u2019interd\u00e9pendance entre les supports m\u00e9diatiques et les formes narratives qui s\u2019y d\u00e9ploient dans le cadre particulier de la bande dessin\u00e9e. L\u2019une des sp\u00e9cificit\u00e9s de ce m\u00e9dium est justement de se d\u00e9finir par la projection d\u2019une s\u00e9quence d\u2019images sur la surface qui lui tient lieu de support, ce qui explique cette focale particuli\u00e8re. Les questionnements diversifi\u00e9s qui composent le programme de ces trois journ\u00e9es, tant du point de vue des approches, des m\u00e9thodes que des objets convoqu\u00e9s, s\u2019inscrivent dans des enjeux particuli\u00e8rement contemporains. En effet, la probl\u00e9matique de l\u2019\u00e9volution de l\u2019identit\u00e9 culturelle de la bande dessin\u00e9e en lien avec l\u2019\u00e9mergence des technologies num\u00e9riques, est tr\u00e8s actuelle, car celle-ci semble avoir modifi\u00e9 en profondeur les modes de production, de diffusion et de consommation des r\u00e9cits graphiques.<\/p>\n\n\n\n<p>Les actes du colloque ont \u00e9t\u00e9 publi\u00e9s dans le <a href=\"https:\/\/journals.openedition.org\/comicalites\/8175\">dossier \u00ab\u00a0Ce que le num\u00e9rique fait \u00e0 la bande dessin\u00e9e\u00a0\u00bb de la revue <em>Comicalit\u00e9s<\/em><\/a>.<\/p>\n\n\n\n<p><a href=\"https:\/\/wp.unil.ch\/grebd\/recherche\/colloques\/colloque-reconfigurations\/\">Plus d&rsquo;informations sur la page d\u00e9di\u00e9e \u00e0 l&rsquo;\u00e9v\u00e8nement<\/a><\/p>\n\n\n<\/div><\/div>\n<\/details>\n\n\n\n<details class=\"wp-block-details\"><summary><span role=\"textbox\" aria-label=\"Accordion title...\" class=\"block-editor-rich-text__editable rich-text is-layout-flow wp-block-details-is-layout-flow\" style=\"min-width: 1px\"><strong>Les avatars du chapitre en bande dessin\u00e9e (2017)<\/strong><\/span><\/summary>\n<div class=\"wp-block-group\"><div class=\"wp-block-group__inner-container is-layout-constrained wp-block-group-is-layout-constrained\">\n<p>Colloque international, UNIL, 11 et 12 mai 2017<\/p>\n\n\n\n<p>T\u00f6pffer, en cr\u00e9ant la \u00ab&nbsp;litt\u00e9rature en estampe&nbsp;\u00bb, opposait son invention \u00e0 la \u00ab&nbsp;litt\u00e9rature en chapitres&nbsp;\u00bb. Ainsi, l\u2019unit\u00e9 chapitrale semble \u00e0 premi\u00e8re vue \u00e9trang\u00e8re \u00e0 la segmentation du r\u00e9cit graphique, qui se d\u00e9cline en cases, bandes, planches, albums, etc. Cette segmentation suppl\u00e9mentaire et facultative s\u2019est manifest\u00e9e assez tardivement, vers la fin des ann\u00e9es 1970, en lien avec le mod\u00e8le litt\u00e9raire. Cela pose de nombreuses questions&nbsp;: le chapitre en BD a-t-il des caract\u00e9ristiques formelles et fonctionnelles qui lui sont propres&nbsp;? un chapitre peut-il se confondre avec un strip, une planche ou un album ? comment l\u2019\u00e9pisode d\u2019un feuilleton devient-il le chapitre d\u2019un roman graphique&nbsp;? les traditions am\u00e9ricaine et franco-belge ont-elle fait un usage semblable du chapitrage&nbsp;? Ce colloque aborde toutes ces questions, rarement pos\u00e9es, en prenant en consid\u00e9ration les sp\u00e9cificit\u00e9s s\u00e9miotiques, culturelles et historiques de la bande dessin\u00e9e. Vous pouvez retrouver le programme du colloque sur ce <a rel=\"noreferrer noopener\" href=\"https:\/\/agenda.unil.ch\/display\/1487323547881\" target=\"_blank\">lien<\/a>.<\/p>\n\n\n\n<p>Dans le prolongement du colloque, une infographie sur le chapitrage en bande dessin\u00e9e a \u00e9t\u00e9 r\u00e9alis\u00e9e par Jeanne Rocabert et Laura Weber, deux \u00e9tudiantes du cours de Master \u00ab\u00a0S\u00e9rialit\u00e9s narratives: Litt\u00e9rature BD,radio, serials, t\u00e9l\u00e9vision, jeux vid\u00e9o\u00a0\u00bb dont la validation a d\u00e9bouch\u00e9 sur une <a href=\"https:\/\/wp.unil.ch\/narratologie\/exposition-serialites\/\" target=\"_blank\" rel=\"noreferrer noopener\">exposition virtuelle<\/a>, h\u00e9berg\u00e9e par le site du <a href=\"https:\/\/wp.unil.ch\/narratologie\/\" target=\"_blank\" rel=\"noreferrer noopener\">P\u00f4le de narratologie transm\u00e9diale<\/a> d&rsquo;UNIL.<\/p>\n\n\n\n<p>Les actes du colloque ont \u00e9t\u00e9 publi\u00e9s dans le <a href=\"https:\/\/journals.openedition.org\/narratologie\/8554\">num\u00e9ro 34 des Cahiers de narratologie<\/a>.<\/p>\n<\/div><\/div>\n<\/details>\n\n\n\n<details class=\"wp-block-details\"><summary><span role=\"textbox\" aria-label=\"Accordion title...\" class=\"block-editor-rich-text__editable rich-text is-layout-flow wp-block-details-is-layout-flow\" style=\"min-width: 1px\"><strong>BD\u2013US \/ La bande dessin\u00e9e am\u00e9ricaine vue par l\u2019Europe. R\u00e9ception et r\u00e9appropriations (2014)<\/strong><\/span><\/summary>\n<div class=\"wp-block-group\"><div class=\"wp-block-group__inner-container is-layout-constrained wp-block-group-is-layout-constrained\">\n<p>Colloque international, UNIL, 27 et 28 mars 2014<\/p>\n\n\n\n<p>Des ann\u00e9es 1930 aux super-h\u00e9ros hollywoodiens d\u2019aujourd\u2019hui, les motifs pourtant sp\u00e9cifiquement propres \u00e0 la culture nord-am\u00e9ricaine des comic strips puis des comic books d\u00e9ferlent notamment sur l\u2019Europe. Qu\u2019est-ce qui leur vaut cette popularit\u00e9, souvent en dehors de la culturel\u00e9gitim\u00e9e ? Comment la France, l\u2019Italie ou l\u2019Angleterre ontellesper\u00e7u, exploit\u00e9 et reformul\u00e9 l\u2019imaginaire et le langage de ces productions \u00e9tatsuniennes ? En partenariat avec l\u2019exposition \u00ab Superman, Batman &amp; Co\u2026 mics ! \u00bb de la Maison d\u2019Ailleurs, ce colloque se propose d\u2019envisager dans leur diversit\u00e9 les particularit\u00e9s id\u00e9ologiques, visuelles, narratives et artistiques de ces publications \u00e0 travers la mani\u00e8re dont elles ont \u00e9t\u00e9 \u00ab lues \u00bb de ce c\u00f4t\u00e9-ci de l\u2019Atlantique.<\/p>\n\n\n\nngg_shortcode_0_placeholder\n\n\n\n<p><a href=\"https:\/\/www.unil.ch\/getactu\/wwwfra\/1392801964865\/\" target=\"_blank\" rel=\"noreferrer noopener\">Page du colloque sur le site de l&rsquo;UNIL<\/a><br><a href=\"https:\/\/wp.unil.ch\/grebd\/files\/2014\/02\/communication_oesterle_colloque_bdus_compte_rendu_porchet.pdf\" target=\"_blank\" rel=\"noreferrer noopener\">Compte rendu de la communication de Rapha\u00ebl Oesterl\u00e9 (PDF)<\/a><\/p>\n\n\n\n<p>Les actes ont \u00e9t\u00e9 publi\u00e9s aux \u00e9ditions Infolio:&nbsp;<a href=\"https:\/\/www.infolio.ch\/livre\/bd-us-les-comics-vus-par-l-Europe.htm\">Boillat, A., Atallah, M. (dir.) (2016)&nbsp;<em>BD-US. Les comics vus par l\u2019Europe<\/em>, Gollion, Infolio.<\/a><\/p>\n<\/div><\/div>\n<\/details>\n\n\n\n<details class=\"wp-block-details is-layout-flow wp-block-details-is-layout-flow\"><summary><strong>L\u2019image fixe en s\u00e9rie(s) : Le spectre du mouvement (2013)<\/strong><\/summary>\n<div class=\"wp-block-group\"><div class=\"wp-block-group__inner-container is-layout-constrained wp-block-group-is-layout-constrained\">\n<p>Colloque international, UNIL, 17-19 octobre 2013<\/p>\n\n\n\n<p>Ce colloque du programme doctoral de la Section d&rsquo;histoire et esth\u00e9tique du cin\u00e9ma a \u00e9t\u00e9 sous la direction du prof. Alain Boillat (UNIL), en partenariat avec le prof. Jan Baetens (Universit\u00e9 de Leuven) et le prof. Philippe Marion (Universit\u00e9 catholique de Louvain-la-Neuve).<\/p>\n\n\n\n<p>La journ\u00e9e du 17 octobre s&rsquo;est achev\u00e9e avec le vernissage de l&rsquo;exposition \u00ab\u00a0La BD avant l&rsquo;album\u00a0\u00bb organis\u00e9e dans le cadre du projet \u00ab\u00a0Le d\u00e9coupage de l\u2019action. Analyse narratologique de p\u00e9riodiques de bandes dessin\u00e9es (1946-1959)\u00a0\u00bb soutenu par le FNS et dirig\u00e9 par les profs Fran\u00e7oise Revaz (UNIFR) et Alain Boillat (UNIL).<\/p>\n\n\n\n<p>Il s&rsquo;est prolong\u00e9 jusqu&rsquo;au 19 octobre avec une matin\u00e9e sp\u00e9cifiquement consacr\u00e9e \u00e0 la bande dessin\u00e9e, organis\u00e9e conjointement avec Philippe Kaenel dans le cadre du Centre des Sciences Historiques de la culture (SHC, UNIL).<\/p>\n\n\n\nngg_shortcode_1_placeholder\n\n\n\n<p><a href=\"https:\/\/www.unil.ch\/cin\/page97565.html\" target=\"_blank\" rel=\"noreferrer noopener\">Page du colloque sur le site de l&rsquo;UNIL<\/a><\/p>\n<\/div><\/div>\n<\/details>\n\n\n\n<details class=\"wp-block-details is-layout-flow wp-block-details-is-layout-flow\"><summary><strong>Narration visuelles, visions narratives (2010)<\/strong><\/summary>\n<div class=\"wp-block-group\"><div class=\"wp-block-group__inner-container is-layout-constrained wp-block-group-is-layout-constrained\">\n<p>Colloque international, UNIL, 4-5 novembre 2010<\/p>\n\n\n\n<p>Ce colloque interroge divers modes d\u2019interactions des textes litt\u00e9raires et des images fixes, dans le domaine graphique et photographique, \u00e0 l\u2019\u00e9poque contemporaine : un si\u00e8cle innovant qui prolonge les mutations de l\u2019<em>ut pictura poesis<\/em>, une tradition elle-m\u00eame marqu\u00e9e par la tension entre fonction narrative et fonction monstrative, syst\u00e9matis\u00e9e par Lessing dans son c\u00e9l\u00e8bre <em>Laocoon<\/em> en 1766. Depuis le XIXe si\u00e8cle, l\u2019essor de l\u2019imprimerie et des techniques de reproduction ont rapproch\u00e9 les deux modes d\u2019expression, non seulement sur le plan mat\u00e9riel, mais aussi sur les plans esth\u00e9tique et symbolique, avec le renouveau de l\u2019illustration, l\u2019\u00e9mergence du \u00ab livre d\u2019artiste \u00bb, de la bande dessin\u00e9e ou encore de la photographie et de la photolitt\u00e9rature. Les genres \u00e9tudi\u00e9s ici, du livre illustr\u00e9 \u00e0 la photofiction, sont v\u00e9ritablement interm\u00e9diaux, au sens o\u00f9 narration et monstration se partagent l\u2019espace repr\u00e9sentatif et s\u2019affectent r\u00e9ciproquement de leurs diff\u00e9rences.<\/p>\n\n\n\n<p>Les actes ont \u00e9t\u00e9 publi\u00e9s en 2013 dans la revue <a href=\"https:\/\/journals.openedition.org\/edl\/563\">Etudes de Lettres<\/a>.<\/p>\n<\/div><\/div>\n<\/details>\n","protected":false},"excerpt":{"rendered":"","protected":false},"author":1480,"featured_media":0,"parent":29,"menu_order":0,"comment_status":"closed","ping_status":"closed","template":"","meta":{"_seopress_robots_primary_cat":"","_seopress_titles_title":"","_seopress_titles_desc":"","_seopress_robots_index":"","ngg_post_thumbnail":0,"footnotes":""},"class_list":["post-67","page","type-page","status-publish"],"_links":{"self":[{"href":"https:\/\/wp.unil.ch\/grebd\/wp-json\/wp\/v2\/pages\/67","targetHints":{"allow":["GET"]}}],"collection":[{"href":"https:\/\/wp.unil.ch\/grebd\/wp-json\/wp\/v2\/pages"}],"about":[{"href":"https:\/\/wp.unil.ch\/grebd\/wp-json\/wp\/v2\/types\/page"}],"author":[{"embeddable":true,"href":"https:\/\/wp.unil.ch\/grebd\/wp-json\/wp\/v2\/users\/1480"}],"replies":[{"embeddable":true,"href":"https:\/\/wp.unil.ch\/grebd\/wp-json\/wp\/v2\/comments?post=67"}],"version-history":[{"count":4,"href":"https:\/\/wp.unil.ch\/grebd\/wp-json\/wp\/v2\/pages\/67\/revisions"}],"predecessor-version":[{"id":3224,"href":"https:\/\/wp.unil.ch\/grebd\/wp-json\/wp\/v2\/pages\/67\/revisions\/3224"}],"up":[{"embeddable":true,"href":"https:\/\/wp.unil.ch\/grebd\/wp-json\/wp\/v2\/pages\/29"}],"wp:attachment":[{"href":"https:\/\/wp.unil.ch\/grebd\/wp-json\/wp\/v2\/media?parent=67"}],"curies":[{"name":"wp","href":"https:\/\/api.w.org\/{rel}","templated":true}]}}