{"id":60,"date":"2014-02-02T15:51:19","date_gmt":"2014-02-02T14:51:19","guid":{"rendered":"http:\/\/wp.unil.ch\/grebd\/?page_id=60"},"modified":"2022-08-08T18:50:28","modified_gmt":"2022-08-08T16:50:28","slug":"memoires-et-theses","status":"publish","type":"page","link":"https:\/\/wp.unil.ch\/grebd\/enseignement\/memoires-et-theses\/","title":{"rendered":"Travaux d&rsquo;\u00e9tudiants"},"content":{"rendered":"\n<p>Cette page r\u00e9pertorie diff\u00e9rents types de travaux d&rsquo;\u00e9tudiant\u00b7e\u00b7s conduits dans le cadre de cours et s\u00e9minaires dispens\u00e9s \u00e0 l&rsquo;UNIL.<\/p>\n\n\n\n<div style=\"height:20px\" aria-hidden=\"true\" class=\"wp-block-spacer\"><\/div>\n\n\n\n<h5 class=\"wp-block-heading\" id=\"travaux-approfondis\">Travaux approfondis<\/h5>\n\n\n\n<p>Larionov, Oleg, Les blogs BD&nbsp;: \u00e9tude d\u2019un ph\u00e9nom\u00e8ne au sein de la BD num\u00e9rique en ligne, \u00c9cole de fran\u00e7ais langue \u00e9trang\u00e8re, R. Baroni (dir.), Printemps 2018.<\/p>\n\n\n\n<p>Pedrani, Nicola, <em>L&rsquo;introduction du chapitrage: une r\u00e9volution pour la bande dessin\u00e9e?<\/em>, \u00c9cole de fran\u00e7ais langue \u00e9trang\u00e8re, R. Baroni (dir.), Automne 2017.<\/p>\n\n\n\n<p>Hoang, Ngoc Giang , <em>La tension narrative dans la bande dessin\u00e9e&nbsp;: l\u2019analyse comparative des albums <\/em>Le Lotus bleu<em> d\u2019Herg\u00e9 et <\/em>Jimmy Corrigan, The Smartest Kid on Earth <em>de Chris Ware<\/em>, \u00c9cole de fran\u00e7ais langue \u00e9trang\u00e8re, R. Baroni (dir.), Automne 2017.<\/p>\n\n\n\n<p>Fassora, Mattia, <em>De l&rsquo;\u00e9pisode au chapitre. La r\u00e9volution (\u00c0 Suivre)<\/em>, \u00c9cole de fran\u00e7ais langue \u00e9trang\u00e8re, R. Baroni (dir.), Automne 2017.<\/p>\n\n\n\n<p>Timmerman, Simone, <em>Les obscurit\u00e9s de la ligne claire<\/em>, \u00c9cole de fran\u00e7ais langue \u00e9trang\u00e8re, R. Baroni (dir.), \u00c9t\u00e9 2016.<\/p>\n\n\n\n<p>Stucky, Olivier, <em>D&rsquo;un Charlot l&rsquo;autre. Repr\u00e9sentation du corps comique dans&nbsp;Les Aventures acrobatiques de Charlot de Raoul Thomen<\/em>, Histoire et esth\u00e9tique du cin\u00e9ma, A. Boillat (dir.), Automne 2012. <a href=\"https:\/\/wp.unil.ch\/grebd\/files\/2014\/02\/olivierstucky_travailapprof_charlot1.pdf\" target=\"_blank\" rel=\"noopener\">Lire en PDF<\/a><\/p>\n\n\n\n<div style=\"height:20px\" aria-hidden=\"true\" class=\"wp-block-spacer\"><\/div>\n\n\n\n<h5 class=\"wp-block-heading\" id=\"infographies\">Analyses compar\u00e9es<\/h5>\n\n\n\n<p>Cette analyse a \u00e9t\u00e9 r\u00e9alis\u00e9e dans le s\u00e9minaire de Bachelor\/Dipl\u00f4me \u00ab\u00a0<a href=\"https:\/\/wp.unil.ch\/grebd\/enseignement\/cours\/\" data-type=\"URL\" data-id=\"https:\/\/wp.unil.ch\/grebd\/enseignement\/cours\/\">Introduction \u00e0 l&rsquo;\u00e9tude de la bande dessin\u00e9e<\/a>\u00a0\u00bb dirig\u00e9 par Rapha\u00ebl Baroni. Dans la cadre de cet enseignement, les \u00e9tudiant\u00b7e\u00b7s acqui\u00e8rent des outils pour l&rsquo;analyse stylistique et formelles des planches de bande dessin\u00e9e. Apr\u00e8s un s\u00e9minaire oral portant sur un auteur, le s\u00e9minaire \u00e9crit consiste \u00e0 comparer deux double-pages de deux auteurs diff\u00e9rents pour en faire ressortir des ressemblances et des contrastes significatifs. Le <a rel=\"noreferrer noopener\" href=\"https:\/\/wp.unil.ch\/grebd\/2022\/08\/analyse-comparee-tintin-au-tibet-et-la-ballade-de-la-mer-salee\/\" target=\"_blank\">pr\u00e9sent travail,<\/a> s\u00e9lectionn\u00e9 pour sa qualit\u00e9, a \u00e9t\u00e9 r\u00e9dig\u00e9 par Adrien Sarrasin pendant le semestre de printemps 2022 et porte sur l&rsquo;analyse compar\u00e9e d&rsquo;extraits tir\u00e9s de <em>Tintin au Tibet<\/em> et de <em>La Ballade de la mer sal\u00e9e<\/em> d&rsquo;Hugo Pratt. Il montre, entre autres, comment peuvent \u00eatre exploit\u00e9es les<a href=\"https:\/\/wp.unil.ch\/grebd\/enseignement\/ressources-pedagogiques\/mise-en-page\/\"> typologies de mises en page<\/a> pour l&rsquo;analyse stylistique de ces deux \u0153uvres. <\/p>\n\n\n\n<h5 class=\"wp-block-heading\" id=\"infographies\">Infographies<\/h5>\n\n\n\n<p>Ces infographies sont des travaux de validation r\u00e9alis\u00e9s dans le cadre d&rsquo;un s\u00e9minaire de Master sur les s\u00e9rialit\u00e9s narratives dirig\u00e9 par Ana\u00efs Goudmand, Mireille Berton et Raha\u00ebl Baroni. Tous les travaux issus de ce s\u00e9minaire sont <a href=\"https:\/\/wp.unil.ch\/narratologie\/exposition-serialites\/\" target=\"_blank\" rel=\"noopener\">accessibles en ligne sur le site du P\u00f4le de narratologie transm\u00e9diale<\/a>.<\/p>\n\n\n\n<p>Jeanne Rocabert, Laura Weber, <a href=\"https:\/\/my.visme.co\/projects\/pv0648n4-le-chapitrage-dans-la-bande-dessinee-franco-belge\" target=\"_blank\" rel=\"noopener\">Le chapitrage dans la bande dessin\u00e9e franco-belge<\/a>.<\/p>\n\n\n\n<p>Cl\u00e9a Masserey, Chlo\u00eb Chaudet, Ludivine Barro, <a href=\"https:\/\/my.visme.co\/projects\/6xo6grj3-onz2g0ooeg1w5e6p\" target=\"_blank\" rel=\"noopener\">Wonder Woman, analyse transm\u00e9diatique d&rsquo;une ic\u00f4ne f\u00e9ministe.<\/a><\/p>\n","protected":false},"excerpt":{"rendered":"<p>Cette page r\u00e9pertorie diff\u00e9rents types de travaux d&rsquo;\u00e9tudiant\u00b7e\u00b7s conduits dans le cadre de cours et s\u00e9minaires dispens\u00e9s \u00e0 l&rsquo;UNIL. Travaux approfondis Larionov, Oleg, Les blogs BD&nbsp;: \u00e9tude d\u2019un ph\u00e9nom\u00e8ne au sein de la BD num\u00e9rique en ligne, \u00c9cole de fran\u00e7ais<\/p>\n","protected":false},"author":1480,"featured_media":0,"parent":1970,"menu_order":2,"comment_status":"closed","ping_status":"closed","template":"","meta":{"_seopress_robots_primary_cat":"","_seopress_titles_title":"","_seopress_titles_desc":"","_seopress_robots_index":"","ngg_post_thumbnail":0,"footnotes":""},"class_list":["post-60","page","type-page","status-publish"],"_links":{"self":[{"href":"https:\/\/wp.unil.ch\/grebd\/wp-json\/wp\/v2\/pages\/60","targetHints":{"allow":["GET"]}}],"collection":[{"href":"https:\/\/wp.unil.ch\/grebd\/wp-json\/wp\/v2\/pages"}],"about":[{"href":"https:\/\/wp.unil.ch\/grebd\/wp-json\/wp\/v2\/types\/page"}],"author":[{"embeddable":true,"href":"https:\/\/wp.unil.ch\/grebd\/wp-json\/wp\/v2\/users\/1480"}],"replies":[{"embeddable":true,"href":"https:\/\/wp.unil.ch\/grebd\/wp-json\/wp\/v2\/comments?post=60"}],"version-history":[{"count":0,"href":"https:\/\/wp.unil.ch\/grebd\/wp-json\/wp\/v2\/pages\/60\/revisions"}],"up":[{"embeddable":true,"href":"https:\/\/wp.unil.ch\/grebd\/wp-json\/wp\/v2\/pages\/1970"}],"wp:attachment":[{"href":"https:\/\/wp.unil.ch\/grebd\/wp-json\/wp\/v2\/media?parent=60"}],"curies":[{"name":"wp","href":"https:\/\/api.w.org\/{rel}","templated":true}]}}