{"id":35,"date":"2014-02-02T11:31:20","date_gmt":"2014-02-02T10:31:20","guid":{"rendered":"http:\/\/wp.unil.ch\/grebd\/?page_id=35"},"modified":"2025-01-27T11:35:13","modified_gmt":"2025-01-27T10:35:13","slug":"liens","status":"publish","type":"page","link":"https:\/\/wp.unil.ch\/grebd\/liens\/","title":{"rendered":"Liens"},"content":{"rendered":"\n<h5 class=\"wp-block-heading\">Partenaires UNIL<\/h5>\n\n\n\n<p><a href=\"https:\/\/www.unil.ch\/cec\" target=\"_blank\" rel=\"noreferrer noopener\">Centre d&rsquo;\u00e9tudes cin\u00e9matographiques<\/a><br><a href=\"https:\/\/wp.unil.ch\/narratologie\" target=\"_blank\" rel=\"noreferrer noopener\">P\u00f4le de narratologie transm\u00e9diale<\/a><br><a href=\"https:\/\/www.unil.ch\/fle\" target=\"_blank\" rel=\"noreferrer noopener\">\u00c9cole de Fran\u00e7ais langue \u00e9trang\u00e8re<\/a><br><a href=\"https:\/\/www.unil.ch\/fra\" target=\"_blank\" rel=\"noreferrer noopener\">Section de Fran\u00e7ais<\/a><br><a href=\"https:\/\/www.unil.ch\/hart\" target=\"_blank\" rel=\"noreferrer noopener\">Section d&rsquo;histoire de l&rsquo;art<\/a><br><a href=\"https:\/\/www.unil.ch\/cin\" target=\"_blank\" rel=\"noreferrer noopener\">Section d&rsquo;histoire et esth\u00e9tique du cin\u00e9ma<\/a><br><a href=\"https:\/\/www.unil.ch\/shc\" target=\"_blank\" rel=\"noreferrer noopener\">Sciences historiques de la culture<\/a><\/p>\n\n\n\n<h5 class=\"wp-block-heading\">Revues scientifiques<\/h5>\n\n\n\n<p><a rel=\"noreferrer noopener\" href=\"https:\/\/belphegor.revues.org\/\" target=\"_blank\">Belphegor<\/a><br><a rel=\"noreferrer noopener\" href=\"http:\/journals.openedition.org\/narratologie\" target=\"_blank\">Cahiers de narratologie<\/a><br><a rel=\"noreferrer noopener\" href=\"https:\/\/uclouvain.be\/fr\/instituts-recherche\/incal\/cri\/cahiers-du-grit.html\" target=\"_blank\">Cahiers du GRIT<\/a><br><a rel=\"noreferrer noopener\" href=\"https:\/\/comicalites.revues.org\/\" target=\"_blank\">Comicalit\u00e9s<\/a><br><a rel=\"noreferrer noopener\" href=\"https:\/\/www.imageandnarrative.be\/\" target=\"_blank\">Image [&amp;] Narrative<\/a><br><a rel=\"noreferrer noopener\" href=\"https:\/\/www.berghahnjournals.com\/view\/journals\/eca\/eca-overview.xml\" target=\"_blank\">European Comic Art<\/a><br><a rel=\"noreferrer noopener\" href=\"https:\/\/www.revue-textimage.com\/\" target=\"_blank\">Texteimage<\/a><br><\/p>\n\n\n\n<h5 class=\"wp-block-heading\">Organisations scientifiques<\/h5>\n\n\n\n<p><a href=\"https:\/\/www.acme.ulg.ac.be\/\" target=\"_blank\" rel=\"noreferrer noopener\">ACME<\/a><br><a href=\"https:\/\/lpcm.hypotheses.org\/\" target=\"_blank\" rel=\"noreferrer noopener\">LPCM<\/a><br><a href=\"https:\/\/www.comu.be\/orm\/\" target=\"_blank\" rel=\"noreferrer noopener\">ORM<\/a><br><a href=\"https:\/\/uclouvain.be\/fr\/instituts-recherche\/incal\/cri\/grit.html\" target=\"_blank\" rel=\"noreferrer noopener\">GRIT<\/a><br><a href=\"https:\/\/transmedia.hypotheses.org\/\" target=\"_blank\" rel=\"noreferrer noopener\">R\u00e9cits en s\u00e9rie<\/a><br><a href=\"https:\/\/www.narratology.net\/\" target=\"_blank\" rel=\"noreferrer noopener\">European Narratology Network<\/a><br><a href=\"https:\/\/www.thenarrativesociety.org\/\" target=\"_blank\" rel=\"noreferrer noopener\">International Society for the Study of Narrative<\/a><br><a href=\"https:\/\/labrechebd.com\/\" target=\"_blank\" rel=\"noreferrer noopener\">La Br\u00e8che<\/a><br><a href=\"https:\/\/www.comicgesellschaft.de\/\" target=\"_blank\" rel=\"noreferrer noopener\">ComFor<\/a><br><a href=\"https:\/\/comicssociety.org\/\" target=\"_blank\" rel=\"noreferrer noopener\">Comics Studies Society<\/a><\/p>\n\n\n\n<h5 class=\"wp-block-heading\">Ressources diverses<\/h5>\n\n\n\n<p><a href=\"https:\/\/www.topfferiana.fr\/\" target=\"_blank\" rel=\"noreferrer noopener\">T\u00f6pfferiana<\/a><br><a href=\"https:\/\/www.phylacterium.fr\/\" target=\"_blank\" rel=\"noreferrer noopener\">Phylacterium<\/a><br><a href=\"https:\/\/neuviemeart.citebd.org\/\" target=\"_blank\" rel=\"noreferrer noopener\">Neuvi\u00e8meArt 2.0<\/a><br><a href=\"https:\/\/digitalcomicmuseum.com\/\" target=\"_blank\" rel=\"noreferrer noopener\">Digital Comic Museum<\/a><br><a href=\"https:\/\/www.citebd.org\/\" target=\"_blank\" rel=\"noreferrer noopener\">Cit\u00e9 Internationale de la bande dessin\u00e9e et de l&rsquo;image<\/a><br><a href=\"https:\/\/digipad.app\/p\/634384\/dc6a290075a5\" target=\"_blank\" rel=\"noreferrer noopener\">Ressources en ligne du PREAC<\/a><br><a href=\"https:\/\/www.sne.fr\/promotion-de-la-lecture\/la-bd-en-classe\/\">La BD en classe (site du syndicat national de l&rsquo;\u00e9dition)<\/a><\/p>\n","protected":false},"excerpt":{"rendered":"<p>Partenaires UNIL Centre d&rsquo;\u00e9tudes cin\u00e9matographiquesP\u00f4le de narratologie transm\u00e9diale\u00c9cole de Fran\u00e7ais langue \u00e9trang\u00e8reSection de Fran\u00e7aisSection d&rsquo;histoire de l&rsquo;artSection d&rsquo;histoire et esth\u00e9tique du cin\u00e9maSciences historiques de la culture Revues scientifiques BelphegorCahiers de narratologieCahiers du GRITComicalit\u00e9sImage [&amp;] NarrativeEuropean Comic ArtTexteimage Organisations scientifiques ACMELPCMORMGRITR\u00e9cits<\/p>\n","protected":false},"author":1480,"featured_media":0,"parent":0,"menu_order":0,"comment_status":"closed","ping_status":"closed","template":"","meta":{"_seopress_robots_primary_cat":"","_seopress_titles_title":"","_seopress_titles_desc":"","_seopress_robots_index":"","ngg_post_thumbnail":0,"footnotes":""},"class_list":["post-35","page","type-page","status-publish"],"_links":{"self":[{"href":"https:\/\/wp.unil.ch\/grebd\/wp-json\/wp\/v2\/pages\/35","targetHints":{"allow":["GET"]}}],"collection":[{"href":"https:\/\/wp.unil.ch\/grebd\/wp-json\/wp\/v2\/pages"}],"about":[{"href":"https:\/\/wp.unil.ch\/grebd\/wp-json\/wp\/v2\/types\/page"}],"author":[{"embeddable":true,"href":"https:\/\/wp.unil.ch\/grebd\/wp-json\/wp\/v2\/users\/1480"}],"replies":[{"embeddable":true,"href":"https:\/\/wp.unil.ch\/grebd\/wp-json\/wp\/v2\/comments?post=35"}],"version-history":[{"count":3,"href":"https:\/\/wp.unil.ch\/grebd\/wp-json\/wp\/v2\/pages\/35\/revisions"}],"predecessor-version":[{"id":3311,"href":"https:\/\/wp.unil.ch\/grebd\/wp-json\/wp\/v2\/pages\/35\/revisions\/3311"}],"wp:attachment":[{"href":"https:\/\/wp.unil.ch\/grebd\/wp-json\/wp\/v2\/media?parent=35"}],"curies":[{"name":"wp","href":"https:\/\/api.w.org\/{rel}","templated":true}]}}