{"id":3329,"date":"2025-03-23T12:14:54","date_gmt":"2025-03-23T11:14:54","guid":{"rendered":"https:\/\/wp.unil.ch\/grebd\/?page_id=3329"},"modified":"2025-03-23T12:16:50","modified_gmt":"2025-03-23T11:16:50","slug":"corpus-bd-pour-la-classe","status":"publish","type":"page","link":"https:\/\/wp.unil.ch\/grebd\/enseignement\/ressources-pedagogiques\/corpus-bd-pour-la-classe\/","title":{"rendered":"Corpus BD pour la classe"},"content":{"rendered":"\n<p>Cette section pr\u00e9sente des listes de bandes dessin\u00e9es pr\u00e9sentant un potentiel p\u00e9dagogique. Ces listes sont class\u00e9es par discipline (Fran\u00e7ais langue \u00e9trang\u00e8re, fran\u00e7ais langue de scolairsation, &#8230;) et par objectif p\u00e9dagogique. <\/p>\n\n\n\n<p>Dans le cas d&rsquo;une s\u00e9rie en plusieurs tomes, seul le premier tome est list\u00e9 dans la bibliographie. Sauf indication contraire, les autres tomes de la s\u00e9rie entrent \u00e9galement dans la liste. <\/p>\n\n\n\n<details class=\"wp-block-details\"><summary><span role=\"textbox\" aria-label=\"Accordion title...\" class=\"block-editor-rich-text__editable rich-text is-layout-flow wp-block-details-is-layout-flow\" style=\"min-width: 1px\">Bandes dessin\u00e9es pour la m\u00e9diation du fran\u00e7ais parl\u00e9 en FLE <\/span><\/summary>\n<div class=\"wp-block-group\"><div class=\"wp-block-group__inner-container is-layout-constrained wp-block-group-is-layout-constrained\">\n<p>Baladi. 2005. <em>Angle mort<\/em>. Gen\u00e8ve [Montreuil]: Atrabile.<\/p>\n\n\n\n<p>Binet, Christian, \u00e9d. 1989. <em>Les Bidochon. 1: Roman d\u2019amour<\/em>. Paris: Audie.<\/p>\n\n\n\n<p>Blandin, Camille. 2022. <em>Rien \u00e0 feutre<\/em>. Villeurbanne: \u00c9ditions Lapin.<\/p>\n\n\n\n<p>Boulet. 2008. <em>Notes &#8211; Tome 1 Born to be a larve<\/em>. 1. Paris: Delcourt.<\/p>\n\n\n\n<p>Boulet. 2022. <em>Rogatons<\/em>. Marseille: Exemplaire.<\/p>\n\n\n\n<p>Br\u00e9techer, Claire. 1979. <em>Les Frustr\u00e9s<\/em>. Paris: B. diffusion.<\/p>\n\n\n\n<p>Bret\u00e9cher, Claire. 1988. <em>Agrippine<\/em>. Paris: C. Bret\u00e9cher.<\/p>\n\n\n\n<p>Delacroix, Clothilde. 2024. <em>Love, etc<\/em>. Pataqu\u00e8s. Paris: Delcourt.<\/p>\n\n\n\n<p>Dubuisson, Marc. 2022. <em>Le pr\u00e9sident est une noix de coco<\/em>. Pataqu\u00e8s. Paris: \u00c9ditions Delcourt.<\/p>\n\n\n\n<p>Ferri, Jean-Yves, Manu Larcenet, Brigitte Findakly, et Jean-Yves Ferri. 2005. <em>La vraie vie<\/em>. Le retour \u00e0 la terre \/ Jean-Yves Ferri, Manu Larcenet 1. Paris Barcelone Bruxelles: Dargaud.<\/p>\n\n\n\n<p>Frantico. 2008. <em>Le blog de Frantico<\/em>. Paris: Albin Michel.<\/p>\n\n\n\n<p>Karibou. 2024. <em>Dialogues -Tome 1 Primo<\/em>. tome 1. Paris: \u00c9ditions Delcourt.<\/p>\n\n\n\n<p>Lahoche, Salom\u00e9. 2023. <em>La vie est une corv\u00e9e: pff<\/em>. Marseille: Exemplaire.<\/p>\n\n\n\n<p>Lahoche, Salom\u00e9. 2024. <em>Ernestine<\/em>. Marseille: \u00c9ditions M\u00eame pas mal.<\/p>\n\n\n\n<p>Long, Guillaume. 2006. <em>Anatomie de l\u2019\u00e9ponge<\/em>. Paris: Vertige graphic.<\/p>\n\n\n\n<p>Margerin, Frank. 2018. <em>Lucien &#8211; Int\u00e9grale Vol. 1<\/em>. Paris: Audie.<\/p>\n\n\n\n<p>Nasica, Caroline. 2021. <em>Caro et les zinzins &#8211; Tome 1<\/em>. Marseille: Exemplaire.<\/p>\n\n\n\n<p>Nob. 2015. <em>Dad &#8211; Tome 1 Filles \u00e0 papa<\/em>. Marcinelle: Dupuis.<\/p>\n\n\n\n<p>Ricard, Anouk. 2015. <em>Les experts (en tout)<\/em>. Professeur Cyclope. Paris] [Issy-les-Moulineaux: Casterman Arte \u00e9ditions.<\/p>\n\n\n\n<p>Sattouf, Riad. 2016. <em>Les cahiers d\u2019Esther &#8211; Tome 1 Histoires de mes 10 ans<\/em>. Paris: Allary \u00e9ditions.<\/p>\n\n\n\n<p>Trondheim, Lewis. 1995. <em>Approximativement<\/em>. Collection Pierre et Paul 2. Paris: Corn\u00e9lius.<\/p>\n\n\n\n<p>Trondheim, Lewis. \u00e9d. 2000. <em>Les formidables aventures de Lapinot. 1: Blacktown<\/em>. Poisson Pilote. Paris: Dargaud.<\/p>\n\n\n\n<p>Zep. 1997. <em>Titeuf &#8211; Tome 6 Tch\u00f4, monde cruel\u202f!<\/em> Grenoble: Gl\u00e9nat. <strong>Les tomes 1 \u00e0 5 pr\u00e9sentant souvent des sc\u00e8nes \u00e0 caract\u00e8re sexuel, nous conseillons de plut\u00f4t s\u00e9lectionner des extraits \u00e0 partir du tome 6.<\/strong><\/p>\n<\/div><\/div>\n<\/details>\n\n\n\n<details class=\"wp-block-details\"><summary><span role=\"textbox\" aria-label=\"Accordion title...\" class=\"block-editor-rich-text__editable rich-text is-layout-flow wp-block-details-is-layout-flow\" style=\"min-width: 1px\">Bandes dessin\u00e9es pour aborder les probl\u00e9matiques plurilingues et pluriculturelles en FLE <\/span><\/summary>\n<div class=\"wp-block-group\"><div class=\"wp-block-group__inner-container is-layout-constrained wp-block-group-is-layout-constrained\">\n<p> Abirached, Zeina. 2015. <em>Le piano oriental<\/em>. Paris: Casterman.<\/p>\n\n\n\n<p>Abirached, Zeina, et Mathias \u00c9nard. 2018. <em>Prendre refuge<\/em>. Bruxelles: Casterman.<\/p>\n\n\n\n<p>Abouet, Marguerite, et Cl\u00e9ment Oubrerie. 2005. <em>Aya de Yopougon<\/em>. Bayou. Paris: Gallimard Bande dessin\u00e9e.<\/p>\n\n\n\n<p>Baru. 2020. <em>Bella ciao. uno<\/em>. Paris: Futuropolis.<\/p>\n\n\n\n<p>Castex, Aur\u00e9lie. 2024. <em>Les nouveaux venus: immersion dans une classe accueillant les enfants du monde<\/em>. Paris: Faubourg.<\/p>\n\n\n\n<p>Chavouet, Florent. 2009. <em>Tokyo sanpo<\/em>. Arles: Philippe Picquier.<\/p>\n\n\n\n<p>Chavouet, Florent. 2010. <em>Manab\u00e9 Shima<\/em>. Arles: Philippe Picquier.<\/p>\n\n\n\n<p>Darcq, Sophie. 2023. <em>Hanbok<\/em>. Paris: L\u2019apocalypse.<\/p>\n\n\n\n<p>Delisle, Guy. 2000. <em>Shenzhen<\/em>. Ciboulette 23. Paris: l\u2019Association.<\/p>\n\n\n\n<p>Findakly, Brigitte, et Lewis Trondheim. 2016. <em>Coquelicots d\u2019Irak<\/em>. Paris: l\u2019Association.<\/p>\n\n\n\n<p>Jacquet, Olivier. 2021. <em>Luna, Per aspera as astra<\/em>. 2<sup>e<\/sup> \u00e9d. Nouvelle-Souabe: La puce nano \u00e9ditions.<\/p>\n\n\n\n<p>Jaraba, Alicia. 2022. <em>Celle qui parle<\/em>. Charnay-l\u00e8s-M\u00e2con: Bamboo.<\/p>\n\n\n\n<p>Lam, Kei. 2021. <em>Les saveurs du b\u00e9ton<\/em>. Paris: Steinkis.<\/p>\n\n\n\n<p>Lin, Li-Chin. 2011. <em>Formose<\/em>. Bussy-Saint-Georges: C\u00e0 et l\u00e0.<\/p>\n\n\n\n<p>Lin, Li-Chin. 2017. <em>Fudafudak: l\u2019endroit qui scintille<\/em>. Bussy-Saint-Georges: \u00c7\u00e0 et l\u00e0.<\/p>\n\n\n\n<p>Lin, Li-Chin. 2021. <em>Go\u00e1n tau, chez moi<\/em>. Bussy-Saint-Georges: \u00c7\u00e0 et l\u00e0.<\/p>\n\n\n\n<p>Pedrosa, Cyril. 2011. <em>Portugal<\/em>. Aire libre. Paris: Dupuis.<\/p>\n\n\n\n<p>Ruillier, J\u00e9r\u00f4me. 2016. <em>L\u2019\u00e9trange<\/em>. Paris: L\u2019agrume.<\/p>\n\n\n\n<p>Satrapi, Marjane. 2017. <em>Persepolis<\/em>. Paris: L\u2019Association.<\/p>\n\n\n\n<p>Sattouf, Riad. 2023. <em>L\u2019Arabe du futur: une jeunesse au Moyen-Orient (1978-2011)<\/em>. \u00c9dition int\u00e9grale. Images. Paris: Allary \u00e9ditions.<\/p>\n\n\n\n<p>Sattouf, Riad. 2024. <em>Moi, Fadi, le fr\u00e8re vol\u00e9 &#8211; Tome 1 (1986-1994)<\/em>. Paris: Livres Du Futur.<\/p>\n\n\n\n<p>Tan, Shaun. 2007. <em>L\u00e0 o\u00f9 vont nos p\u00e8res<\/em>. Long courrier. Paris Barcelone Bruxelles Hong Kong Lausanne Londres Montreal New York Shanghai: Dargaud.<\/p>\n\n\n\n<p>Tchao, Brigitte, et Christel Han. 2019. <em>Made in France &#8211; Chronique d\u2019une famille chinoise \u00e0 Paris<\/em>. Paris: Les Enfants Rouges.<\/p>\n\n\n\n<p>Toulm\u00e9, Fabien. 2018. <em>L\u2019 Odyss\u00e9e d\u2019Hakim. 1: De la Syrie \u00e0 la Turquie<\/em>. Paris: Delcourt.<\/p>\n<\/div><\/div>\n<\/details>\n\n\n\n<p><\/p>\n","protected":false},"excerpt":{"rendered":"<p>Cette section pr\u00e9sente des listes de bandes dessin\u00e9es pr\u00e9sentant un potentiel p\u00e9dagogique. Ces listes sont class\u00e9es par discipline (Fran\u00e7ais langue \u00e9trang\u00e8re, fran\u00e7ais langue de scolairsation, &#8230;) et par objectif p\u00e9dagogique. Dans le cas d&rsquo;une s\u00e9rie en plusieurs tomes, seul le<\/p>\n","protected":false},"author":1002275,"featured_media":0,"parent":1973,"menu_order":0,"comment_status":"closed","ping_status":"closed","template":"","meta":{"_seopress_robots_primary_cat":"","_seopress_titles_title":"","_seopress_titles_desc":"","_seopress_robots_index":"","ngg_post_thumbnail":0,"footnotes":""},"class_list":["post-3329","page","type-page","status-publish"],"_links":{"self":[{"href":"https:\/\/wp.unil.ch\/grebd\/wp-json\/wp\/v2\/pages\/3329","targetHints":{"allow":["GET"]}}],"collection":[{"href":"https:\/\/wp.unil.ch\/grebd\/wp-json\/wp\/v2\/pages"}],"about":[{"href":"https:\/\/wp.unil.ch\/grebd\/wp-json\/wp\/v2\/types\/page"}],"author":[{"embeddable":true,"href":"https:\/\/wp.unil.ch\/grebd\/wp-json\/wp\/v2\/users\/1002275"}],"replies":[{"embeddable":true,"href":"https:\/\/wp.unil.ch\/grebd\/wp-json\/wp\/v2\/comments?post=3329"}],"version-history":[{"count":1,"href":"https:\/\/wp.unil.ch\/grebd\/wp-json\/wp\/v2\/pages\/3329\/revisions"}],"predecessor-version":[{"id":3330,"href":"https:\/\/wp.unil.ch\/grebd\/wp-json\/wp\/v2\/pages\/3329\/revisions\/3330"}],"up":[{"embeddable":true,"href":"https:\/\/wp.unil.ch\/grebd\/wp-json\/wp\/v2\/pages\/1973"}],"wp:attachment":[{"href":"https:\/\/wp.unil.ch\/grebd\/wp-json\/wp\/v2\/media?parent=3329"}],"curies":[{"name":"wp","href":"https:\/\/api.w.org\/{rel}","templated":true}]}}