{"id":2838,"date":"2022-11-29T16:17:00","date_gmt":"2022-11-29T15:17:00","guid":{"rendered":"https:\/\/wp.unil.ch\/grebd\/?page_id=2838"},"modified":"2024-10-09T17:44:19","modified_gmt":"2024-10-09T15:44:19","slug":"activites-de-mediation","status":"publish","type":"page","link":"https:\/\/wp.unil.ch\/grebd\/mediation\/activites-de-mediation\/","title":{"rendered":"Activit\u00e9s de m\u00e9diation"},"content":{"rendered":"\n<details class=\"wp-block-details is-layout-flow wp-block-details-is-layout-flow\"><summary>2024<\/summary>\n<div class=\"wp-block-group\"><div class=\"wp-block-group__inner-container is-layout-constrained wp-block-group-is-layout-constrained\">\n<p>A. Boillat, participation \u00e0 la conception de l\u2019espace BD de l\u2019exposition \u00ab Nouveau Western : le pion, la brute et le truand \u00bb, Mus\u00e9e suisse du jeu, du 2 septembre 2023 au 30 juin 2024, La Tour-de-Peilz.<\/p>\n\n\n\n<p>M. Tirehote-Corbin, mod\u00e9ration de la table ronde \u00ab Auteur-autrice, c\u2019est une bonne situation ? \u00bb, Swiss Comics Artists Association, BDFIL, 21 avril 2024, Lausanne.\u00a0<\/p>\n\n\n\n<p>M. Tirehote-Corbin, organisation de l&rsquo;atelier \u00ab\u00a0Les \u00e9critures graphiques en ethnographie\u00a0\u00bb avec Pierre Noc\u00e9rino, Biennale d\u2019ethnographie de l\u2019\u00c9cole des Hautes \u00c9tudes en Sciences Sociales, Maison des Sciences de l\u2019Homme Paris-Nord, 24 et 25 octobre 2024.<\/p>\n\n\n\n<p>M. Tirehote-Corbin, organisation de \u00ab \u00c0 nos corps dissidents \u00bb, rencontre avec Jul Maroh, BDFIL, 20 avril 2024, Lausanne.<\/p>\n\n\n\n<p>M. Tirehote-Corbin, organisation de \u00ab Un humour exemplaire \u00bb, rencontre avec Lisa Mandel, BDFIL, 27 avril 2024, Lausanne.<\/p>\n\n\n\n<p>M. Tirehote-Corbin Intervention dans le podcast <em>Les couilles sur la table<\/em> :\u00a0<a href=\"https:\/\/www.binge.audio\/podcast\/les-couilles-sur-la-table\/bande-dessinee-bulles-de-verre\" target=\"_blank\" rel=\"noreferrer noopener\">Bande dessin\u00e9e, bulles de verre<\/a>, janvier 2024.<\/p>\n<\/div><\/div>\n<\/details>\n\n\n\n<details class=\"wp-block-details is-layout-flow wp-block-details-is-layout-flow\"><summary>2023<\/summary>\n<div class=\"wp-block-group\"><div class=\"wp-block-group__inner-container is-layout-constrained wp-block-group-is-layout-constrained\">\n<p>A. Boillat, conf\u00e9rence \u00ab\u00a0Les univers ludiques du western (cin\u00e9ma, BD, jeu vid\u00e9o)\u00a0\u00bb, intervention au Mus\u00e9e suisse du jeu, 15 septembre 2023, La Tour-de-Peilz.<\/p>\n\n\n\n<p>M. Tirehote-Corbin,  organisation de \u00ab Ce que p\u00e8sent les mots \u00bb, rencontre avec Mirion Malle, BDFIL, 12 mais 2023, Lausanne.<\/p>\n\n\n\n<p>M. Tirehote-Corbin, mod\u00e9ration de la table ronde \u00ab Pratiques autour de la collaboration avec les maisons d\u2019\u00e9dition \u00bb, Journ\u00e9e professionnelle de la Swiss Comics Artists Association, 4 novembre 2023, Fribourg.<\/p>\n\n\n\n<p>M. Tirehote-Corbin, mod\u00e9ration de la table ronde \u00ab \u00a0BD reportage \u00e0 bord de l\u2019Ocean Viking \u00bb, \u00e9ditions Antipodes, BDFIL, 7 mai 2023, Lausanne.\u00a0<\/p>\n\n\n\n<p>M. Tirehote-Corbin, mod\u00e9ration de la table ronde \u00ab Le temps de la cr\u00e9ation \u00bb, Swiss Comics Artists Association, BDFIL, 6 mai 2023, Lausanne.\u00a0<\/p>\n<\/div><\/div>\n<\/details>\n\n\n\n<details class=\"wp-block-details is-layout-flow wp-block-details-is-layout-flow\"><summary>2022<\/summary>\n<div class=\"wp-block-group\"><div class=\"wp-block-group__inner-container is-layout-constrained wp-block-group-is-layout-constrained\">\n<p>M. Tirehote-Corbin, mod\u00e9ration de la table ronde \u00ab Sororit\u00e9 en bande dessin\u00e9e \u00bb&nbsp;Festival Bilili BD, Brazzaville,&nbsp;8 d\u00e9cembre 2022.<\/p>\n\n\n\n<p>G. Kovaliv, participation \u00e0 la table ronde \u00ab&nbsp;<a href=\"https:\/\/sobd2022.com\/portfolio\/webtoon-webcomics-et-nouvelles-bd-numeriques\/\">Webtoon, webcomics et nouvelles bd num\u00e9riques<\/a>&nbsp;\u00bb avec Camille Martinez et Wandrille, mod\u00e9r\u00e9e par Ir\u00e8ne Le Roy Ladurie, Festival SoBD, Paris, 3 d\u00e9cembre 2022.<\/p>\n\n\n\n<p>Ph. Kaenel, mod\u00e9ration de la table ronde \u00ab&nbsp;Art brut et bande dessin\u00e9e : regards crois\u00e9s sur la sc\u00e8ne suisse&nbsp;\u00bb, avec Beno\u00eet Chevalier, Erwin Dejasse, Sarah Lombardi, journ\u00e9e organis\u00e9e par Pro Helvetia dans le cadre de l&rsquo;exposition \u00ab&nbsp;Art brut et bande dessin\u00e9e&nbsp;\u00bb, Collection de l\u2019Art Brut, Lausanne, 25 novembre 2022.<\/p>\n\n\n\n<p>R. Osterl\u00e9, mod\u00e9ration de la table ronde \u00ab&nbsp;Influences, inspirations, jonctions : la parole aux artistes&nbsp;\u00bb, avec Simone Baumann, Helge Reumann et Noyau, journ\u00e9e organis\u00e9e par Pro Helvetia dans le cadre de l&rsquo;exposition \u00ab&nbsp;Art brut et bande dessin\u00e9e&nbsp;\u00bb, Collection de l\u2019Art Brut, Lausanne, 25 novembre 2022.<\/p>\n\n\n\n<p>R. Baroni et O. Stucky, conf\u00e9rence \u00ab&nbsp;De la mise en page \u00e0 l&rsquo;interface : (d\u00e9)composition de la bande dessin\u00e9e&nbsp;\u00bb, semaine de workshop \u00e0 l&rsquo;ESBDI, 5 octobre 2022.<\/p>\n\n\n\n<p>G. Kovaliv, cours d&rsquo;introduction \u00ab&nbsp;Internet, le paradis perdu des bandes dessin\u00e9es ?&nbsp;\u00bb, semaine de workshop \u00e0 l&rsquo;ESBDI, 3 octobre 2022.<\/p>\n\n\n\n<p>O. Stucky, cours d&rsquo;introduction \u00ab&nbsp;La bande dessin\u00e9e en reconfigurations. Histoire et th\u00e9orie des transferts de formes \u00e9ditoriales&nbsp;\u00bb, semaine de workshop \u00e0 l&rsquo;ESBDI, 3 octobre 2022.<\/p>\n\n\n\n<p>R. Baroni et G. Turin, capsule vid\u00e9o \u00ab&nbsp;<a href=\"https:\/\/youtu.be\/FpUUz_1nTLI\">Peut-on enseigner la bande dessin\u00e9e comme on enseigne la litt\u00e9rature ?<\/a> \u00bb pour Labelettres, Lausanne, 9 septembre.<\/p>\n\n\n\n<p>G. Kovaliv, animation de l\u2019atelier \u00ab&nbsp;Cr\u00e9ativit\u00e9, f\u00e9minisme et libert\u00e9 d&rsquo;expression&nbsp;\u00bb par Reine Di Bussi, conf\u00e9rence finale du projet Artivisme, Lausanne, 13 avril 2022.<\/p>\n\n\n\n<p>O. Stucky, animation de l\u2019atelier \u00ab&nbsp;Artivisme social dans les r\u00e9seaux sociaux et l&rsquo;auto-d\u00e9rision : le cas du Cameroun&nbsp;\u00bb par Hugues Bertrand Biboum, conf\u00e9rence finale du projet Artivisme, Lausanne, 13 avril 2022.<\/p>\n\n\n\n<p>R. Baroni, capsule vid\u00e9o \u00ab&nbsp;<a href=\"https:\/\/edu.ge.ch\/site\/archiprod\/la-bande-dessinee-comment-ca-marche\/\">La bande dessin\u00e9e, comment \u00e7a marche&nbsp;?<\/a>&nbsp;\u00bb&nbsp; pour le Service \u00e9coles-m\u00e9dias (SEM) du Canton de Gen\u00e8ve, Gen\u00e8ve, 24 janvier 2022.<\/p>\n<\/div><\/div>\n<\/details>\n\n\n\n<details class=\"wp-block-details is-layout-flow wp-block-details-is-layout-flow\"><summary>2021<\/summary>\n<div class=\"wp-block-group\"><div class=\"wp-block-group__inner-container is-layout-constrained wp-block-group-is-layout-constrained\">\n<p>Tirehote-Corbin M., participation \u00e0 la table ronde interprofessionnelle \u00ab Femmes et BD \u00bb, dans le cadre de la journ\u00e9e Dans les coulisses de l\u2019\u00e9dition BD d\u2019Occitanie Livre et Lecture, Montpellier,\u00a06 mai 2021. [<a href=\"https:\/\/www.youtube.com\/watch?v=a6mppR_CMFE&amp;list=PLYknRrrU43-BpgWSHKiPqaV_j_OFbiNC7\">voir en ligne<\/a>]\n\n\n\n<p>G. Kovaliv et O. Stucky, mod\u00e9ration de la table ronde \u00ab&nbsp;Sauvegarde et conservation num\u00e9rique de la bande dessin\u00e9e&nbsp;\u00bb avec Boris Br\u00fcckler &amp; Catherine Ferreyrolle, colloque \u00ab Transferts, reconfigurations et transition num\u00e9rique dans la bande dessin\u00e9e \u00bb, Lausanne, 23 octobre 2021.<\/p>\n\n\n\n<p>G. Kovaliv, mod\u00e9ration de la table ronde \u00ab&nbsp;Cr\u00e9ation et \u00e9dition de bande dessin\u00e9e num\u00e9rique&nbsp;\u00bb, avec Yannis La Macchia, Lisa Mandel, Tony, colloque \u00ab Transferts, reconfigurations et transition num\u00e9rique dans la bande dessin\u00e9e \u00bb, Lausanne, 23 octobre 2021.<\/p>\n\n\n\n<p>G. Kovaliv, mod\u00e9ration de tables rondes autour de la cr\u00e9ation de bande dessin\u00e9e&nbsp;num\u00e9rique et de la promotion d\u2019une bande dessin\u00e9e nationale et&nbsp;bilingue \u00e0 l\u2019\u00e9tranger, <a href=\"https:\/\/www.bdfil.ch\" target=\"_blank\" rel=\"noreferrer noopener\">festival BDFIL<\/a>, Lausanne, 18 et 19 septembre 2021.<\/p>\n<\/div><\/div>\n<\/details>\n\n\n\n<details class=\"wp-block-details is-layout-flow wp-block-details-is-layout-flow\"><summary>2019<\/summary>\n<div class=\"wp-block-group\"><div class=\"wp-block-group__inner-container is-layout-constrained wp-block-group-is-layout-constrained\">\n<p>G. Kovaliv, mod\u00e9ration de la table ronde sur la BD reportage avec CrayonSolidaires, Annick Kamgang, et Judith Vanistendael, <a rel=\"noreferrer noopener\" href=\"https:\/\/www.bdfil.ch\/\" target=\"_blank\">festival BDFIL<\/a>, Lausanne, 14 septembre 2019.<\/p>\n<\/div><\/div>\n<\/details>\n\n\n\n<details class=\"wp-block-details is-layout-flow wp-block-details-is-layout-flow\"><summary>2018<\/summary>\n<div class=\"wp-block-group\"><div class=\"wp-block-group__inner-container is-layout-constrained wp-block-group-is-layout-constrained\">\n<p>G. Kovaliv, mod\u00e9ration de la table ronde \u00ab BD et num\u00e9rique, formes et enjeux \u00bb avec Rapha\u00ebl Baroni, Yannis La Macchia, Oriane Lassus, Anouk Ricard, <a rel=\"noreferrer noopener\" href=\"https:\/\/www.bdfil.ch\/\" target=\"_blank\">festival BDFIL<\/a>, Lausanne, 16 septembre 2018.<\/p>\n\n\n\n<p>R. Baroni, participation \u00e0 la table ronde \u00ab&nbsp;BD num\u00e9rique, formes et enjeux&nbsp;\u00bb, <a rel=\"noreferrer noopener\" href=\"https:\/\/www.bdfil.ch\/edition-2018\/rencontres-et-tables-rondes\/\" target=\"_blank\">festival BDFIL<\/a>, Lausanne, 16 septembre.<\/p>\n\n\n\n<p>G. Kovaliv, mod\u00e9ration de la table ronde \u00ab Girly et f\u00e9minisme : les deux faces d&rsquo;une m\u00eame pi\u00e8ce marketing ? \u00bb avec Diglee, Oriane Lassus, Louiza et Mirion Malle, <a rel=\"noreferrer noopener\" href=\"https:\/\/www.bdfil.ch\/\" target=\"_blank\">festival BDFIL<\/a>, Lausanne, 15 septembre 2018.<\/p>\n<\/div><\/div>\n<\/details>\n\n\n\n<details class=\"wp-block-details is-layout-flow wp-block-details-is-layout-flow\"><summary>2017<\/summary>\n<div class=\"wp-block-group\"><div class=\"wp-block-group__inner-container is-layout-constrained wp-block-group-is-layout-constrained\">\n<p>D. Chaperon, \u00ab Rencontre avec David B. \u00bb <a rel=\"noreferrer noopener\" href=\"https:\/\/www.bdfil.ch\/edition-2017\/auteur-e-s-2017\/david-b\/\" target=\"_blank\">festival BDFIL<\/a>, Lausanne, 17 septembre 2017.<\/p>\n<\/div><\/div>\n<\/details>\n","protected":false},"excerpt":{"rendered":"","protected":false},"author":1002221,"featured_media":0,"parent":2004,"menu_order":0,"comment_status":"closed","ping_status":"closed","template":"","meta":{"_seopress_robots_primary_cat":"","_seopress_titles_title":"","_seopress_titles_desc":"","_seopress_robots_index":"","ngg_post_thumbnail":0,"footnotes":""},"class_list":["post-2838","page","type-page","status-publish"],"_links":{"self":[{"href":"https:\/\/wp.unil.ch\/grebd\/wp-json\/wp\/v2\/pages\/2838","targetHints":{"allow":["GET"]}}],"collection":[{"href":"https:\/\/wp.unil.ch\/grebd\/wp-json\/wp\/v2\/pages"}],"about":[{"href":"https:\/\/wp.unil.ch\/grebd\/wp-json\/wp\/v2\/types\/page"}],"author":[{"embeddable":true,"href":"https:\/\/wp.unil.ch\/grebd\/wp-json\/wp\/v2\/users\/1002221"}],"replies":[{"embeddable":true,"href":"https:\/\/wp.unil.ch\/grebd\/wp-json\/wp\/v2\/comments?post=2838"}],"version-history":[{"count":2,"href":"https:\/\/wp.unil.ch\/grebd\/wp-json\/wp\/v2\/pages\/2838\/revisions"}],"predecessor-version":[{"id":3269,"href":"https:\/\/wp.unil.ch\/grebd\/wp-json\/wp\/v2\/pages\/2838\/revisions\/3269"}],"up":[{"embeddable":true,"href":"https:\/\/wp.unil.ch\/grebd\/wp-json\/wp\/v2\/pages\/2004"}],"wp:attachment":[{"href":"https:\/\/wp.unil.ch\/grebd\/wp-json\/wp\/v2\/media?parent=2838"}],"curies":[{"name":"wp","href":"https:\/\/api.w.org\/{rel}","templated":true}]}}