{"id":2591,"date":"2022-05-11T14:00:17","date_gmt":"2022-05-11T12:00:17","guid":{"rendered":"https:\/\/wp.unil.ch\/grebd\/?page_id=2591"},"modified":"2023-10-27T15:13:47","modified_gmt":"2023-10-27T13:13:47","slug":"mise-en-page","status":"publish","type":"page","link":"https:\/\/wp.unil.ch\/grebd\/enseignement\/ressources-pedagogiques\/mise-en-page\/","title":{"rendered":"Une typologie des mises en page pour l\u2019enseignement de la bande dessin\u00e9e"},"content":{"rendered":"\n<h5 class=\"wp-block-heading\">Rapha\u00ebl Baroni<\/h5>\n\n\n\n<p>L\u2019une des caract\u00e9ristiques essentielles de la bande dessin\u00e9e consiste \u00e0 d\u00e9ployer une s\u00e9quence d\u2019images dans un espace graphique au sein duquel les \u00e9l\u00e9ments successifs occupent des lieux d\u00e9termin\u00e9s. La copr\u00e9sence des images engendre ainsi certains effets sp\u00e9cifiques que l\u2019on peut qualifier, avec les termes de Pierre Fresnault-Deruelle, de <em>tabulaires<\/em>, par opposition \u00e0 la dimension <em>lin\u00e9aire<\/em> qui correspond \u00e0 la suite des cases formant le message narratif. Pour mettre en lumi\u00e8re cette sp\u00e9cificit\u00e9 m\u00e9diatique, l\u2019analyse de planches de bandes dessin\u00e9es devrait donc inclure une r\u00e9flexion sur la mani\u00e8re plus ou moins originale ou conventionnelle dont chaque r\u00e9cit graphique occupe l\u2019espace de son support de publication.<\/p>\n\n\n\n<p>Cette dimension <em>tabulaire<\/em>, qui induit une lecture plus <em>contemplative<\/em>, peut parfois rester purement virtuelle, notamment lorsqu\u2019on est engag\u00e9 dans une lecture rapide, qui se caract\u00e9rise par une progression qui privil\u00e9gie la lin\u00e9arit\u00e9. D\u00e8s lors, dans le cadre d\u2019une \u00e9ducation \u00e0 la bande dessin\u00e9e (Cohn 2009&nbsp;; Sohet 2010), il peut \u00eatre utile d\u2019attirer l\u2019attention des apprenant\u00b7e\u00b7s sur la mani\u00e8re dont l\u2019auteur\u00b7e a organis\u00e9 l\u2019espace de sa planche ou de sa double-planche. Pour probl\u00e9matiser la mani\u00e8re d\u2019investir l\u2019espace du support et r\u00e9fl\u00e9chir sur les effets esth\u00e9tiques qui d\u00e9coulent de tel ou tel dispositif, divers exercices sont possibles&nbsp;: on peut confronter les apprenant\u00b7e\u00b7s \u00e0 des mises en pages particuli\u00e8rement complexes, qui entravent la progression lin\u00e9aire (p.ex. des planches de Druillet, Chris Ware ou Joe Sacco) ou attirer l\u2019attention sur les articulations non lin\u00e9aires entre des motifs visuels qui se r\u00e9p\u00e8tent en divers endroits de la planche, en s\u2019int\u00e9ressant \u00e0 ce que Thierry Groensteen appelle le \u00ab&nbsp;tressage iconique&nbsp;\u00bb. Un autre exercice, sugg\u00e9r\u00e9 par Jan Baetens, consiste \u00e0 retourner la planche pour ne plus s\u2019int\u00e9resser au contenu du r\u00e9cit (qui devient plus ou moins illisible) mais \u00e0 la structuration globale de l\u2019espace.<\/p>\n\n\n\n<p>Une mani\u00e8re diff\u00e9rente de proc\u00e9der consiste \u00e0 se servir d\u2019un outil conceptuel&nbsp;: les typologies de mises en page. Ces derni\u00e8res d\u00e9finissent diff\u00e9rents prototypes auxquels rattacher les planches \u00e9tudi\u00e9es en classe. Beno\u00eet Peeters (1991&nbsp;; 2003) et Thierry Groensteen (1999) sont \u00e0 l\u2019origine des typologies les plus connues dans le domaine des \u00e9tudes sur la bande dessin\u00e9e. Le premier a d\u00e9fini quatre prototypes fond\u00e9s sur les relations entre le r\u00e9cit et la tabularit\u00e9 de son support&nbsp;: la mise en page <em>conventionnelle<\/em> (qui correspond \u00e0 la grille r\u00e9guli\u00e8re du \u00ab&nbsp;gaufrier&nbsp;\u00bb), la mise en page <em>rh\u00e9torique<\/em> (o\u00f9 l\u2019auteur fait varier la taille des cases en fonction de leur contenu), la mise en page <em>d\u00e9corative<\/em> (ou la contemplation de la page prime sur le r\u00e9cit) et la mise en page <em>productive<\/em> (o\u00f9 la dimension tabulaire de la planche est exploit\u00e9e pour produire des effets qui transforment le r\u00e9cit). Le second sugg\u00e8re de classer les mises en page en fonction de deux oppositions assez intuitives&nbsp;: formellement, la mise en page est <em>r\u00e9guli\u00e8re<\/em> ou <em>irr\u00e9guli\u00e8re<\/em>, et du point de vue de son effet, elle est <em>discr\u00e8te<\/em> ou <em>ostentatoire<\/em>. Plus r\u00e9cemment, Renaud Chavanne (2010) a quelque peu remodel\u00e9 ces typologies en insistant sur la dimension gradualiste des cat\u00e9gories et sur l\u2019existence de <em>matrices<\/em> \u00e0 partir desquelles on peut observer des variations.<\/p>\n\n\n\n<p>Pour faciliter le maniement de ces typologies, nous proposons une simplification et une r\u00e9articulation des diff\u00e9rents mod\u00e8les propos\u00e9s par Peeters, Groensteen et Chavanne. Au lieu de proposer de classer telle ou telle mise en page dans telle ou telle cat\u00e9gorie (conventionnelle ou rh\u00e9torique, d\u00e9corative ou productive, r\u00e9guli\u00e8re ou irr\u00e9guli\u00e8re, discr\u00e8te ou ostentatoire, etc.), nous proposons de tenir compte de deux axes, qui permettent une approche gradualiste des objets analys\u00e9s, tout en les rattachant \u00e0 diff\u00e9rents prototypes&nbsp;: le premier axe se contente de d\u00e9crire le degr\u00e9 de r\u00e9gularit\u00e9 de la composition&nbsp;; et le second consiste \u00e0 d\u00e9finir l\u2019absence ou, au contraire, la pr\u00e9sence de structures observables \u00e0 l\u2019\u00e9chelle de la planche, auquel cas on qualifiera la mise en page d\u2019<em>architectur\u00e9e<\/em>.<\/p>\n\n\n\n<p><strong>Axe 1<\/strong>&nbsp;: conform\u00e9ment au mod\u00e8le de Groensteen, cet axe part des compositions <em>r\u00e9guli\u00e8res<\/em> (appel\u00e9 aussi \u00ab&nbsp;gaufrier&nbsp;\u00bb) pour aller vers le p\u00f4le des compositions <em>irr\u00e9guli\u00e8res<\/em>. Entre-deux, comme l\u2019observe Chavanne, on peut observer des compositions <em>semi-r\u00e9guli\u00e8res<\/em> marqu\u00e9es par des ruptures plus ou moins visibles vis-\u00e0-vis du \u00ab&nbsp;gaufrier&nbsp;\u00bb de base ou, au contraire, par l\u2019\u00e9mergences de r\u00e9gularit\u00e9s au sein de compositions g\u00e9n\u00e9ralement irr\u00e9guli\u00e8res. La composition semi-r\u00e9guli\u00e8re d\u00e9finit ainsi une sorte de point m\u00e9dian.<\/p>\n\n\n\n<p><strong>Axe 2<\/strong>&nbsp;: les compositions r\u00e9guli\u00e8res ou irr\u00e9guli\u00e8res peuvent \u00eatre fond\u00e9es sur un simple principe de r\u00e9p\u00e9tition d\u2019une matrice de base (pour le \u00ab&nbsp;gaufrier&nbsp;\u00bb) ou sur des contraintes locales li\u00e9es au contenu de la case (pour les compositions dites \u00ab&nbsp;rh\u00e9toriques&nbsp;\u00bb). Dans ce cas, il n\u2019y a gu\u00e8re de raison de porter notre attention sur la structure globale de la planche et on parlera de compositions \u00ab&nbsp;conventionnelles&nbsp;\u00bb, dans la mesure o\u00f9 elles proc\u00e8dent d\u2019un mode de production standardis\u00e9,ou \u00ab&nbsp;discr\u00e8tes&nbsp;\u00bb, si l\u2019on s\u2019int\u00e9resse plut\u00f4t \u00e0 leur effet sur le p\u00f4le de la r\u00e9ception. Mais d\u2019autres mises en page peuvent \u00eatre qualifi\u00e9es de plus \u00ab&nbsp;ostentatoires&nbsp;\u00bb, pour reprendre les termes de Groensteen, car elles s\u2019appuient sur diff\u00e9rents proc\u00e9d\u00e9s graphiques qui ont pour effet de structurer l\u2019espace global de la planche ou de la double-planche, de sorte que celle-ci appara\u00eet comme une <em>architecture graphique<\/em>. Un tel dispositif favorise une saisie contemplative du dessin, au lieu d\u2019encourager une lecture lin\u00e9aire du r\u00e9cit, et il peut \u00eatre un \u00e9cart local dans un dispositif g\u00e9n\u00e9ralement discret, ou constituer un mode d\u2019engendrement global, pour des productions plus exp\u00e9rimentales (p. ex. pour Baladi, David B., Chris Ware ou Joe Sacco). Cet espace <em>architectur\u00e9<\/em> peut reposer autant sur la forme et la disposition des cases (en particulier sur les effets de sym\u00e9trie et sur les hi\u00e9rarchies au sein de l\u2019espace paginal entre cases petites ou grandes, centrales ou p\u00e9riph\u00e9riques, interm\u00e9diaires ou initiales et finales, etc.) que sur leur contenu (r\u00e9p\u00e9tition de contenus graphiques, couleur ou teinte dominante), qui peut cr\u00e9er des continuit\u00e9s ou des contrastes entre diff\u00e9rents lieux de la planche. Enfin l\u2019<em>architecturation <\/em>de la planche peut se construire en s\u2019affranchissant de la segmentation en cases et en strips, notamment lorsque les filets des cases sont effac\u00e9s, ce qui conduit \u00e0 une sorte d\u2019architecture plus ou moins <em>libre<\/em> ou <em>flottante<\/em>.<\/p>\n\n\n\n<p>On peut repr\u00e9senter les diff\u00e9rents prototypes permettant de d\u00e9crire les mises en page avec des outils de visualisation assez simples. Pour respecter le principe de gradualit\u00e9, on \u00e9vitera cependant le recours aux tableaux \u00e0 double entr\u00e9e et on pr\u00e9f\u00e9rera une repr\u00e9sentation axiale ou circulaire, car il s\u2019agit moins de d\u00e9cider si telle ou telle mise en page se rattache \u00e0 un prototype ou \u00e0 un autre, que de discuter de la mani\u00e8re dont des compositions plus ou moins r\u00e9guli\u00e8res apparaissent comme plus ou moins discr\u00e8tes ou architectur\u00e9es. On encouragera aussi la comparaison entre diff\u00e9rentes compositions, aussi bien entre des \u0153uvres diff\u00e9rentes qu\u2019au sein d\u2019une m\u00eame \u0153uvre. Notons d\u2019ailleurs que l\u2019architecture de la planche sera plus saillante quand elle se d\u00e9tache au sein d\u2019une \u0153uvre tr\u00e8s peu architectur\u00e9e, et m\u00eame la simple apparition d\u2019un gaufrier au sein d\u2019un r\u00e9cit graphique domin\u00e9 par une mise en page rh\u00e9torique pourra ainsi apparaitre comme une architecture graphique tr\u00e8s visible par contraste.<\/p>\n\n\n\n<div class=\"wp-block-columns is-layout-flex wp-container-core-columns-is-layout-9d6595d7 wp-block-columns-is-layout-flex\">\n<div class=\"wp-block-column is-layout-flow wp-block-column-is-layout-flow\">\n<figure class=\"wp-block-image size-full is-resized\"><a href=\"https:\/\/wp.unil.ch\/grebd\/files\/2022\/05\/fig.1.png\"><img alt=\"\" loading=\"lazy\" decoding=\"async\" width=\"831\" height=\"760\" src=\"https:\/\/wp.unil.ch\/grebd\/files\/2022\/05\/fig.1.png\" alt=\"\" class=\"wp-image-2593\" style=\"width:267px;height:243px\" srcset=\"https:\/\/wp.unil.ch\/grebd\/files\/2022\/05\/fig.1.png 831w, https:\/\/wp.unil.ch\/grebd\/files\/2022\/05\/fig.1-300x274.png 300w, https:\/\/wp.unil.ch\/grebd\/files\/2022\/05\/fig.1-768x702.png 768w\" sizes=\"auto, (max-width: 831px) 100vw, 831px\" \/><\/a><figcaption class=\"wp-element-caption\">Fig.1 Modulation au sein d&rsquo;une \u0153uvre<\/figcaption><\/figure>\n<\/div>\n\n\n\n<div class=\"wp-block-column is-layout-flow wp-block-column-is-layout-flow\">\n<figure class=\"wp-block-image size-large is-resized\"><a href=\"https:\/\/wp.unil.ch\/grebd\/files\/2022\/05\/fig2.png\"><img alt=\"\" loading=\"lazy\" decoding=\"async\" width=\"1024\" height=\"808\" src=\"https:\/\/wp.unil.ch\/grebd\/files\/2022\/05\/fig2-1024x808.png\" alt=\"\" class=\"wp-image-2596\" style=\"width:277px;height:218px\" srcset=\"https:\/\/wp.unil.ch\/grebd\/files\/2022\/05\/fig2-1024x808.png 1024w, https:\/\/wp.unil.ch\/grebd\/files\/2022\/05\/fig2-300x237.png 300w, https:\/\/wp.unil.ch\/grebd\/files\/2022\/05\/fig2-768x606.png 768w, https:\/\/wp.unil.ch\/grebd\/files\/2022\/05\/fig2.png 1197w\" sizes=\"auto, (max-width: 1024px) 100vw, 1024px\" \/><\/a><figcaption class=\"wp-element-caption\">Fig. 2 Typologie circulaire avec exemple de classement de mise en page<\/figcaption><\/figure>\n<\/div>\n\n\n\n<div class=\"wp-block-column is-layout-flow wp-block-column-is-layout-flow\">\n<figure class=\"wp-block-image size-large is-resized\"><a href=\"https:\/\/wp.unil.ch\/grebd\/files\/2022\/05\/fig.3.png\"><img alt=\"\" loading=\"lazy\" decoding=\"async\" width=\"1024\" height=\"749\" src=\"https:\/\/wp.unil.ch\/grebd\/files\/2022\/05\/fig.3-1024x749.png\" alt=\"\" class=\"wp-image-2597\" style=\"width:324px;height:236px\" srcset=\"https:\/\/wp.unil.ch\/grebd\/files\/2022\/05\/fig.3-1024x749.png 1024w, https:\/\/wp.unil.ch\/grebd\/files\/2022\/05\/fig.3-300x219.png 300w, https:\/\/wp.unil.ch\/grebd\/files\/2022\/05\/fig.3-768x562.png 768w, https:\/\/wp.unil.ch\/grebd\/files\/2022\/05\/fig.3.png 1390w\" sizes=\"auto, (max-width: 1024px) 100vw, 1024px\" \/><\/a><figcaption class=\"wp-element-caption\">Fig. 3 Typologie axiale avec exemple de classement de mise en page<\/figcaption><\/figure>\n<\/div>\n<\/div>\n\n\n\n<p class=\"has-text-align-center\">\u00a9 Peeters, Atrabile, 2022 \/ \u00a9 Herg\u00e9, Moulinsart, 2022 \/ \u00a9 M\u00e9zi\u00e8res &amp; Christin, Dargaud, 2022 \/ \u00a9 Larcenet, Dargaud, 2022 \/ \u00a9 David B., L\u2019Association, 2022<\/p>\n\n\n\n<p>Lors de l\u2019analyse de la mise en page d\u2019une bande dessin\u00e9e, il ne s\u2019agit pas de classer un album ou un roman graphique en fonction de tel ou tel prototype, mais de d\u00e9finir une <em>matrice de base <\/em>qui a pu servir \u00e0 l\u2019engendrement du r\u00e9cit graphique (par exemple un \u00ab&nbsp;gaufrier&nbsp;\u00bb de 3&#215;3 ou de 3&#215;2 ou une mise en page \u00ab&nbsp;rh\u00e9torique&nbsp;\u00bb dispos\u00e9e sur trois ou quatre strips) et d\u2019interpr\u00e9ter ensuite les variations observables localement au fil de l\u2019\u0153uvre. On peut donc proc\u00e9der en d\u00e9crivant comment telle ou telle mise en page reproduit et illustre cette matrice de base ou, au contraire, comment elle s\u2019en distingue en s\u2019architecturant, puis interpr\u00e9ter ensuite l\u2019effet engendr\u00e9 par telle ou telle variation en fonction des enjeux propres de l\u2019\u00e9pisode figur\u00e9.<\/p>\n\n\n\n<p>On peut d\u00e9crire trois <em>proc\u00e9d\u00e9s formels<\/em> qui permettent de transformer un <em>gaufrier<\/em> (mise en page r\u00e9guli\u00e8re et discr\u00e8te) ou une mise en page <em>rh\u00e9torique<\/em> (irr\u00e9guli\u00e8re et discr\u00e8te) en une <em>composition architectur\u00e9e<\/em>&nbsp;: 1. cr\u00e9ation de contrastes ou de solidarit\u00e9s iconiques entre des cases disjointes sur la base de leur contenu graphique (r\u00e9p\u00e9tition de motifs, jeu sur les couleurs dominantes ou les tons clair\/obscur)&nbsp;; 2. ruptures saillantes dans la disposition habituelle des cases et des strips produisant des hi\u00e9rarchies ou des effets de sym\u00e9trie (fusion de cases ou de strips, variations de la taille ou de la forme des cases, accentuation de la case centrale ou de cases initiales ou finales, etc.)&nbsp;; 3. disparition compl\u00e8te des cases et des strips au profit d\u2019une composition \u00ab&nbsp;flottante&nbsp;\u00bb.<\/p>\n\n\n\n<figure class=\"wp-block-image size-full\"><img alt=\"\" loading=\"lazy\" decoding=\"async\" width=\"284\" height=\"259\" src=\"https:\/\/wp.unil.ch\/grebd\/files\/2023\/10\/image-1.png\" alt=\"\" class=\"wp-image-3078\" \/><\/figure>\n\n\n\n<p class=\"has-text-align-center\">\u00a9 Peeters, Atrabile, 2022 \/ \u00a9 Herg\u00e9, Moulinsart, 2022<\/p>\n\n\n\n<p>En ce qui concerne l\u2019<em>effet de ces compositions<\/em>, les mises en page discr\u00e8tes (rh\u00e9toriques ou en gaufrier) apparaissent adapt\u00e9es \u00e0 une lecture lin\u00e9aire et rapide, de case en case, et elles sont donc souvent soumises au d\u00e9veloppement de l\u2019intrigue, alors que les mises en page architectur\u00e9es invitent plut\u00f4t \u00e0 s\u2019\u00e9carter de cette progression pour contempler la planche dans sa globalit\u00e9, comme un tableau, ce qui peut remplir diff\u00e9rentes fonctions narratives ou esth\u00e9tiques.<\/p>\n\n\n\n<details class=\"wp-block-details is-layout-flow wp-block-details-is-layout-flow\"><summary>Source<\/summary>\n<div class=\"wp-block-group\"><div class=\"wp-block-group__inner-container is-layout-constrained wp-block-group-is-layout-constrained\">\n<p>Pour une pr\u00e9sentation beaucoup plus d\u00e9taill\u00e9e de ces typologies et une proposition de mise \u00e0 l\u2019\u00e9preuve du mod\u00e8le pour d\u00e9crire les planches d\u2019un album de Pierre Christin et Andr\u00e9 Juillard&nbsp;, voir:<\/p>\n\n\n\n<p>Baroni, R (2022) \u00ab&nbsp;D\u00e9crire et interpr\u00e9ter l\u2019architecture graphique des bandes dessin\u00e9es&nbsp;: L\u00e9na mise en page&nbsp;\u00bb, <em>Transpositio<\/em>, n\u00b0 5.&nbsp;&nbsp;&nbsp;&nbsp;<br>URL&nbsp;: <a href=\"https:\/\/www.transpositio.org\/articles\/view\/decrire-et-interpreter-l-architecture-graphique-des-bandes-dessinees-lena-mise-en-page\">https:\/\/www.transpositio.org\/articles\/view\/decrire-et-interpreter-l-architecture-graphique-des-bandes-dessinees-lena-mise-en-page<\/a><\/p>\n<\/div><\/div>\n<\/details>\n\n\n\n<details class=\"wp-block-details is-layout-flow wp-block-details-is-layout-flow\"><summary>Pour aller plus loin<\/summary>\n<div class=\"wp-block-group\"><div class=\"wp-block-group__inner-container is-layout-constrained wp-block-group-is-layout-constrained\">\n<p>Amiel, Vincent (1986), \u00ab&nbsp;Bande dessin\u00e9e et architecture&nbsp;: l\u2019espace encadr\u00e9&nbsp;\u00bb, <em>Les Cahiers de la bande dessin\u00e9e, <\/em>n\u00b0 69, p. 24-25.<\/p>\n\n\n\n<p>Baetens, Jan &amp; Pascal Lef\u00e8vre (1993), <em>Pour une lecture moderne de la bande dessin\u00e9e<\/em>, Bruxelles, Centre Belge de la Bande Dessin\u00e9e.<\/p>\n\n\n\n<p>Baroni, Rapha\u00ebl (2021), \u00ab&nbsp;Apprendre la dimension scripturale de la lecture avec la bande dessin\u00e9e&nbsp;\u00bb, <em>Lettre de l\u2019AIRDF<\/em>, n\u00b0 68, p. 49-54.<\/p>\n\n\n\n<p>Chavanne, Renaud (2010), <em>Composition de la bande dessin\u00e9e<\/em>, Montrouge, PLG.<\/p>\n\n\n\n<p>Cohn, Jesse (2009), \u00ab&nbsp;Mise-en-Page: A Vocabulary of Page Layouts&nbsp;\u00bb, in <em>Teaching the Graphic Novel<\/em>, S. E. Tabachnick (dir.), New York, The Modern Language Association of America, p. 44-57.<\/p>\n\n\n\n<p>Fresnault-Deruelle, Pierre (1976), \u00ab Du lin\u00e9aire au tabulaire \u00bb, <em>Communications<\/em>, n\u00b0 24, p. 7-23.<\/p>\n\n\n\n<p>Groensteen, Thierry (1999), <em>Syst\u00e8me de la bande dessin\u00e9e<\/em>, Paris, PUF.<\/p>\n\n\n\n<p>Groensteen, Thierry (2001), \u00ab&nbsp;Le r\u00e9seau et le lieu&nbsp;: pour une analyse des proc\u00e9dures de tressage iconique&nbsp;\u00bb, in <em>Time, Narrative &amp; the Fixed Image. Temps, narration &amp; image fixe<\/em>, J. Baetens &amp; M. Ribi\u00e8re (dir.), Amsterdam, Rodopi, p. 117-129.<\/p>\n\n\n\n<p>Labio, Catherine (2015), \u00ab&nbsp;The Architecture of Comics&nbsp;\u00bb, <em>Critical Inquiry<\/em>, n\u00b0 41 p. 312-343.<\/p>\n\n\n\n<p>Lef\u00e8vre, Pascal (2009), \u00ab&nbsp;The Conquest of Space: Evolution of Panel Arrangements and Page Layouts in Early Comics Published in Belgium (1880\u20131929)&nbsp;\u00bb, <em>European Comic Art<\/em>, n\u00b0 2 (2), p. 227-252.<\/p>\n\n\n\n<p>Marcoux, Marie-H\u00e9l\u00e8ne (2015), <em>La BD au secondaire. Des ateliers motivants pour d\u00e9velopper la comp\u00e9tence en lecture<\/em>, Montr\u00e9al, Cheneli\u00e8re \u00e9ducation.<\/p>\n\n\n\n<p>Marcoux, Marie-H\u00e9l\u00e8ne (2018), <em>La BD au primaire. Des ateliers motivants pour d\u00e9velopper la comp\u00e9tence en lecture<\/em>, Montr\u00e9al, Cheneli\u00e8re \u00e9ducation.<\/p>\n\n\n\n<p>Peeters, Beno\u00eet (2003), <em>Lire la bande dessin\u00e9e<\/em>, Paris, Flammarion.<\/p>\n\n\n\n<p>Peeters, Beno\u00eet (1991), <em>Case, planche, r\u00e9cit&nbsp;: comment lire une bande dessin\u00e9e<\/em>, Paris, Casterman.<\/p>\n\n\n\n<p>Sohet, Philippe (2010), <em>P\u00e9dagogie de la bande dessin\u00e9e. Lecture d\u2019un r\u00e9cit d\u2019Edmond Baudoin<\/em>, Qu\u00e9bec, Presses de l\u2019Universit\u00e9 du Qu\u00e9bec.<\/p>\n\n\n\n<p>Stucky, Olivier (2021), \u00ab La planche de bande dessin\u00e9e comme interface&nbsp;: d\u00e9placer les rapports texte-image&nbsp;\u00bb,&nbsp;<em>Arkha\u00ef<\/em>, n\u00b0 16, p. 127-148.<\/p>\n<\/div><\/div>\n<\/details>\n\n\n\n<details class=\"wp-block-details is-layout-flow wp-block-details-is-layout-flow\"><summary>Citer ou t\u00e9l\u00e9charger cet article<\/summary>\n<div class=\"wp-block-group\"><div class=\"wp-block-group__inner-container is-layout-constrained wp-block-group-is-layout-constrained\">\n<p>Baroni, Rapha\u00ebl (2022), \u00ab&nbsp;Une typologie des mises en page pour l\u2019enseignement de la bande dessin\u00e9e&nbsp;\u00bb, <em>GrBED&nbsp;: Ressources p\u00e9dagogiques<\/em>, mis en ligne le 11 mai 2022, URL&nbsp;: https:\/\/wp.unil.ch\/grebd\/enseignement\/ressources-pedagogiques\/mise-en-page\/<\/p>\n\n\n\n<p>Vous pouvez aussi t\u00e9l\u00e9charger cet article en version PDF<\/p>\n<\/div><\/div>\n\n\n\n<div data-wp-interactive=\"core\/file\" class=\"wp-block-file\"><object data-wp-bind--hidden=\"!state.hasPdfPreview\" hidden class=\"wp-block-file__embed\" data=\"https:\/\/wp.unil.ch\/grebd\/files\/2023\/10\/Une-typologie-des-mises-en-page.pdf\" type=\"application\/pdf\" style=\"width:100%;height:600px\" aria-label=\"Contenu embarqu\u00e9 Une-typologie-des-mises-en-page.\"><\/object><a id=\"wp-block-file--media-53d32e32-db33-4273-a26f-084a4db3b64a\" href=\"https:\/\/wp.unil.ch\/grebd\/files\/2023\/10\/Une-typologie-des-mises-en-page.pdf\">Une-typologie-des-mises-en-page<\/a><a href=\"https:\/\/wp.unil.ch\/grebd\/files\/2023\/10\/Une-typologie-des-mises-en-page.pdf\" class=\"wp-block-file__button wp-element-button\" download aria-describedby=\"wp-block-file--media-53d32e32-db33-4273-a26f-084a4db3b64a\">T\u00e9l\u00e9charger<\/a><\/div>\n<\/details>\n","protected":false},"excerpt":{"rendered":"<p>Rapha\u00ebl Baroni L\u2019une des caract\u00e9ristiques essentielles de la bande dessin\u00e9e consiste \u00e0 d\u00e9ployer une s\u00e9quence d\u2019images dans un espace graphique au sein duquel les \u00e9l\u00e9ments successifs occupent des lieux d\u00e9termin\u00e9s. La copr\u00e9sence des images engendre ainsi certains effets sp\u00e9cifiques que<\/p>\n","protected":false},"author":1002275,"featured_media":0,"parent":1973,"menu_order":0,"comment_status":"closed","ping_status":"closed","template":"","meta":{"_seopress_robots_primary_cat":"","_seopress_titles_title":"","_seopress_titles_desc":"","_seopress_robots_index":"","ngg_post_thumbnail":0,"footnotes":""},"class_list":["post-2591","page","type-page","status-publish"],"_links":{"self":[{"href":"https:\/\/wp.unil.ch\/grebd\/wp-json\/wp\/v2\/pages\/2591","targetHints":{"allow":["GET"]}}],"collection":[{"href":"https:\/\/wp.unil.ch\/grebd\/wp-json\/wp\/v2\/pages"}],"about":[{"href":"https:\/\/wp.unil.ch\/grebd\/wp-json\/wp\/v2\/types\/page"}],"author":[{"embeddable":true,"href":"https:\/\/wp.unil.ch\/grebd\/wp-json\/wp\/v2\/users\/1002275"}],"replies":[{"embeddable":true,"href":"https:\/\/wp.unil.ch\/grebd\/wp-json\/wp\/v2\/comments?post=2591"}],"version-history":[{"count":3,"href":"https:\/\/wp.unil.ch\/grebd\/wp-json\/wp\/v2\/pages\/2591\/revisions"}],"predecessor-version":[{"id":3083,"href":"https:\/\/wp.unil.ch\/grebd\/wp-json\/wp\/v2\/pages\/2591\/revisions\/3083"}],"up":[{"embeddable":true,"href":"https:\/\/wp.unil.ch\/grebd\/wp-json\/wp\/v2\/pages\/1973"}],"wp:attachment":[{"href":"https:\/\/wp.unil.ch\/grebd\/wp-json\/wp\/v2\/media?parent=2591"}],"curies":[{"name":"wp","href":"https:\/\/api.w.org\/{rel}","templated":true}]}}