{"id":2410,"date":"2022-01-21T13:29:00","date_gmt":"2022-01-21T12:29:00","guid":{"rendered":"https:\/\/wp.unil.ch\/grebd\/?page_id=2410"},"modified":"2023-02-22T13:24:12","modified_gmt":"2023-02-22T12:24:12","slug":"la-bande-dessinee-a-lausanne","status":"publish","type":"page","link":"https:\/\/wp.unil.ch\/grebd\/la-bande-dessinee-a-lausanne\/","title":{"rendered":"La bande dessin\u00e9e \u00e0 Lausanne"},"content":{"rendered":"\n<p>La recherche acad\u00e9mique sur la bande dessin\u00e9e \u00e0 l&rsquo;Universit\u00e9 de Lausanne s&rsquo;inscrit dans un contexte culturel favorable, que ce soit en raison des collections g\u00e9r\u00e9es par la biblioth\u00e8que municipale, de la pr\u00e9sence du festival BDFIL et de la formation professionnelle dans le domaine des arts graphiques. Cette page dresse la liste des principaux partenaires et acteurs de la sc\u00e8ne lausannoise actifs dans le domaine de la bande dessin\u00e9e.<\/p>\n\n\n\n<div style=\"height:30px\" aria-hidden=\"true\" class=\"wp-block-spacer\"><\/div>\n\n\n\n<h5 class=\"wp-block-heading\">Le Centre BD de la Ville de Lausanne<\/h5>\n\n\n\n<div class=\"wp-block-columns is-layout-flex wp-container-core-columns-is-layout-9d6595d7 wp-block-columns-is-layout-flex\">\n<div class=\"wp-block-column is-layout-flow wp-block-column-is-layout-flow\" style=\"flex-basis:33.33%\">\n<figure class=\"wp-block-image size-full is-resized is-style-default\"><img alt=\"\" loading=\"lazy\" decoding=\"async\" src=\"https:\/\/wp.unil.ch\/grebd\/files\/2022\/01\/index.jpg\" alt=\"\" class=\"wp-image-2440\" width=\"358\" height=\"268\" \/><\/figure>\n<\/div>\n\n\n\n<div class=\"wp-block-column is-layout-flow wp-block-column-is-layout-flow\" style=\"flex-basis:66.66%\">\n<p>Le Centre BD de la Ville Lausanne est le deuxi\u00e8me plus grand fonds d&rsquo;archives d&rsquo;Europe d\u00e9di\u00e9 au neuvi\u00e8me art. Il g\u00e8re un fonds patrimonial exceptionnel, riche de plus de 250&rsquo;000 documents, constitu\u00e9 d\u2019albums, de p\u00e9riodiques, de litt\u00e9rature secondaire et de planches originales. Une collection dont les plus anciens documents datent de la premi\u00e8re moiti\u00e9 du XIX<sup>e<\/sup> si\u00e8cle.<\/p>\n\n\n\n<p><a href=\"https:\/\/www.lausanne.ch\/vie-pratique\/culture\/bibliotheques-et-archives\/centre-bd.html\" target=\"_blank\" rel=\"noreferrer noopener\">Page officielle du Centre BD<\/a><\/p>\n\n\n\n<p><strong>Activit\u00e9s en partenariat avec le GrEBD<\/strong><\/p>\n\n\n\n<ul class=\"wp-block-list\">\n<li>Projet FNS: <a href=\"https:\/\/wp.unil.ch\/grebd\/recherche\/projets-fns\/le-decoupage-de-laction\/\" data-type=\"page\" data-id=\"1402\">\u00ab Le d\u00e9coupage de l\u2019action ? : analyse narratologique de p\u00e9riodiques de bandes dessin\u00e9es (1946-1959) \u00bb<\/a> (2012-2014)<\/li>\n\n\n\n<li>Projet FNS: <a href=\"https:\/\/wp.unil.ch\/grebd\/recherche\/projets-fns\/reconfiguring-comics\/\" data-type=\"page\" data-id=\"1670\">\u00ab Reconfiguring Comics in our Digital Era \u00bb<\/a> (2019-2023)<\/li>\n<\/ul>\n<\/div>\n<\/div>\n\n\n\n<h5 class=\"wp-block-heading\">BDFIL &#8211; Festival de bande dessin\u00e9e<\/h5>\n\n\n\n<div class=\"wp-block-columns is-layout-flex wp-container-core-columns-is-layout-9d6595d7 wp-block-columns-is-layout-flex\">\n<div class=\"wp-block-column is-layout-flow wp-block-column-is-layout-flow\" style=\"flex-basis:33.33%\">\n<figure class=\"wp-block-image size-large is-style-default\"><img alt=\"\" loading=\"lazy\" decoding=\"async\" width=\"1024\" height=\"468\" src=\"https:\/\/wp.unil.ch\/grebd\/files\/2022\/01\/Dossier_de_presse_BDFIL_2021-1024x468.jpg\" alt=\"\" class=\"wp-image-2412\" srcset=\"https:\/\/wp.unil.ch\/grebd\/files\/2022\/01\/Dossier_de_presse_BDFIL_2021-1024x468.jpg 1024w, https:\/\/wp.unil.ch\/grebd\/files\/2022\/01\/Dossier_de_presse_BDFIL_2021-300x137.jpg 300w, https:\/\/wp.unil.ch\/grebd\/files\/2022\/01\/Dossier_de_presse_BDFIL_2021-768x351.jpg 768w, https:\/\/wp.unil.ch\/grebd\/files\/2022\/01\/Dossier_de_presse_BDFIL_2021-1536x703.jpg 1536w, https:\/\/wp.unil.ch\/grebd\/files\/2022\/01\/Dossier_de_presse_BDFIL_2021.jpg 1683w\" sizes=\"auto, (max-width: 1024px) 100vw, 1024px\" \/><figcaption class=\"wp-element-caption\">\u00a9&nbsp;BDFIL, 2019<\/figcaption><\/figure>\n<\/div>\n\n\n\n<div class=\"wp-block-column is-layout-flow wp-block-column-is-layout-flow\" style=\"flex-basis:66.66%\">\n<p>Le Festival international de bande dessin\u00e9e de Lausanne (BDFIL)<strong> <\/strong>a lieu annuellement depuis 2005. Dans ce cadre, le festival accueille des artistes suisses et internationaux, monte des expositions et organise diverses animations publiques au c\u0153ur de la ville de Lausanne.<\/p>\n\n\n\n<p><a rel=\"noreferrer noopener\" href=\"https:\/\/www.bdfil.ch\/\" target=\"_blank\">Site officiel du festival BDFIL<\/a><\/p>\n\n\n\n<p><strong>Activit\u00e9s en partenariat avec le GrEBD<\/strong><\/p>\n\n\n\n<ul class=\"wp-block-list\">\n<li><a href=\"https:\/\/wp.unil.ch\/grebd\/mediation\/activites-de-mediation\/\" data-type=\"page\" data-id=\"2838\">Animations de conf\u00e9rences et de tables rondes<\/a><\/li>\n<\/ul>\n<\/div>\n<\/div>\n\n\n\n<h5 class=\"wp-block-heading\">Ceruleum &#8211; \u00c9cole d&rsquo;arts visuels<\/h5>\n\n\n\n<div class=\"wp-block-columns is-layout-flex wp-container-core-columns-is-layout-9d6595d7 wp-block-columns-is-layout-flex\">\n<div class=\"wp-block-column is-layout-flow wp-block-column-is-layout-flow\" style=\"flex-basis:33.33%\">\n<figure class=\"wp-block-image size-full is-style-default\"><img alt=\"\" loading=\"lazy\" decoding=\"async\" width=\"225\" height=\"225\" src=\"https:\/\/wp.unil.ch\/grebd\/files\/2022\/01\/index.png\" alt=\"\" class=\"wp-image-2431\" srcset=\"https:\/\/wp.unil.ch\/grebd\/files\/2022\/01\/index.png 225w, https:\/\/wp.unil.ch\/grebd\/files\/2022\/01\/index-150x150.png 150w\" sizes=\"auto, (max-width: 225px) 100vw, 225px\" \/><\/figure>\n<\/div>\n\n\n\n<div class=\"wp-block-column is-layout-flow wp-block-column-is-layout-flow\" style=\"flex-basis:66.66%\">\n<p>Depuis les ann\u00e9es 1980, l&rsquo;\u00e9cole d&rsquo;arts visuels Ceruleum forme des adultes aux m\u00e9tiers des arts graphiques. Parmi une offre diversifi\u00e9e de parcours d&rsquo;\u00e9tudes, l&rsquo;\u00e9cole dispose d&rsquo;une <a href=\"https:\/\/www.ceruleum.ch\/bachelor-europeen-en-illustration-bd.html\" target=\"_blank\" rel=\"noreferrer noopener\">formation sp\u00e9cifiquement d\u00e9di\u00e9e \u00e0 l&rsquo;illustration et \u00e0 la bande dessin\u00e9e<\/a>, conduisant \u00e0 l&rsquo;obtention d&rsquo;un Bachelor europ\u00e9en.<\/p>\n\n\n\n<p>Depuis 2019, Ceruleum co-organise \u00e9galement le festival des <a href=\"https:\/\/www.24heuresbandedessinee.ch\/\" target=\"_blank\" rel=\"noreferrer noopener\">24h de la Bande Dessin\u00e9e<\/a> en collaboration avec BDFIL.<\/p>\n\n\n\n<p><a rel=\"noreferrer noopener\" href=\"https:\/\/www.ceruleum.ch\/\" target=\"_blank\">Site officiel de l&rsquo;\u00e9cole<\/a><\/p>\n<\/div>\n<\/div>\n","protected":false},"excerpt":{"rendered":"<p>La recherche acad\u00e9mique sur la bande dessin\u00e9e \u00e0 l&rsquo;Universit\u00e9 de Lausanne s&rsquo;inscrit dans un contexte culturel favorable, que ce soit en raison des collections g\u00e9r\u00e9es par la biblioth\u00e8que municipale, de la pr\u00e9sence du festival BDFIL et de la formation professionnelle<\/p>\n","protected":false},"author":1480,"featured_media":0,"parent":0,"menu_order":0,"comment_status":"closed","ping_status":"closed","template":"","meta":{"_seopress_robots_primary_cat":"","_seopress_titles_title":"","_seopress_titles_desc":"","_seopress_robots_index":"","ngg_post_thumbnail":0,"footnotes":""},"class_list":["post-2410","page","type-page","status-publish"],"_links":{"self":[{"href":"https:\/\/wp.unil.ch\/grebd\/wp-json\/wp\/v2\/pages\/2410","targetHints":{"allow":["GET"]}}],"collection":[{"href":"https:\/\/wp.unil.ch\/grebd\/wp-json\/wp\/v2\/pages"}],"about":[{"href":"https:\/\/wp.unil.ch\/grebd\/wp-json\/wp\/v2\/types\/page"}],"author":[{"embeddable":true,"href":"https:\/\/wp.unil.ch\/grebd\/wp-json\/wp\/v2\/users\/1480"}],"replies":[{"embeddable":true,"href":"https:\/\/wp.unil.ch\/grebd\/wp-json\/wp\/v2\/comments?post=2410"}],"version-history":[{"count":0,"href":"https:\/\/wp.unil.ch\/grebd\/wp-json\/wp\/v2\/pages\/2410\/revisions"}],"wp:attachment":[{"href":"https:\/\/wp.unil.ch\/grebd\/wp-json\/wp\/v2\/media?parent=2410"}],"curies":[{"name":"wp","href":"https:\/\/api.w.org\/{rel}","templated":true}]}}