{"id":2399,"date":"2022-01-17T11:55:50","date_gmt":"2022-01-17T10:55:50","guid":{"rendered":"https:\/\/wp.unil.ch\/grebd\/?page_id=2399"},"modified":"2026-01-28T16:55:35","modified_gmt":"2026-01-28T15:55:35","slug":"theses-de-doctorat","status":"publish","type":"page","link":"https:\/\/wp.unil.ch\/grebd\/recherche\/theses-de-doctorat\/","title":{"rendered":"Th\u00e8ses de doctorat"},"content":{"rendered":"\n<p>Cette page r\u00e9pertorie les th\u00e8ses de doctorat soutenues et en cours portant sur la bande dessin\u00e9e et men\u00e9es \u00e0 l&rsquo;Universit\u00e9 de Lausanne.<\/p>\n\n\n\n<div style=\"height:30px\" aria-hidden=\"true\" class=\"wp-block-spacer\"><\/div>\n\n\n\n<h5 class=\"wp-block-heading\">Th\u00e8ses en cours<\/h5>\n\n\n\n<p>Justine Favre, <em>Pratiques et corpus pour une didactisation de la bande dessin\u00e9e en fran\u00e7ais langue \u00e9trang\u00e8re<\/em>, sous la direction d&rsquo;Alain Ausoni et de Rapha\u00ebl Baroni, section de fran\u00e7ais langue \u00e9trang\u00e8re.<\/p>\n\n\n\n<p>Ga\u00eblle Kovaliv, <em>La bande dessin\u00e9e num\u00e9rique franco-europ\u00e9enne. Un \u00e9tat des lieux<\/em>, sous la direction de Rapha\u00ebl Baroni et d&rsquo;Olivier Glassey, section de fran\u00e7ais langue \u00e9trang\u00e8re.<\/p>\n\n\n\n<p>Rapha\u00ebl Oesterl\u00e9, <em>Formes de la bande dessin\u00e9e dans la France d\u2019apr\u00e8s-guerre : le cas des feuilletons de\u00a0<\/em>Coq hardi\u00a0<em>(1944-1956)<\/em>, sous la direction d&rsquo;Alain Boillat, section d&rsquo;histoire et esth\u00e9tique du cin\u00e9ma.<\/p>\n\n\n\n<div style=\"height:30px\" aria-hidden=\"true\" class=\"wp-block-spacer\"><\/div>\n\n\n\n<h5 class=\"wp-block-heading\">Th\u00e8ses soutenues<\/h5>\n\n\n\n<p>Camille Schaer (2023) <em>Le rapport \u00e0 la bande dessin\u00e9e des enseignant\u00b7e\u00b7s de fran\u00e7ais au secondaire suisse romand : conceptions et pratiques en construction<\/em>, sous la direction de Chiara Bemporad et Rapha\u00ebl Baroni, \u00c9cole de fran\u00e7ais langue \u00e9trang\u00e8re. <strong>Prix de facult\u00e9. <\/strong>Th\u00e8se publi\u00e9e dans la collection \u00ab\u00a0\u00e9pist\u00e9m\u00e9\u00a0\u00bb des presses polytechniques et universitaires romandes sous le titre: <em><a href=\"https:\/\/www.editionsepisteme.org\/produit\/45\/9782889156337\/la-bande-dessinee-dans-l-enseignement-du-francais-en-suisse\">La bande dessin\u00e9e dans l&rsquo;enseignement du fran\u00e7ais en Suisse. Analyse du rapport \u00e0 un m\u00e9dia controvers\u00e9<\/a><\/em>.<\/p>\n\n\n\n<p>Olivier Stucky (2024), <em>La Bande dessin\u00e9e en reconfigurations. Transpositions, formes \u00e9ditoriales et identit\u00e9s m\u00e9diatiques de la bande dessin\u00e9e en Europe francophone<\/em>, sous la direction de Rapha\u00ebl Baroni, \u00c9cole de fran\u00e7ais langue \u00e9trang\u00e8re. <strong>Prix de facult\u00e9<\/strong>.<\/p>\n\n\n\n<p>Aimeric Vacher (2025), <em>La Bande dessin\u00e9e de Fantasy franco-belge (1902-2021). Fa\u00e7onner le Merveilleux \u00e0 travers le temps et l\u2019espace<\/em>, sous la direction d&rsquo;Alain Corbellari, section de fran\u00e7ais.<\/p>\n","protected":false},"excerpt":{"rendered":"<p>Cette page r\u00e9pertorie les th\u00e8ses de doctorat soutenues et en cours portant sur la bande dessin\u00e9e et men\u00e9es \u00e0 l&rsquo;Universit\u00e9 de Lausanne. Th\u00e8ses en cours Justine Favre, Pratiques et corpus pour une didactisation de la bande dessin\u00e9e en fran\u00e7ais langue<\/p>\n","protected":false},"author":1480,"featured_media":0,"parent":29,"menu_order":0,"comment_status":"closed","ping_status":"closed","template":"","meta":{"_seopress_robots_primary_cat":"","_seopress_titles_title":"","_seopress_titles_desc":"","_seopress_robots_index":"","ngg_post_thumbnail":0,"footnotes":""},"class_list":["post-2399","page","type-page","status-publish"],"_links":{"self":[{"href":"https:\/\/wp.unil.ch\/grebd\/wp-json\/wp\/v2\/pages\/2399","targetHints":{"allow":["GET"]}}],"collection":[{"href":"https:\/\/wp.unil.ch\/grebd\/wp-json\/wp\/v2\/pages"}],"about":[{"href":"https:\/\/wp.unil.ch\/grebd\/wp-json\/wp\/v2\/types\/page"}],"author":[{"embeddable":true,"href":"https:\/\/wp.unil.ch\/grebd\/wp-json\/wp\/v2\/users\/1480"}],"replies":[{"embeddable":true,"href":"https:\/\/wp.unil.ch\/grebd\/wp-json\/wp\/v2\/comments?post=2399"}],"version-history":[{"count":5,"href":"https:\/\/wp.unil.ch\/grebd\/wp-json\/wp\/v2\/pages\/2399\/revisions"}],"predecessor-version":[{"id":3379,"href":"https:\/\/wp.unil.ch\/grebd\/wp-json\/wp\/v2\/pages\/2399\/revisions\/3379"}],"up":[{"embeddable":true,"href":"https:\/\/wp.unil.ch\/grebd\/wp-json\/wp\/v2\/pages\/29"}],"wp:attachment":[{"href":"https:\/\/wp.unil.ch\/grebd\/wp-json\/wp\/v2\/media?parent=2399"}],"curies":[{"name":"wp","href":"https:\/\/api.w.org\/{rel}","templated":true}]}}