{"id":2124,"date":"2021-09-01T11:02:35","date_gmt":"2021-09-01T09:02:35","guid":{"rendered":"https:\/\/wp.unil.ch\/grebd\/?page_id=2124"},"modified":"2021-10-14T07:21:32","modified_gmt":"2021-10-14T05:21:32","slug":"colloque-reconfigurations","status":"publish","type":"page","link":"https:\/\/wp.unil.ch\/grebd\/recherche\/colloques\/colloque-reconfigurations\/","title":{"rendered":"Transferts, reconfigurations et transition num\u00e9rique dans la bande dessin\u00e9e"},"content":{"rendered":"\n<h5 class=\"wp-block-heading\">Universit\u00e9 de Lausanne, du 21 au 23 octobre 2021<\/h5>\n\n\n\n<p class=\"has-text-align-center\"><strong><a href=\"https:\/\/wp.unil.ch\/grebd\/recherche\/colloques\/colloque-reconfiguration-en\/\" data-type=\"page\" data-id=\"2192\">English version<\/a><\/strong><\/p>\n\n\n\n<figure class=\"wp-block-image size-full is-style-default\"><img alt=\"\" loading=\"lazy\" decoding=\"async\" width=\"1920\" height=\"1088\" src=\"https:\/\/wp.unil.ch\/grebd\/files\/2021\/09\/illustre_colloque-1.jpg\" alt=\"\" class=\"wp-image-2147\" srcset=\"https:\/\/wp.unil.ch\/grebd\/files\/2021\/09\/illustre_colloque-1.jpg 1920w, https:\/\/wp.unil.ch\/grebd\/files\/2021\/09\/illustre_colloque-1-300x170.jpg 300w, https:\/\/wp.unil.ch\/grebd\/files\/2021\/09\/illustre_colloque-1-1024x580.jpg 1024w, https:\/\/wp.unil.ch\/grebd\/files\/2021\/09\/illustre_colloque-1-768x435.jpg 768w, https:\/\/wp.unil.ch\/grebd\/files\/2021\/09\/illustre_colloque-1-1536x870.jpg 1536w\" sizes=\"auto, (max-width: 1920px) 100vw, 1920px\" \/><figcaption>\u00a9 Olivier Stucky, 2021<\/figcaption><\/figure>\n\n\n\n<h5 class=\"wp-block-heading\">Pr\u00e9sentation du colloque<\/h5>\n\n\n\n<p>Cet \u00e9v\u00e9nement s&rsquo;inscrit dans le cadre du colloque international en deux volets: \u00ab\u00a0Formes narratives &amp; Supports m\u00e9diatiques\u00a0\u00bb. La premi\u00e8re partie du colloque: \u00ab\u00a0Impact de la s\u00e9rialit\u00e9 sur le r\u00e9cit audiovisuel\u00a0\u00bb, organis\u00e9e par Alain Boillat et Valentine Robert, se tiendra \u00e0 l&rsquo;UNIL du 20 au 21 octobre 2021 (<a rel=\"noreferrer noopener\" href=\"https:\/\/agenda.unil.ch\/display\/1630595708331\" target=\"_blank\">plus d&rsquo;informations ici<\/a>).<\/p>\n\n\n\n<p>Ce second volet du colloque, m\u00ealant communications scientifiques et tables rondes, vise \u00e0 interroger l\u2019interd\u00e9pendance entre les supports m\u00e9diatiques et les formes narratives qui s\u2019y d\u00e9ploient dans le cadre particulier de la bande dessin\u00e9e. L\u2019une des sp\u00e9cificit\u00e9s de ce m\u00e9dium est justement de se d\u00e9finir par la projection d\u2019une s\u00e9quence d\u2019images sur la surface qui lui tient lieu de support, ce qui explique cette focale particuli\u00e8re. Les questionnements diversifi\u00e9s qui composent le programme de ces trois journ\u00e9es, tant du point de vue des approches, des m\u00e9thodes que des objets convoqu\u00e9s, s\u2019inscrivent dans des enjeux particuli\u00e8rement contemporains. En effet, la probl\u00e9matique de l\u2019\u00e9volution de l\u2019identit\u00e9 culturelle de la bande dessin\u00e9e en lien avec l\u2019\u00e9mergence des technologies num\u00e9riques, est tr\u00e8s actuelle, car celle-ci semble avoir modifi\u00e9 en profondeur les modes de production, de diffusion et de consommation des r\u00e9cits graphiques.<\/p>\n\n\n\n<div style=\"height:25px\" aria-hidden=\"true\" class=\"wp-block-spacer\"><\/div>\n\n\n\n<h5 class=\"wp-block-heading\">Organisation<\/h5>\n\n\n\n<p>Colloque international organis\u00e9 dans le cadre du projet de recherche Sinergia \u00ab\u00a0Reconfiguring Comics in Our Digital Era\u00a0\u00bb, financ\u00e9 par le FNS: CRSII5_180359.<\/p>\n\n\n\n<p><strong>Organisateur\u00b7ice\u00b7s:<\/strong> Rapha\u00ebl Baroni, Ga\u00eblle Kovaliv et Olivier Stucky<\/p>\n\n\n\n<div style=\"height:25px\" aria-hidden=\"true\" class=\"wp-block-spacer\"><\/div>\n\n\n\n<h5 class=\"wp-block-heading\">Informations pratiques<\/h5>\n\n\n\n<p>\u2014 L&rsquo;acc\u00e8s physique aux conf\u00e9rence est restreint aux d\u00e9tenteurs d&rsquo;un certificat COVID.<\/p>\n\n\n\n<p>\u2014 Les conf\u00e9rences seront retransmises \u00e0 distance sur Zoom. Il est n\u00e9cessaire de <a href=\"#inscription\" data-type=\"internal\" data-id=\"#inscription\">s&rsquo;inscrire<\/a> pour obtenir le lien d&rsquo;acc\u00e8s \u00e0 la salle virtuelle.<\/p>\n\n\n\n<p>\u2014 Afin de garantir la fluidit\u00e9 de l&rsquo;organisation et le respect des limitations d&rsquo;occupation de la salle, il est n\u00e9cessaire de <a href=\"#inscription\">s&rsquo;inscrire<\/a>.<br><br><strong>Formulaire d&rsquo;inscription<a href=\"#inscription\" data-type=\"internal\" data-id=\"#inscription\"> au bas de cette page<\/a><\/strong><\/p>\n\n\n\n<div style=\"height:25px\" aria-hidden=\"true\" class=\"wp-block-spacer\"><\/div>\n\n\n\n<h5 class=\"wp-block-heading\">Programme<\/h5>\n\n\n\n<p><strong>Jeudi 21.10<\/strong> \u2013 <strong>Lieu: UNIL | Salle: Amphip\u00f4le 340<\/strong><\/p>\n\n\n\n<figure class=\"wp-block-table\"><table><tbody><tr><td>13:00<\/td><td>Introduction<br>\u2014 Rapha\u00ebl Baroni, Ga\u00eblle Kovaliv &amp; Olivier Stucky<\/td><\/tr><tr><td>13:15<\/td><td>Lanterne magique et bande dessin\u00e9e : pour une arch\u00e9ologie pragmatique de la projection et du d\u00e9filement narratif<br>\u2014 Philippe Marion<\/td><\/tr><tr><td>14:00<\/td><td>Pour une critique de l&rsquo;h\u00e9g\u00e9monie de l&rsquo;album : attention et plaisir esth\u00e9tique dans la lecture de magazines de bandes dessin\u00e9es<br>\u2014 Matthieu  Letourneux<\/td><\/tr><tr><td>15:15<\/td><td>Une rem\u00e9diatisation particuli\u00e8re&nbsp;: les <em>Cit\u00e9s obscures<\/em> de Schuiten-Peeters comme bande dessin\u00e9e \u00ab&nbsp;\u00e9largie&nbsp;\u00bb ou \u00ab&nbsp;\u00e9clat\u00e9e&nbsp;\u00bb ?<br>\u2014 Jan Baetens<\/td><\/tr><tr><td>16:00<\/td><td>Lire des albums de bande dessin\u00e9e sur \u00e9crans. L\u2019exemple de l\u2019interface d\u2019Izneo<br>\u2014 Olivier Stucky<\/td><\/tr><tr><td>16:45<\/td><td>Media materialities and aesthetic regimes of reading\/viewing webcomics<br>\u2014 Benjamim Picado<\/td><\/tr><\/tbody><\/table><\/figure>\n\n\n\n<p><strong>Vendredi 22.10 \u2013 <strong>Lieu: UNIL | Salle: Amphip\u00f4le 340<\/strong><\/strong><\/p>\n\n\n\n<figure class=\"wp-block-table\"><table><tbody><tr><td>09:00<\/td><td>Accueil des participants<\/td><\/tr><tr><td>09:15<\/td><td>La bande dessin\u00e9e digitale, \u00e9l\u00e9ments d\u2019esth\u00e9tique \u00e0 la lumi\u00e8re d\u2019<em>Anne Frank au pays du Manga<\/em><br>\u2014 Magali Boudissa<\/td><\/tr><tr><td>10:00<\/td><td>Quand la BD met le Turbo, le r\u00e9cit de bande dessin\u00e9e au risque du r\u00e9gime de mat\u00e9rialit\u00e9 num\u00e9rique<br>\u2014 Pascal Robert<\/td><\/tr><tr><td>10:45<\/td><td>Vers une bande dessin\u00e9e num\u00e9rique post-interface&nbsp;?<br>\u2014 Anthony Rageul<\/td><\/tr><tr><td>13:00<\/td><td>Postdigital Comics: On the Playful Aesthetics of a New(ish) Narrative Form<br>\u2014 Jan-No\u00ebl Thon (\u00c0 distance)<\/td><\/tr><tr><td>13:45<\/td><td>Quand l\u2019\u00e9coute s\u2019ajoute au voir&nbsp;: l\u2019identit\u00e9 \u00e9volutive du 9\u1d49 art \u00e0 l\u2019heure de la BD num\u00e9rique sonore.<br>\u2014 Philippe Paolucci (\u00c0 distance)<\/td><\/tr><tr><td>14:30<\/td><td>Treasure Maps: Cartooning before \u201cComics\u201d and the Future of the Form<br>\u2014 Jared Gardner (\u00c0 distance)<\/td><\/tr><tr><td>15:45<\/td><td>Figural Iconic Solidarity<br>\u2014 Kai Mikkonen &amp; Jean Braithwaite<\/td><\/tr><tr><td>16:30<\/td><td>Reading and understanding comics<br>\u2014 Neil Cohn<\/td><\/tr><tr><td>17:15<\/td><td>Beyond the Shadow of the Z: How We Read European Bande Dessin\u00e9e<br>\u2014 Rapha\u00ebl Baroni &amp; Bahar Aydemir<\/td><\/tr><\/tbody><\/table><\/figure>\n\n\n\n<p><strong>Samedi 23.10  \u2013 Lieu: Biblioth\u00e8que municipale Chauderon<\/strong><\/p>\n\n\n\n<figure class=\"wp-block-table\"><table><tbody><tr><td>09:30<\/td><td>Ce que le num\u00e9rique fait au papier. Comment la bande dessin\u00e9e nativement num\u00e9rique influence le champ de la bande dessin\u00e9e analogique<br>\u2014 Ga\u00eblle Kovaliv<\/td><\/tr><tr><td>10:15<\/td><td>Le canon et l\u2019\u00e9cran. Le patrimoine de la bande dessin\u00e9e et les archives num\u00e9ris\u00e9es<br>\u2014 Sylvain Lesage<\/td><\/tr><tr><td>11:15<\/td><td>Table ronde&nbsp;: Cr\u00e9ation et \u00e9dition de bande dessin\u00e9e num\u00e9rique<br>\u2014 Lisa Mandel, Tony &amp; Yannis La Macchia<\/td><\/tr><tr><td>14:00<\/td><td>Table ronde&nbsp;: Sauvegarde et conservation num\u00e9rique de la bande dessin\u00e9e<br>\u2014 Boris Br\u00fcckler &amp; Catherine Ferreyrolle<\/td><\/tr><\/tbody><\/table><\/figure>\n\n\n\n<div style=\"height:25px\" aria-hidden=\"true\" id=\"inscription\" class=\"wp-block-spacer\"><\/div>\n\n\n<script type=\"text\/javascript\">\n\/* <![CDATA[ *\/\nvar gform;gform||(document.addEventListener(\"gform_main_scripts_loaded\",function(){gform.scriptsLoaded=!0}),document.addEventListener(\"gform\/theme\/scripts_loaded\",function(){gform.themeScriptsLoaded=!0}),window.addEventListener(\"DOMContentLoaded\",function(){gform.domLoaded=!0}),gform={domLoaded:!1,scriptsLoaded:!1,themeScriptsLoaded:!1,isFormEditor:()=>\"function\"==typeof InitializeEditor,callIfLoaded:function(o){return!(!gform.domLoaded||!gform.scriptsLoaded||!gform.themeScriptsLoaded&&!gform.isFormEditor()||(gform.isFormEditor()&&console.warn(\"The use of gform.initializeOnLoaded() is deprecated in the form editor context and will be removed in Gravity Forms 3.1.\"),o(),0))},initializeOnLoaded:function(o){gform.callIfLoaded(o)||(document.addEventListener(\"gform_main_scripts_loaded\",()=>{gform.scriptsLoaded=!0,gform.callIfLoaded(o)}),document.addEventListener(\"gform\/theme\/scripts_loaded\",()=>{gform.themeScriptsLoaded=!0,gform.callIfLoaded(o)}),window.addEventListener(\"DOMContentLoaded\",()=>{gform.domLoaded=!0,gform.callIfLoaded(o)}))},hooks:{action:{},filter:{}},addAction:function(o,r,e,t){gform.addHook(\"action\",o,r,e,t)},addFilter:function(o,r,e,t){gform.addHook(\"filter\",o,r,e,t)},doAction:function(o){gform.doHook(\"action\",o,arguments)},applyFilters:function(o){return gform.doHook(\"filter\",o,arguments)},removeAction:function(o,r){gform.removeHook(\"action\",o,r)},removeFilter:function(o,r,e){gform.removeHook(\"filter\",o,r,e)},addHook:function(o,r,e,t,n){null==gform.hooks[o][r]&&(gform.hooks[o][r]=[]);var d=gform.hooks[o][r];null==n&&(n=r+\"_\"+d.length),gform.hooks[o][r].push({tag:n,callable:e,priority:t=null==t?10:t})},doHook:function(r,o,e){var t;if(e=Array.prototype.slice.call(e,1),null!=gform.hooks[r][o]&&((o=gform.hooks[r][o]).sort(function(o,r){return o.priority-r.priority}),o.forEach(function(o){\"function\"!=typeof(t=o.callable)&&(t=window[t]),\"action\"==r?t.apply(null,e):e[0]=t.apply(null,e)})),\"filter\"==r)return e[0]},removeHook:function(o,r,t,n){var e;null!=gform.hooks[o][r]&&(e=(e=gform.hooks[o][r]).filter(function(o,r,e){return!!(null!=n&&n!=o.tag||null!=t&&t!=o.priority)}),gform.hooks[o][r]=e)}});\n\/* ]]> *\/\n<\/script>\n\n                <div class='gf_browser_gecko gform_wrapper gravity-theme gform-theme--no-framework' data-form-theme='gravity-theme' data-form-index='0' id='gform_wrapper_2' >\n                        <div class='gform_heading'>\n                            <h2 class=\"gform_title\">Inscription au colloque<\/h2>\n                            <p class='gform_description'>Formulaire d&rsquo;inscription pour assister au colloque \u00ab\u00a0Transfert, reconfiguration et transition num\u00e9rique de la bande dessin\u00e9e\u00a0\u00bb<\/p>\n\t\t\t\t\t\t\t<p class='gform_required_legend'>\u00ab\u00a0<span class=\"gfield_required gfield_required_asterisk\">*<\/span>\u00a0\u00bb indique les champs n\u00e9cessaires<\/p>\n                        <\/div><form method='post' enctype='multipart\/form-data'  id='gform_2'  action='\/grebd\/wp-json\/wp\/v2\/pages\/2124' data-formid='2' novalidate><div class='gf_invisible ginput_recaptchav3' data-sitekey='6LdujuwpAAAAAPhxRpxIHMzMYtcnJGeT7dAg7O30' data-tabindex='0'><input id=\"input_e2b319fd2e41264554e8d155ce5222e0\" class=\"gfield_recaptcha_response\" type=\"hidden\" name=\"input_e2b319fd2e41264554e8d155ce5222e0\" value=\"\"\/><\/div>\n                        <div class='gform-body gform_body'><div id='gform_fields_2' class='gform_fields top_label form_sublabel_below description_below validation_below'><div id=\"field_2_9\" class=\"gfield gfield--type-honeypot gform_validation_container field_sublabel_below gfield--has-description field_description_below field_validation_below gfield_visibility_visible\"  ><label class='gfield_label gform-field-label' for='input_2_9'>LinkedIn<\/label><div class='ginput_container'><input name='input_9' id='input_2_9' type='text' value='' autocomplete='new-password'\/><\/div><div class='gfield_description' id='gfield_description_2_9'>Ce champ n\u2019est utilis\u00e9 qu\u2019\u00e0 des fins de validation et devrait rester inchang\u00e9.<\/div><\/div><fieldset id=\"field_2_7\" class=\"gfield gfield--type-name gfield--width-full gfield_contains_required field_sublabel_below gfield--no-description field_description_below field_validation_below gfield_visibility_visible\"  ><legend class='gfield_label gform-field-label gfield_label_before_complex' >Nom<span class=\"gfield_required\"><span class=\"gfield_required gfield_required_asterisk\">*<\/span><\/span><\/legend><div class='ginput_complex ginput_container ginput_container--name no_prefix has_first_name no_middle_name has_last_name no_suffix gf_name_has_2 ginput_container_name gform-grid-row' id='input_2_7'>\n                            \n                            <span id='input_2_7_3_container' class='name_first gform-grid-col gform-grid-col--size-auto' >\n                                                    <input type='text' name='input_7.3' id='input_2_7_3' value=''   aria-required='true'     \/>\n                                                    <label for='input_2_7_3' class='gform-field-label gform-field-label--type-sub '>Pr\u00e9nom<\/label>\n                                                <\/span>\n                            \n                            <span id='input_2_7_6_container' class='name_last gform-grid-col gform-grid-col--size-auto' >\n                                                    <input type='text' name='input_7.6' id='input_2_7_6' value=''   aria-required='true'     \/>\n                                                    <label for='input_2_7_6' class='gform-field-label gform-field-label--type-sub '>Nom<\/label>\n                                                <\/span>\n                            \n                        <\/div><\/fieldset><div id=\"field_2_8\" class=\"gfield gfield--type-email gfield--width-full gfield_contains_required field_sublabel_below gfield--no-description field_description_below field_validation_below gfield_visibility_visible\"  ><label class='gfield_label gform-field-label' for='input_2_8'>E-mail<span class=\"gfield_required\"><span class=\"gfield_required gfield_required_asterisk\">*<\/span><\/span><\/label><div class='ginput_container ginput_container_email'>\n                            <input name='input_8' id='input_2_8' type='email' value='' class='medium'    aria-required=\"true\" aria-invalid=\"false\"  \/>\n                        <\/div><\/div><fieldset id=\"field_2_6\" class=\"gfield gfield--type-checkbox gfield--type-choice gfield_contains_required field_sublabel_below gfield--no-description field_description_below field_validation_below gfield_visibility_visible\"  ><legend class='gfield_label gform-field-label gfield_label_before_complex' >Sessions du colloque<span class=\"gfield_required\"><span class=\"gfield_required gfield_required_asterisk\">*<\/span><\/span><\/legend><div class='ginput_container ginput_container_checkbox'><div class='gfield_checkbox ' id='input_2_6'><div class='gchoice gchoice_2_6_1'>\n\t\t\t\t\t\t\t\t<input class='gfield-choice-input' name='input_6.1' type='checkbox'  value='Jeudi 21.10 (13:00-17:15)'  id='choice_2_6_1'   \/>\n\t\t\t\t\t\t\t\t<label for='choice_2_6_1' id='label_2_6_1' class='gform-field-label gform-field-label--type-inline'>Jeudi 21.10 (13:00-17:15)<\/label>\n\t\t\t\t\t\t\t<\/div><div class='gchoice gchoice_2_6_2'>\n\t\t\t\t\t\t\t\t<input class='gfield-choice-input' name='input_6.2' type='checkbox'  value='Vendredi 22.10 (09:00-11:30)'  id='choice_2_6_2'   \/>\n\t\t\t\t\t\t\t\t<label for='choice_2_6_2' id='label_2_6_2' class='gform-field-label gform-field-label--type-inline'>Vendredi 22.10 (09:00-11:30)<\/label>\n\t\t\t\t\t\t\t<\/div><div class='gchoice gchoice_2_6_3'>\n\t\t\t\t\t\t\t\t<input class='gfield-choice-input' name='input_6.3' type='checkbox'  value='Vendredi 22.10 (13:00-18:00)'  id='choice_2_6_3'   \/>\n\t\t\t\t\t\t\t\t<label for='choice_2_6_3' id='label_2_6_3' class='gform-field-label gform-field-label--type-inline'>Vendredi 22.10 (13:00-18:00)<\/label>\n\t\t\t\t\t\t\t<\/div><div class='gchoice gchoice_2_6_4'>\n\t\t\t\t\t\t\t\t<input class='gfield-choice-input' name='input_6.4' type='checkbox'  value='Samedi 23.10 (09:30-11:00)'  id='choice_2_6_4'   \/>\n\t\t\t\t\t\t\t\t<label for='choice_2_6_4' id='label_2_6_4' class='gform-field-label gform-field-label--type-inline'>Samedi 23.10 (09:30-11:00)<\/label>\n\t\t\t\t\t\t\t<\/div><div class='gchoice gchoice_2_6_5'>\n\t\t\t\t\t\t\t\t<input class='gfield-choice-input' name='input_6.5' type='checkbox'  value='Samedi 23.10 (11:15-15:30)'  id='choice_2_6_5'   \/>\n\t\t\t\t\t\t\t\t<label for='choice_2_6_5' id='label_2_6_5' class='gform-field-label gform-field-label--type-inline'>Samedi 23.10 (11:15-15:30)<\/label>\n\t\t\t\t\t\t\t<\/div><div class='gchoice gchoice_2_6_6'>\n\t\t\t\t\t\t\t\t<input class='gfield-choice-input' name='input_6.6' type='checkbox'  value='Assister au colloque \u00e0 distance'  id='choice_2_6_6'   \/>\n\t\t\t\t\t\t\t\t<label for='choice_2_6_6' id='label_2_6_6' class='gform-field-label gform-field-label--type-inline'>Assister au colloque \u00e0 distance<\/label>\n\t\t\t\t\t\t\t<\/div><\/div><\/div><\/fieldset><\/div><\/div>\n        <div class='gform-footer gform_footer top_label'> <input type='submit' id='gform_submit_button_2' class='gform_button button' onclick='gform.submission.handleButtonClick(this);' data-submission-type='submit' value='Envoyer'  \/> \n            <input type='hidden' class='gform_hidden' name='gform_submission_method' data-js='gform_submission_method_2' value='postback' \/>\n            <input type='hidden' class='gform_hidden' name='gform_theme' data-js='gform_theme_2' id='gform_theme_2' value='gravity-theme' \/>\n            <input type='hidden' class='gform_hidden' name='gform_style_settings' data-js='gform_style_settings_2' id='gform_style_settings_2' value='[]' \/>\n            <input type='hidden' class='gform_hidden' name='is_submit_2' value='1' \/>\n            <input type='hidden' class='gform_hidden' name='gform_submit' value='2' \/>\n            \n            <input type='hidden' class='gform_hidden' name='gform_currency' data-currency='USD' value='3wx4RaLZ7WBob2jTa8AmEI4jyBDP4vfVphxoib31Uf8Iau2OmsDAeDAFuruN7ZbRBJXDGj+UHCDWCpBnzhXCHTlSw27aFFQ5zIZJIHkSkfC04HE=' \/>\n            <input type='hidden' class='gform_hidden' name='gform_unique_id' value='' \/>\n            <input type='hidden' class='gform_hidden' name='state_2' value='WyJbXSIsImE0NTAzOWYzZGZhMWUzOTA2NGI3ZjI1YzljYjJhODRkIl0=' \/>\n            <input type='hidden' autocomplete='off' class='gform_hidden' name='gform_target_page_number_2' id='gform_target_page_number_2' value='0' \/>\n            <input type='hidden' autocomplete='off' class='gform_hidden' name='gform_source_page_number_2' id='gform_source_page_number_2' value='1' \/>\n            <input type='hidden' name='gform_field_values' value='' \/>\n            \n        <\/div>\n                        <\/form>\n                        <\/div><script type=\"text\/javascript\">\n\/* <![CDATA[ *\/\n gform.initializeOnLoaded( function() {gformInitSpinner( 2, 'https:\/\/wp.unil.ch\/grebd\/wp-content\/plugins\/gravityforms\/images\/spinner.svg', true );jQuery('#gform_ajax_frame_2').on('load',function(){var contents = jQuery(this).contents().find('*').html();var is_postback = contents.indexOf('GF_AJAX_POSTBACK') >= 0;if(!is_postback){return;}var form_content = jQuery(this).contents().find('#gform_wrapper_2');var is_confirmation = jQuery(this).contents().find('#gform_confirmation_wrapper_2').length > 0;var is_redirect = contents.indexOf('gformRedirect(){') >= 0;var is_form = form_content.length > 0 && ! is_redirect && ! is_confirmation;var mt = parseInt(jQuery('html').css('margin-top'), 10) + parseInt(jQuery('body').css('margin-top'), 10) + 100;if(is_form){jQuery('#gform_wrapper_2').html(form_content.html());if(form_content.hasClass('gform_validation_error')){jQuery('#gform_wrapper_2').addClass('gform_validation_error');} else {jQuery('#gform_wrapper_2').removeClass('gform_validation_error');}setTimeout( function() { \/* delay the scroll by 50 milliseconds to fix a bug in chrome *\/  }, 50 );if(window['gformInitDatepicker']) {gformInitDatepicker();}if(window['gformInitPriceFields']) {gformInitPriceFields();}var current_page = jQuery('#gform_source_page_number_2').val();gformInitSpinner( 2, 'https:\/\/wp.unil.ch\/grebd\/wp-content\/plugins\/gravityforms\/images\/spinner.svg', true );jQuery(document).trigger('gform_page_loaded', [2, current_page]);window['gf_submitting_2'] = false;}else if(!is_redirect){var confirmation_content = jQuery(this).contents().find('.GF_AJAX_POSTBACK').html();if(!confirmation_content){confirmation_content = contents;}jQuery('#gform_wrapper_2').replaceWith(confirmation_content);jQuery(document).trigger('gform_confirmation_loaded', [2]);window['gf_submitting_2'] = false;wp.a11y.speak(jQuery('#gform_confirmation_message_2').text());}else{jQuery('#gform_2').append(contents);if(window['gformRedirect']) {gformRedirect();}}jQuery(document).trigger(\"gform_pre_post_render\", [{ formId: \"2\", currentPage: \"current_page\", abort: function() { this.preventDefault(); } }]);        if (event && event.defaultPrevented) {                return;        }        const gformWrapperDiv = document.getElementById( \"gform_wrapper_2\" );        if ( gformWrapperDiv ) {            const visibilitySpan = document.createElement( \"span\" );            visibilitySpan.id = \"gform_visibility_test_2\";            gformWrapperDiv.insertAdjacentElement( \"afterend\", visibilitySpan );        }        const visibilityTestDiv = document.getElementById( \"gform_visibility_test_2\" );        let postRenderFired = false;        function triggerPostRender() {            if ( postRenderFired ) {                return;            }            postRenderFired = true;            gform.core.triggerPostRenderEvents( 2, current_page );            if ( visibilityTestDiv ) {                visibilityTestDiv.parentNode.removeChild( visibilityTestDiv );            }        }        function debounce( func, wait, immediate ) {            var timeout;            return function() {                var context = this, args = arguments;                var later = function() {                    timeout = null;                    if ( !immediate ) func.apply( context, args );                };                var callNow = immediate && !timeout;                clearTimeout( timeout );                timeout = setTimeout( later, wait );                if ( callNow ) func.apply( context, args );            };        }        const debouncedTriggerPostRender = debounce( function() {            triggerPostRender();        }, 200 );        if ( visibilityTestDiv && visibilityTestDiv.offsetParent === null ) {            const observer = new MutationObserver( ( mutations ) => {                mutations.forEach( ( mutation ) => {                    if ( mutation.type === 'attributes' && visibilityTestDiv.offsetParent !== null ) {                        debouncedTriggerPostRender();                        observer.disconnect();                    }                });            });            observer.observe( document.body, {                attributes: true,                childList: false,                subtree: true,                attributeFilter: [ 'style', 'class' ],            });        } else {            triggerPostRender();        }    } );} ); \n\/* ]]> *\/\n<\/script>\n","protected":false},"excerpt":{"rendered":"<p>Universit\u00e9 de Lausanne, du 21 au 23 octobre 2021 English version Pr\u00e9sentation du colloque Cet \u00e9v\u00e9nement s&rsquo;inscrit dans le cadre du colloque international en deux volets: \u00ab\u00a0Formes narratives &amp; Supports m\u00e9diatiques\u00a0\u00bb. La premi\u00e8re partie du colloque: \u00ab\u00a0Impact de la s\u00e9rialit\u00e9<\/p>\n","protected":false},"author":1480,"featured_media":0,"parent":67,"menu_order":0,"comment_status":"closed","ping_status":"closed","template":"","meta":{"_seopress_robots_primary_cat":"","_seopress_titles_title":"","_seopress_titles_desc":"","_seopress_robots_index":"","ngg_post_thumbnail":0,"footnotes":""},"class_list":["post-2124","page","type-page","status-publish"],"_links":{"self":[{"href":"https:\/\/wp.unil.ch\/grebd\/wp-json\/wp\/v2\/pages\/2124","targetHints":{"allow":["GET"]}}],"collection":[{"href":"https:\/\/wp.unil.ch\/grebd\/wp-json\/wp\/v2\/pages"}],"about":[{"href":"https:\/\/wp.unil.ch\/grebd\/wp-json\/wp\/v2\/types\/page"}],"author":[{"embeddable":true,"href":"https:\/\/wp.unil.ch\/grebd\/wp-json\/wp\/v2\/users\/1480"}],"replies":[{"embeddable":true,"href":"https:\/\/wp.unil.ch\/grebd\/wp-json\/wp\/v2\/comments?post=2124"}],"version-history":[{"count":0,"href":"https:\/\/wp.unil.ch\/grebd\/wp-json\/wp\/v2\/pages\/2124\/revisions"}],"up":[{"embeddable":true,"href":"https:\/\/wp.unil.ch\/grebd\/wp-json\/wp\/v2\/pages\/67"}],"wp:attachment":[{"href":"https:\/\/wp.unil.ch\/grebd\/wp-json\/wp\/v2\/media?parent=2124"}],"curies":[{"name":"wp","href":"https:\/\/api.w.org\/{rel}","templated":true}]}}