{"id":2067,"date":"2021-07-06T15:55:03","date_gmt":"2021-07-06T13:55:03","guid":{"rendered":"https:\/\/wp.unil.ch\/grebd\/?page_id=2067"},"modified":"2022-05-16T14:00:11","modified_gmt":"2022-05-16T12:00:11","slug":"autour-de-lena","status":"publish","type":"page","link":"https:\/\/wp.unil.ch\/grebd\/mediation\/expositions-du-grebd\/autour-de-lena\/","title":{"rendered":"Autour de L\u00e9na"},"content":{"rendered":"\n<p><strong>Biblioth\u00e8que municipale de Lausanne, 16-27 avril 2012<\/strong><\/p>\n\n\n\n<div class=\"wp-block-columns is-layout-flex wp-container-core-columns-is-layout-9d6595d7 wp-block-columns-is-layout-flex\">\n<div class=\"wp-block-column is-layout-flow wp-block-column-is-layout-flow\" style=\"flex-basis:33.33%\">\n<figure class=\"wp-block-image size-large is-style-default\"><img alt=\"\" decoding=\"async\" src=\"https:\/\/wp.unil.ch\/grebd\/files\/2021\/07\/affiche_lena.jpg\" alt=\"\" class=\"wp-image-2068\" \/><\/figure>\n<\/div>\n\n\n\n<div class=\"wp-block-column is-layout-flow wp-block-column-is-layout-flow\" style=\"flex-basis:66.66%\">\n<p>\u00ab Autour de L\u00e9na \u00bb constitue le versant public d\u2019une r\u00e9flexion commune men\u00e9e \u00e0 propos du travail de Pierre Christin et Andr\u00e9 Juillard par des enseignants et \u00e9tudiants de la Facult\u00e9 des lettres. Elle a accompagn\u00e9 la venue \u00e0 Lausanne, le 27 avril 2012, des deux auteurs du <em>Long Voyage de L\u00e9na<\/em> pour une conf\u00e9rence et une pr\u00e9sentation \u00e0 la Cin\u00e9math\u00e8que suisse. Cette exposition a \u00e9t\u00e9 organis\u00e9e en collaboration avec Cuno Affolter, conservateur du Fonds patrimonial de la bande dessin\u00e9e de la Biblioth\u00e8que municipale, dans le cadre d\u2019un cours pluridisciplinaire consacr\u00e9 \u00e0 l\u2019\u00e9tude de la bande dessin\u00e9e.<\/p>\n\n\n\n<p>Suite \u00e0 cette exposition, un dossier de la revue de didactique <em>Transpositio<\/em> dirig\u00e9 par le GrEBD a \u00e9t\u00e9 consacr\u00e9 au m\u00eame corpus. Il propose cinq analyses crois\u00e9es fond\u00e9es sur les riches archives qui sont \u00e0 l&rsquo;origine de cette exposition. Les articles sont consultables sur le site de la revue: <a href=\"https:\/\/www.transpositio.org\/categories\/view\/n-5-le-long-voyage-de-lena-regards-croises-sur-une-bande-dessinee\" target=\"_blank\" rel=\"noreferrer noopener\">https:\/\/www.transpositio.org\/categories\/view\/n-5-le-long-voyage-de-lena-regards-croises-sur-une-bande-dessinee<\/a><\/p>\n\n\n\nngg_shortcode_0_placeholder\n<\/div>\n<\/div>\n\n\n\n<h5 class=\"wp-block-heading\">Les panneaux expos\u00e9s<\/h5>\n\n\n\nngg_shortcode_1_placeholder\n","protected":false},"excerpt":{"rendered":"<p>Biblioth\u00e8que municipale de Lausanne, 16-27 avril 2012 \u00ab Autour de L\u00e9na \u00bb constitue le versant public d\u2019une r\u00e9flexion commune men\u00e9e \u00e0 propos du travail de Pierre Christin et Andr\u00e9 Juillard par des enseignants et \u00e9tudiants de la Facult\u00e9 des lettres.<\/p>\n","protected":false},"author":1480,"featured_media":0,"parent":69,"menu_order":1,"comment_status":"closed","ping_status":"closed","template":"","meta":{"_seopress_robots_primary_cat":"","_seopress_titles_title":"","_seopress_titles_desc":"","_seopress_robots_index":"","ngg_post_thumbnail":0,"footnotes":""},"class_list":["post-2067","page","type-page","status-publish"],"_links":{"self":[{"href":"https:\/\/wp.unil.ch\/grebd\/wp-json\/wp\/v2\/pages\/2067","targetHints":{"allow":["GET"]}}],"collection":[{"href":"https:\/\/wp.unil.ch\/grebd\/wp-json\/wp\/v2\/pages"}],"about":[{"href":"https:\/\/wp.unil.ch\/grebd\/wp-json\/wp\/v2\/types\/page"}],"author":[{"embeddable":true,"href":"https:\/\/wp.unil.ch\/grebd\/wp-json\/wp\/v2\/users\/1480"}],"replies":[{"embeddable":true,"href":"https:\/\/wp.unil.ch\/grebd\/wp-json\/wp\/v2\/comments?post=2067"}],"version-history":[{"count":0,"href":"https:\/\/wp.unil.ch\/grebd\/wp-json\/wp\/v2\/pages\/2067\/revisions"}],"up":[{"embeddable":true,"href":"https:\/\/wp.unil.ch\/grebd\/wp-json\/wp\/v2\/pages\/69"}],"wp:attachment":[{"href":"https:\/\/wp.unil.ch\/grebd\/wp-json\/wp\/v2\/media?parent=2067"}],"curies":[{"name":"wp","href":"https:\/\/api.w.org\/{rel}","templated":true}]}}