{"id":2057,"date":"2021-07-06T15:22:56","date_gmt":"2021-07-06T13:22:56","guid":{"rendered":"https:\/\/wp.unil.ch\/grebd\/?page_id=2057"},"modified":"2021-07-06T15:48:47","modified_gmt":"2021-07-06T13:48:47","slug":"la-bd-avant-lalbum","status":"publish","type":"page","link":"https:\/\/wp.unil.ch\/grebd\/mediation\/expositions-du-grebd\/la-bd-avant-lalbum\/","title":{"rendered":"La BD avant l&rsquo;album"},"content":{"rendered":"\n<p><strong>H\u00f4tel de Ville de Lausanne, 16-26 octobre 2013<\/strong><\/p>\n\n\n\n<div class=\"wp-block-columns is-layout-flex wp-container-core-columns-is-layout-9d6595d7 wp-block-columns-is-layout-flex\">\n<div class=\"wp-block-column is-layout-flow wp-block-column-is-layout-flow\" style=\"flex-basis:33.33%\">\n<figure class=\"wp-block-image size-large is-style-default\"><img alt=\"\" loading=\"lazy\" decoding=\"async\" width=\"544\" height=\"800\" src=\"https:\/\/wp.unil.ch\/grebd\/files\/2014\/02\/affiche_period.jpg\" alt=\"\" class=\"wp-image-272\" srcset=\"https:\/\/wp.unil.ch\/grebd\/files\/2014\/02\/affiche_period.jpg 544w, https:\/\/wp.unil.ch\/grebd\/files\/2014\/02\/affiche_period-204x300.jpg 204w\" sizes=\"auto, (max-width: 544px) 100vw, 544px\" \/><\/figure>\n<\/div>\n\n\n\n<div class=\"wp-block-column is-layout-flow wp-block-column-is-layout-flow\" style=\"flex-basis:66.66%\">\n<p>L\u2019exposition \u00ab La BD avant l\u2019album \u00bb, financ\u00e9e par la Section d\u2019histoire et esth\u00e9tique du cin\u00e9ma de l\u2019Universit\u00e9 de Lausanne (Facult\u00e9 des Lettres), s\u2019est tenue au Forum de l\u2019H\u00f4tel de Ville de Lausanne du 16 au 26 octobre 2013. Le vernissage a eu lieu dans le cadre du colloque international \u00ab L\u2019image fixe en s\u00e9rie(s) : le spectre du mouvement \u00bb du programme doctoral de la Section. Le parcours historique et th\u00e9orique pr\u00e9sent\u00e9 dans cette exposition s&rsquo;est inscrit dans un projet de recherche subventionn\u00e9 par le Fonds National Suisse de la Recherche Scientifique (FNS).<\/p>\n\n\n\n<p>Le mat\u00e9riel qui a \u00e9t\u00e9 expos\u00e9 provient de la collection de p\u00e9riodiques de Victor-Yves Ghebali, riche de plus de 600 titres, qui a \u00e9t\u00e9 acquise en 2010 par la Biblioth\u00e8que municipale de la Ville de Lausanne. Les concepteurs de l\u2019exposition, les professeurs Fran\u00e7oise Revaz (UNIFR) et Alain Boillat (UNIL), ainsi que leurs assistants de recherche Marine Borel et Rapha\u00ebl Oesterl\u00e9, ont pu puiser dans ce fonds exceptionnel pour rendre compte des principaux enjeux historiques et th\u00e9oriques li\u00e9s aux publications de bandes dessin\u00e9es pour la jeunesse avant l\u2019av\u00e8nement de l\u2019album.<\/p>\n\n\n\nngg_shortcode_0_placeholder\n<\/div>\n<\/div>\n\n\n\n<h5 class=\"wp-block-heading\">Les panneaux expos\u00e9s<\/h5>\n\n\n\nngg_shortcode_1_placeholder\n\n\n\n<div style=\"height:25px\" aria-hidden=\"true\" class=\"wp-block-spacer\"><\/div>\n\n\n\n<h5 class=\"wp-block-heading\">Circulation de l&rsquo;exposition<\/h5>\n\n\n\n<p><strong>Biblioth\u00e8que Cantonale Universitaire (BCU)<\/strong> (d\u00e9cembre 2013)<\/p>\n\n\n\n<p>Prolongation de la partie \u00abLes \u201cserials\u201d au cin\u00e9ma\u00bb jusqu&rsquo;au 20 d\u00e9cembre 2013 sur le site Unith\u00e8que de la Biblioth\u00e8que Cantonale Universitaire.<\/p>\n\n\n\n<p><a rel=\"noreferrer noopener\" href=\"https:\/\/wp.unil.ch\/grebd\/files\/2014\/02\/Selection_Serials_ExpoCinespace_BD_Album_Fin2013.pdf\" target=\"_blank\">S\u00e9lection de \u00ab\u00a0serials\u00a0\u00bb disponibles au Cinespace (PDF)<\/a><\/p>\n\n\n\nngg_shortcode_2_placeholder\n\n\n\n<p><strong>Biblioth\u00e8que de la Ville de la Chaux-de-Fonds <\/strong>(9 mai &#8211; 19 juillet 2014)<\/p>\n\n\n\n<p>Reprise de l&rsquo;exposition \u00e0 la Biblioth\u00e8que de la Ville de la Chaux-de-Fonds du 9 mai au 19 juillet 2014.<\/p>\n\n\n\nngg_shortcode_3_placeholder\n","protected":false},"excerpt":{"rendered":"<p>H\u00f4tel de Ville de Lausanne, 16-26 octobre 2013 L\u2019exposition \u00ab La BD avant l\u2019album \u00bb, financ\u00e9e par la Section d\u2019histoire et esth\u00e9tique du cin\u00e9ma de l\u2019Universit\u00e9 de Lausanne (Facult\u00e9 des Lettres), s\u2019est tenue au Forum de l\u2019H\u00f4tel de Ville de<\/p>\n","protected":false},"author":1480,"featured_media":0,"parent":69,"menu_order":1,"comment_status":"closed","ping_status":"closed","template":"","meta":{"_seopress_robots_primary_cat":"","_seopress_titles_title":"","_seopress_titles_desc":"","_seopress_robots_index":"","ngg_post_thumbnail":0,"footnotes":""},"class_list":["post-2057","page","type-page","status-publish"],"_links":{"self":[{"href":"https:\/\/wp.unil.ch\/grebd\/wp-json\/wp\/v2\/pages\/2057","targetHints":{"allow":["GET"]}}],"collection":[{"href":"https:\/\/wp.unil.ch\/grebd\/wp-json\/wp\/v2\/pages"}],"about":[{"href":"https:\/\/wp.unil.ch\/grebd\/wp-json\/wp\/v2\/types\/page"}],"author":[{"embeddable":true,"href":"https:\/\/wp.unil.ch\/grebd\/wp-json\/wp\/v2\/users\/1480"}],"replies":[{"embeddable":true,"href":"https:\/\/wp.unil.ch\/grebd\/wp-json\/wp\/v2\/comments?post=2057"}],"version-history":[{"count":0,"href":"https:\/\/wp.unil.ch\/grebd\/wp-json\/wp\/v2\/pages\/2057\/revisions"}],"up":[{"embeddable":true,"href":"https:\/\/wp.unil.ch\/grebd\/wp-json\/wp\/v2\/pages\/69"}],"wp:attachment":[{"href":"https:\/\/wp.unil.ch\/grebd\/wp-json\/wp\/v2\/media?parent=2057"}],"curies":[{"name":"wp","href":"https:\/\/api.w.org\/{rel}","templated":true}]}}