{"id":1973,"date":"2021-07-05T16:26:15","date_gmt":"2021-07-05T14:26:15","guid":{"rendered":"https:\/\/wp.unil.ch\/grebd\/?page_id=1973"},"modified":"2022-09-08T18:02:32","modified_gmt":"2022-09-08T16:02:32","slug":"ressources-pedagogiques","status":"publish","type":"page","link":"https:\/\/wp.unil.ch\/grebd\/enseignement\/ressources-pedagogiques\/","title":{"rendered":"Ressources p\u00e9dagogiques"},"content":{"rendered":"\n<p><a href=\"https:\/\/wp.unil.ch\/grebd\/enseignement\/ressources-pedagogiques\/lexique-de-la-bande-dessinee\/\">Lexique de la bande dessin\u00e9e<\/a><\/p>\n\n\n\n<p><a href=\"https:\/\/wp.unil.ch\/grebd\/enseignement\/ressources-pedagogiques\/mise-en-page\/\">Typologie de mises en page<\/a><\/p>\n\n\n\n<p><a href=\"https:\/\/wp.unil.ch\/grebd\/videos\/\">Vid\u00e9os p\u00e9dagogiques<\/a><\/p>\n\n\n\n<p><a href=\"https:\/\/wp.unil.ch\/grebd\/enseignement\/ressources-pedagogiques\/bibliographie\/\">Bibliographie th\u00e9matique<\/a><\/p>\n","protected":false},"excerpt":{"rendered":"<p>Lexique de la bande dessin\u00e9e Typologie de mises en page Vid\u00e9os p\u00e9dagogiques Bibliographie th\u00e9matique<\/p>\n","protected":false},"author":1480,"featured_media":0,"parent":1970,"menu_order":3,"comment_status":"closed","ping_status":"closed","template":"","meta":{"_seopress_robots_primary_cat":"","_seopress_titles_title":"","_seopress_titles_desc":"","_seopress_robots_index":"","ngg_post_thumbnail":0,"footnotes":""},"class_list":["post-1973","page","type-page","status-publish"],"_links":{"self":[{"href":"https:\/\/wp.unil.ch\/grebd\/wp-json\/wp\/v2\/pages\/1973","targetHints":{"allow":["GET"]}}],"collection":[{"href":"https:\/\/wp.unil.ch\/grebd\/wp-json\/wp\/v2\/pages"}],"about":[{"href":"https:\/\/wp.unil.ch\/grebd\/wp-json\/wp\/v2\/types\/page"}],"author":[{"embeddable":true,"href":"https:\/\/wp.unil.ch\/grebd\/wp-json\/wp\/v2\/users\/1480"}],"replies":[{"embeddable":true,"href":"https:\/\/wp.unil.ch\/grebd\/wp-json\/wp\/v2\/comments?post=1973"}],"version-history":[{"count":0,"href":"https:\/\/wp.unil.ch\/grebd\/wp-json\/wp\/v2\/pages\/1973\/revisions"}],"up":[{"embeddable":true,"href":"https:\/\/wp.unil.ch\/grebd\/wp-json\/wp\/v2\/pages\/1970"}],"wp:attachment":[{"href":"https:\/\/wp.unil.ch\/grebd\/wp-json\/wp\/v2\/media?parent=1973"}],"curies":[{"name":"wp","href":"https:\/\/api.w.org\/{rel}","templated":true}]}}