{"id":1670,"date":"2018-09-28T17:37:08","date_gmt":"2018-09-28T15:37:08","guid":{"rendered":"http:\/\/wp.unil.ch\/grebd\/?page_id=1670"},"modified":"2023-09-21T12:28:51","modified_gmt":"2023-09-21T10:28:51","slug":"reconfiguring-comics","status":"publish","type":"page","link":"https:\/\/wp.unil.ch\/grebd\/recherche\/projets-fns\/reconfiguring-comics\/","title":{"rendered":"Reconfiguring Comics in our Digital Era"},"content":{"rendered":"\n<p>Bourse FNS Sinergia&nbsp;: CRSII5_180359<\/p>\n\n\n\n<div style=\"height:25px\" aria-hidden=\"true\" class=\"wp-block-spacer\"><\/div>\n\n\n\n<h5 class=\"wp-block-heading\"><strong>L&rsquo;\u00e9quipe qui le porte<\/strong><\/h5>\n\n\n\n<ul class=\"wp-block-list\">\n<li>Sabine S\u00fcsstrunk (EPFL, laboratoire d\u2019images et repr\u00e9sentation visuelle)<\/li>\n\n\n\n<li>Mathieu Salzman (EPFL, laboratoire de vision par ordinateur)<\/li>\n\n\n\n<li>Rapha\u00ebl Baroni (UNIL, Lettres, EFLE)<\/li>\n\n\n\n<li><a href=\"https:\/\/wp.unil.ch\/grebd\/recherche\/projets-fns\/reconfiguring-comics\/membres\/\" data-type=\"URL\" data-id=\"https:\/\/wp.unil.ch\/grebd\/recherche\/projets-fns\/reconfiguring-comics\/membres\/\">Pr\u00e9sentation d\u00e9taill\u00e9e des membres du projet<\/a><\/li>\n<\/ul>\n\n\n\n<div style=\"height:25px\" aria-hidden=\"true\" class=\"wp-block-spacer\"><\/div>\n\n\n\n<h5 class=\"wp-block-heading\"><strong>Dates de d\u00e9but et de fin<\/strong><\/h5>\n\n\n\n<p>Du 1<sup>er<\/sup> mars 2019 au 28 f\u00e9vrier 2024<\/p>\n\n\n\n<div style=\"height:25px\" aria-hidden=\"true\" class=\"wp-block-spacer\"><\/div>\n\n\n\n<h5 class=\"wp-block-heading\"><strong>Bref descriptif<\/strong><\/h5>\n\n\n\n<p>La BD constitue une partie importante de notre patrimoine culturel. Au fil des ans, elle s\u2019est diffus\u00e9e sur des supports vari\u00e9s, allant des r\u00e9cits publi\u00e9s dans la presse, \u00e0 des albums ou des romans graphiques, une m\u00eame histoire \u00e9tant souvent diffus\u00e9e dans plusieurs formats. Malheureusement, le transfert d&rsquo;une BD d&rsquo;un format \u00e0 un autre est un processus long et co\u00fbteux, exigeant que l&rsquo;artiste recompose son travail pour chaque support. \u00c0 l&rsquo;\u00e8re num\u00e9rique, les auteurs, qui continuent de privil\u00e9gier des techniques de production traditionnelles, doivent transf\u00e9rer leur travail dans une diversit\u00e9 croissante de formats, notamment les \u00e9crans des smartphones et des tablettes. Le but de ce projet est de faciliter le processus de reconfiguration des BD. En particulier, nous visons \u00e0 :<\/p>\n\n\n\n<ol class=\"wp-block-list\">\n<li>analyser l\u2019histoire et les enjeux du processus de reconfiguration de la BD en fonction de diff\u00e9rents supports, analogiques et num\u00e9riques&nbsp;;<\/li>\n\n\n\n<li>\u00e9laborer des algorithmes pour aider les artistes dans le processus de reconfiguration des images en fonction des contraintes des supports ;<\/li>\n\n\n\n<li>\u00e9tudier l&rsquo;impact des reconfigurations sur les acteurs de la BD.<\/li>\n<\/ol>\n\n\n\n<p>Sur le plan culturel, il s\u2019agit de mesurer l\u2019impact des technologies num\u00e9riques sur la BD europ\u00e9enne, tout en tenant compte du fait que la transition vers les \u00e9crans n\u2019est qu\u2019une \u00e9tape dans un processus de reconfiguration observable depuis les origines du m\u00e9dia. Pour r\u00e9pondre \u00e0 ce besoin, nous allons compl\u00e9ter notre recherche par des enqu\u00eates de terrain impliquant des interviews avec des auteurs et des \u00e9diteurs impliqu\u00e9s dans cette \u00e9volution. Du c\u00f4t\u00e9 de l&rsquo;informatique visuelle, tandis que l&rsquo;\u00e9tat de l&rsquo;art reste confin\u00e9 \u00e0 la d\u00e9tection de cases, de textes et de bo\u00eetes d\u00e9limitant des caract\u00e8res, nous fournirons des segmentations d\u00e9taill\u00e9es d&rsquo;\u00e9l\u00e9ments graphiques (personnages, objets) et de notions de 3D. Nos r\u00e9sultats auront un impact non seulement sur l&rsquo;industrie de la BD, mais aussi sur la compr\u00e9hension de son histoire, sur la mus\u00e9ographie (en offrant de nouvelles fa\u00e7ons d&rsquo;afficher et d&rsquo;interagir avec les BD), et sur les humanit\u00e9s num\u00e9riques (en offrant de nouveaux moyens d&rsquo;indexation de grands corpus num\u00e9ris\u00e9s). \u00c0 travers une campagne de num\u00e9risation du fonds Ghebali, il s\u2019agit aussi de valoriser les archives du Centre BD de la ville de Lausanne.<\/p>\n\n\n\n<div class=\"wp-block-group\"><div class=\"wp-block-group__inner-container is-layout-flow wp-block-group-is-layout-flow\"><\/div><\/div>\n\n\n\n<h5 class=\"wp-block-heading\"><strong>Exposition COUPER-COLLER<\/strong><\/h5>\n\n\n\n<p>Exposition au pavillon A de l\u2019EPFL<br>du 9 novembre 2023 au 7 janvier 2024, Vernissage le 9 novembre 2023<br>Acc\u00e8s gratuit du mardi au dimanche de 11h \u00e0 18h<\/p>\n\n\n\n<p>La bande dessin\u00e9e, en tant qu\u2019art graphique, est intimement li\u00e9e \u00e0 ses formats de publication. Dans la grande page en couleur d\u2019un album, on ne raconte pas la m\u00eame histoire que dans un <em>strip<\/em> en noir et blanc publi\u00e9 dans un quotidien. Chaque fois qu\u2019une histoire change de support, il faut la r\u00e9inventer, et avant l\u2019arriv\u00e9e du num\u00e9rique, auteurs et \u00e9diteurs maniaient ciseau et colle pour recomposer leurs planches, passant du magazine \u00e0 l\u2019album ou de l\u2019album au format de poche. L\u2019arriv\u00e9e du num\u00e9rique n\u2019a pas fait dispara\u00eetre les supports imprim\u00e9s, mais a ajout\u00e9 de nouvelles d\u00e9clinaisons pour cet art prot\u00e9iforme, qui s\u2019affiche d\u00e9sormais sur des \u00e9crans de tailles tr\u00e8s diverses. Heureusement les technologies num\u00e9riques offrent aussi de nouveaux outils pour faciliter l\u2019op\u00e9ration de reconfiguration du r\u00e9cit graphique.<\/p>\n\n\n\n<p>L\u2019exposition commence par une plong\u00e9e dans l\u2019histoire \u00e9ditoriale de la bande dessin\u00e9e pour d\u00e9couvrir ses nombreux supports ainsi que les reconfigurations qui en d\u00e9coulent. Nous pr\u00e9sentons ensuite une recherche visant \u00e0 d\u00e9velopper des outils num\u00e9riques pour faciliter le red\u00e9ploiement des r\u00e9cits graphiques vers une grande vari\u00e9t\u00e9 de formats. L\u2019exposition met enfin en sc\u00e8ne un atelier dans lequel des \u00e9tudiants de l\u2019\u00c9cole sup\u00e9rieure de bande dessin\u00e9e et d\u2019illustration de Gen\u00e8ve ont r\u00e9interpr\u00e9t\u00e9 deux s\u00e9ries historiques publi\u00e9es dans les ann\u00e9es 1950, pour les adapter \u00e0 diff\u00e9rent supports, imprim\u00e9s ou num\u00e9riques.<\/p>\n\n\n\n<p>Cette exposition est issue du projet Sinergia \u00ab&nbsp;Reconfiguring Comics in our Digital Era&nbsp;\u00bb financ\u00e9 par le fonds national suisse de la recherche scientifique (FNS n\u00b0 180359) dirig\u00e9 par Sabine S\u00fcsstrunk, Mathieu Salzman et Rapha\u00ebl Baroni.<\/p>\n\n\n\n<ul class=\"wp-block-list\">\n<li>Exposition commissionn\u00e9e par Peter Gr\u00f6nquist, Rapha\u00ebl Oesterl\u00e9 et Olivier Stucky<\/li>\n\n\n\n<li>Sc\u00e9nographie par Jean Pablo Muehlestein<\/li>\n\n\n\n<li>Design graphique par Olivier Stucky<\/li>\n\n\n\n<li>Exposition en co-production avec EPFL Pavillons<\/li>\n\n\n\n<li>Partenaires de l\u2019exposition&nbsp;: FNS, EPFL, Unil, BDFIL, ESBDi, Centre BD de la ville de Lausanne, mus\u00e9e Bolo<\/li>\n<\/ul>\n\n\n\n<h5 class=\"wp-block-heading\">En savoir plus sur le projet<\/h5>\n\n\n\n<div class=\"wp-block-group\"><div class=\"wp-block-group__inner-container is-layout-flow wp-block-group-is-layout-flow\">\n<ul class=\"wp-block-list\"><li><a href=\"https:\/\/p3.snf.ch\/project-180359#\"><a href=\"https:\/\/wp.unil.ch\/grebd\/recherche\/projets-fns\/reconfiguring-comics\/ressources\/\">Publications et bases de donn\u00e9es<\/a>.<\/a><\/li><li><a href=\"https:\/\/wp.unil.ch\/grebd\/recherche\/colloques\/colloque-reconfigurations\/\">Colloque organis\u00e9 \u00e0 l&rsquo;UNIL du 21 au 23 octobre 2021: Transferts, reconfigurations et transition num\u00e9rique de la bande dessin\u00e9e<\/a>.<\/li><li><a href=\"https:\/\/p3.snf.ch\/project-180359#\">Page FNS officielle<\/a>.<\/li><\/ul>\n<\/div><\/div>\n","protected":false},"excerpt":{"rendered":"<p>Bourse FNS Sinergia&nbsp;: CRSII5_180359 L&rsquo;\u00e9quipe qui le porte Dates de d\u00e9but et de fin Du 1er mars 2019 au 28 f\u00e9vrier 2024 Bref descriptif La BD constitue une partie importante de notre patrimoine culturel. Au fil des ans, elle s\u2019est<\/p>\n","protected":false},"author":1001512,"featured_media":0,"parent":1936,"menu_order":0,"comment_status":"closed","ping_status":"closed","template":"","meta":{"_seopress_robots_primary_cat":"","_seopress_titles_title":"","_seopress_titles_desc":"","_seopress_robots_index":"","ngg_post_thumbnail":0,"footnotes":""},"class_list":["post-1670","page","type-page","status-publish"],"_links":{"self":[{"href":"https:\/\/wp.unil.ch\/grebd\/wp-json\/wp\/v2\/pages\/1670","targetHints":{"allow":["GET"]}}],"collection":[{"href":"https:\/\/wp.unil.ch\/grebd\/wp-json\/wp\/v2\/pages"}],"about":[{"href":"https:\/\/wp.unil.ch\/grebd\/wp-json\/wp\/v2\/types\/page"}],"author":[{"embeddable":true,"href":"https:\/\/wp.unil.ch\/grebd\/wp-json\/wp\/v2\/users\/1001512"}],"replies":[{"embeddable":true,"href":"https:\/\/wp.unil.ch\/grebd\/wp-json\/wp\/v2\/comments?post=1670"}],"version-history":[{"count":0,"href":"https:\/\/wp.unil.ch\/grebd\/wp-json\/wp\/v2\/pages\/1670\/revisions"}],"up":[{"embeddable":true,"href":"https:\/\/wp.unil.ch\/grebd\/wp-json\/wp\/v2\/pages\/1936"}],"wp:attachment":[{"href":"https:\/\/wp.unil.ch\/grebd\/wp-json\/wp\/v2\/media?parent=1670"}],"curies":[{"name":"wp","href":"https:\/\/api.w.org\/{rel}","templated":true}]}}