{"id":267,"date":"2026-02-25T13:21:39","date_gmt":"2026-02-25T12:21:39","guid":{"rendered":"https:\/\/wp.unil.ch\/gouv-num-co\/?page_id=267"},"modified":"2026-03-16T11:01:49","modified_gmt":"2026-03-16T10:01:49","slug":"a-propos","status":"publish","type":"page","link":"https:\/\/wp.unil.ch\/gouv-num-co\/a-propos\/","title":{"rendered":"A propos"},"content":{"rendered":"\n<div class=\"wp-block-group\"><div class=\"wp-block-group__inner-container is-layout-flow wp-block-group-is-layout-flow\">\n<h1 class=\"wp-block-heading\">\u00c0 propos du projet<\/h1>\n\n\n\n<p>Ce projet de six mois (janvier \u2013 juin 2026) s&rsquo;inscrit dans le cadre d&rsquo;un travail de recherche appliqu\u00e9e (projet <a href=\"https:\/\/www.unil.ch\/unil\/fr\/home\/menuinst\/recherche\/interface.html\">Interface UNIL<\/a>) men\u00e9 en partenariat avec deux communes du canton de Vaud. Il vise \u00e0 concevoir, tester et \u00e9valuer un dispositif num\u00e9rique frugal (bas\u00e9 sur un logiciel libre) pour am\u00e9liorer la coordination interne des petites communes.<\/p>\n\n\n\n<p>La d\u00e9marche repose sur la co-construction : les communes ne sont pas des objets d&rsquo;\u00e9tude, mais des partenaires actifs, impliqu\u00e9s d\u00e8s la phase de diagnostic jusqu&rsquo;\u00e0 la validation des solutions propos\u00e9es.<\/p>\n<\/div><\/div>\n\n\n\n<hr class=\"wp-block-separator has-css-opacity\" \/>\n\n\n\n<div class=\"wp-block-group\"><div class=\"wp-block-group__inner-container is-layout-flow wp-block-group-is-layout-flow\">\n<h2 class=\"wp-block-heading\">Question centrale<\/h2>\n\n\n\n<p><em>Comment concevoir et \u00e9valuer un dispositif frugal, bas\u00e9 sur un logiciel libre, qui am\u00e9liore la coordination et la tra\u00e7abilit\u00e9 des interventions dans de petites communes, tout en restant adoptable avec des ressources limit\u00e9es (en termes de finances, de temps et de comp\u00e9tences) ?<\/em><\/p>\n<\/div><\/div>\n\n\n\n<hr class=\"wp-block-separator has-css-opacity\" \/>\n\n\n\n<div class=\"wp-block-group\"><div class=\"wp-block-group__inner-container is-layout-flow wp-block-group-is-layout-flow\">\n<h2 class=\"wp-block-heading\">R\u00e9sultats attendus<\/h2>\n\n\n\n<ul class=\"wp-block-list\">\n<li>Une <strong>solution open-source<\/strong> adapt\u00e9e aux besoins des petites communes, document\u00e9e et r\u00e9utilisable<\/li>\n\n\n\n<li>Un <strong>article scientifique<\/strong> soumis \u00e0 une revue sp\u00e9cialis\u00e9e<\/li>\n\n\n\n<li>Une <strong>publication grand public<\/strong> accessible \u00e0 l&rsquo;ensemble des communes vaudoises<\/li>\n\n\n\n<li>Une <strong>communication<\/strong> diffus\u00e9e aupr\u00e8s de l&rsquo;ensemble des communes du canton de Vaud<\/li>\n<\/ul>\n<\/div><\/div>\n\n\n\n<hr class=\"wp-block-separator has-css-opacity\" \/>\n\n\n\n<div class=\"wp-block-group\"><div class=\"wp-block-group__inner-container is-layout-flow wp-block-group-is-layout-flow\">\n<h2 class=\"wp-block-heading\">Le porteur du projet<\/h2>\n\n\n\n<h3 class=\"wp-block-heading\">Stefan Stepanovic<\/h3>\n\n\n\n<p>Chercheur senior et charg\u00e9 de projet<\/p>\n\n\n\n<p>Unit\u00e9 de management de l&rsquo;information<br>Institut de hautes \u00e9tudes en administration publique (IDHEAP), Universit\u00e9 de Lausanne<\/p>\n<\/div><\/div>\n\n\n\n<hr class=\"wp-block-separator has-css-opacity\" \/>\n\n\n\n<div class=\"wp-block-group\"><div class=\"wp-block-group__inner-container is-layout-flow wp-block-group-is-layout-flow\">\n<h2 class=\"wp-block-heading\">Contact<\/h2>\n\n\n\n<p>Que vous soyez une commune, un chercheur ou simplement curieux\u00b7se de la d\u00e9marche, n&rsquo;h\u00e9sitez pas \u00e0 prendre contact. Ce projet a vocation \u00e0 \u00eatre partag\u00e9 et \u00e0 inspirer d&rsquo;autres initiatives similaires.<\/p>\n\n\n\n<p>\ud83d\udcec <strong>stefan.stepanovic@unil.ch<\/strong><\/p>\n\n\n\n<figure class=\"wp-block-image size-large is-resized\"><img loading=\"lazy\" decoding=\"async\" width=\"1024\" height=\"387\" src=\"https:\/\/wp.unil.ch\/gouv-num-co\/files\/2026\/03\/label_interface_finale_blanc-1024x387.png\" alt=\"label interface finale blanc\" class=\"wp-image-362\" style=\"aspect-ratio:2.6460620848583436;width:180px;height:auto\" srcset=\"https:\/\/wp.unil.ch\/gouv-num-co\/files\/2026\/03\/label_interface_finale_blanc-1024x387.png 1024w, https:\/\/wp.unil.ch\/gouv-num-co\/files\/2026\/03\/label_interface_finale_blanc-300x113.png 300w, https:\/\/wp.unil.ch\/gouv-num-co\/files\/2026\/03\/label_interface_finale_blanc-768x290.png 768w, https:\/\/wp.unil.ch\/gouv-num-co\/files\/2026\/03\/label_interface_finale_blanc-1200x453.png 1200w, https:\/\/wp.unil.ch\/gouv-num-co\/files\/2026\/03\/label_interface_finale_blanc.png 1502w\" sizes=\"auto, (max-width: 1024px) 100vw, 1024px\" \/><\/figure>\n<\/div><\/div>\n\n\n\n<p><\/p>\n","protected":false},"excerpt":{"rendered":"<p>\u00c0 propos du projet Ce projet de six mois (janvier \u2013 juin 2026) s&rsquo;inscrit dans le cadre d&rsquo;un travail de recherche appliqu\u00e9e (projet Interface UNIL) men\u00e9 en partenariat avec deux communes du canton de Vaud. Il vise \u00e0 concevoir, tester et \u00e9valuer un dispositif num\u00e9rique frugal (bas\u00e9 sur un logiciel libre) pour am\u00e9liorer la coordination [&hellip;]<\/p>\n","protected":false},"author":1001804,"featured_media":0,"parent":0,"menu_order":0,"comment_status":"closed","ping_status":"closed","template":"","meta":{"_seopress_robots_primary_cat":"","_seopress_titles_title":"","_seopress_titles_desc":"","_seopress_robots_index":"","footnotes":""},"class_list":["post-267","page","type-page","status-publish"],"_links":{"self":[{"href":"https:\/\/wp.unil.ch\/gouv-num-co\/wp-json\/wp\/v2\/pages\/267","targetHints":{"allow":["GET"]}}],"collection":[{"href":"https:\/\/wp.unil.ch\/gouv-num-co\/wp-json\/wp\/v2\/pages"}],"about":[{"href":"https:\/\/wp.unil.ch\/gouv-num-co\/wp-json\/wp\/v2\/types\/page"}],"author":[{"embeddable":true,"href":"https:\/\/wp.unil.ch\/gouv-num-co\/wp-json\/wp\/v2\/users\/1001804"}],"replies":[{"embeddable":true,"href":"https:\/\/wp.unil.ch\/gouv-num-co\/wp-json\/wp\/v2\/comments?post=267"}],"version-history":[{"count":4,"href":"https:\/\/wp.unil.ch\/gouv-num-co\/wp-json\/wp\/v2\/pages\/267\/revisions"}],"predecessor-version":[{"id":365,"href":"https:\/\/wp.unil.ch\/gouv-num-co\/wp-json\/wp\/v2\/pages\/267\/revisions\/365"}],"wp:attachment":[{"href":"https:\/\/wp.unil.ch\/gouv-num-co\/wp-json\/wp\/v2\/media?parent=267"}],"curies":[{"name":"wp","href":"https:\/\/api.w.org\/{rel}","templated":true}]}}