{"id":219,"date":"2019-02-19T09:43:56","date_gmt":"2019-02-19T08:43:56","guid":{"rendered":"http:\/\/wp.unil.ch\/goloubinofflab\/?page_id=219"},"modified":"2019-02-19T09:58:08","modified_gmt":"2019-02-19T08:58:08","slug":"alumni","status":"publish","type":"page","link":"https:\/\/wp.unil.ch\/goloubinofflab\/people\/alumni\/","title":{"rendered":"Alumni"},"content":{"rendered":"<h2>Tatiana Fomekong T. Mbefo, Lab technician<\/h2>\n<p><img alt=\"\" loading=\"lazy\" decoding=\"async\" class=\"alignnone wp-image-175\" src=\"https:\/\/wp.unil.ch\/goloubinofflab\/files\/2018\/10\/Tatiana-image.jpg\" alt=\"\" width=\"423\" height=\"482\" srcset=\"https:\/\/wp.unil.ch\/goloubinofflab\/files\/2018\/10\/Tatiana-image.jpg 437w, https:\/\/wp.unil.ch\/goloubinofflab\/files\/2018\/10\/Tatiana-image-263x300.jpg 263w\" sizes=\"auto, (max-width: 423px) 100vw, 423px\" \/><\/p>\n<p>Born in\u00a0 July\u00a01983<\/p>\n<p>Master in Biochemistry from September 2012 to October 2014\u00a0in University of Geneva?<\/p>\n<p>I joined the Goloubinoff lab in March 2017 where I am working on Heat shock proteins(Hsp) expression and\u00a0purification, also on DNA cloning and purification.<\/p>\n<p>&nbsp;<\/p>\n<h2>Flavia Canellas, postdoc<\/h2>\n<p><img alt=\"\" loading=\"lazy\" decoding=\"async\" class=\"alignnone size-full wp-image-231\" src=\"https:\/\/wp.unil.ch\/goloubinofflab\/files\/2019\/02\/Flavia.jpg\" alt=\"\" width=\"169\" height=\"275\" \/><\/p>\n<p>Born in Rio de Janeiro, Brazil.<\/p>\n<p>B.Sc. Biological Sciences<br \/>\nFederal University of Rio de Janeiro (UNIRIO), Brazil.<\/p>\n<p>M.Sc. Biological Chemistry<br \/>\nFederal University of Rio de Janeiro (UFRJ), Brazil.<\/p>\n<p>Ph.D. in Natural Sciences<br \/>\nInstitute of Molecular Pathology (IMP)\/ University of Vienna (Uni Wien), Austria.<\/p>\n<p>Joined the Goloubinoff lab in October, 2013 and left in July, 2017<\/p>\n<p>&nbsp;<\/p>\n<h2>Lizi Bensoussan<\/h2>\n<p><img alt=\"\" loading=\"lazy\" decoding=\"async\" class=\"alignnone size-medium wp-image-234\" src=\"https:\/\/wp.unil.ch\/goloubinofflab\/files\/2019\/02\/Lizi-200x300.jpg\" alt=\"\" width=\"200\" height=\"300\" srcset=\"https:\/\/wp.unil.ch\/goloubinofflab\/files\/2019\/02\/Lizi-200x300.jpg 200w, https:\/\/wp.unil.ch\/goloubinofflab\/files\/2019\/02\/Lizi-768x1151.jpg 768w, https:\/\/wp.unil.ch\/goloubinofflab\/files\/2019\/02\/Lizi-684x1024.jpg 684w, https:\/\/wp.unil.ch\/goloubinofflab\/files\/2019\/02\/Lizi.jpg 801w\" sizes=\"auto, (max-width: 200px) 100vw, 200px\" \/><\/p>\n<p>Born in Israel<br \/>\nB.Sc. studies in Biochemistry and Food Science at the Hebrew University of Jerusalem, Israel (2010-2013).<br \/>\nM.Sc. studies in Life Sciences at Weizmann Institute of Science, Rehovot, Israel (2013-2015). Explored\u00a0the bovine rumen metagenome for mining novel cellulosomal complexes and enzymes.<\/p>\n<h2><\/h2>\n<h2>Tam Xuan Lam, postdoc<\/h2>\n<p><img alt=\"\" loading=\"lazy\" decoding=\"async\" class=\"alignnone size-medium wp-image-239\" src=\"https:\/\/wp.unil.ch\/goloubinofflab\/files\/2019\/02\/Tam-300x300.jpg\" alt=\"\" width=\"300\" height=\"300\" srcset=\"https:\/\/wp.unil.ch\/goloubinofflab\/files\/2019\/02\/Tam-300x300.jpg 300w, https:\/\/wp.unil.ch\/goloubinofflab\/files\/2019\/02\/Tam-150x150.jpg 150w, https:\/\/wp.unil.ch\/goloubinofflab\/files\/2019\/02\/Tam-230x230.jpg 230w, https:\/\/wp.unil.ch\/goloubinofflab\/files\/2019\/02\/Tam-365x365.jpg 365w, https:\/\/wp.unil.ch\/goloubinofflab\/files\/2019\/02\/Tam.jpg 567w\" sizes=\"auto, (max-width: 300px) 100vw, 300px\" \/><\/p>\n<p>Born in Ho Chi Minh City, Vietnam (1986)<br \/>\nB.Sc. in Chemistry (2007) at Ume\u00e5 University, Sweden<br \/>\nPh.D. in Biochemistry (2015) at Ume\u00e5 University, Sweden. Worked on the family of Deg proteases in cyanobacteria Synechocystis sp. PCC6803 under Prof. Christiane Funk\u2019s supervision.<\/p>\n<p>Joined the lab of Prof. Pierre Goloubinoff in April 2016. Working on synthetic design and directed evolution of specific disaggregating nanomachines to detoxify disease-causing aggregates.<\/p>\n<p>&nbsp;<\/p>\n<h2>Rayees Matoo, postdoc<\/h2>\n<p><img alt=\"\" loading=\"lazy\" decoding=\"async\" class=\"alignnone size-full wp-image-236\" src=\"https:\/\/wp.unil.ch\/goloubinofflab\/files\/2019\/02\/Rayeess_1.jpg\" alt=\"\" width=\"283\" height=\"233\" \/><\/p>\n<p>-Born in Kashmir, India<br \/>\n-Bachelors in biochemistry\u00a0 from Kashmir University<br \/>\n-Masters in biochemistry from Aligarh Muslim University.<br \/>\n-Joined Pierre Goloubinoff lab in October, 2009 and left in 2014<\/p>\n<p>Research Projects:<\/p>\n<p>1.- In vitro reconstitution of human Hsp70 system and its implication in protein misfolding problems.<\/p>\n<p>2.- The mechanism of the ClpB co-chaperone in concert with the polypeptide unfoldase action of the Hsp70\/Hsp40\/NEF system.<\/p>\n<p>3.- To address the possible polypeptide unfoldase action of the GroEL\/GroES chaperonin systems using heat\/cold denatured monomeric proteins as substrates.<\/p>\n<p>&nbsp;<\/p>\n<h2>Alberto Merli<\/h2>\n<p><img alt=\"\" loading=\"lazy\" decoding=\"async\" class=\"alignnone size-medium wp-image-225\" src=\"https:\/\/wp.unil.ch\/goloubinofflab\/files\/2019\/02\/ALberto-287x300.jpg\" alt=\"\" width=\"287\" height=\"300\" srcset=\"https:\/\/wp.unil.ch\/goloubinofflab\/files\/2019\/02\/ALberto-287x300.jpg 287w, https:\/\/wp.unil.ch\/goloubinofflab\/files\/2019\/02\/ALberto.jpg 571w\" sizes=\"auto, (max-width: 287px) 100vw, 287px\" \/><\/p>\n<p>Born in Italy<\/p>\n<p>B.Sc. in Medical and Pharmaceutical Biotechnologies at San Raffaele University (Milan, Italy) 2006-2009<br \/>\nM.Sc. in Molecular Biotechnologies at San Raffaele University (Milan, Italy) 2009-2012<\/p>\n<p>Joined Goloubinoff lab from December 2012 to February 2015<\/p>\n<p>&nbsp;<\/p>\n<h2>Mahesh Chandak, Postdoc<\/h2>\n<p><img alt=\"\" loading=\"lazy\" decoding=\"async\" class=\"alignnone size-medium wp-image-224\" src=\"https:\/\/wp.unil.ch\/goloubinofflab\/files\/2019\/02\/20141217_152334-2-300x169.jpg\" alt=\"\" width=\"300\" height=\"169\" srcset=\"https:\/\/wp.unil.ch\/goloubinofflab\/files\/2019\/02\/20141217_152334-2-300x169.jpg 300w, https:\/\/wp.unil.ch\/goloubinofflab\/files\/2019\/02\/20141217_152334-2-768x432.jpg 768w, https:\/\/wp.unil.ch\/goloubinofflab\/files\/2019\/02\/20141217_152334-2-1024x576.jpg 1024w, https:\/\/wp.unil.ch\/goloubinofflab\/files\/2019\/02\/20141217_152334-2.jpg 1920w\" sizes=\"auto, (max-width: 300px) 100vw, 300px\" \/><\/p>\n<p>Native from Maharashtra, India.<\/p>\n<p>PhD from National Institute of Natural Sciences, Japan in 2013.<br \/>\nPhD work on structural flexbility of GroES-GroEL complex.<\/p>\n<p>Joined as a post-doc and worked on molecular chaperone system ( hsp70- hsp40 &#8211; hsp110 )<\/p>\n<p>&nbsp;<\/p>\n<h2>Am\u00e9rica Fari\u00f1a Henriquez Cuendet, technical assistant<\/h2>\n<p><img alt=\"\" loading=\"lazy\" decoding=\"async\" class=\"alignnone size-full wp-image-226\" src=\"https:\/\/wp.unil.ch\/goloubinofflab\/files\/2019\/02\/america.jpg\" alt=\"\" width=\"200\" height=\"207\" \/><\/p>\n<p>&nbsp;<\/p>\n<h2>Andrija Finka, postdoc<\/h2>\n<p><img alt=\"\" loading=\"lazy\" decoding=\"async\" class=\"alignnone size-full wp-image-228\" src=\"https:\/\/wp.unil.ch\/goloubinofflab\/files\/2019\/02\/Andrija-2.jpg\" alt=\"\" width=\"176\" height=\"179\" \/><\/p>\n<p>-PhD at the University of Lausanne (1999-2005)<br \/>\n-Post-doctorate at the University of Geneva (2005)<br \/>\n-Post-doctorate at Vanderbilt University (2006)<br \/>\n-Post-doctorate at EPFL (2006-2007)<br \/>\n-Post-doctorate at the University of Lausanne (2008-2014)<\/p>\n<p>&nbsp;<\/p>\n<h2>Smiriti Priya, postdoc<\/h2>\n<p><img alt=\"\" loading=\"lazy\" decoding=\"async\" class=\"alignnone size-full wp-image-237\" src=\"https:\/\/wp.unil.ch\/goloubinofflab\/files\/2019\/02\/Smiriti.jpg\" alt=\"\" width=\"178\" height=\"199\" \/><\/p>\n<p>-Born in India<br \/>\n-2000-2003 B.Sc (Physics, Chemistry, Mathematics) Himachal Pradesh Agricultural University, India<br \/>\n-2003-2005 M.Sc. Plant biochemistry and plant Physiology, CSK Himachal Pradesh University, India<br \/>\n-2005-2009 Ph.D Punjab Agricultural University, India<br \/>\n-Joined Pierre Goloubinoff lab from January 2011 to 2014<\/p>\n<p>&nbsp;<\/p>\n<h2>Anika Braune<\/h2>\n<p><img alt=\"\" loading=\"lazy\" decoding=\"async\" class=\"alignnone size-medium wp-image-229\" src=\"https:\/\/wp.unil.ch\/goloubinofflab\/files\/2019\/02\/anika-2-300x271.jpg\" alt=\"\" width=\"300\" height=\"271\" \/><\/p>\n<p>&nbsp;<\/p>\n<h2>Marie-Pierre Hinault, former PhD student<\/h2>\n<p><img alt=\"\" loading=\"lazy\" decoding=\"async\" class=\"alignnone size-full wp-image-235\" src=\"https:\/\/wp.unil.ch\/goloubinofflab\/files\/2019\/02\/marie.jpg\" alt=\"\" width=\"200\" height=\"238\" \/><\/p>\n<p>-Post doctoral fellow, UMR Physiologie Mol\u00e9culaire des Semences, Universit\u00e9 Angers (September 2010 &#8211; at present)<\/p>\n<p>-Ph.D. Plant Biology, Department of Plant Molecular Biology, University of Lausanne, Switzerland. (2010)<\/p>\n<p><strong><em>Thesis:<\/em><\/strong>\u00a0&#8220;In vitro study of the molecular mechanism of the E. coli Hsp70\/Hsp40\/NEF chaperone system and its interactions with alpha-synuclein&#8221; (2010)<\/p>\n<p>&nbsp;<\/p>\n<h2>Younousse Saidi, former PhD students<\/h2>\n<p><img alt=\"\" loading=\"lazy\" decoding=\"async\" class=\"alignnone size-full wp-image-240\" src=\"https:\/\/wp.unil.ch\/goloubinofflab\/files\/2019\/02\/younousse_1.jpg\" alt=\"\" width=\"187\" height=\"185\" \/><\/p>\n<p>-Post doctoral fellow, School of Biosciences, University of Birmingham (2008-)<br \/>\n-Ph.D. (2007) Plant Biology, Department of Plant Molecular Biology, University of Lausanne, Switzerland.<br \/>\n-M.Sc. (2001) in Plant Biosciences, University Paul Sabatier, Toulouse, France<br \/>\nAfter a M.Sc. training at INRA, Toulouse, I have been fascinated by the rapid and flexible response of plants to environmental stimuli. I thus went to Lausanne Switzerland to study the response of plants to stresses first with J-P Zr\u00ffd, than with P. Goloubinoff. The excellent working atmosphere at the Department of Plant Molecular Biology and the generous financial support allowed the generation of several bio-monitoring tools to study heat sensing in mosses. The article presented here deciphers the early molecular events following a mild temperature increase. It is amazing to see that plants anticipate molecular damage and induce appropriate well-timed defences via a sensitive plasma membrane sensing device. Through a fruitful collaboration with F.J.M Maathuis at the Department of Biology, York, we confirmed that calcium permeable channels are central to the sensing of a mild temperature rise and the optimal triggering of the cellular stress response.<\/p>\n<p>&nbsp;<\/p>\n<h2>Anat Ben-Zvi, former PhD student<\/h2>\n<p><img alt=\"\" loading=\"lazy\" decoding=\"async\" class=\"alignnone size-full wp-image-227\" src=\"https:\/\/wp.unil.ch\/goloubinofflab\/files\/2019\/02\/anat_benzvi.jpg\" alt=\"\" width=\"72\" height=\"72\" \/><\/p>\n<p>-Ph.D.: The Hebrew University of Jerusalem, Israel<br \/>\n-Post-doctorate: Northwestern University, Evanston, USA<br \/>\n-Position: Senior Lecturer<br \/>\n-Faculty of Natural Sciences<\/p>\n<p><a href=\"https:\/\/cmsprod.bgu.ac.il\/Eng\/Teva\/departments\/LifeScience\/FacultyMembers\/Anat+Ben-Zvi.htm\">https:\/\/cmsprod.bgu.ac.il\/Eng\/Teva\/departments\/LifeScience\/FacultyMembers\/Anat+Ben-Zvi.htm<\/a>\u00a0<i class=\"fa fa-external-link\" aria-hidden=\"true\"><\/i><\/p>\n<p>&nbsp;<\/p>\n<h2>J\u00e9r\u00f4me Lugrin, former master student<\/h2>\n<p><img alt=\"\" loading=\"lazy\" decoding=\"async\" class=\"alignnone size-full wp-image-233\" src=\"https:\/\/wp.unil.ch\/goloubinofflab\/files\/2019\/02\/jerome.jpg\" alt=\"\" width=\"140\" height=\"185\" \/><\/p>\n<p>Actually candidate to PhD in the Centre Hospitalier Universitaire Vaudois (CHUV) in Lausanne, Switzerland.<\/p>\n<p>Master Thesis \u201cComparative study of the induction of the genes coding for molecular chaperones by mild heat stress as compared to their induction by beta-aminobutyric acid\u201d. Department of Plant Molecular Biology, University of Lausanne, Switzerland. (2006)<\/p>\n<p>&nbsp;<\/p>\n<h2>Dr. Pierre Haldimann, formed post-doc<\/h2>\n<div>\n<p>&#8211; Senior Research Assistant, University of Lausanne(2006-2010)<br \/>\n&#8211; Senior Research Assistant, University of Bern (2001-2005)<br \/>\n&#8211; Post Doctorate, University of Fribourg (2000-2001)<br \/>\n&#8211; Post Doctorate, University of Geneva (1994-1999)<br \/>\n&#8211; Ph. D., Swiss Federal Institute of Technology of Zurich (1994)<\/p>\n<\/div>\n<p>&nbsp;<\/p>\n<h2>Dr. Eliora Ron<\/h2>\n<div>\n<p><a href=\"https:\/\/www.tau.ac.il\/lifesci\/departments\/biotech\/members\/ron\/ron.html\">www.tau.ac.il\/lifesci\/departments\/biotech\/members\/ron\/ron.html<\/a><\/p>\n<\/div>\n<p>&nbsp;<\/p>\n<h2>Maude Muriset<\/h2>\n<p><img alt=\"\" loading=\"lazy\" decoding=\"async\" class=\"alignnone size-full wp-image-232\" src=\"https:\/\/wp.unil.ch\/goloubinofflab\/files\/2019\/02\/foto_Maude.jpg\" alt=\"\" width=\"284\" height=\"213\" \/><\/p>\n<p>&#8211; born in Yverdon<br \/>\n&#8211; biomedical technician diploma from &#8220;\u00e9cole sup\u00e9rieure de la sant\u00e9&#8221; in Lausanne (2004)<br \/>\n&#8211; worked\u00a0 at ISREC for one year<br \/>\n&#8211; joined Pierre Goloubinoff&#8217;s lab in november 2006 &#8211; January 2011<br \/>\n&#8211; February 2011 CHUV<\/p>\n<p>&nbsp;<\/p>\n<h2>Sandeep Sharma, postdoc<\/h2>\n<p><img alt=\"\" loading=\"lazy\" decoding=\"async\" class=\"alignnone size-full wp-image-238\" src=\"https:\/\/wp.unil.ch\/goloubinofflab\/files\/2019\/02\/snsdeep_nieve.jpg\" alt=\"\" width=\"142\" height=\"148\" \/><\/p>\n<p>After completing my Ph.D. in 2005, I joined Department of Zoology, Ramjas College, University of Delhi, as a Lecturer. In June, 2006 I came to Switzerland as a Postdoctoral Fellow in the laboratory of Prof. Philipp Christen, Department of Biochemistry, University of Zurich, to study the \u201cFunctionality and Mechanism of the Stress-Responsive Molecular Chaperone Hsp70 and Heavy Metal Toxicity\u201d.\u00a0 In January 2007, I joined the laboratory of Prof. Pierre Goloubinoff as a Postdoctoral Fellow to elucidate the functionality and mechanism of the Hsp70 chaperone system.<\/p>\n<p>&nbsp;<\/p>\n<p>-Born in Chandigarh, India (1978)<br \/>\n-Bachelor of Science (1998) India<br \/>\n-Master of Science in Zoology (2000) India<\/p>\n<p>-Ph.D. (2005) \u201cDevelopment of food biosensors and characterization of lactase from the catfish, Clarias gariepinus\u201d Institute of\u00a0\u00a0 Genomics and Integrative Biology (Council of Scientific and Industrial Research) and Department of Zoology, University of Delhi, India.<\/p>\n<p>-Senior Research Fellow, Institute of Genomics and Integrative Biology (IGIB), Council of Scientific and Industrial Research-Government of India, India (July 2005-Feb 2006)<\/p>\n<p>-Lecturer, Department of Zoology, Ramjas College, University of Delhi, India (August 2005- May 2006).<\/p>\n<p>-Postdoctoral Fellow, Department of Biochemistry, University of Zurich, Switzerland (June-Dec 2006)<\/p>\n<p>-Postdoctoral Fellow, Department of Plant Molecular Biology, University of Lausanne, Switzerland (2007-2011)<\/p>\n<p>&nbsp;<\/p>\n<h2>Daniel-Adrien Wurlod, MS Student<\/h2>\n<p><img alt=\"\" loading=\"lazy\" decoding=\"async\" class=\"alignnone size-full wp-image-230\" src=\"https:\/\/wp.unil.ch\/goloubinofflab\/files\/2019\/02\/Daniel_adrien-1.jpg\" alt=\"\" width=\"160\" height=\"120\" \/><\/p>\n<p>Projet ma\u00eetrise:<\/p>\n<p>Etude des effets th\u00e9rapeutiques de deux de m\u00e9dicaments inducteurs de chaperonnes mol\u00e9culaires sur la motilit\u00e9 et le vieillissement d&#8217;un model C. elegans de maladie neurod\u00e9g\u00e9nerative.<\/p>\n","protected":false},"excerpt":{"rendered":"<p>Tatiana Fomekong T. Mbefo, Lab technician Born in\u00a0 July\u00a01983 Master in Biochemistry from September 2012 to October 2014\u00a0in University of Geneva? I joined the Goloubinoff lab in March 2017 where I am working on Heat shock proteins(Hsp) expression and\u00a0purification, also<\/p>\n","protected":false},"author":1001856,"featured_media":0,"parent":125,"menu_order":0,"comment_status":"closed","ping_status":"closed","template":"","meta":{"_seopress_robots_primary_cat":"","_seopress_titles_title":"","_seopress_titles_desc":"","_seopress_robots_index":"","footnotes":""},"class_list":["post-219","page","type-page","status-publish"],"_links":{"self":[{"href":"https:\/\/wp.unil.ch\/goloubinofflab\/wp-json\/wp\/v2\/pages\/219","targetHints":{"allow":["GET"]}}],"collection":[{"href":"https:\/\/wp.unil.ch\/goloubinofflab\/wp-json\/wp\/v2\/pages"}],"about":[{"href":"https:\/\/wp.unil.ch\/goloubinofflab\/wp-json\/wp\/v2\/types\/page"}],"author":[{"embeddable":true,"href":"https:\/\/wp.unil.ch\/goloubinofflab\/wp-json\/wp\/v2\/users\/1001856"}],"replies":[{"embeddable":true,"href":"https:\/\/wp.unil.ch\/goloubinofflab\/wp-json\/wp\/v2\/comments?post=219"}],"version-history":[{"count":0,"href":"https:\/\/wp.unil.ch\/goloubinofflab\/wp-json\/wp\/v2\/pages\/219\/revisions"}],"up":[{"embeddable":true,"href":"https:\/\/wp.unil.ch\/goloubinofflab\/wp-json\/wp\/v2\/pages\/125"}],"wp:attachment":[{"href":"https:\/\/wp.unil.ch\/goloubinofflab\/wp-json\/wp\/v2\/media?parent=219"}],"curies":[{"name":"wp","href":"https:\/\/api.w.org\/{rel}","templated":true}]}}