{"id":478,"date":"2013-06-25T14:37:41","date_gmt":"2013-06-25T12:37:41","guid":{"rendered":"http:\/\/wp.unil.ch\/geoblog\/?page_id=478"},"modified":"2026-02-11T10:19:55","modified_gmt":"2026-02-11T09:19:55","slug":"lanthropocene-une-nouvelle-epoque-geologique","status":"publish","type":"page","link":"https:\/\/wp.unil.ch\/geoblog\/lanthropocene-une-nouvelle-epoque-geologique\/","title":{"rendered":"L\u2019Anthropoc\u00e8ne, une nouvelle \u00e9poque g\u00e9ologique ?"},"content":{"rendered":"\n<p>Popularis\u00e9 \u00e0 la fin du 20e&nbsp;si\u00e8cle, l&rsquo;Anthropoc\u00e8ne serait une nouvelle \u00e9poque g\u00e9ologique, durant laquelle l&rsquo;influence de l&rsquo;\u00eatre humain sur la biosph\u00e8re aurait atteint un tel niveau qu&rsquo;elle serait devenue une \u00ab&nbsp;force g\u00e9ologique&nbsp;\u00bb majeure. En ao\u00fbt 2012, le 34e Congr\u00e8s international de g\u00e9ologie, r\u00e9uni \u00e0 Brisbane, a discut\u00e9, entre autres points, de la possibilit\u00e9 d&rsquo;officialiser cette nouvelle p\u00e9riode. Mais encore aujourd&rsquo;hui cette notion fait d\u00e9bat au sein de la communaut\u00e9 scientifique, notamment en ce qui concerne ses dates de d\u00e9but.<\/p>\n\n\n<div class=\"su-spoiler su-spoiler-style-default su-spoiler-icon-plus su-spoiler-closed\" data-scroll-offset=\"0\" data-anchor-in-url=\"no\"><div class=\"su-spoiler-title\" tabindex=\"0\" role=\"button\"><span class=\"su-spoiler-icon\"><\/span>Bibliographie<\/div><div class=\"su-spoiler-content su-u-clearfix su-u-trim\">\n<ul>\n<li>Clive Hamilton, Jacques Grinevald, <a href=\"https:\/\/wp.unil.ch\/geoblog\/files\/2013\/06\/Hamilton-Grinevald2015.pdf\">Was the Anthropocene anticipated?<\/a>, The Anthropocene Review (2015)<br \/>\n<small><a href=\"https:\/\/doi.org\/10.1177\/2053019614567155\">DOI: 10.1177\/2053019614567155<\/a><\/small><\/li>\n<li><a href=\"https:\/\/www.sciencedirect.com\/science\/journal\/aip\/22133054\">Anthropocene<\/a>, Elsevier Ltd. (2013)<\/li>\n<li>William F. Ruddiman, <a href=\"https:\/\/www.annualreviews.org\/doi\/abs\/10.1146\/annurev-earth-050212-123944\">The Anthropocene<\/a>, Annual Review of Earth and Planetary Sciences 41: 45-68 (2013)<\/li>\n<li>Will Steffen, Jacques Grinevald, Paul Crutzen, John McNeill, <a href=\"https:\/\/rsta.royalsocietypublishing.org\/content\/369\/1938\/842.abstract\">The Anthropocene: conceptual and historical perspectives<\/a>, Philosophical Transactions of the Royal Society 13: 835-841 (2011)<\/li>\n<li>Will Steffen, Paul J. Crutzen, John R. McNeill, <a href=\"https:\/\/www.bioone.org\/doi\/full\/10.1579\/0044-7447%282007%2936%5B614%3ATAAHNO%5D2.0.CO%3B2\">The Anthropocene: Are Humans Now Overwhelming the Great Forces of Nature<\/a>, A Journal of the Human Environment 36(8): 614-621 (2007)<\/li>\n<\/ul>\n<\/div><\/div>\n\n\n\n<p><strong>Lire les articles sur ce th\u00e8me<\/strong><\/p>\n\n\n\n\n<div class=\"su-posts su-posts-teaser-loop \">\n\n\t\t\t\t\t\t\n\t\t\t\n\t\t\t<div id=\"su-post-1132\" class=\"su-post \">\n\t\t\t\t\t\t\t\t\t<a class=\"su-post-thumbnail\" href=\"https:\/\/wp.unil.ch\/geoblog\/2012\/05\/rio20-un-bilan-a-nuancer\/\"><img loading=\"lazy\" decoding=\"async\" width=\"672\" height=\"372\" src=\"https:\/\/wp.unil.ch\/geoblog\/files\/2012\/05\/rio-20-672x372.png\" class=\"attachment-post-thumbnail size-post-thumbnail wp-post-image\" alt=\"\" srcset=\"https:\/\/wp.unil.ch\/geoblog\/files\/2012\/05\/rio-20-672x372.png 672w, https:\/\/wp.unil.ch\/geoblog\/files\/2012\/05\/rio-20-1038x576.png 1038w\" sizes=\"auto, (max-width: 672px) 100vw, 672px\" \/><\/a>\n\t\t\t\t\t\t\t\t<h2 class=\"su-post-title\"><a href=\"https:\/\/wp.unil.ch\/geoblog\/2012\/05\/rio20-un-bilan-a-nuancer\/\">Rio+20: un bilan \u00e0 nuancer<\/a><\/h2>\n\t\t\t<\/div>\n\n\t\t\t\t\t\n\t\t\t\n\t\t\t<div id=\"su-post-8\" class=\"su-post \">\n\t\t\t\t\t\t\t\t\t<a class=\"su-post-thumbnail\" href=\"https:\/\/wp.unil.ch\/geoblog\/2012\/06\/the-basel-convention-and-rio20\/\"><img loading=\"lazy\" decoding=\"async\" width=\"672\" height=\"372\" src=\"https:\/\/wp.unil.ch\/geoblog\/files\/2012\/05\/rio-20-672x372.png\" class=\"attachment-post-thumbnail size-post-thumbnail wp-post-image\" alt=\"\" srcset=\"https:\/\/wp.unil.ch\/geoblog\/files\/2012\/05\/rio-20-672x372.png 672w, https:\/\/wp.unil.ch\/geoblog\/files\/2012\/05\/rio-20-1038x576.png 1038w\" sizes=\"auto, (max-width: 672px) 100vw, 672px\" \/><\/a>\n\t\t\t\t\t\t\t\t<h2 class=\"su-post-title\"><a href=\"https:\/\/wp.unil.ch\/geoblog\/2012\/06\/the-basel-convention-and-rio20\/\">The Basel Convention and Rio+20<\/a><\/h2>\n\t\t\t<\/div>\n\n\t\t\t\t\t\n\t\t\t\n\t\t\t<div id=\"su-post-49\" class=\"su-post \">\n\t\t\t\t\t\t\t\t\t<a class=\"su-post-thumbnail\" href=\"https:\/\/wp.unil.ch\/geoblog\/2012\/07\/echelle-des-temps-geologiques\/\"><img loading=\"lazy\" decoding=\"async\" width=\"800\" height=\"547\" src=\"https:\/\/wp.unil.ch\/geoblog\/files\/2012\/07\/ISChart2009.jpg\" class=\"attachment-post-thumbnail size-post-thumbnail wp-post-image\" alt=\"\" srcset=\"https:\/\/wp.unil.ch\/geoblog\/files\/2012\/07\/ISChart2009.jpg 800w, https:\/\/wp.unil.ch\/geoblog\/files\/2012\/07\/ISChart2009-300x205.jpg 300w, https:\/\/wp.unil.ch\/geoblog\/files\/2012\/07\/ISChart2009-768x525.jpg 768w\" sizes=\"auto, (max-width: 800px) 100vw, 800px\" \/><\/a>\n\t\t\t\t\t\t\t\t<h2 class=\"su-post-title\"><a href=\"https:\/\/wp.unil.ch\/geoblog\/2012\/07\/echelle-des-temps-geologiques\/\">L&rsquo;\u00e9chelle des temps g\u00e9ologiques<\/a><\/h2>\n\t\t\t<\/div>\n\n\t\t\t\t\t\n\t\t\t\n\t\t\t<div id=\"su-post-80\" class=\"su-post \">\n\t\t\t\t\t\t\t\t\t<a class=\"su-post-thumbnail\" href=\"https:\/\/wp.unil.ch\/geoblog\/2012\/07\/george-perkins-marsh\/\"><img loading=\"lazy\" decoding=\"async\" width=\"520\" height=\"245\" src=\"https:\/\/wp.unil.ch\/geoblog\/files\/2012\/07\/marsh-vignette.jpg\" class=\"attachment-post-thumbnail size-post-thumbnail wp-post-image\" alt=\"\" srcset=\"https:\/\/wp.unil.ch\/geoblog\/files\/2012\/07\/marsh-vignette.jpg 520w, https:\/\/wp.unil.ch\/geoblog\/files\/2012\/07\/marsh-vignette-300x141.jpg 300w\" sizes=\"auto, (max-width: 520px) 100vw, 520px\" \/><\/a>\n\t\t\t\t\t\t\t\t<h2 class=\"su-post-title\"><a href=\"https:\/\/wp.unil.ch\/geoblog\/2012\/07\/george-perkins-marsh\/\">George Perkins Marsh<\/a><\/h2>\n\t\t\t<\/div>\n\n\t\t\t\t\t\n\t\t\t\n\t\t\t<div id=\"su-post-115\" class=\"su-post \">\n\t\t\t\t\t\t\t\t\t<a class=\"su-post-thumbnail\" href=\"https:\/\/wp.unil.ch\/geoblog\/2012\/07\/eugene-renevier-lecole-lausannoise-de-geologie-et-la-stratigraphie\/\"><img loading=\"lazy\" decoding=\"async\" width=\"520\" height=\"245\" src=\"https:\/\/wp.unil.ch\/geoblog\/files\/2012\/07\/renevier-vignette.jpg\" class=\"attachment-post-thumbnail size-post-thumbnail wp-post-image\" alt=\"\" srcset=\"https:\/\/wp.unil.ch\/geoblog\/files\/2012\/07\/renevier-vignette.jpg 520w, https:\/\/wp.unil.ch\/geoblog\/files\/2012\/07\/renevier-vignette-300x141.jpg 300w\" sizes=\"auto, (max-width: 520px) 100vw, 520px\" \/><\/a>\n\t\t\t\t\t\t\t\t<h2 class=\"su-post-title\"><a href=\"https:\/\/wp.unil.ch\/geoblog\/2012\/07\/eugene-renevier-lecole-lausannoise-de-geologie-et-la-stratigraphie\/\">Eug\u00e8ne Renevier, l\u2019\u00e9cole lausannoise de g\u00e9ologie et la stratigraphie<\/a><\/h2>\n\t\t\t<\/div>\n\n\t\t\t\t\t\n\t\t\t\n\t\t\t<div id=\"su-post-136\" class=\"su-post \">\n\t\t\t\t\t\t\t\t\t<a class=\"su-post-thumbnail\" href=\"https:\/\/wp.unil.ch\/geoblog\/2012\/08\/lanthropocene-contexte\/\"><img loading=\"lazy\" decoding=\"async\" width=\"672\" height=\"372\" src=\"https:\/\/wp.unil.ch\/geoblog\/files\/2013\/06\/Fotolia35708050-672x372.jpg\" class=\"attachment-post-thumbnail size-post-thumbnail wp-post-image\" alt=\"\" \/><\/a>\n\t\t\t\t\t\t\t\t<h2 class=\"su-post-title\"><a href=\"https:\/\/wp.unil.ch\/geoblog\/2012\/08\/lanthropocene-contexte\/\">L&rsquo;Anthropoc\u00e8ne &#8211; contexte<\/a><\/h2>\n\t\t\t<\/div>\n\n\t\t\t\t\t\n\t\t\t\n\t\t\t<div id=\"su-post-223\" class=\"su-post \">\n\t\t\t\t\t\t\t\t\t<a class=\"su-post-thumbnail\" href=\"https:\/\/wp.unil.ch\/geoblog\/2012\/08\/debat-entre-dominique-bourg-et-torsten-vennemann\/\"><img loading=\"lazy\" decoding=\"async\" width=\"520\" height=\"245\" src=\"https:\/\/wp.unil.ch\/geoblog\/files\/2018\/11\/eclairages.jpg\" class=\"attachment-post-thumbnail size-post-thumbnail wp-post-image\" alt=\"\" srcset=\"https:\/\/wp.unil.ch\/geoblog\/files\/2018\/11\/eclairages.jpg 520w, https:\/\/wp.unil.ch\/geoblog\/files\/2018\/11\/eclairages-300x141.jpg 300w\" sizes=\"auto, (max-width: 520px) 100vw, 520px\" \/><\/a>\n\t\t\t\t\t\t\t\t<h2 class=\"su-post-title\"><a href=\"https:\/\/wp.unil.ch\/geoblog\/2012\/08\/debat-entre-dominique-bourg-et-torsten-vennemann\/\">D\u00e9bat entre Dominique Bourg et Torsten Vennemann<\/a><\/h2>\n\t\t\t<\/div>\n\n\t\t\t\t\t\n\t\t\t\n\t\t\t<div id=\"su-post-152\" class=\"su-post \">\n\t\t\t\t\t\t\t\t\t<a class=\"su-post-thumbnail\" href=\"https:\/\/wp.unil.ch\/geoblog\/2012\/08\/le-prof-torsten-vennemann-en-direct-de-linternational-geological-congress-igc34-de-brisbane-australie\/\"><img loading=\"lazy\" decoding=\"async\" width=\"520\" height=\"245\" src=\"https:\/\/wp.unil.ch\/geoblog\/files\/2012\/08\/igc34.jpg\" class=\"attachment-post-thumbnail size-post-thumbnail wp-post-image\" alt=\"\" srcset=\"https:\/\/wp.unil.ch\/geoblog\/files\/2012\/08\/igc34.jpg 520w, https:\/\/wp.unil.ch\/geoblog\/files\/2012\/08\/igc34-300x141.jpg 300w\" sizes=\"auto, (max-width: 520px) 100vw, 520px\" \/><\/a>\n\t\t\t\t\t\t\t\t<h2 class=\"su-post-title\"><a href=\"https:\/\/wp.unil.ch\/geoblog\/2012\/08\/le-prof-torsten-vennemann-en-direct-de-linternational-geological-congress-igc34-de-brisbane-australie\/\">En direct de l&rsquo;International Geological Congress (IGC34) de Brisbane &#8211; Lettre 1<\/a><\/h2>\n\t\t\t<\/div>\n\n\t\t\t\t\t\n\t\t\t\n\t\t\t<div id=\"su-post-164\" class=\"su-post \">\n\t\t\t\t\t\t\t\t\t<a class=\"su-post-thumbnail\" href=\"https:\/\/wp.unil.ch\/geoblog\/2012\/08\/le-prof-torsten-vennemann-depuis-la-conference-igc34-de-brisbane-australie\/\"><img loading=\"lazy\" decoding=\"async\" width=\"520\" height=\"245\" src=\"https:\/\/wp.unil.ch\/geoblog\/files\/2012\/08\/igc34.jpg\" class=\"attachment-post-thumbnail size-post-thumbnail wp-post-image\" alt=\"\" srcset=\"https:\/\/wp.unil.ch\/geoblog\/files\/2012\/08\/igc34.jpg 520w, https:\/\/wp.unil.ch\/geoblog\/files\/2012\/08\/igc34-300x141.jpg 300w\" sizes=\"auto, (max-width: 520px) 100vw, 520px\" \/><\/a>\n\t\t\t\t\t\t\t\t<h2 class=\"su-post-title\"><a href=\"https:\/\/wp.unil.ch\/geoblog\/2012\/08\/le-prof-torsten-vennemann-depuis-la-conference-igc34-de-brisbane-australie\/\">En direct de l\u2019International Geological Congress (IGC34) de Brisbane \u2013 Lettre 2<\/a><\/h2>\n\t\t\t<\/div>\n\n\t\t\t\t\t\n\t\t\t\n\t\t\t<div id=\"su-post-339\" class=\"su-post \">\n\t\t\t\t\t\t\t\t\t<a class=\"su-post-thumbnail\" href=\"https:\/\/wp.unil.ch\/geoblog\/2013\/03\/le-glaciologue-et-lanthropocene\/\"><img loading=\"lazy\" decoding=\"async\" width=\"672\" height=\"372\" src=\"https:\/\/wp.unil.ch\/geoblog\/files\/2016\/08\/alaska7-672x372.png\" class=\"attachment-post-thumbnail size-post-thumbnail wp-post-image\" alt=\"\" \/><\/a>\n\t\t\t\t\t\t\t\t<h2 class=\"su-post-title\"><a href=\"https:\/\/wp.unil.ch\/geoblog\/2013\/03\/le-glaciologue-et-lanthropocene\/\">Le glaciologue et l&rsquo;Anthropoc\u00e8ne<\/a><\/h2>\n\t\t\t<\/div>\n\n\t\t\t\t\t\n\t\t\t\n\t\t\t<div id=\"su-post-2232\" class=\"su-post \">\n\t\t\t\t\t\t\t\t\t<a class=\"su-post-thumbnail\" href=\"https:\/\/wp.unil.ch\/geoblog\/2013\/03\/le-climat-lenvironnement-et-lhomme-lalerte-venu-des-poles\/\"><img loading=\"lazy\" decoding=\"async\" width=\"672\" height=\"372\" src=\"https:\/\/wp.unil.ch\/geoblog\/files\/2016\/08\/alaska7-672x372.png\" class=\"attachment-post-thumbnail size-post-thumbnail wp-post-image\" alt=\"\" \/><\/a>\n\t\t\t\t\t\t\t\t<h2 class=\"su-post-title\"><a href=\"https:\/\/wp.unil.ch\/geoblog\/2013\/03\/le-climat-lenvironnement-et-lhomme-lalerte-venu-des-poles\/\">Le climat, l&rsquo;environnement et l&rsquo;homme : l&rsquo;alerte venu des P\u00f4les<\/a><\/h2>\n\t\t\t<\/div>\n\n\t\t\t\t\t\n\t\t\t\n\t\t\t<div id=\"su-post-1534\" class=\"su-post \">\n\t\t\t\t\t\t\t\t\t<a class=\"su-post-thumbnail\" href=\"https:\/\/wp.unil.ch\/geoblog\/2015\/02\/epistemologie-de-lanthropocene-une-question-de-timing\/\"><img loading=\"lazy\" decoding=\"async\" width=\"672\" height=\"372\" src=\"https:\/\/wp.unil.ch\/geoblog\/files\/2015\/02\/grinewald-672x372.jpg\" class=\"attachment-post-thumbnail size-post-thumbnail wp-post-image\" alt=\"\" srcset=\"https:\/\/wp.unil.ch\/geoblog\/files\/2015\/02\/grinewald-672x372.jpg 672w, https:\/\/wp.unil.ch\/geoblog\/files\/2015\/02\/grinewald-1038x576.jpg 1038w\" sizes=\"auto, (max-width: 672px) 100vw, 672px\" \/><\/a>\n\t\t\t\t\t\t\t\t<h2 class=\"su-post-title\"><a href=\"https:\/\/wp.unil.ch\/geoblog\/2015\/02\/epistemologie-de-lanthropocene-une-question-de-timing\/\">Epist\u00e9mologie de l\u2019Anthropoc\u00e8ne : une question de timing<\/a><\/h2>\n\t\t\t<\/div>\n\n\t\t\t\t\t\n\t\t\t\n\t\t\t<div id=\"su-post-1650\" class=\"su-post \">\n\t\t\t\t\t\t\t\t\t<a class=\"su-post-thumbnail\" href=\"https:\/\/wp.unil.ch\/geoblog\/2015\/05\/lanthropocene-epoque-geologique-concept-environnementaliste-influence-humaine-des-premiers-temps\/\"><img loading=\"lazy\" decoding=\"async\" width=\"672\" height=\"372\" src=\"https:\/\/wp.unil.ch\/geoblog\/files\/2015\/05\/biosphere-672x372.png\" class=\"attachment-post-thumbnail size-post-thumbnail wp-post-image\" alt=\"\" srcset=\"https:\/\/wp.unil.ch\/geoblog\/files\/2015\/05\/biosphere-672x372.png 672w, https:\/\/wp.unil.ch\/geoblog\/files\/2015\/05\/biosphere-1038x576.png 1038w\" sizes=\"auto, (max-width: 672px) 100vw, 672px\" \/><\/a>\n\t\t\t\t\t\t\t\t<h2 class=\"su-post-title\"><a href=\"https:\/\/wp.unil.ch\/geoblog\/2015\/05\/lanthropocene-epoque-geologique-concept-environnementaliste-influence-humaine-des-premiers-temps\/\">L\u2019Anthropoc\u00e8ne, \u00e9poque g\u00e9ologique, concept environnementaliste, influence humaine des premiers temps ?<\/a><\/h2>\n\t\t\t<\/div>\n\n\t\t\t\t\t\n\t\t\t\n\t\t\t<div id=\"su-post-6971\" class=\"su-post \">\n\t\t\t\t\t\t\t\t\t<a class=\"su-post-thumbnail\" href=\"https:\/\/wp.unil.ch\/geoblog\/2015\/11\/perspectives-on-the-anthropocene\/\"><img loading=\"lazy\" decoding=\"async\" width=\"672\" height=\"372\" src=\"https:\/\/wp.unil.ch\/geoblog\/files\/2017\/05\/transitioninterieure-672x372.png\" class=\"attachment-post-thumbnail size-post-thumbnail wp-post-image\" alt=\"\" srcset=\"https:\/\/wp.unil.ch\/geoblog\/files\/2017\/05\/transitioninterieure-672x372.png 672w, https:\/\/wp.unil.ch\/geoblog\/files\/2017\/05\/transitioninterieure-1038x576.png 1038w\" sizes=\"auto, (max-width: 672px) 100vw, 672px\" \/><\/a>\n\t\t\t\t\t\t\t\t<h2 class=\"su-post-title\"><a href=\"https:\/\/wp.unil.ch\/geoblog\/2015\/11\/perspectives-on-the-anthropocene\/\">Perspectives on the Anthropocene<\/a><\/h2>\n\t\t\t<\/div>\n\n\t\t\t\t\t\n\t\t\t\n\t\t\t<div id=\"su-post-1922\" class=\"su-post \">\n\t\t\t\t\t\t\t\t\t<a class=\"su-post-thumbnail\" href=\"https:\/\/wp.unil.ch\/geoblog\/2015\/11\/la-crise-des-natures-a-lere-de-lanthropocene\/\"><img loading=\"lazy\" decoding=\"async\" width=\"672\" height=\"372\" src=\"https:\/\/wp.unil.ch\/geoblog\/files\/2015\/11\/conferencedescola-672x372.jpg\" class=\"attachment-post-thumbnail size-post-thumbnail wp-post-image\" alt=\"\" srcset=\"https:\/\/wp.unil.ch\/geoblog\/files\/2015\/11\/conferencedescola-672x372.jpg 672w, https:\/\/wp.unil.ch\/geoblog\/files\/2015\/11\/conferencedescola-1038x576.jpg 1038w\" sizes=\"auto, (max-width: 672px) 100vw, 672px\" \/><\/a>\n\t\t\t\t\t\t\t\t<h2 class=\"su-post-title\"><a href=\"https:\/\/wp.unil.ch\/geoblog\/2015\/11\/la-crise-des-natures-a-lere-de-lanthropocene\/\">La crise des natures \u00e0 l&rsquo;\u00e8re de l&rsquo;Anthropoc\u00e8ne<\/a><\/h2>\n\t\t\t<\/div>\n\n\t\t\t\n<\/div>\n\n","protected":false},"excerpt":{"rendered":"<p>Popularis\u00e9 \u00e0 la fin du 20e&nbsp;si\u00e8cle, l&rsquo;Anthropoc\u00e8ne serait une nouvelle \u00e9poque g\u00e9ologique, durant laquelle l&rsquo;influence de l&rsquo;\u00eatre humain sur la biosph\u00e8re aurait atteint un tel niveau qu&rsquo;elle serait devenue une \u00ab&nbsp;force g\u00e9ologique&nbsp;\u00bb majeure. En ao\u00fbt 2012, le 34e Congr\u00e8s international de g\u00e9ologie, r\u00e9uni \u00e0 Brisbane, a discut\u00e9, entre autres points, de la possibilit\u00e9 d&rsquo;officialiser cette [&hellip;]<\/p>\n","protected":false},"author":47,"featured_media":1531,"parent":0,"menu_order":30,"comment_status":"closed","ping_status":"closed","template":"","meta":{"_seopress_robots_primary_cat":"","_seopress_titles_title":"","_seopress_titles_desc":"","_seopress_robots_index":"","footnotes":"","_links_to":"","_links_to_target":""},"class_list":["post-478","page","type-page","status-publish","has-post-thumbnail"],"_links":{"self":[{"href":"https:\/\/wp.unil.ch\/geoblog\/wp-json\/wp\/v2\/pages\/478","targetHints":{"allow":["GET"]}}],"collection":[{"href":"https:\/\/wp.unil.ch\/geoblog\/wp-json\/wp\/v2\/pages"}],"about":[{"href":"https:\/\/wp.unil.ch\/geoblog\/wp-json\/wp\/v2\/types\/page"}],"author":[{"embeddable":true,"href":"https:\/\/wp.unil.ch\/geoblog\/wp-json\/wp\/v2\/users\/47"}],"replies":[{"embeddable":true,"href":"https:\/\/wp.unil.ch\/geoblog\/wp-json\/wp\/v2\/comments?post=478"}],"version-history":[{"count":1,"href":"https:\/\/wp.unil.ch\/geoblog\/wp-json\/wp\/v2\/pages\/478\/revisions"}],"predecessor-version":[{"id":13637,"href":"https:\/\/wp.unil.ch\/geoblog\/wp-json\/wp\/v2\/pages\/478\/revisions\/13637"}],"wp:featuredmedia":[{"embeddable":true,"href":"https:\/\/wp.unil.ch\/geoblog\/wp-json\/wp\/v2\/media\/1531"}],"wp:attachment":[{"href":"https:\/\/wp.unil.ch\/geoblog\/wp-json\/wp\/v2\/media?parent=478"}],"curies":[{"name":"wp","href":"https:\/\/api.w.org\/{rel}","templated":true}]}}