{"id":2,"date":"2012-05-03T14:49:17","date_gmt":"2012-05-03T12:49:17","guid":{"rendered":"http:\/\/wp.unil.ch\/geoblog\/?page_id=2"},"modified":"2026-02-11T10:24:26","modified_gmt":"2026-02-11T09:24:26","slug":"a-propos","status":"publish","type":"page","link":"https:\/\/wp.unil.ch\/geoblog\/a-propos\/","title":{"rendered":"A propos"},"content":{"rendered":"\n<p>G\u00e9oblog est le blog scientifique de la Facult\u00e9 des g\u00e9osciences et de l&rsquo;environnement de l&rsquo;Universit\u00e9 de Lausanne (Suisse).<\/p>\n\n\n\n<p>A ce titre son objectif est de pr\u00e9senter de mani\u00e8re vulgaris\u00e9e les travaux de recherche men\u00e9s par les collaborateurs de la Facult\u00e9, ainsi que de donner une lecture de l&rsquo;actualit\u00e9 scientifique des g\u00e9osciences et de l&rsquo;environnement \u00e0 travers le monde.<\/p>\n\n\n\n<p>Si vous avez des questions ou des suggestions d&rsquo;articles \u00e0 traiter, n&rsquo;h\u00e9sitez pas \u00e0 nous contacter: <a href=\"mailto:wwwgse@unil.ch\">wwwgse@unil.ch<\/a><\/p>\n","protected":false},"excerpt":{"rendered":"<p>G\u00e9oblog est le blog scientifique de la Facult\u00e9 des g\u00e9osciences et de l&rsquo;environnement de l&rsquo;Universit\u00e9 de Lausanne (Suisse). A ce titre son objectif est de pr\u00e9senter de mani\u00e8re vulgaris\u00e9e les travaux de recherche men\u00e9s par les collaborateurs de la Facult\u00e9, ainsi que de donner une lecture de l&rsquo;actualit\u00e9 scientifique des g\u00e9osciences et de l&rsquo;environnement \u00e0 [&hellip;]<\/p>\n","protected":false},"author":47,"featured_media":0,"parent":0,"menu_order":2,"comment_status":"closed","ping_status":"closed","template":"","meta":{"_seopress_robots_primary_cat":"","_seopress_titles_title":"","_seopress_titles_desc":"","_seopress_robots_index":"","footnotes":"","_links_to":"","_links_to_target":""},"class_list":["post-2","page","type-page","status-publish"],"_links":{"self":[{"href":"https:\/\/wp.unil.ch\/geoblog\/wp-json\/wp\/v2\/pages\/2","targetHints":{"allow":["GET"]}}],"collection":[{"href":"https:\/\/wp.unil.ch\/geoblog\/wp-json\/wp\/v2\/pages"}],"about":[{"href":"https:\/\/wp.unil.ch\/geoblog\/wp-json\/wp\/v2\/types\/page"}],"author":[{"embeddable":true,"href":"https:\/\/wp.unil.ch\/geoblog\/wp-json\/wp\/v2\/users\/47"}],"replies":[{"embeddable":true,"href":"https:\/\/wp.unil.ch\/geoblog\/wp-json\/wp\/v2\/comments?post=2"}],"version-history":[{"count":1,"href":"https:\/\/wp.unil.ch\/geoblog\/wp-json\/wp\/v2\/pages\/2\/revisions"}],"predecessor-version":[{"id":13854,"href":"https:\/\/wp.unil.ch\/geoblog\/wp-json\/wp\/v2\/pages\/2\/revisions\/13854"}],"wp:attachment":[{"href":"https:\/\/wp.unil.ch\/geoblog\/wp-json\/wp\/v2\/media?parent=2"}],"curies":[{"name":"wp","href":"https:\/\/api.w.org\/{rel}","templated":true}]}}