{"id":14233,"date":"2026-03-26T11:47:15","date_gmt":"2026-03-26T10:47:15","guid":{"rendered":"https:\/\/wp.unil.ch\/geoblog\/hommages-a-jean-bernard-racine\/"},"modified":"2026-03-26T16:30:25","modified_gmt":"2026-03-26T15:30:25","slug":"a-tribute-to-jean-bernard-racine","status":"publish","type":"page","link":"https:\/\/wp.unil.ch\/geoblog\/en\/a-tribute-to-jean-bernard-racine\/","title":{"rendered":"A tribute to Jean-Bernard Racine"},"content":{"rendered":"\n<div class=\"wp-block-group alignfull is-style-default has-global-padding is-layout-constrained wp-container-core-group-is-layout-82abba0f wp-block-group-is-layout-constrained\" style=\"margin-top:0;margin-bottom:0;padding-top:var(--wp--preset--spacing--40);padding-right:var(--wp--preset--spacing--50);padding-bottom:var(--wp--preset--spacing--40);padding-left:var(--wp--preset--spacing--50)\">\n<div class=\"wp-block-columns alignwide are-vertically-aligned-center is-layout-flex wp-container-core-columns-is-layout-643ced6b wp-block-columns-is-layout-flex\">\n<div class=\"wp-block-column is-vertically-aligned-center is-layout-flow wp-block-column-is-layout-flow\">\n<figure class=\"wp-block-image aligncenter size-full has-custom-border\"><img loading=\"lazy\" decoding=\"async\" width=\"1065\" height=\"799\" src=\"https:\/\/wp.unil.ch\/geoblog\/files\/2026\/03\/racine.jpg\" alt=\"racine\" class=\"wp-image-14221\" style=\"border-top-left-radius:150px;border-bottom-right-radius:150px;object-fit:cover\" srcset=\"https:\/\/wp.unil.ch\/geoblog\/files\/2026\/03\/racine.jpg 1065w, https:\/\/wp.unil.ch\/geoblog\/files\/2026\/03\/racine-300x225.jpg 300w, https:\/\/wp.unil.ch\/geoblog\/files\/2026\/03\/racine-1024x768.jpg 1024w, https:\/\/wp.unil.ch\/geoblog\/files\/2026\/03\/racine-768x576.jpg 768w\" sizes=\"auto, (max-width: 1065px) 100vw, 1065px\" \/><\/figure>\n<\/div>\n\n\n\n<div class=\"wp-block-column is-vertically-aligned-center is-layout-flow wp-block-column-is-layout-flow\">\n<p class=\"has-text-align-left\">It is with deep sadness that our Faculty has learnt of the passing of our colleague and dear friend, Prof. Jean-Bernard Racine, on 23 March 2026. He will forever remain a leading figure at the Institute of Geography at the University of Lausanne.<\/p>\n\n\n\n<p class=\"is-style-text-annotation is-style-text-annotation--1\"><a href=\"https:\/\/www.unil.ch\/news\/1774513678708\" target=\"_blank\" rel=\"noreferrer noopener\">Biography of Jean-Bernard Racine<\/a><\/p>\n\n\n\n<div style=\"height:20px\" aria-hidden=\"true\" class=\"wp-block-spacer\"><\/div>\n\n\n\n<p class=\"has-large-font-size\"><strong>You can pay your tribute below.<\/strong><\/p>\n<\/div>\n<\/div>\n<\/div>\n\n\n\n<div class=\"wp-block-comments\"><h2 id=\"comments\" class=\"wp-block-comments-title\">6 responses<\/h2>\n\n<ol class=\"wp-block-comment-template\"><li id=\"comment-62030\" class=\"comment even thread-even depth-1\">\n\n<div class=\"wp-block-columns is-layout-flex wp-container-core-columns-is-layout-28f84493 wp-block-columns-is-layout-flex\">\n<div class=\"wp-block-column is-layout-flow wp-block-column-is-layout-flow\" style=\"flex-basis:40px\"><div class=\"wp-block-avatar\">  <\/div><\/div>\n\n\n\n<div class=\"wp-block-column is-layout-flow wp-block-column-is-layout-flow\"><div class=\"wp-block-comment-author-name has-small-font-size\">Corneliu IATU<\/div>\n\n\n<div class=\"wp-block-group is-layout-flex wp-block-group-is-layout-flex\" style=\"margin-top:0px;margin-bottom:0px\"><div class=\"wp-block-comment-date has-small-font-size\"><time datetime=\"2026-04-08T06:42:09+02:00\"><a href=\"https:\/\/wp.unil.ch\/geoblog\/en\/a-tribute-to-jean-bernard-racine\/#comment-62030\">8 April 2026<\/a><\/time><\/div>\n\n<\/div>\n\n\n<div class=\"wp-block-comment-content\"><p>Cette triste nouvelle me touche profond\u00e9ment parce qu\u2019une partie de ma vie est li\u00e9e de Jean-Bernard et de Lausanne. M\u00eame si, peut-\u00eatre que certains s\u2019attendait \u00e0 \u00e7a, on esp\u00e9rait dans notre c\u0153ur que ce moment va retarder. Nous ne sommes pas immortels. Tout est cyclique et toute tourne ronde. Jean-Bernard a \u00e9t\u00e9 une figure importante de la G\u00e9ographie mondiale. On a eu de la chance de le connaitre, de travailler avec lui et de construire ensemble. Les larmes ne sont pas autre chose que des petites rivi\u00e8res qui font des hommages \u00e0 un homme sp\u00e9cial. Malheureusement, la nature, la divinit\u00e9 a pris ce qu\u2019elle a donn\u00e9 : l\u2019\u00e2me.<br \/>\nLa beaut\u00e9 d\u2019un homme se voit dans tous les rayons du soleil de la vie. Jean-Bernard avait une \u00e2me d\u2019enfant et un enthousiasme contagieux.<br \/>\nJ\u2019ai pens\u00e9 il y a quelques semaines de venir en Suisse et lui faire une visite. Comme d\u2019habitude, il est trop tard. Mes regrettes planent sur mes pens\u00e9es et je reste avec ces regrettes\u2026<br \/>\nOh mon Dieu ! Un homme, un g\u00e9ographe qui voyait dans la religion une \u00e9chappe, a compris tr\u00e8s bien que notre monde est gouvern\u00e9 par l\u2019esprit religieux. Finalement, son esprit finit par se dissoudre dans ce monde pour la faire meilleur.<br \/>\nPr\u00e9sident de la Soci\u00e9t\u00e9 Roumaine de G\u00e9ographie, Universit\u00e9 Alexandru Ioan Cuza de Iasi (Roumanie)<\/p>\n<\/div>\n\n<div class=\"wp-block-comment-reply-link has-small-font-size\"><a rel=\"nofollow\" class=\"comment-reply-link\" href=\"https:\/\/wp.unil.ch\/geoblog\/en\/a-tribute-to-jean-bernard-racine\/?replytocom=62030#respond\" data-commentid=\"62030\" data-postid=\"14233\" data-belowelement=\"comment-62030\" data-respondelement=\"respond\" data-replyto=\"Reply to Corneliu IATU\" aria-label=\"Reply to Corneliu IATU\">Reply<\/a><\/div><\/div>\n<\/div>\n\n<\/li><li id=\"comment-61932\" class=\"comment odd alt thread-odd thread-alt depth-1\">\n\n<div class=\"wp-block-columns is-layout-flex wp-container-core-columns-is-layout-28f84493 wp-block-columns-is-layout-flex\">\n<div class=\"wp-block-column is-layout-flow wp-block-column-is-layout-flow\" style=\"flex-basis:40px\"><div class=\"wp-block-avatar\">  <\/div><\/div>\n\n\n\n<div class=\"wp-block-column is-layout-flow wp-block-column-is-layout-flow\"><div class=\"wp-block-comment-author-name has-small-font-size\">Wayne Davies<\/div>\n\n\n<div class=\"wp-block-group is-layout-flex wp-block-group-is-layout-flex\" style=\"margin-top:0px;margin-bottom:0px\"><div class=\"wp-block-comment-date has-small-font-size\"><time datetime=\"2026-04-04T16:37:27+02:00\"><a href=\"https:\/\/wp.unil.ch\/geoblog\/en\/a-tribute-to-jean-bernard-racine\/#comment-61932\">4 April 2026<\/a><\/time><\/div>\n\n<\/div>\n\n\n<div class=\"wp-block-comment-content\"><p>To Jean-Bernard&#8217;s family.<\/p>\n<p>I was so very sorry to learn of Jean Bernard&#8217;s passing. I knew he had been ill for some time, but the news was still upsetting.<\/p>\n<p>I have known J-B for over twenty- five years because of our membership of the IGU Urban Commission. His papers at the various meetings were always excellent. In addition, I was always impressed by the help he gave to people from outside Europe at the meetings who often struggled to communicate in English.  Of course, he also received a Festschrift, a book of essays from many of his colleagues, itself a mark of how well he was respected. Very few these days receive such praise.  So  I hope you have received many messages praising his scholarly expertise. In addition, of course, J-B was also known for his sense of humour which often provided us all with light relief from days of listening to so many papers at commission meetings.  I have so many memories of his light-hearted approach. It was such a pleasure to have known him. He will be solely missed by so many people around the world. Please accept my commiserations at his passing. <\/p>\n<p>Some examples of his humour and issues  he faced at meetings\u2026<br \/>\nOne example of his humour was when I was invited to lecture in Lausanne. I had found a cheap flight to Geneva  but it arrived in late evening. J-B told me he would book a room in a hotel there and then I could to catch train to his city in next morning. I took him up on his offer but was rather bemused when I arrived in the area around the hotel to find it full of scantily dressed, mainly young women who seemed friendly. Then I realised what the area was.  J-B\u2019s humour again. Anyway, I got back to him in part when I gave a lecture to a large room full of his students. I thanked J-B for the invitation and said he was kind enough to book me in a hotel in the Paquis area of Geneva before coming to Lausanne. Place erupted with laughter. I went on to say that I assumed Professor Racine wanted me to see, but not experience, a type of urban area, a legal red light district, that we don\u2019t have in Canada. More laughter.<\/p>\n<p>Another of my favourites occurred at our meeting In Finland. At the end of the last day of paper sessions we were asked to attend a reception. J.B and 3 others of us arrived first at the large community hall where the reception was to take place. But the door to the main room was closed and JB, after   some discussion with the door man, came and told us it was a Finnish tradition to go into the large adjacent sauna first. Reluctantly we went in. After all, we all knew saunas  are big in Finnish culture. Once inside we started to wonder and worry if  all the other commission members, even the females, would join us.  Then J-B said he had forgotten something, went outside and came back with a camera  of all  things and started taking photographs of us&#8230;to our annoyance as  we were obviously all naked.  Anyway, we convinced him to stop in the end and dressed again and  went outside and found that most of the other conference members were now in the main community hall guzzling on the free beer and wine. Had J-B misunderstood the doorman, or did he deliberately mislead us for a laugh?   Soon we started to worry  about what he would do with the photographs. Would  they be part of his presentation to our next Conference?   The next day he came back from a photographers shop very upset. None of his pictures from the sauna had come out properly. It seemed there was so much moisture in the sauna that all the pictures showed was our heads and shoulder above the hot mists of steam.  We  were saved !  Did he misunderstand the gatekeeper to the reception hall or did he con us into the sauna? He would never admit what happened.  But from the smile on his face I believe he set us up for a laugh.<\/p>\n<p>Another example was when he sent me an Email telling me that one of our older commission members was looking for somebody to share a room for a forthcoming Conference.  AS I had not booked anything I accepted the invitation to share expenses. To my horror at the conference I found that the member shed his clothes as soon as he entered our room and wandered around naked most of the time.  Annoying! More of a problem was the fact that one day I was in the shower  and thought I was alone in our room. Then I suddenly felt somebody touching my back in several place. Luckily I had  my back to  the closed shower curtain. I shouted out about what was the person doing. I got a reply that he was searching for the soap that he had left in the shower container.  Of course, J.B had known about the commission members preference for being naked and had a good laugh at me for falling for the shared room idea. To be fair my room expenses were lower than if I had been on my own   and I did get a couple of free beers from J.B for the joke in convincing innocent me to share with that member. Never again!. <\/p>\n<p>Sometimes of course he could be too impulsive. At a meeting in South Africa the local organiser took us to an area of expensive houses and pointed out the many, many  security features outside the houses as examples of the need to protect their properties against the high crime rates. We also toured the back of the houses in what amounted to a little forest. At one stage J-B said he wanted to climb up a little hill from the path we were on to get a view of the back of the houses. He started off the path and was about to climb over a knee-high barbed wire fence when one of our group shouted it was not safe. Just before JB started to go over the fence, one of the group threw a small branch across the wire fence. Boom. There was a big flash. Clearly the fence was electrified, and J. B. would have been badly burned. Saved again. But a vivid experience of the extent of security around rich houses in S Africa.<\/p>\n<p>Another of my social memories came from our Calgary meeting,  at the end of our day-long excursion to the various sights in Banff National Park. We ended up in Lake Louise, one of the splendid sights in the Park. I gave the bus party an hour to look around the lake. When we all got back to the bus one person was missing. It was J-B. I suggested that several of our group should go and look for him.  But I was convinced I would find him in the upmarket Lake Louise hotel  lounge, which had a splendid view of the lake, and where he, a Frenchman, would be sipping on a glass of some favourite French wine. To my concern he was not there. Soon a couple of our members came around the lakeside-path. They had found J.B slouched on a bench. They got him back to then bus and after a few drinks of water and I think some aspirins he had recovered. So there was no need to find a Dr. But it was a good illustration of the problem that some people have of dealing with altitude. I had explained to the bus load previously that Lake Louise was at around 5,500 ft and there was a need to be careful and not to over-exert oneself. J-B\u2019s experience provided a vivid example of what could have happened to other conference participants. This was not one of his jokes.<\/p>\n<p>I accept these are silly  memories. But life is not only about academic excellence. J-B was an ex exceptional man, one who also gave us a lot of social memories which lit up our days. Such a unique man\u2026\u2026<\/p>\n<p>Wayne Davies. Emeritus Professor, University of Calgary, Canada<\/p>\n<\/div>\n\n<div class=\"wp-block-comment-reply-link has-small-font-size\"><a rel=\"nofollow\" class=\"comment-reply-link\" href=\"https:\/\/wp.unil.ch\/geoblog\/en\/a-tribute-to-jean-bernard-racine\/?replytocom=61932#respond\" data-commentid=\"61932\" data-postid=\"14233\" data-belowelement=\"comment-61932\" data-respondelement=\"respond\" data-replyto=\"Reply to Wayne Davies\" aria-label=\"Reply to Wayne Davies\">Reply<\/a><\/div><\/div>\n<\/div>\n\n<\/li><li id=\"comment-61823\" class=\"comment even thread-even depth-1\">\n\n<div class=\"wp-block-columns is-layout-flex wp-container-core-columns-is-layout-28f84493 wp-block-columns-is-layout-flex\">\n<div class=\"wp-block-column is-layout-flow wp-block-column-is-layout-flow\" style=\"flex-basis:40px\"><div class=\"wp-block-avatar\">  <\/div><\/div>\n\n\n\n<div class=\"wp-block-column is-layout-flow wp-block-column-is-layout-flow\"><div class=\"wp-block-comment-author-name has-small-font-size\">Markus Hesse<\/div>\n\n\n<div class=\"wp-block-group is-layout-flex wp-block-group-is-layout-flex\" style=\"margin-top:0px;margin-bottom:0px\"><div class=\"wp-block-comment-date has-small-font-size\"><time datetime=\"2026-03-30T10:53:06+02:00\"><a href=\"https:\/\/wp.unil.ch\/geoblog\/en\/a-tribute-to-jean-bernard-racine\/#comment-61823\">30 March 2026<\/a><\/time><\/div>\n\n<\/div>\n\n\n<div class=\"wp-block-comment-content\"><p>I probably recall the same Urban Commission meetings as Niamh. Like her, I found that discussing the problems and prospects of cities and urban development with him was always hugely insightful and enjoyable. Although we didn&#8217;t have that many personal encounters, we will always remember this gentle man in the best sense of the word. He will never be forgotten. R.I.P.<\/p>\n<\/div>\n\n<div class=\"wp-block-comment-reply-link has-small-font-size\"><a rel=\"nofollow\" class=\"comment-reply-link\" href=\"https:\/\/wp.unil.ch\/geoblog\/en\/a-tribute-to-jean-bernard-racine\/?replytocom=61823#respond\" data-commentid=\"61823\" data-postid=\"14233\" data-belowelement=\"comment-61823\" data-respondelement=\"respond\" data-replyto=\"Reply to Markus Hesse\" aria-label=\"Reply to Markus Hesse\">Reply<\/a><\/div><\/div>\n<\/div>\n\n<\/li><li id=\"comment-61801\" class=\"comment odd alt thread-odd thread-alt depth-1\">\n\n<div class=\"wp-block-columns is-layout-flex wp-container-core-columns-is-layout-28f84493 wp-block-columns-is-layout-flex\">\n<div class=\"wp-block-column is-layout-flow wp-block-column-is-layout-flow\" style=\"flex-basis:40px\"><div class=\"wp-block-avatar\">  <\/div><\/div>\n\n\n\n<div class=\"wp-block-column is-layout-flow wp-block-column-is-layout-flow\"><div class=\"wp-block-comment-author-name has-small-font-size\">Niamh Moore-Cherry<\/div>\n\n\n<div class=\"wp-block-group is-layout-flex wp-block-group-is-layout-flex\" style=\"margin-top:0px;margin-bottom:0px\"><div class=\"wp-block-comment-date has-small-font-size\"><time datetime=\"2026-03-29T12:53:24+02:00\"><a href=\"https:\/\/wp.unil.ch\/geoblog\/en\/a-tribute-to-jean-bernard-racine\/#comment-61801\">29 March 2026<\/a><\/time><\/div>\n\n<\/div>\n\n\n<div class=\"wp-block-comment-content\"><p>I only met Jean-Bernard twice at Urban Commission meetings but he was incredibly warm, jolly and welcoming. His humanity was so evident and he wore his incredible intellectual capacity very lightly. His contributions were so significant in bridging Anglo and Francophone geography communities and traditions. A generous spirit, I hope that generosity is returned now to his family and that you feel the warmth and support of an international, intellectual community that has lost a gentle guide. Ar Dheis D\u00e9 go raibh a anam d\u00edlis [An Irish blessing that he may rest in peace].<\/p>\n<\/div>\n\n<div class=\"wp-block-comment-reply-link has-small-font-size\"><a rel=\"nofollow\" class=\"comment-reply-link\" href=\"https:\/\/wp.unil.ch\/geoblog\/en\/a-tribute-to-jean-bernard-racine\/?replytocom=61801#respond\" data-commentid=\"61801\" data-postid=\"14233\" data-belowelement=\"comment-61801\" data-respondelement=\"respond\" data-replyto=\"Reply to Niamh Moore-Cherry\" aria-label=\"Reply to Niamh Moore-Cherry\">Reply<\/a><\/div><\/div>\n<\/div>\n\n<\/li><li id=\"comment-61761\" class=\"comment even thread-even depth-1\">\n\n<div class=\"wp-block-columns is-layout-flex wp-container-core-columns-is-layout-28f84493 wp-block-columns-is-layout-flex\">\n<div class=\"wp-block-column is-layout-flow wp-block-column-is-layout-flow\" style=\"flex-basis:40px\"><div class=\"wp-block-avatar\">  <\/div><\/div>\n\n\n\n<div class=\"wp-block-column is-layout-flow wp-block-column-is-layout-flow\"><div class=\"wp-block-comment-author-name has-small-font-size\">Rowland Nwekeson<\/div>\n\n\n<div class=\"wp-block-group is-layout-flex wp-block-group-is-layout-flex\" style=\"margin-top:0px;margin-bottom:0px\"><div class=\"wp-block-comment-date has-small-font-size\"><time datetime=\"2026-03-26T21:26:03+01:00\"><a href=\"https:\/\/wp.unil.ch\/geoblog\/en\/a-tribute-to-jean-bernard-racine\/#comment-61761\">26 March 2026<\/a><\/time><\/div>\n\n<\/div>\n\n\n<div class=\"wp-block-comment-content\"><p>J-B. You embody the place of Geography in our world today and your contributions will define not only the regions you touched but to the ends of the earth.<br \/>\nMy prayers are with your family as well as our  as Geographers that we will find meaning in this defining moment.<\/p>\n<\/div>\n\n<div class=\"wp-block-comment-reply-link has-small-font-size\"><a rel=\"nofollow\" class=\"comment-reply-link\" href=\"https:\/\/wp.unil.ch\/geoblog\/en\/a-tribute-to-jean-bernard-racine\/?replytocom=61761#respond\" data-commentid=\"61761\" data-postid=\"14233\" data-belowelement=\"comment-61761\" data-respondelement=\"respond\" data-replyto=\"Reply to Rowland Nwekeson\" aria-label=\"Reply to Rowland Nwekeson\">Reply<\/a><\/div><\/div>\n<\/div>\n\n<\/li><li id=\"comment-61754\" class=\"comment odd alt thread-odd thread-alt depth-1\">\n\n<div class=\"wp-block-columns is-layout-flex wp-container-core-columns-is-layout-28f84493 wp-block-columns-is-layout-flex\">\n<div class=\"wp-block-column is-layout-flow wp-block-column-is-layout-flow\" style=\"flex-basis:40px\"><div class=\"wp-block-avatar\">  <\/div><\/div>\n\n\n\n<div class=\"wp-block-column is-layout-flow wp-block-column-is-layout-flow\"><div class=\"wp-block-comment-author-name has-small-font-size\">Larry Bourne<\/div>\n\n\n<div class=\"wp-block-group is-layout-flex wp-block-group-is-layout-flex\" style=\"margin-top:0px;margin-bottom:0px\"><div class=\"wp-block-comment-date has-small-font-size\"><time datetime=\"2026-03-26T19:13:18+01:00\"><a href=\"https:\/\/wp.unil.ch\/geoblog\/en\/a-tribute-to-jean-bernard-racine\/#comment-61754\">26 March 2026<\/a><\/time><\/div>\n\n<\/div>\n\n\n<div class=\"wp-block-comment-content\"><p>Jean-Bernard (who we knew as J-B) was an exceptional scholar, a lively personality, a valued colleague and a dear friend. In addition to his immense academic contributions, he was a warm and very generous person.<br \/>\nWe were fortunate to enjoy his company over many decades, notably through the activities of the IGU Urban Commission. We also visited J-B and his family in Lausanne, and they in turn have stayed with us in Toronto.<br \/>\nWe will miss him, and our frequent telephone exchanges, but he will never be forgotten.<br \/>\nLarry and Paula Bourne<br \/>\nUniversity of Toronto<\/p>\n<\/div>\n\n<div class=\"wp-block-comment-reply-link has-small-font-size\"><a rel=\"nofollow\" class=\"comment-reply-link\" href=\"https:\/\/wp.unil.ch\/geoblog\/en\/a-tribute-to-jean-bernard-racine\/?replytocom=61754#respond\" data-commentid=\"61754\" data-postid=\"14233\" data-belowelement=\"comment-61754\" data-respondelement=\"respond\" data-replyto=\"Reply to Larry Bourne\" aria-label=\"Reply to Larry Bourne\">Reply<\/a><\/div><\/div>\n<\/div>\n\n<\/li><\/ol>\n\n\n\n\t<div id=\"respond\" class=\"comment-respond wp-block-post-comments-form\">\n\t\t<h3 id=\"reply-title\" class=\"comment-reply-title\">Leave a Reply <small><a rel=\"nofollow\" id=\"cancel-comment-reply-link\" href=\"\/geoblog\/en\/wp-json\/wp\/v2\/pages\/14233#respond\" style=\"display:none;\">Cancel reply<\/a><\/small><\/h3><form action=\"https:\/\/wp.unil.ch\/geoblog\/wp-comments-post.php\" method=\"post\" id=\"commentform\" class=\"comment-form\"><p class=\"comment-notes\"><span id=\"email-notes\">Your email address will not be published.<\/span> <span class=\"required-field-message\">Required fields are marked <span class=\"required\">*<\/span><\/span><\/p><p class=\"comment-form-comment\"><label for=\"comment\">Comment <span class=\"required\">*<\/span><\/label> <textarea id=\"comment\" name=\"comment\" cols=\"45\" rows=\"8\" maxlength=\"65525\" required><\/textarea><\/p><input name=\"wpml_language_code\" type=\"hidden\" value=\"en\" \/><p class=\"comment-form-author\"><label for=\"author\">Name <span class=\"required\">*<\/span><\/label> <input id=\"author\" name=\"author\" type=\"text\" value=\"\" size=\"30\" maxlength=\"245\" autocomplete=\"name\" required \/><\/p>\n<p class=\"comment-form-email\"><label for=\"email\">Email <span class=\"required\">*<\/span><\/label> <input id=\"email\" name=\"email\" type=\"email\" value=\"\" size=\"30\" maxlength=\"100\" aria-describedby=\"email-notes\" autocomplete=\"email\" required \/><\/p>\n<p class=\"form-submit wp-block-button\"><input name=\"submit\" type=\"submit\" id=\"submit\" class=\"wp-block-button__link wp-element-button\" value=\"Post Comment\" \/> <input type='hidden' name='comment_post_ID' value='14233' id='comment_post_ID' \/>\n<input type='hidden' name='comment_parent' id='comment_parent' value='0' \/>\n<\/p><p style=\"display: none;\"><input type=\"hidden\" id=\"akismet_comment_nonce\" name=\"akismet_comment_nonce\" value=\"f102b27f35\" \/><\/p><p style=\"display: none !important;\" class=\"akismet-fields-container\" data-prefix=\"ak_\"><label>&#916;<textarea name=\"ak_hp_textarea\" cols=\"45\" rows=\"8\" maxlength=\"100\"><\/textarea><\/label><input type=\"hidden\" id=\"ak_js_1\" name=\"ak_js\" value=\"68\"\/><script>document.getElementById( \"ak_js_1\" ).setAttribute( \"value\", ( new Date() ).getTime() );<\/script><\/p><\/form>\t<\/div><!-- #respond -->\n\t<\/div>\n","protected":false},"excerpt":{"rendered":"<p>It is with deep sadness that our Faculty has learnt of the passing of our colleague and dear friend, Prof. Jean-Bernard Racine, on 23 March 2026. He will forever remain a leading figure at the Institute of Geography at the University of Lausanne. Biography of Jean-Bernard Racine You can pay your tribute below.<\/p>\n","protected":false},"author":47,"featured_media":0,"parent":0,"menu_order":0,"comment_status":"open","ping_status":"closed","template":"","meta":{"_seopress_robots_primary_cat":"","_seopress_titles_title":"","_seopress_titles_desc":"","_seopress_robots_index":"","footnotes":"","_links_to":"","_links_to_target":""},"class_list":["post-14233","page","type-page","status-publish"],"_links":{"self":[{"href":"https:\/\/wp.unil.ch\/geoblog\/en\/wp-json\/wp\/v2\/pages\/14233","targetHints":{"allow":["GET"]}}],"collection":[{"href":"https:\/\/wp.unil.ch\/geoblog\/en\/wp-json\/wp\/v2\/pages"}],"about":[{"href":"https:\/\/wp.unil.ch\/geoblog\/en\/wp-json\/wp\/v2\/types\/page"}],"author":[{"embeddable":true,"href":"https:\/\/wp.unil.ch\/geoblog\/en\/wp-json\/wp\/v2\/users\/47"}],"replies":[{"embeddable":true,"href":"https:\/\/wp.unil.ch\/geoblog\/en\/wp-json\/wp\/v2\/comments?post=14233"}],"version-history":[{"count":4,"href":"https:\/\/wp.unil.ch\/geoblog\/en\/wp-json\/wp\/v2\/pages\/14233\/revisions"}],"predecessor-version":[{"id":14241,"href":"https:\/\/wp.unil.ch\/geoblog\/en\/wp-json\/wp\/v2\/pages\/14233\/revisions\/14241"}],"wp:attachment":[{"href":"https:\/\/wp.unil.ch\/geoblog\/en\/wp-json\/wp\/v2\/media?parent=14233"}],"curies":[{"name":"wp","href":"https:\/\/api.w.org\/{rel}","templated":true}]}}