{"id":294,"date":"2026-04-09T11:43:21","date_gmt":"2026-04-09T09:43:21","guid":{"rendered":"https:\/\/wp.unil.ch\/genfam\/?page_id=294"},"modified":"2026-04-09T11:43:21","modified_gmt":"2026-04-09T09:43:21","slug":"nuria-sanchez-mira","status":"publish","type":"page","link":"https:\/\/wp.unil.ch\/genfam\/team\/nuria-sanchez-mira\/","title":{"rendered":"N\u00faria S\u00e1nchez Mira"},"content":{"rendered":"\n<div class=\"wp-block-columns is-layout-flex wp-container-core-columns-is-layout-28f84493 wp-block-columns-is-layout-flex\">\n<div class=\"wp-block-column is-layout-flow wp-block-column-is-layout-flow\">\n<figure class=\"wp-block-image aligncenter size-large is-resized is-style-rounded\"><img loading=\"lazy\" decoding=\"async\" width=\"801\" height=\"802\" src=\"https:\/\/wp.unil.ch\/genfam\/files\/2026\/03\/sanchez_nuria-03-1-2-edited.jpg\" alt=\"sanchez nuria 03 1\" class=\"wp-image-296\" style=\"aspect-ratio:0.9987660593743195;object-fit:cover;width:300px\" srcset=\"https:\/\/wp.unil.ch\/genfam\/files\/2026\/03\/sanchez_nuria-03-1-2-edited.jpg 801w, https:\/\/wp.unil.ch\/genfam\/files\/2026\/03\/sanchez_nuria-03-1-2-edited-300x300.jpg 300w, https:\/\/wp.unil.ch\/genfam\/files\/2026\/03\/sanchez_nuria-03-1-2-edited-150x150.jpg 150w, https:\/\/wp.unil.ch\/genfam\/files\/2026\/03\/sanchez_nuria-03-1-2-edited-768x769.jpg 768w\" sizes=\"auto, (max-width: 801px) 100vw, 801px\" \/><\/figure>\n<\/div>\n<\/div>\n\n\n\n<p>N\u00faria S\u00e1nchez-Mira&nbsp;is Professor of Sociology at University of Neuch\u00e2tel (Switzerland). Her research focuses on gender inequalities at the work\u2013family interface and across the life course, using quantitative, qualitative, and mixed-methods approaches. She has worked on the gendered impacts of crises on labour markets and household divisions of labour, precarious work in female-dominated sectors, and the digital transformation of work. She currently serves as Co-Editor-in-Chief of the Swiss Journal of Sociology.<\/p>\n\n\n\n<p><em>Within GenFam N\u00faria S\u00e1nchez-Mira works on <\/em><em>Family structures, relationships, and well-being<\/em>.<\/p>\n\n\n\n<div class=\"wp-block-buttons is-content-justification-center is-layout-flex wp-container-core-buttons-is-layout-a89b3969 wp-block-buttons-is-layout-flex\">\n<div class=\"wp-block-button\"><a class=\"wp-block-button__link wp-element-button\" href=\"https:\/\/www.unine.ch\/socio\/biographie\/nuria-sanchez-mira\">Website<\/a><\/div>\n<\/div>\n\n\n\n<p><\/p>\n","protected":false},"excerpt":{"rendered":"<p>N\u00faria S\u00e1nchez-Mira&nbsp;is Professor of Sociology at University of Neuch\u00e2tel (Switzerland). Her research focuses on gender inequalities at the work\u2013family interface and across the life course, using quantitative, qualitative, and mixed-methods approaches. She has worked on the gendered impacts of crises on labour markets and household divisions of labour, precarious work in female-dominated sectors, and the [&hellip;]<\/p>\n","protected":false},"author":1003106,"featured_media":0,"parent":224,"menu_order":0,"comment_status":"closed","ping_status":"closed","template":"","meta":{"_seopress_robots_primary_cat":"","_seopress_titles_title":"","_seopress_titles_desc":"","_seopress_robots_index":"","footnotes":""},"class_list":["post-294","page","type-page","status-publish"],"_links":{"self":[{"href":"https:\/\/wp.unil.ch\/genfam\/wp-json\/wp\/v2\/pages\/294","targetHints":{"allow":["GET"]}}],"collection":[{"href":"https:\/\/wp.unil.ch\/genfam\/wp-json\/wp\/v2\/pages"}],"about":[{"href":"https:\/\/wp.unil.ch\/genfam\/wp-json\/wp\/v2\/types\/page"}],"author":[{"embeddable":true,"href":"https:\/\/wp.unil.ch\/genfam\/wp-json\/wp\/v2\/users\/1003106"}],"replies":[{"embeddable":true,"href":"https:\/\/wp.unil.ch\/genfam\/wp-json\/wp\/v2\/comments?post=294"}],"version-history":[{"count":5,"href":"https:\/\/wp.unil.ch\/genfam\/wp-json\/wp\/v2\/pages\/294\/revisions"}],"predecessor-version":[{"id":446,"href":"https:\/\/wp.unil.ch\/genfam\/wp-json\/wp\/v2\/pages\/294\/revisions\/446"}],"up":[{"embeddable":true,"href":"https:\/\/wp.unil.ch\/genfam\/wp-json\/wp\/v2\/pages\/224"}],"wp:attachment":[{"href":"https:\/\/wp.unil.ch\/genfam\/wp-json\/wp\/v2\/media?parent=294"}],"curies":[{"name":"wp","href":"https:\/\/api.w.org\/{rel}","templated":true}]}}