{"id":229,"date":"2013-06-24T17:10:10","date_gmt":"2013-06-24T15:10:10","guid":{"rendered":"http:\/\/wp.unil.ch\/geldnerlab\/?page_id=229"},"modified":"2025-02-20T16:10:43","modified_gmt":"2025-02-20T15:10:43","slug":"the-geldner-lab-in-the-press","status":"publish","type":"page","link":"https:\/\/wp.unil.ch\/geldnerlab\/the-geldner-lab-in-the-press\/","title":{"rendered":"In the Press"},"content":{"rendered":"\n<div class=\"wp-block-media-text is-stacked-on-mobile\" style=\"grid-template-columns:41% auto\"><figure class=\"wp-block-media-text__media\"><img alt=\"\" loading=\"lazy\" decoding=\"async\" width=\"960\" height=\"384\" src=\"https:\/\/wp.unil.ch\/geldnerlab\/files\/2025\/02\/m2xkfb-28796080.jpg\" alt=\"\" class=\"wp-image-1674 size-full\" srcset=\"https:\/\/wp.unil.ch\/geldnerlab\/files\/2025\/02\/m2xkfb-28796080.jpg 960w, https:\/\/wp.unil.ch\/geldnerlab\/files\/2025\/02\/m2xkfb-28796080-300x120.jpg 300w, https:\/\/wp.unil.ch\/geldnerlab\/files\/2025\/02\/m2xkfb-28796080-768x307.jpg 768w\" sizes=\"auto, (max-width: 960px) 100vw, 960px\" \/><\/figure><div class=\"wp-block-media-text__content\">\n<p><a href=\"https:\/\/www.rts.ch\/audio-podcast\/2025\/audio\/la-cryonanosims-une-machine-qui-permet-d-observer-les-elements-chimiques-d-une-cellule-28796082.html\" data-type=\"link\" data-id=\"https:\/\/www.rts.ch\/audio-podcast\/2025\/audio\/la-cryonanosims-une-machine-qui-permet-d-observer-les-elements-chimiques-d-une-cellule-28796082.html\" target=\"_blank\" rel=\"noreferrer noopener\"><strong>&#8220;La CryoNanoSIMS, une machine qui permet d\u02b9observer les \u00e9l\u00e9ments chimiques d&#8217;une cellule&#8221;, RTS -CQFD &#8211; Feb 2025 (in French)<\/strong><\/a><\/p>\n<\/div><\/div>\n\n\n\n<p><\/p>\n\n\n\n<p><\/p>\n\n\n\n<p><\/p>\n\n\n\n<p><\/p>\n\n\n\n<div class=\"wp-block-media-text is-stacked-on-mobile\" style=\"grid-template-columns:41% auto\"><figure class=\"wp-block-media-text__media\"><img alt=\"\" loading=\"lazy\" decoding=\"async\" width=\"1015\" height=\"491\" src=\"https:\/\/wp.unil.ch\/geldnerlab\/files\/2020\/03\/Capture-d\u2019\u00e9cran-12.png\" alt=\"\" class=\"wp-image-1151 size-full\" srcset=\"https:\/\/wp.unil.ch\/geldnerlab\/files\/2020\/03\/Capture-d\u2019\u00e9cran-12.png 1015w, https:\/\/wp.unil.ch\/geldnerlab\/files\/2020\/03\/Capture-d\u2019\u00e9cran-12-300x145.png 300w, https:\/\/wp.unil.ch\/geldnerlab\/files\/2020\/03\/Capture-d\u2019\u00e9cran-12-768x372.png 768w\" sizes=\"auto, (max-width: 1015px) 100vw, 1015px\" \/><\/figure><div class=\"wp-block-media-text__content\">\n<p><strong><a href=\"https:\/\/www.rts.ch\/play\/radio\/cqfd\/audio\/plantes-et-microbiotes-amis-ou-ennemis?id=11039363\" target=\"_blank\" rel=\"noopener noreferrer\">&#8220;Plantes et microbiotes: amis ou ennemis?&#8221; RTS &#8211; radio la 1\u00e8re &#8211; CQFD &#8211; Feb 2020 (in French)<\/a><\/strong><\/p>\n<\/div><\/div>\n\n\n\n<p class=\"has-text-align-left\"><\/p>\n\n\n\n<p><\/p>\n\n\n\n<p><\/p>\n\n\n\n<p class=\"has-text-align-left\"><\/p>\n\n\n\n<div class=\"wp-block-media-text is-stacked-on-mobile\" style=\"grid-template-columns:42% auto\"><figure class=\"wp-block-media-text__media\"><img alt=\"\" loading=\"lazy\" decoding=\"async\" width=\"1024\" height=\"427\" src=\"https:\/\/wp.unil.ch\/geldnerlab\/files\/2020\/03\/Capture-d\u2019\u00e9cran-19-1024x427.png\" alt=\"\" class=\"wp-image-1149 size-full\" srcset=\"https:\/\/wp.unil.ch\/geldnerlab\/files\/2020\/03\/Capture-d\u2019\u00e9cran-19-1024x427.png 1024w, https:\/\/wp.unil.ch\/geldnerlab\/files\/2020\/03\/Capture-d\u2019\u00e9cran-19-300x125.png 300w, https:\/\/wp.unil.ch\/geldnerlab\/files\/2020\/03\/Capture-d\u2019\u00e9cran-19-768x320.png 768w, https:\/\/wp.unil.ch\/geldnerlab\/files\/2020\/03\/Capture-d\u2019\u00e9cran-19-1536x640.png 1536w, https:\/\/wp.unil.ch\/geldnerlab\/files\/2020\/03\/Capture-d\u2019\u00e9cran-19-720x300.png 720w, https:\/\/wp.unil.ch\/geldnerlab\/files\/2020\/03\/Capture-d\u2019\u00e9cran-19.png 1660w\" sizes=\"auto, (max-width: 1024px) 100vw, 1024px\" \/><\/figure><div class=\"wp-block-media-text__content\">\n<p><a href=\"https:\/\/www.rts.ch\/la-1ere\/programmes\/cqfd\/9374515-survie-des-plantes-comment-se-protegentelles-tout-en-echangeant-avec-lexterieur-15-03-2018.html?mediaShare=1\" target=\"_blank\" rel=\"noopener noreferrer\"><strong>&#8220;Survie des plantes: Comment se prot\u00e8gent-elles tout en \u00e9changeant avec l&#8217;ext\u00e9rieur?&#8221; RTS \u2013 radio la 1\u00e8re &#8211; CQFD; March 2018 (In French)<\/strong><\/a><\/p>\n<\/div><\/div>\n\n\n\n<p><\/p>\n\n\n\n<p><\/p>\n\n\n\n<p><\/p>\n\n\n\n<div class=\"wp-block-media-text is-stacked-on-mobile\" style=\"grid-template-columns:42% auto\"><figure class=\"wp-block-media-text__media\"><img alt=\"\" loading=\"lazy\" decoding=\"async\" width=\"972\" height=\"644\" src=\"https:\/\/wp.unil.ch\/geldnerlab\/files\/2020\/03\/Capture-d\u2019\u00e9cran-17.png\" alt=\"\" class=\"wp-image-1148 size-full\" srcset=\"https:\/\/wp.unil.ch\/geldnerlab\/files\/2020\/03\/Capture-d\u2019\u00e9cran-17.png 972w, https:\/\/wp.unil.ch\/geldnerlab\/files\/2020\/03\/Capture-d\u2019\u00e9cran-17-300x199.png 300w, https:\/\/wp.unil.ch\/geldnerlab\/files\/2020\/03\/Capture-d\u2019\u00e9cran-17-768x509.png 768w\" sizes=\"auto, (max-width: 972px) 100vw, 972px\" \/><\/figure><div class=\"wp-block-media-text__content\">\n<p><strong><a href=\"https:\/\/www.24heures.ch\/news\/news\/chercheurs-percent-secret-fenetres-plantes\/story\/12290179\">Article du 24 heures; Des chercheurs percent le secret des &#8220;fen\u00eatres&#8221; des plantes (in French) March 2018<\/a><\/strong><\/p>\n<\/div><\/div>\n\n\n\n<p class=\"has-text-align-left\"><a href=\"https:\/\/www.rts.ch\/la-1ere\/programmes\/cqfd\/9374515-survie-des-plantes-comment-se-protegentelles-tout-en-echangeant-avec-lexterieur-15-03-2018.html?mediaShare=1\" target=\"_blank\" rel=\"noopener noreferrer\"><br><\/a><\/p>\n\n\n\n<p><\/p>\n\n\n\n<p class=\"has-text-align-left\"><\/p>\n\n\n\n<div class=\"wp-block-media-text is-stacked-on-mobile\" style=\"grid-template-columns:42% auto\"><figure class=\"wp-block-media-text__media\"><img alt=\"\" loading=\"lazy\" decoding=\"async\" width=\"997\" height=\"552\" src=\"https:\/\/wp.unil.ch\/geldnerlab\/files\/2020\/03\/Capture-d\u2019\u00e9cran-9.png\" alt=\"\" class=\"wp-image-1145 size-full\" srcset=\"https:\/\/wp.unil.ch\/geldnerlab\/files\/2020\/03\/Capture-d\u2019\u00e9cran-9.png 997w, https:\/\/wp.unil.ch\/geldnerlab\/files\/2020\/03\/Capture-d\u2019\u00e9cran-9-300x166.png 300w, https:\/\/wp.unil.ch\/geldnerlab\/files\/2020\/03\/Capture-d\u2019\u00e9cran-9-768x425.png 768w\" sizes=\"auto, (max-width: 997px) 100vw, 997px\" \/><\/figure><div class=\"wp-block-media-text__content\">\n<p><a href=\"https:\/\/www.youtube.com\/watch?v=0LcKHrIvnu0\"><strong><a href=\"https:\/\/www.youtube.com\/watch?v=0LcKHrIvnu0\"><strong>L&#8217;UNIL d\u00e9couvre deux mol\u00e9cules qui garantissent l&#8217;\u00e9tanch\u00e9it\u00e9 des racines des plantes. Jan 2017 (in French)<\/strong><\/a><\/strong><\/a><\/p>\n<\/div><\/div>\n\n\n\n<p class=\"has-text-align-left\"><\/p>\n\n\n\n<p><\/p>\n\n\n\n<p><\/p>\n\n\n\n<div class=\"wp-block-media-text is-stacked-on-mobile\" style=\"grid-template-columns:43% auto\"><figure class=\"wp-block-media-text__media\"><img alt=\"\" loading=\"lazy\" decoding=\"async\" width=\"474\" height=\"281\" src=\"https:\/\/wp.unil.ch\/geldnerlab\/files\/2018\/04\/blick.jpg\" alt=\"\" class=\"wp-image-736 size-full\" srcset=\"https:\/\/wp.unil.ch\/geldnerlab\/files\/2018\/04\/blick.jpg 474w, https:\/\/wp.unil.ch\/geldnerlab\/files\/2018\/04\/blick-300x178.jpg 300w\" sizes=\"auto, (max-width: 474px) 100vw, 474px\" \/><\/figure><div class=\"wp-block-media-text__content\">\n<p><a href=\"https:\/\/www.blick.ch\/news\/wirtschaft\/biologie-pflanzen-koennen-die-durchlaessigkeit-ihrer-wurzeln-kontrollieren-id4560084.html\" target=\"_blank\" rel=\"noopener noreferrer\"><strong>Pflanzen k\u00f6nnen die Durchl\u00e4ssigkeit ihrer Wurzeln kontrollieren; &#8211; Jan 2016 <\/strong><\/a><strong>(in German)<\/strong><\/p>\n<\/div><\/div>\n\n\n\n<p class=\"has-text-align-left\"><\/p>\n\n\n\n<p><\/p>\n\n\n\n<p><\/p>\n\n\n\n<p class=\"has-text-align-left\"><\/p>\n\n\n\n<div class=\"wp-block-media-text is-stacked-on-mobile\" style=\"grid-template-columns:41% auto\"><figure class=\"wp-block-media-text__media\"><img alt=\"\" loading=\"lazy\" decoding=\"async\" width=\"560\" height=\"319\" src=\"https:\/\/wp.unil.ch\/geldnerlab\/files\/2020\/03\/Capture-d\u2019\u00e9cran-21.png\" alt=\"\" class=\"wp-image-1156 size-full\" srcset=\"https:\/\/wp.unil.ch\/geldnerlab\/files\/2020\/03\/Capture-d\u2019\u00e9cran-21.png 560w, https:\/\/wp.unil.ch\/geldnerlab\/files\/2020\/03\/Capture-d\u2019\u00e9cran-21-300x171.png 300w\" sizes=\"auto, (max-width: 560px) 100vw, 560px\" \/><\/figure><div class=\"wp-block-media-text__content\">\n<p><strong><a href=\"https:\/\/www.rts.ch\/play\/radio\/cqfd\/audio\/ladaptation-des-racines-des-plantes?id=7382001&amp;station=a9e7621504c6959e35c3ecbe7f6bed0446cdf8da\" target=\"_blank\" rel=\"noopener noreferrer\">&#8220;L&#8217;adaptation des racines des plantes&#8221; <\/a><a href=\"https:\/\/www.rts.ch\/la-1ere\/programmes\/cqfd\/9374515-survie-des-plantes-comment-se-protegentelles-tout-en-echangeant-avec-lexterieur-15-03-2018.html?mediaShare=1\">RTS \u2013 radio la 1\u00e8re &#8211; CQFD<\/a><a href=\"https:\/\/www.rts.ch\/play\/radio\/cqfd\/audio\/ladaptation-des-racines-des-plantes?id=7382001&amp;station=a9e7621504c6959e35c3ecbe7f6bed0446cdf8da\"> &#8211; Jan 2016 (in French)<\/a><\/strong><\/p>\n<\/div><\/div>\n\n\n\n<p class=\"has-text-align-left\"><\/p>\n\n\n\n<p><\/p>\n\n\n\n<p class=\"has-text-align-left\"><\/p>\n\n\n\n<div class=\"wp-block-media-text is-stacked-on-mobile\" style=\"grid-template-columns:42% auto\"><figure class=\"wp-block-media-text__media\"><img alt=\"\" loading=\"lazy\" decoding=\"async\" width=\"1020\" height=\"554\" src=\"https:\/\/wp.unil.ch\/geldnerlab\/files\/2020\/03\/Capture-d\u2019\u00e9cran-10.png\" alt=\"\" class=\"wp-image-1146 size-full\" srcset=\"https:\/\/wp.unil.ch\/geldnerlab\/files\/2020\/03\/Capture-d\u2019\u00e9cran-10.png 1020w, https:\/\/wp.unil.ch\/geldnerlab\/files\/2020\/03\/Capture-d\u2019\u00e9cran-10-300x163.png 300w, https:\/\/wp.unil.ch\/geldnerlab\/files\/2020\/03\/Capture-d\u2019\u00e9cran-10-768x417.png 768w\" sizes=\"auto, (max-width: 1020px) 100vw, 1020px\" \/><\/figure><div class=\"wp-block-media-text__content\">\n<p><strong><a href=\"https:\/\/www.youtube.com\/watch?v=jaw0Pq2nEPI\">Annual Reviews Conversations: a lecture in Plant Biology: The Endodermis- Jan 2014<\/a><\/strong><\/p>\n<\/div><\/div>\n\n\n\n<p class=\"has-text-align-left\"><\/p>\n\n\n\n<p class=\"has-text-align-left\"><strong>&nbsp;<\/strong><\/p>\n\n\n\n<p class=\"has-text-align-left\"><\/p>\n\n\n\n<div class=\"wp-block-media-text is-stacked-on-mobile\" style=\"grid-template-columns:42% auto\"><figure class=\"wp-block-media-text__media\"><img alt=\"\" loading=\"lazy\" decoding=\"async\" width=\"635\" height=\"388\" src=\"https:\/\/wp.unil.ch\/geldnerlab\/files\/2013\/06\/Captura-de-pantalla-2013-06-25-a-las-16.48.53.png\" alt=\"\" class=\"wp-image-282 size-full\" srcset=\"https:\/\/wp.unil.ch\/geldnerlab\/files\/2013\/06\/Captura-de-pantalla-2013-06-25-a-las-16.48.53.png 635w, https:\/\/wp.unil.ch\/geldnerlab\/files\/2013\/06\/Captura-de-pantalla-2013-06-25-a-las-16.48.53-300x183.png 300w, https:\/\/wp.unil.ch\/geldnerlab\/files\/2013\/06\/Captura-de-pantalla-2013-06-25-a-las-16.48.53-490x300.png 490w\" sizes=\"auto, (max-width: 635px) 100vw, 635px\" \/><\/figure><div class=\"wp-block-media-text__content\">\n<p><a href=\"https:\/\/www.youtube.com\/watch?v=RfwdMipVjy4\" target=\"_blank\" rel=\"noopener noreferrer\"><strong>Within the Roots of Plants &#8211;&nbsp;FP7 project &#8211; European Research Council (ERC) &#8211; July, 2012<\/strong><\/a><\/p>\n<\/div><\/div>\n\n\n\n<p class=\"has-text-align-left\"><\/p>\n\n\n\n<p class=\"has-text-align-left\"><\/p>\n\n\n\n<p class=\"has-text-align-left\"><\/p>\n\n\n\n<div class=\"wp-block-media-text is-stacked-on-mobile\" style=\"grid-template-columns:42% auto\"><figure class=\"wp-block-media-text__media\"><img alt=\"\" loading=\"lazy\" decoding=\"async\" width=\"1024\" height=\"577\" src=\"https:\/\/wp.unil.ch\/geldnerlab\/files\/2018\/04\/Capture-d\u2019e\u0301cran-2018-04-05-a\u0300-13.58.34-1024x577.png\" alt=\"\" class=\"wp-image-750 size-full\" srcset=\"https:\/\/wp.unil.ch\/geldnerlab\/files\/2018\/04\/Capture-d\u2019e\u0301cran-2018-04-05-a\u0300-13.58.34-1024x577.png 1024w, https:\/\/wp.unil.ch\/geldnerlab\/files\/2018\/04\/Capture-d\u2019e\u0301cran-2018-04-05-a\u0300-13.58.34-300x169.png 300w, https:\/\/wp.unil.ch\/geldnerlab\/files\/2018\/04\/Capture-d\u2019e\u0301cran-2018-04-05-a\u0300-13.58.34-768x433.png 768w, https:\/\/wp.unil.ch\/geldnerlab\/files\/2018\/04\/Capture-d\u2019e\u0301cran-2018-04-05-a\u0300-13.58.34-500x282.png 500w, https:\/\/wp.unil.ch\/geldnerlab\/files\/2018\/04\/Capture-d\u2019e\u0301cran-2018-04-05-a\u0300-13.58.34.png 1594w\" sizes=\"auto, (max-width: 1024px) 100vw, 1024px\" \/><\/figure><div class=\"wp-block-media-text__content\">\n<p><a href=\"https:\/\/www.rts.ch\/video\/info\/journal-19h30\/3201554-des-chercheurs-de-l-universite-de-lausanne-ont-decouvert-comment-les-plantes-filtrent-leur-nourriture.html\" target=\"_blank\" rel=\"noopener noreferrer\"><strong>Journal RTS &#8211; June, 2011 (In French)<\/strong><\/a><\/p>\n<\/div><\/div>\n\n\n\n<p><\/p>\n\n\n\n<p class=\"has-text-align-left\"><\/p>\n","protected":false},"excerpt":{"rendered":"<p>&#8220;La CryoNanoSIMS, une machine qui permet d\u02b9observer les \u00e9l\u00e9ments chimiques d&#8217;une cellule&#8221;, RTS -CQFD &#8211; Feb 2025 (in French) &#8220;Plantes et microbiotes: amis ou ennemis?&#8221; RTS &#8211; radio la 1\u00e8re &hellip; <\/p>\n","protected":false},"author":108,"featured_media":0,"parent":0,"menu_order":5,"comment_status":"closed","ping_status":"closed","template":"","meta":{"_seopress_robots_primary_cat":"","_seopress_titles_title":"","_seopress_titles_desc":"","_seopress_robots_index":"","footnotes":""},"class_list":["post-229","page","type-page","status-publish"],"_links":{"self":[{"href":"https:\/\/wp.unil.ch\/geldnerlab\/wp-json\/wp\/v2\/pages\/229","targetHints":{"allow":["GET"]}}],"collection":[{"href":"https:\/\/wp.unil.ch\/geldnerlab\/wp-json\/wp\/v2\/pages"}],"about":[{"href":"https:\/\/wp.unil.ch\/geldnerlab\/wp-json\/wp\/v2\/types\/page"}],"author":[{"embeddable":true,"href":"https:\/\/wp.unil.ch\/geldnerlab\/wp-json\/wp\/v2\/users\/108"}],"replies":[{"embeddable":true,"href":"https:\/\/wp.unil.ch\/geldnerlab\/wp-json\/wp\/v2\/comments?post=229"}],"version-history":[{"count":4,"href":"https:\/\/wp.unil.ch\/geldnerlab\/wp-json\/wp\/v2\/pages\/229\/revisions"}],"predecessor-version":[{"id":1689,"href":"https:\/\/wp.unil.ch\/geldnerlab\/wp-json\/wp\/v2\/pages\/229\/revisions\/1689"}],"wp:attachment":[{"href":"https:\/\/wp.unil.ch\/geldnerlab\/wp-json\/wp\/v2\/media?parent=229"}],"curies":[{"name":"wp","href":"https:\/\/api.w.org\/{rel}","templated":true}]}}