{"id":214,"date":"2013-06-24T16:58:12","date_gmt":"2013-06-24T14:58:12","guid":{"rendered":"http:\/\/wp.unil.ch\/geldnerlab\/?page_id=214"},"modified":"2025-10-10T10:59:25","modified_gmt":"2025-10-10T08:59:25","slug":"our-papers","status":"publish","type":"page","link":"https:\/\/wp.unil.ch\/geldnerlab\/publications\/our-papers\/","title":{"rendered":"Our Papers"},"content":{"rendered":"\n<p class=\"has-text-align-center\"><strong>2025<\/strong><\/p>\n\n\n\n<p>Huei-Hsuan\u00a0Tsai, Yuanjie\u00a0Tang,\u00a0Lingmin\u00a0Jiang,\u00a0Xiaoyan\u00a0Xu\u00a0,Val\u00e9rie\u00a0D\u00e9nervaud Tendon,\u00a0Jia\u00a0Pang\u00a0,\u00a0Yanyan\u00a0Jia,\u00a0Kathrin\u00a0Wippel,\u00a0Jordan\u00a0Vacheron\u00a0,\u00a0Christoph\u00a0Keel,\u00a0Tonni<a href=\"https:\/\/www.science.org\/doi\/10.1126\/science.adu4235#con11\"> <\/a>Grube\u00a0Andersen,\u00a0Niko\u00a0Geldner, and\u00a0Feng\u00a0Zhou\u00a0<a href=\"https:\/\/www.science.org\/doi\/10.1126\/science.adu4235\" target=\"_blank\" rel=\"noreferrer noopener\"><strong>Localized glutamine leakage drives the spatial structure of root microbial colonization<\/strong><\/a>, <strong>Science,<\/strong> Vol\u00a0390,\u00a0Issue\u00a06768, 2025 Oct 2<\/p>\n\n\n\n<p>Anaxi Houbaert,\u00a0Val\u00e9rie Denervaud Tendon,\u00a0Lukas Hoermayer,\u00a0Nicholas Morffy,\u00a0Lucia C. Strader\u00a0&amp;\u00a0Niko Geldner.\u00a0<a href=\"https:\/\/www.nature.com\/articles\/s41467-025-61742-w\" target=\"_blank\" rel=\"noreferrer noopener\"><strong>Efficient, cell-type-specific production of flavonols by multiplexed CRISPR activation of a suite of metabolic enzymes<\/strong><\/a>, <strong>Nature Communications<\/strong>, Article\u00a0number:\u00a06559\u00a0(2025)\u00a016 July 2025<\/p>\n\n\n\n<p>Priya Ramakrishna,&nbsp;Francisco M. G\u00e1mez-Arjona,&nbsp;Etienne Bellani,&nbsp;Cristina Martin-Olmos,&nbsp;St\u00e9phane Escrig, Damien De Bellis,&nbsp;Anna De Luca,&nbsp;Jos\u00e9 M. Pardo,&nbsp;Francisco J. Quintero,&nbsp;Christel Genoud,&nbsp;Clara S\u00e1nchez-Rodriguez,&nbsp;Niko Geldner&nbsp;&amp;&nbsp;Anders Meibom. <a href=\"https:\/\/www.nature.com\/articles\/s41586-024-08403-y\" target=\"_blank\" rel=\"noreferrer noopener\"><strong>Elemental cryo-imaging reveals SOS1-dependent vacuolar sodium accumulation<\/strong><\/a>, <strong>Nature<\/strong>, 2025 Jan 15<\/p>\n\n\n\n<p class=\"has-text-align-center\"><strong>2024<\/strong><\/p>\n\n\n\n<p>Yan Ma,&nbsp;Isabelle Fl\u00fcckiger,&nbsp;Jade Nicolet,&nbsp;Jia Pang,&nbsp;Joe B. Dickinson,&nbsp;Damien De Bellis,&nbsp;Aur\u00e9lia Emonet,&nbsp;Satoshi Fujita&nbsp;&amp;&nbsp;Niko Geldner&nbsp;<strong><a href=\"https:\/\/www.nature.com\/articles\/s41477-024-01768-y\" target=\"_blank\" rel=\"noreferrer noopener\">Comparisons of two receptor-MAPK pathways in a single cell-type reveal mechanisms of signalling specificity<\/a>.<\/strong>&nbsp;<strong>Nat<\/strong>. <strong>Plants<\/strong>,10, 1343\u20131362 (2024).<\/p>\n\n\n\n<p>Min Cao,&nbsp;Matthieu Pierre Platre,&nbsp;Huei-Hsuan Tsai,&nbsp;Ling Zhang,&nbsp;Tatsuya Nobori,&nbsp;Laia Armengot,&nbsp;Yintong Chen,&nbsp;Wenrong He,&nbsp;Lukas Brent,&nbsp;Nuria S. Coll,&nbsp;Joseph R. Ecker,&nbsp;Niko Geldner&nbsp;&amp;&nbsp;Wolfgang Busch. <a href=\"https:\/\/www.nature.com\/articles\/s41586-023-06891-y#citeas\" target=\"_blank\" rel=\"noreferrer noopener\"><strong>Spatial IMA1 regulation restricts root iron acquisition on MAMP perception<\/strong>,<strong> <\/strong><\/a><strong>Nature 625<\/strong>,750\u2013759 (2024)<\/p>\n\n\n\n<p class=\"has-text-align-center\"><strong>2023<\/strong><\/p>\n\n\n\n<div class=\"wp-block-group\"><div class=\"wp-block-group__inner-container is-layout-constrained wp-block-group-is-layout-constrained\">\n<p>Barbosa ICR, De Bellis D, Fl\u00fcckiger I, Bellani E, Grang\u00e9-Guerment M, H\u00e9maty K, Geldner N.&nbsp;<strong><em>&nbsp;<a href=\"https:\/\/pubmed.ncbi.nlm.nih.gov\/36959183\/\" target=\"_blank\" rel=\"noreferrer noopener\">Directed growth and fusion of membrane-wall microdomains requires CASP-mediated inhibition and displacement of secretory foci<\/a>&nbsp; Nat commun. 2023 Mar 23; 14(1):1626.<\/em><\/strong><\/p>\n<\/div><\/div>\n\n\n\n<div class=\"wp-block-group\"><div class=\"wp-block-group__inner-container is-layout-constrained wp-block-group-is-layout-constrained\">\n<p class=\"has-text-align-center\"><strong>2022<\/strong><\/p>\n\n\n\n<p>Kolbeck A, Marhav\u00fd P, De Bellis D, Li B, Kamiya T, Fujiwara T, Kalmbach L, Geldner N.. <strong><a href=\"https:\/\/www.ncbi.nlm.nih.gov\/pubmed\/35029147\" target=\"_blank\" rel=\"noreferrer noopener\">CASP microdomain formation requires cross cell wall stabilization of domains and non-cell autonomous action of LOTR1.&nbsp; <\/a><\/strong><em><strong>Elife<\/strong><\/em><strong>.<\/strong> 2022 Jan 14. PMID: 35029147<\/p>\n\n\n\n<p>H\u00e9maty K, De Bellis D, Wang X, M\u00e4h\u00f6nen AP, Geldner N. <strong><a href=\"https:\/\/www.ncbi.nlm.nih.gov\/pubmed\/35099565\" target=\"_blank\" rel=\"noreferrer noopener\">Analysis of exocyst function in endodermis reveals its widespread contribution and specificity of action.&nbsp; <\/a><\/strong><em><strong>Plant Physiol.<\/strong><\/em>&nbsp;2022 Jan 31. PMID: 35099565<\/p>\n<\/div><\/div>\n\n\n\n<p>&nbsp;<\/p>\n\n\n\n<p class=\"has-text-align-center\"><strong><br>2021<\/strong><\/p>\n\n\n\n<p>Ursache R, Fujita S, D\u00e9nervaud Tendon V, Geldner N. <strong><a href=\"https:\/\/www.ncbi.nlm.nih.gov\/pubmed\/34717688\" target=\"_blank\" rel=\"noreferrer noopener\">Combined fluorescent seed selection and multiplex CRISPR\/Cas9 assembly for fast generation of multiple Arabidopsis mutants.&nbsp; <\/a><\/strong><em><strong>Plant Methods. <\/strong><\/em><strong>.<\/strong> 2021 Oct 30. PMID: 34717688<\/p>\n\n\n\n<p>Ursache R, De Jesus Vieira Teixeira C, D\u00e9nervaud Tendon V, Gully K, De Bellis D, Schmid-Siegert E, Grube Andersen T, Shekhar V, Calderon S, Pradervand S, Nawrath C, <strong>Geldner N,<\/strong> Vermeer JEM. <strong><a href=\"https:\/\/www.ncbi.nlm.nih.gov\/pubmed\/33686223\" target=\"_blank\" rel=\"noreferrer noopener\">GDSL-domain proteins have key roles in suberin polymerization and degradation.&nbsp; <\/a><\/strong><em><strong>Nat Plants. <\/strong><\/em><strong>.<\/strong> 2021 Mar 7. PMID: 33686223<\/p>\n\n\n\n<p>Emonet A, Zhou F, Vacheron J, Heiman CM, D\u00e9nervaud Tendon V, Ma KW, Schulze-Lefert P, Keel C, <strong>Geldner N<\/strong>. <strong><a href=\"https:\/\/www.ncbi.nlm.nih.gov\/pubmed\/33508217\" target=\"_blank\" rel=\"noreferrer noopener\">Spatially Restricted Immune Responses Are Required for Maintaining Root Meristematic Activity upon Detection of Bacteria.&nbsp; <\/a><\/strong><em><strong>Curr Biol.<\/strong><\/em><strong>.<\/strong> 2021 Mar 8. PMID: 33508217<\/p>\n\n\n\n<p>&nbsp;<\/p>\n\n\n\n<p class=\"has-text-align-center\"><strong><br>2020<\/strong><\/p>\n\n\n\n<p>Rojas-Murcia N, H\u00e9maty K, Lee Y, Emonet A, Ursache R, Fujita S, De Bellis D, <strong>Geldner N<\/strong>. <strong><a href=\"https:\/\/www.ncbi.nlm.nih.gov\/pubmed\/33139576\" target=\"_blank\" rel=\"noreferrer noopener\">High-order mutants reveal an essential requirement for peroxidases but not laccases in Casparian strip lignification&nbsp; <\/a><\/strong><em><strong>Proc Natl Acad Sci U S A<\/strong><\/em><strong>.<\/strong> 2020 Nov 17. PMID: 33139576<\/p>\n\n\n\n<p>Fujita S, De Bellis D, Edel KH, K\u00f6ster P, Andersen TG, Schmid-Siegert E, D\u00e9nervaud Tendon V, Pfister A, Marhav\u00fd P, Ursache R, Doblas VG, Barberon M, Daraspe J, Creff A, Ingram G, Kudla J, <strong>Geldner N<\/strong>. <strong><a href=\"https:\/\/www.ncbi.nlm.nih.gov\/pubmed\/32187732\" target=\"_blank\" rel=\"noreferrer noopener\">SCHENGEN receptor module drives localized ROS production and lignification in plant roots.&nbsp; <\/a><\/strong><em><strong>Embo J. <\/strong><\/em><strong>.<\/strong>2020 March 18. PMID:32187732<\/p>\n\n\n\n<p>Zhou F, Emonet A, D\u00e9nervaud Tendon V, Marhavy P, Wu D, Lahaye T, <strong>Geldner<\/strong> <strong>N<\/strong>. <strong><a href=\"https:\/\/www.ncbi.nlm.nih.gov\/pubmed\/32032516\" target=\"_blank\" rel=\"noreferrer noopener\">Co-incidence of Damage and Microbial Patterns Controls Localized Immune Responses in Roots. <\/a><\/strong><em><strong>&nbsp;Cell<\/strong><\/em><strong>.<\/strong> 2020 Feb 6. PMID:32032516<\/p>\n\n\n\n<p>Doll NM, Royek S, Fujita S, Okuda S, Chamot S, Stintzi A, Widiez T, Hothorn M, Schaller A, <strong>Geldner<\/strong> <strong>N.<\/strong>, Ingram G. <a href=\"https:\/\/www.ncbi.nlm.nih.gov\/pubmed\/31974252\" target=\"_blank\" rel=\"noreferrer noopener\"><strong>A two-way molecular dialogue between embryo and endosperm is required for seed development.<\/strong> &nbsp;<\/a><em><strong>Science<\/strong><\/em>. 2020 Jan 24. PMID:31974252<\/p>\n\n\n\n<p>Okuda S, Fujita S, Moretti A, Hohmann U, Doblas VG, Ma Y, Pfister A, Brandt B, <strong>Geldner<\/strong> <strong>N.<\/strong>, Hothorn M. <strong><a href=\"https:\/\/www.ncbi.nlm.nih.gov\/pubmed\/31964818\" target=\"_blank\" rel=\"noreferrer noopener\">Molecular mechanism for the recognition of sequence-divergent CIF peptides by the plant receptor kinases GSO1\/SGN3 and GSO2. <\/a><\/strong><em><strong>Proc Natl Acad Sci U S A.<\/strong><\/em> 2020 Feb 4. Epub 2020 Jan 21. PMID:31964818<\/p>\n\n\n\n<p>&nbsp;<\/p>\n\n\n\n<p class=\"has-text-align-center\"><strong><br>2019<\/strong><\/p>\n\n\n\n<p>Holbein J, Franke RB, Marhav\u00fd P, Fujita S, G\u00f3recka M, Sobczak M, <strong>Geldner N<\/strong>, Schreiber L, Grundler FMW, Siddique S. <a href=\"https:\/\/www.ncbi.nlm.nih.gov\/pubmed\/31322300\" target=\"_blank\" rel=\"noreferrer noopener\"><strong>Root endodermal barrier system contributes to defence against plant-parasitic cyst and root-knot nematodes<\/strong>. <\/a><em><strong>Plant J<\/strong><\/em><strong>.<\/strong> 2019 Oct. Epub 2019 Sep 3. PMID:31322300<\/p>\n\n\n\n<p>Marhav\u00fd P, Kurenda A, Siddique S, D\u00e9nervaud Tendon V, Zhou F, Holbein J, Hasan MS, Grundler FM, Farmer EE, <strong>Geldner N. <a href=\"https:\/\/www.ncbi.nlm.nih.gov\/pubmed\/31061171\" target=\"_blank\" rel=\"noreferrer noopener\">Single-cell damage elicits regional, nematode-restricting ethylene responses in roots. <\/a><\/strong><em><strong>EMBO J<\/strong><\/em>. 2019 May 15. Epub 2019 May 6. PMID:31061171<\/p>\n\n\n\n<p>&nbsp;<\/p>\n\n\n\n<p class=\"has-text-align-center\"><strong><br>2018<\/strong><\/p>\n\n\n\n<p>Andersen TG, Naseer S, Ursache R, Wybouw B, Smet W, De Rybel B, Vermeer JEM, <strong>Geldner N<\/strong>. <strong><a href=\"https:\/\/www.ncbi.nlm.nih.gov\/pubmed\/29539635\" target=\"_blank\" rel=\"noreferrer noopener\">Diffusible repression of cytokinin signalling produces endodermal symmetry and passage cells.<\/a><\/strong> <em><strong>Nature<\/strong><\/em>. 2018 Mar 22. Epub 2018 Mar 14. PMID:29539635<\/p>\n\n\n\n<p>Ursache R, Andersen TG, Marhav\u00fd P, <strong>Geldner N<\/strong>. <a href=\"https:\/\/www.ncbi.nlm.nih.gov\/pubmed\/29171896\"><strong>A protocol for com<\/strong><\/a><a href=\"https:\/\/www.ncbi.nlm.nih.gov\/pubmed\/29171896\" target=\"_blank\" rel=\"noreferrer noopener\"><strong>bining fluorescent proteins with histological stains for diverse cell wall components.<\/strong><\/a><em><strong>Plant J<\/strong><\/em><strong>.<\/strong> 2018 Jan. PMID:29171896<\/p>\n\n\n\n<p>&nbsp;<\/p>\n\n\n\n<p class=\"has-text-align-center\"><strong><br>2017<\/strong><\/p>\n\n\n\n<p>Kalmbach L, H\u00e9maty K, De Bellis D, Barberon M, Fujita S, Ursache R, Daraspe J, <strong>Geldner N<\/strong>.<strong><a href=\"https:\/\/www.ncbi.nlm.nih.gov\/pubmed\/28436943\" target=\"_blank\" rel=\"noreferrer noopener\"> Transient cell-specific EXO70A1 activity in the CASP domain and Casparian strip localization.<\/a><\/strong> <em><strong>Nat Plants<\/strong><\/em>. 2017 Apr 24.&nbsp; PMID:28436943<\/p>\n\n\n\n<p>Doblas VG, Smakowska-Luzan E, Fujita S, Alassimone J, Barberon M, Madalinski M, Belkhadir Y, <strong>Geldner N.<\/strong><a href=\"https:\/\/www.ncbi.nlm.nih.gov\/pubmed\/28104888\" target=\"_blank\" rel=\"noreferrer noopener\">&nbsp;<strong>Root diffusion barrier control by a vasculature-derived peptide binding to the SGN3 receptor<\/strong>.<\/a> <em><strong>Science<\/strong><\/em><strong>.<\/strong> 2017 Jan 20.&nbsp; PMID:28104888<\/p>\n\n\n\n<p>&nbsp;<\/p>\n\n\n\n<p class=\"has-text-align-center\"><strong><br>2016<\/strong><\/p>\n\n\n\n<p>Alassimone J, Fujita S, Doblas VG, van Dop M, Barberon M, Kalmbach L, Vermeer JE, Rojas-Murcia N, Santuari L, Hardtke CS, <strong>Geldner N.<\/strong><a href=\"https:\/\/www.ncbi.nlm.nih.gov\/pubmed\/27455051\" target=\"_blank\" rel=\"noreferrer noopener\"><strong> Polarly localized kinase SGN1 is required for Casparian strip integrity and positioning<\/strong>. <\/a><em><strong>Nat Plants<\/strong><\/em><strong>.<\/strong> 2016 Jul 25. PMID:27455051<\/p>\n\n\n\n<p>Barberon M, Vermeer JE, De Bellis D, Wang P, Naseer S, Andersen TG, Humbel BM, Nawrath C, Takano J, Salt DE and <strong>Geldner N<\/strong>. <a href=\"https:\/\/www.cell.com\/cell\/pdfExtended\/S0092-8674%2815%2901685-2\" target=\"_blank\" rel=\"noreferrer noopener\"><strong>Adaptation of Root Function by Nutrient-Induced Plasticity of Endodermal Differentiation<\/strong>. <\/a><em><strong>Cell<\/strong><\/em><strong>.<\/strong> 2016 Jan 28. PMID:26777403<\/p>\n\n\n\n<p>&nbsp;<\/p>\n\n\n\n<p class=\"has-text-align-center\"><strong><br>2015<\/strong><\/p>\n\n\n\n<p>Martins S, Dohmann EM, Cayrel A, Johnson A, Fischer W<sup>3<\/sup> Pojer F, Satiat-Jeunema\u00eetre B, Jaillais Y, Chory J, <strong>Geldner N<\/strong>, Vert G. <strong><a href=\"https:\/\/www.ncbi.nlm.nih.gov\/pubmed\/25608221\" target=\"_blank\" rel=\"noreferrer noopener\">Internalization and vacuolar targeting of the brassinosteroid hormone receptor BRI1 are regulated by ubiquitination. <\/a><\/strong><em><strong>&nbsp;Nat Commun<\/strong><\/em>. 2015 Jan 21.PMID:25608221<\/p>\n\n\n\n<p>&nbsp;<\/p>\n\n\n\n<p class=\"has-text-align-center\"><strong><br>2014<\/strong><\/p>\n\n\n\n<p>Pfister A, Barberon M, Alassimone J, Kalmbach L, Vermeer JE, Yamazaki M, Li G, Maurel C, Takano J, Kamiya T, Salt DE, Ropplo D, <strong>Geldner N<\/strong>. <strong><a href=\"https:\/\/www.ncbi.nlm.nih.gov\/pubmed\/25233277\" target=\"_blank\" rel=\"noreferrer noopener\">A receptor-like kinase mutant with absent endodermal diffusion barrier displays selective nutrient homeostasis defects.<\/a><\/strong> <em><strong>Elife<\/strong><\/em>. 2014 Sep 16.<\/p>\n\n\n\n<p>Vermeer JE,&nbsp;von Wangenheim D,&nbsp;Barberon M,&nbsp;Lee Y,&nbsp;Stelzer EH,&nbsp;Maizel A,&nbsp;<strong>Geldner N<\/strong>.&nbsp;<a href=\"https:\/\/www.ncbi.nlm.nih.gov\/pubmed\/24408432\" target=\"_blank\" rel=\"noreferrer noopener\"><strong>A spatial accommodation by neighboring cells is required for organ initiation in Arabidopsis<\/strong>.<\/a>&nbsp; <em><strong>Science<\/strong><\/em>.&nbsp;2014 Jan 10.<\/p>\n\n\n\n<p>&nbsp;<\/p>\n\n\n\n<p class=\"has-text-align-center\"><strong><br>2013<\/strong><\/p>\n\n\n\n<p>Hosmani PS, Kamiya T, Danku J, Naseer S, <strong>Geldner N<\/strong>, Guerinot ML, Salt DE.<strong><a href=\"https:\/\/www.ncbi.nlm.nih.gov\/pubmed\/23940370\" target=\"_blank\" rel=\"noreferrer noopener\"> Dirigent domain-containing protein is part of the machinery required for formation of the lignin-based Casparian strip in the root. <\/a><\/strong><em><strong>Proc Natl Acad Sci U S A<\/strong><\/em>. 2013 Aug. PMID: 23940370.<\/p>\n\n\n\n<p>Lee Y, Rubio MC, Alassimone J,&nbsp;<strong>Geldner N<\/strong>.&nbsp;<a href=\"https:\/\/www.ncbi.nlm.nih.gov\/pubmed\/23541512\" target=\"_blank\" rel=\"noreferrer noopener\"><strong>A mechanism for localized lignin deposition in the endodermis.<\/strong>&nbsp;<\/a><em><strong>Cell<\/strong><\/em><strong>. <\/strong>2013 Apr 11. PMID: 23541512.<\/p>\n\n\n\n<p>&nbsp;<\/p>\n\n\n\n<p class=\"has-text-align-center\"><strong><br>2012<\/strong><\/p>\n\n\n\n<p>Weimer AK, Nowack MK, Bouyer D, Zhao X, Harashima H, Naseer S, De Winter F, Dissmeyer N,&nbsp;<strong>Geldner N<\/strong>, Schnittger A.&nbsp;<strong><a href=\"https:\/\/www.ncbi.nlm.nih.gov\/pubmed\/23104828\" target=\"_blank\" rel=\"noreferrer noopener\">Retinoblastoma related1 regulates asymmetric cell divisions in&nbsp;<em>Arabidopsis<\/em>.<\/a>&nbsp;<\/strong><em><strong>Plant Cell<\/strong><\/em>. 2012 Oct;24.&nbsp;PMID:&nbsp;23104828<\/p>\n\n\n\n<p>Alejandro S, Lee Y, Tohge T, Sudre D, Osorio S, Park J, Bovet L, Lee Y,&nbsp;<strong>Geldner N<\/strong>, Fernie AR, Martinoia E.&nbsp;<strong><a href=\"https:\/\/www.ncbi.nlm.nih.gov\/pubmed\/22704988\" target=\"_blank\" rel=\"noreferrer noopener\">AtABCG29 is a monolignol transporter involved in lignin biosynthesis.<\/a><\/strong>&nbsp;<em><strong>Curr Biol<\/strong><\/em><strong>.<\/strong> 2012 Jul 10..&nbsp;PMID:&nbsp;22704988.<\/p>\n\n\n\n<p>Naseer S, Lee Y, Lapierre C, Franke R, Nawrath C,&nbsp;<strong>Geldner N<\/strong>.<strong><a href=\"https:\/\/www.ncbi.nlm.nih.gov\/pubmed\/28238658\" target=\"_blank\" rel=\"noreferrer noopener\">Casparian strip diffusion barrier in Arabidopsis is made of a lignin polymer without suberin<\/a>.<\/strong><em><strong> Proc Natl Acad Sci U S A<\/strong><\/em>. 2012 Jun 19..&nbsp;PMID:&nbsp;22665765<\/p>\n\n\n\n<p>Lu YJ, Schornack S, Spallek T,&nbsp;<strong>Geldner N<\/strong>, Chory J, Schellmann S, Schumacher K, Kamoun S, Robatzek S.&nbsp;<strong><a href=\"https:\/\/www.ncbi.nlm.nih.gov\/pubmed\/22233428\" target=\"_blank\" rel=\"noreferrer noopener\">Patterns of plant subcellular responses to successful oomycete infections reveal differences in host cell reprogramming and endocytic trafficking.<\/a><\/strong><em><strong> Cell Microbiol<\/strong><\/em>. 2012 May;14.&nbsp;PMID:&nbsp;22233428.<\/p>\n\n\n\n<p>&nbsp;<\/p>\n\n\n\n<p class=\"has-text-align-center\"><strong><br>2011<\/strong><\/p>\n\n\n\n<p>Richter S, M\u00fcller LM, Stierhof YD, Mayer U, Takada N, Kost B, Vieten A,&nbsp;<strong>Geldner N<\/strong>, Koncz C, J\u00fcrgens G.&nbsp;<strong><a href=\"https:\/\/www.ncbi.nlm.nih.gov\/pubmed\/22138577\" target=\"_blank\" rel=\"noreferrer noopener\">Polarized cell growth in Arabidopsis requires endosomal recycling mediated by GBF1-related ARF exchange factors.<\/a><\/strong> <em><strong>Nat Cell Biol.<\/strong><\/em>&nbsp;2011 Dec 4. PMID:&nbsp;22138577.<\/p>\n\n\n\n<p>Roppolo D, De Rybel B, Denervaud Tendon V, Pfister A, Alassimone J, Vermeer JE, Yamazaki M, Stierhof YD, Beeckman T,&nbsp;<strong>Geldner N<\/strong>. <strong><a href=\"https:\/\/www.ncbi.nlm.nih.gov\/pubmed\/21593871\" target=\"_blank\" rel=\"noreferrer noopener\">A novel protein family mediates Casparian strip formation in the endodermis. <\/a><\/strong><em><strong>Nature<\/strong><\/em>. 2011 May 19. PMID: 21593871.<\/p>\n\n\n\n<p>&nbsp;<\/p>\n\n\n\n<p class=\"has-text-align-center\"><strong><br>2010<\/strong><\/p>\n\n\n\n<p>Alassimone J, Naseer S,&nbsp;<strong>Geldner N<\/strong>.&nbsp;<strong><a href=\"https:\/\/www.ncbi.nlm.nih.gov\/pubmed\/20142472\" target=\"_blank\" rel=\"noreferrer noopener\">A developmental framework for endodermal differentiation and polarity.<\/a><\/strong>&nbsp;<strong><em>Proc Natl Acad Sci U S A<\/em><\/strong>. 2010 Mar 16.&nbsp; PMID: 20142472.<\/p>\n\n\n\n<p>&nbsp;<\/p>\n\n\n\n<p class=\"has-text-align-center\"><strong><br>2009<\/strong><\/p>\n\n\n\n<p><strong>Geldner N<\/strong>, Denervaud Tendon V, Hyman DL, Mayer U, Stierhof YD, Chory J. <strong><a href=\"https:\/\/www.ncbi.nlm.nih.gov\/pubmed\/19309456\" target=\"_blank\" rel=\"noreferrer noopener\">Rapid, combinatorial analysis of membrane compartments in intact plants with a multi-color marker set.<\/a><em> Plant J<\/em><\/strong><em><strong>.<\/strong><\/em> 2009 Jul;59(1):169-78. PMID: 19309456.<\/p>\n\n\n\n<p>&nbsp;<\/p>\n\n\n\n<p class=\"has-text-align-center\"><strong><br>2008<\/strong><\/p>\n\n\n\n<p>Dhonukshe P, Tanaka H, Goh T, Ebine K, M\u00e4h\u00f6nen AP, Prasad K, Blilou I,&nbsp;<strong>Geldner N<\/strong>, Xu J, Uemura T, Chory J, Ueda T, Nakano A, Scheres B, Friml J.&nbsp;<strong><a href=\"https:\/\/www.ncbi.nlm.nih.gov\/pubmed\/18953331\" target=\"_blank\" rel=\"noreferrer noopener\">Generation of cell polarity in plants links endocytosis, auxin distribution and cell fate decisions.<\/a>&nbsp;<\/strong><em><strong>Nature<\/strong><\/em>. 2008 Dec 18;456(7224):962-6.&nbsp;PMID:&nbsp;18953331.<\/p>\n\n\n\n<p>&nbsp;<\/p>\n\n\n\n<p class=\"has-text-align-center\"><strong><br>2007<\/strong><\/p>\n\n\n\n<p>Richter S,&nbsp;<strong>Geldner N<\/strong>, Schrader J, Wolters H, Stierhof YD, Rios G, Koncz C, Robinson DG, J\u00fcrgens G.&nbsp;<strong><a href=\"https:\/\/www.ncbi.nlm.nih.gov\/pubmed\/17653190?ordinalpos=2&amp;itool=EntrezSystem2.PEntrez.Pubmed.Pubmed_ResultsPanel.Pubmed_RVDocSum\" target=\"_blank\" rel=\"noreferrer noopener\">Functional diversification of closely related ARF-GEFs in protein secretion and recycling<\/a>.<\/strong>&nbsp;<em><strong>Nature<\/strong><\/em>. 2007 Jul 26;448(7152):488-92.&nbsp;PMID:&nbsp;17653190.<\/p>\n\n\n\n<p><strong>Geldner N<\/strong>, Hyman DL, Wang X, Schumacher K, Chory J.&nbsp; <strong><a href=\"https:\/\/www.ncbi.nlm.nih.gov\/pubmed\/17578906?ordinalpos=3&amp;itool=EntrezSystem2.PEntrez.Pubmed.Pubmed_ResultsPanel.Pubmed_RVDocSum\" target=\"_blank\" rel=\"noreferrer noopener\">Endosomal signaling of plant steroid receptor kinase BRI1<\/a>. <em>Genes Dev<\/em><\/strong><em><strong>. <\/strong><\/em>2007 Jul 1;21(13):1598-602.&nbsp;17578906.<\/p>\n","protected":false},"excerpt":{"rendered":"<p>2025 Huei-Hsuan\u00a0Tsai, Yuanjie\u00a0Tang,\u00a0Lingmin\u00a0Jiang,\u00a0Xiaoyan\u00a0Xu\u00a0,Val\u00e9rie\u00a0D\u00e9nervaud Tendon,\u00a0Jia\u00a0Pang\u00a0,\u00a0Yanyan\u00a0Jia,\u00a0Kathrin\u00a0Wippel,\u00a0Jordan\u00a0Vacheron\u00a0,\u00a0Christoph\u00a0Keel,\u00a0Tonni Grube\u00a0Andersen,\u00a0Niko\u00a0Geldner, and\u00a0Feng\u00a0Zhou\u00a0Localized glutamine leakage drives the spatial structure of root microbial colonization, Science, Vol\u00a0390,\u00a0Issue\u00a06768, 2025 Oct 2 Anaxi Houbaert,\u00a0Val\u00e9rie Denervaud Tendon,\u00a0Lukas Hoermayer,\u00a0Nicholas Morffy,\u00a0Lucia C. Strader\u00a0&amp;\u00a0Niko Geldner.\u00a0Efficient, &hellip; <\/p>\n","protected":false},"author":108,"featured_media":0,"parent":22,"menu_order":1,"comment_status":"closed","ping_status":"closed","template":"","meta":{"_seopress_robots_primary_cat":"","_seopress_titles_title":"","_seopress_titles_desc":"","_seopress_robots_index":"","footnotes":""},"class_list":["post-214","page","type-page","status-publish"],"_links":{"self":[{"href":"https:\/\/wp.unil.ch\/geldnerlab\/wp-json\/wp\/v2\/pages\/214","targetHints":{"allow":["GET"]}}],"collection":[{"href":"https:\/\/wp.unil.ch\/geldnerlab\/wp-json\/wp\/v2\/pages"}],"about":[{"href":"https:\/\/wp.unil.ch\/geldnerlab\/wp-json\/wp\/v2\/types\/page"}],"author":[{"embeddable":true,"href":"https:\/\/wp.unil.ch\/geldnerlab\/wp-json\/wp\/v2\/users\/108"}],"replies":[{"embeddable":true,"href":"https:\/\/wp.unil.ch\/geldnerlab\/wp-json\/wp\/v2\/comments?post=214"}],"version-history":[{"count":4,"href":"https:\/\/wp.unil.ch\/geldnerlab\/wp-json\/wp\/v2\/pages\/214\/revisions"}],"predecessor-version":[{"id":1738,"href":"https:\/\/wp.unil.ch\/geldnerlab\/wp-json\/wp\/v2\/pages\/214\/revisions\/1738"}],"up":[{"embeddable":true,"href":"https:\/\/wp.unil.ch\/geldnerlab\/wp-json\/wp\/v2\/pages\/22"}],"wp:attachment":[{"href":"https:\/\/wp.unil.ch\/geldnerlab\/wp-json\/wp\/v2\/media?parent=214"}],"curies":[{"name":"wp","href":"https:\/\/api.w.org\/{rel}","templated":true}]}}