{"id":6,"date":"2017-10-11T10:32:19","date_gmt":"2017-10-11T08:32:19","guid":{"rendered":"http:\/\/wp.unil.ch\/gedunil\/?page_id=6"},"modified":"2019-08-13T11:51:39","modified_gmt":"2019-08-13T09:51:39","slug":"home","status":"publish","type":"page","link":"https:\/\/wp.unil.ch\/gedunil\/","title":{"rendered":"A propos"},"content":{"rendered":"<h3>A qui s\u2019adresse ce site ?<\/h3>\n<p>Vous faites partie de la communaut\u00e9 UNIL (Universit\u00e9 de Lausanne) et vous g\u00e9rez vos documents avec GEDUNIL ? Ce site vous est destin\u00e9.<\/p>\n<p>Il rassemble la documentation GEDUNIL pour tous les espaces propos\u00e9s, \u00e0 savoir:<\/p>\n<ul>\n<li style=\"list-style-type: none\">\n<ul>\n<li style=\"list-style-type: none\">\n<ul>\n<li><a href=\"https:\/\/wp.unil.ch\/gedunil\/espaces-gedunil\/entite\/\">espaces d&rsquo;entit\u00e9<\/a><\/li>\n<li><a href=\"https:\/\/wp.unil.ch\/gedunil\/espaces-gedunil\/unite\/\">espaces d&rsquo;unit\u00e9<\/a><\/li>\n<li><a href=\"https:\/\/wp.unil.ch\/gedunil\/espaces-gedunil\/seance\/\">espaces de s\u00e9ances<\/a><\/li>\n<li><a href=\"https:\/\/wp.unil.ch\/gedunil\/espaces-gedunil\/projet\/\">espaces projets<\/a><\/li>\n<\/ul>\n<\/li>\n<\/ul>\n<\/li>\n<\/ul>\n<p>Vous y trouverez \u00e9galement des informations sur les bonnes pratiques du <a href=\"https:\/\/unil.ch\/uniris\/home\/menuinst\/prestations--projets\/records-management---gedunil.html\">Records management<\/a> et sur les diff\u00e9rentes mises \u00e0 jour de l&rsquo;outil.<\/p>\n<p><strong>\u00a0<\/strong><\/p>\n","protected":false},"excerpt":{"rendered":"<p>A qui s\u2019adresse ce site ? Vous faites partie de la communaut\u00e9 UNIL (Universit\u00e9 de Lausanne) et vous g\u00e9rez vos documents avec GEDUNIL ? Ce site vous est destin\u00e9. Il rassemble la documentation GEDUNIL pour tous les espaces propos\u00e9s, \u00e0<\/p>\n","protected":false},"author":108,"featured_media":0,"parent":0,"menu_order":0,"comment_status":"closed","ping_status":"closed","template":"","meta":{"_seopress_robots_primary_cat":"","_seopress_titles_title":"","_seopress_titles_desc":"","_seopress_robots_index":"","footnotes":""},"class_list":["post-6","page","type-page","status-publish"],"_links":{"self":[{"href":"https:\/\/wp.unil.ch\/gedunil\/wp-json\/wp\/v2\/pages\/6","targetHints":{"allow":["GET"]}}],"collection":[{"href":"https:\/\/wp.unil.ch\/gedunil\/wp-json\/wp\/v2\/pages"}],"about":[{"href":"https:\/\/wp.unil.ch\/gedunil\/wp-json\/wp\/v2\/types\/page"}],"author":[{"embeddable":true,"href":"https:\/\/wp.unil.ch\/gedunil\/wp-json\/wp\/v2\/users\/108"}],"replies":[{"embeddable":true,"href":"https:\/\/wp.unil.ch\/gedunil\/wp-json\/wp\/v2\/comments?post=6"}],"version-history":[{"count":0,"href":"https:\/\/wp.unil.ch\/gedunil\/wp-json\/wp\/v2\/pages\/6\/revisions"}],"wp:attachment":[{"href":"https:\/\/wp.unil.ch\/gedunil\/wp-json\/wp\/v2\/media?parent=6"}],"curies":[{"name":"wp","href":"https:\/\/api.w.org\/{rel}","templated":true}]}}