{"id":183,"date":"2019-07-31T09:42:37","date_gmt":"2019-07-31T07:42:37","guid":{"rendered":"http:\/\/wp.unil.ch\/gedunil\/?page_id=183"},"modified":"2019-08-07T09:25:01","modified_gmt":"2019-08-07T07:25:01","slug":"contact","status":"publish","type":"page","link":"https:\/\/wp.unil.ch\/gedunil\/contact\/","title":{"rendered":"Contact"},"content":{"rendered":"<p>GEDUNIL est maintenue par une \u00e9quipe compos\u00e9e de deux services:<\/p>\n<ul>\n<li style=\"list-style-type: none\">\n<ul>\n<li>Le <a href=\"https:\/\/unil.ch\/ci\/home.html\">Ci<\/a> est responsable de la maintenance technique de la GED, bas\u00e9e sur le logiciel Sharepoint.<\/li>\n<li><a href=\"https:\/\/unil.ch\/uniris\/home.html\">Uniris<\/a> est responsable des aspects m\u00e9tier comprenant les services aux utilisateurs et les bonnes pratiques de gestion documentaire.<\/li>\n<\/ul>\n<\/li>\n<\/ul>\n<p>Des informations d\u00e9taill\u00e9es sur la maintenance de cet outil peuvent \u00eatre trouv\u00e9es sur le <a href=\"https:\/\/www3.unil.ch\/farm\/gedunil\/doku.php?id=maintenance\">wiki gedunil<\/a>.<\/p>\n<p>En cas de questions ou de remarques, merci de vous adresser \u00e0 <strong>helpdesk@unil.ch<\/strong>.<\/p>\n<p>&nbsp;<\/p>\n","protected":false},"excerpt":{"rendered":"<p>GEDUNIL est maintenue par une \u00e9quipe compos\u00e9e de deux services: Le Ci est responsable de la maintenance technique de la GED, bas\u00e9e sur le logiciel Sharepoint. Uniris est responsable des aspects m\u00e9tier comprenant les services aux utilisateurs et les bonnes<\/p>\n","protected":false},"author":1001960,"featured_media":0,"parent":0,"menu_order":0,"comment_status":"closed","ping_status":"closed","template":"","meta":{"_seopress_robots_primary_cat":"","_seopress_titles_title":"","_seopress_titles_desc":"","_seopress_robots_index":"","footnotes":""},"class_list":["post-183","page","type-page","status-publish"],"_links":{"self":[{"href":"https:\/\/wp.unil.ch\/gedunil\/wp-json\/wp\/v2\/pages\/183","targetHints":{"allow":["GET"]}}],"collection":[{"href":"https:\/\/wp.unil.ch\/gedunil\/wp-json\/wp\/v2\/pages"}],"about":[{"href":"https:\/\/wp.unil.ch\/gedunil\/wp-json\/wp\/v2\/types\/page"}],"author":[{"embeddable":true,"href":"https:\/\/wp.unil.ch\/gedunil\/wp-json\/wp\/v2\/users\/1001960"}],"replies":[{"embeddable":true,"href":"https:\/\/wp.unil.ch\/gedunil\/wp-json\/wp\/v2\/comments?post=183"}],"version-history":[{"count":0,"href":"https:\/\/wp.unil.ch\/gedunil\/wp-json\/wp\/v2\/pages\/183\/revisions"}],"wp:attachment":[{"href":"https:\/\/wp.unil.ch\/gedunil\/wp-json\/wp\/v2\/media?parent=183"}],"curies":[{"name":"wp","href":"https:\/\/api.w.org\/{rel}","templated":true}]}}