{"id":148,"date":"2018-02-10T18:18:46","date_gmt":"2018-02-10T17:18:46","guid":{"rendered":"http:\/\/wp.unil.ch\/gaia\/?page_id=148"},"modified":"2020-05-15T10:53:33","modified_gmt":"2020-05-15T08:53:33","slug":"elisa-giaccone","status":"publish","type":"page","link":"https:\/\/wp.unil.ch\/gaia\/research\/alumni\/elisa-giaccone\/","title":{"rendered":"Elisa Giaccone"},"content":{"rendered":"<p>KEYWORDS: alpine vegetation, geomorphology, permafrost, climate change<\/p>\n<p>RESEARCH STATEMENT<\/p>\n<p>At the University of Lausanne, I am working on relationship between geomorphology and vegetation. More in detail, I would like to quantify how morphodynamics of landforms and earth surface processes (solifluction, rill erosion, nivation and frost weathering) affect plant communities and species richness. One other part of my research concerns the development of a methodology to obtain a granulometry classification starting from high resolution images and the elaboration of a semi-automated geomorphological map using multiple point geostatistics approach.<\/p>\n<p>BIOGRAPHY<\/p>\n<p>After completing by bachelor in 2011 in Natural Science at the University of Turin (Italy), I obtained in 2013 my master in Biology of Environment in the same university. The topic of my master thesis was to understand the interactions between climate change, permafrost and vegetation in a small alpine catchment in the NW Italian Alps. After a stage in Agroscope (Nyon, Switzerland) about climate change and vegetation, I worked for one year and half at the University of Turin with a fellowship on climate change and permafrost. Then, I applied and started my PhD at the University of Lausanne in 2016.<\/p>\n<p>TEAM AND COLLABORATIONS<\/p>\n<p><a href=\"https:\/\/www.unil.ch\/idyst\/home\/menuinst\/research-groups\/courrent-research-groups\/high-mountain-geomorphology.html\" target=\"_blank\" rel=\"noopener noreferrer\">High Mountain Geomorphology<\/a>, University of Lausanne,\u00a0Faculty of Geosciences and Environment,\u00a0Institute of Earth Surface Dynamics<\/p>\n<p><a href=\"https:\/\/wp.unil.ch\/integralp\/\" target=\"_blank\" rel=\"noopener noreferrer\">Integralp project,<\/a> University of Lausanne,\u00a0Faculty of Geosciences and Environment,\u00a0Institute of Earth Surface Dynamics<\/p>\n<p><a href=\"https:\/\/naturalsciences.ch\/organisations\/geomorphology?_ga=2.2068337.1522293972.1521132483-458001150.1519727273\" target=\"_blank\" rel=\"noopener noreferrer\">Swiss Geomorphological Society<\/a> (SGmS), Swiss Young Geomorphologist representative<\/p>\n<p>PUBLICATIONS<\/p>\n<p>Giaccone E., Fratianni S., Cortesi N., Gonz\u00e1lez-Hidalgo JC., 2019. Surface ozone concentration and its relation with weather types in NW Italy, 2003-2014. Climate Research, 77: 77-89.<\/p>\n<p>Colombo N., Giaccone E., Paro L., Buffa G., Fratianni S., 2016. The recent transition from glacial to periglacial environment in a high altitude alpine basin (Sabbione basin, North-Western Italian Alps). Preliminary outcomes from a multidisciplinary approach. Geografia Fisica e Dinamica Quaternaria, 39: 21-36.<\/p>\n<p>Scapozza C., Giaccone E., Mari S., Antognini M., Fratianni S., Ambrosi C., 2015. Il permafrost nelle Alpi Ticinesi: temperatura e movimenti dei ghiacciai rocciosi dal 2006 al 2014. Dati \u2013 Statistiche e societ\u00e0, A. XV, n. 2, pp. 100-109.<\/p>\n<p>Giaccone E., Colombo N., Acquaotta F., Paro L., Fratianni S., 2015. Climate variations in a high altitude Alpine basin and their effects on a glacial environment (Italian Western Alps). Atm\u00f3sfera, 28(2): 117-128.<\/p>\n<p>CONFERENCE PRESENTATION<\/p>\n<p>Giaccone E., Mari\u00e9thoz G., Lambiel C., 2018. How geomorphological factors and microclimate influence alpine vegetation? Cases study in the Western Swiss Alps. 16th Swiss Geoscience Meeting, 30th November &#8211; 1st December 2018, Bern.<\/p>\n<p>Giaccone E., Lambiel C., Mari\u00e9thoz G., 2018. Debris size classification of alpine landforms using high-resolution images. 5th European Conference on Permafrost, 23rd June &#8211; 1st July 2018, Chamonix Mont-Blanc.<\/p>\n<p>Giaccone E., Luoto M., Mari\u00e9thoz G., Lambiel C., 2018. Influence of morphodynamics and earth surface processes on alpine vegetation in the Western Swiss Alps. EGU General Assembly Conference Abstracts 20, 12783.<\/p>\n<p>Giaccone E., Mari\u00e9thoz G., Lambiel C., 2018. Le r\u00f4le de la variabilit\u00e9 g\u00e9omorphologique sur les communaut\u00e9s v\u00e9g\u00e9tales \u00e0 l\u2019\u00e9tage alpin : cas d\u2019\u00e9tude dans les Alpes Vaudoises. Journ\u00e9es des jeunes g\u00e9omorphologues, 26-27 January 2018, Lyon, France.<\/p>\n<p>Giaccone E., Mari\u00e9thoz G., Lambiel C., 2017.\u00a0Influence of geo-components on vegetation in the alpine environment.\u00a0Swiss Geomorphological Society Meeting, 31 August &#8211; 1 September, Zermatt, Switzerland.<\/p>\n<p>Vivero S., Giaccone E., Meyrat R., Lambiel C., 2017. Repeated UAV surveys for rock glacier monitoring in the Western Swiss Alps. Swiss Geomorphological Society Meeting, 31 August &#8211; 1 September, Zermatt, Switzerland.<\/p>\n<p>Bollati I., Azzoni R.S., Celada C., Cerrato R., Crosa Lenz B., Giaccone E., Masseroli A., Pellegrini M., Schenker F., Vezzola L., Viani C., Zanoner T., Scapozza C., Zerboni A., Gugliemin M., 2017. IVth AIGeo Young Geomorphologists&#8217; Stage &#8220;High mountain landscape and climate change&#8221;. Analysis of the deglaciation history in an Italy-Switzerland cross-border area: the Val Viola (Upper Valtellina-Poschiavo Valley). VII Young Geomorphologists\u2019 Day \u201cInnovative technologies for monitoring and digitally modeling past and present geomorphological processes\u201d, 15-16 June 2017, Napoli, Italy.<\/p>\n<p>Giaccone E., Mari\u00e9thoz G., Lambiel C., 2017. Interactions between geomorphology and vegetation in the Western Swiss Alps: first investigations. EGU General Assembly Conference Abstracts 19, 12983.<\/p>\n<p>Giaccone E., Mari\u00e9thoz G., Lambiel C., 2017. Interactions between geomorphology and vegetation in the Vaud Alps: first investigations. Biology17, 2-3 February 2017, Bern, Switzerland.<\/p>\n<p>Giaccone E., Mari\u00e9thoz G., Lambiel C., 2016. Interactions between geomorphology and vegetation in the Vaud Alps: first investigations. 14th Swiss Geoscience Meeting, 18-19 November 2016, Geneva, Switzerland.<\/p>\n<p>Giaccone E., Fratianni S., Mari S., Antognini M., Ambrosi C., Scapozza C., 2016. Le perg\u00e9lisol au Sud des Alpes Suisses (Tessin): \u00e9tude de sept glaciers rocheux et relations avec le climat. XXIXe Colloque de l\u2019Association Internationale de Climatologie, 6-9 July 2016, Lausanne \u2013 Besan\u00e7on, Switzerland \u2013 France.<\/p>\n<p>Giaccone E., Fratianni S., Ambrosi C., Antognini M., Delaloye R., Lambiel C., Mari S., Scapozza C., 2016. Recent evolution of mountain permafrost in the Southern Swiss Alps: the results of 2006-2015 period. XI International Conference on Permafrost (ICOP), 20-24 June 2016, Potsdam, Germany.<\/p>\n<p>CONTACT<\/p>\n<p><a href=\"https:\/\/www.unil.ch\/idyst\/home\/menuinst\/people\/official-team-table.html?url_params=-v_faculte=90-v_unite=273-v_personne=1178662-mode=fiche&amp;pubsIdParam=fa021498ecd24c16a495a5f7443a50cb\" target=\"_blank\" rel=\"noopener noreferrer\">Elisa Giaccone<\/a> elisa.giaccone at unil.ch<\/p>\n<p><img alt=\"\" loading=\"lazy\" decoding=\"async\" class=\"alignnone wp-image-329\" src=\"https:\/\/wp.unil.ch\/gaia\/files\/2018\/03\/immagini-300x175.png\" alt=\"\" width=\"625\" height=\"365\" srcset=\"https:\/\/wp.unil.ch\/gaia\/files\/2018\/03\/immagini-300x175.png 300w, https:\/\/wp.unil.ch\/gaia\/files\/2018\/03\/immagini-768x447.png 768w, https:\/\/wp.unil.ch\/gaia\/files\/2018\/03\/immagini-1024x596.png 1024w, https:\/\/wp.unil.ch\/gaia\/files\/2018\/03\/immagini-378x220.png 378w, https:\/\/wp.unil.ch\/gaia\/files\/2018\/03\/immagini.png 1920w\" sizes=\"auto, (max-width: 625px) 100vw, 625px\" \/><\/p>\n","protected":false},"excerpt":{"rendered":"<p>KEYWORDS: alpine vegetation, geomorphology, permafrost, climate change RESEARCH STATEMENT At the University of Lausanne, I am working on relationship between geomorphology and vegetation. More in detail, I would like to quantify how morphodynamics of landforms and earth surface processes (solifluction, rill erosion, nivation and frost weathering) affect plant communities and species richness. One other part &hellip; <\/p>\n<p class=\"link-more\"><a href=\"https:\/\/wp.unil.ch\/gaia\/research\/alumni\/elisa-giaccone\/\" class=\"more-link\">Continue reading<span class=\"screen-reader-text\"> &#8220;Elisa Giaccone&#8221;<\/span><\/a><\/p>\n","protected":false},"author":1001689,"featured_media":0,"parent":685,"menu_order":7,"comment_status":"closed","ping_status":"closed","template":"page-templates\/full-width-page.php","meta":{"_seopress_robots_primary_cat":"","_seopress_titles_title":"","_seopress_titles_desc":"","_seopress_robots_index":"","footnotes":""},"class_list":["post-148","page","type-page","status-publish"],"_links":{"self":[{"href":"https:\/\/wp.unil.ch\/gaia\/wp-json\/wp\/v2\/pages\/148","targetHints":{"allow":["GET"]}}],"collection":[{"href":"https:\/\/wp.unil.ch\/gaia\/wp-json\/wp\/v2\/pages"}],"about":[{"href":"https:\/\/wp.unil.ch\/gaia\/wp-json\/wp\/v2\/types\/page"}],"author":[{"embeddable":true,"href":"https:\/\/wp.unil.ch\/gaia\/wp-json\/wp\/v2\/users\/1001689"}],"replies":[{"embeddable":true,"href":"https:\/\/wp.unil.ch\/gaia\/wp-json\/wp\/v2\/comments?post=148"}],"version-history":[{"count":0,"href":"https:\/\/wp.unil.ch\/gaia\/wp-json\/wp\/v2\/pages\/148\/revisions"}],"up":[{"embeddable":true,"href":"https:\/\/wp.unil.ch\/gaia\/wp-json\/wp\/v2\/pages\/685"}],"wp:attachment":[{"href":"https:\/\/wp.unil.ch\/gaia\/wp-json\/wp\/v2\/media?parent=148"}],"curies":[{"name":"wp","href":"https:\/\/api.w.org\/{rel}","templated":true}]}}