{"id":1174,"date":"2022-08-18T19:51:36","date_gmt":"2022-08-18T17:51:36","guid":{"rendered":"https:\/\/wp.unil.ch\/gaia\/?page_id=1174"},"modified":"2023-11-13T13:06:08","modified_gmt":"2023-11-13T12:06:08","slug":"loic-gerber","status":"publish","type":"page","link":"https:\/\/wp.unil.ch\/gaia\/team\/loic-gerber\/","title":{"rendered":"Lo\u00efc Gerber"},"content":{"rendered":"\n<h2 class=\"wp-block-heading\"><strong>Research interests<\/strong><\/h2>\n\n\n\n<div class=\"wp-block-columns is-layout-flex wp-container-core-columns-is-layout-9d6595d7 wp-block-columns-is-layout-flex\">\n<div class=\"wp-block-column is-layout-flow wp-block-column-is-layout-flow\" style=\"flex-basis:66.66%\">\n<p>Lo\u00efc Gerber is developing new approaches to generate synthetic data consistent with reanalysis datasets and is engaged in a comprehensive exploration of hydrological processes in the Volta River Basin in West Africa. His academic journey includes a focus on extreme rainfall events during his undergraduate studies and a specialization in urban hydrological modelling for extreme events during his postgraduate program.<\/p>\n<\/div>\n\n\n\n<div class=\"wp-block-column is-layout-flow wp-block-column-is-layout-flow\" style=\"flex-basis:33.33%\">\n<figure class=\"wp-block-image size-full is-resized\"><img alt=\"\" loading=\"lazy\" decoding=\"async\" width=\"777\" height=\"814\" src=\"https:\/\/wp.unil.ch\/gaia\/files\/2023\/11\/signal-2023-09-01-180904_0102.jpeg\" alt=\"\" class=\"wp-image-1398\" style=\"width:176px;height:auto\" srcset=\"https:\/\/wp.unil.ch\/gaia\/files\/2023\/11\/signal-2023-09-01-180904_0102.jpeg 777w, https:\/\/wp.unil.ch\/gaia\/files\/2023\/11\/signal-2023-09-01-180904_0102-286x300.jpeg 286w, https:\/\/wp.unil.ch\/gaia\/files\/2023\/11\/signal-2023-09-01-180904_0102-768x805.jpeg 768w\" sizes=\"auto, (max-width: 767px) 89vw, (max-width: 1000px) 54vw, (max-width: 1071px) 543px, 580px\" \/><\/figure>\n<\/div>\n<\/div>\n\n\n\n<p>Given the scarcity of remotely-sensed data, especially pre-2000 in the region, Lo\u00efc&#8217;s research aims to overcome this limitation by generating synthetic satellite images spanning from 1950 to the present day. This endeavor utilizes existing catalogues to enhance data availability and contributes valuable insights to long-term hydrological modelling.<\/p>\n\n\n\n<p>The derived synthetic products will be integrated into a fully distributed hydrological model, allowing the assessment of their validity. This methodological approach not only addresses data gaps but also promises to refine hydrological models, contributing to a more nuanced understanding of the evolving hydrological processes within the context of climate change.<\/p>\n\n\n\n<p><strong>Key words<\/strong>: Hydro-climatic modelling, synthetic satellite imagery generation, spatial analysis, remote sensing, geostatistics<\/p>\n\n\n\n<h2 class=\"wp-block-heading\"><strong>Educational and work background<\/strong><\/h2>\n\n\n\n<ul class=\"wp-block-list\">\n<li>01.09.2022-today: <strong>PhD student<\/strong> at University of Lausanne<\/li>\n\n\n\n<li>2020-2022: <strong>Master of Science<\/strong> (MSc) in Environmental Science, Orientation <strong>Natural Hazards and Risk<\/strong> (UNIL)\n<ul class=\"wp-block-list\">\n<li>Thesis: \u00c9vacuation des eaux urbaines lors de fortes pr\u00e9cipitations &#8211; M\u00e9thodes d\u2019estimation de la contribution effective du bassin versant imperm\u00e9able. Directed by Gr\u00e9goire Mari\u00e9thoz (Unil) and Fr\u00e9d\u00e9ric Jordan (Hydrique Ing\u00e9nieurs).<\/li>\n<\/ul>\n<\/li>\n\n\n\n<li>2019-2020: <strong>Assistant Scientific Collaborator<\/strong>, Service des For\u00eats et de la Nature, section Nature et Paysage, <strong>Etat de Fribourg<\/strong><\/li>\n\n\n\n<li>2016-2019: <strong>Bachelor of Science<\/strong> (BSc) in Geosciences and Environment, Orientation Geography, Specialisation in <strong>Physical Geography<\/strong> (UNIL)\n<ul class=\"wp-block-list\">\n<li>Thesis: Caract\u00e9risation de l\u2019\u00e9v\u00e8nement pluvieux du 11 juin 2018 \u00e0 Lausanne et analyse de ses impacts. Directed by Bettina Schaefli (Unil).<\/li>\n<\/ul>\n<\/li>\n<\/ul>\n\n\n\n<h2 class=\"wp-block-heading\"><strong>Presentations<\/strong><\/h2>\n\n\n\n<ul class=\"wp-block-list\">\n<li><strong>SGM23:<\/strong> <strong>Lo\u00efc Gerber<\/strong>, Gr\u00e9goire Mari\u00e9thoz.<em> Synthetic hydrological data consistent with climate reanalysis to enable long-term hydrological modelling<\/em>.<\/li>\n\n\n\n<li><strong>IUGG23: Lo\u00efc Gerber<\/strong>, Gr\u00e9goire Mari\u00e9thoz.<em> Synthetic satellite data generation to inform hydrological models in data scarce areas.<\/em><\/li>\n\n\n\n<li><strong>EGU23:<\/strong> <strong>Lo\u00efc Gerber<\/strong>, Gr\u00e9goire Mari\u00e9thoz.<em> Synthetic hydrological data consistent with climate reanalysis to enable long-term hydrological modelling.<\/em><\/li>\n\n\n\n<li><strong>SGM22:<\/strong> <strong>Lo\u00efc Gerber<\/strong>, Christophe Randin, Marianne Milano, Emmanuel Reynard, Gr\u00e9goire Mari\u00e9thoz. <em>NDVI Explorer \u2013 A Google Earth Engine application to visualise and extract NDVI time-series.<\/em><\/li>\n<\/ul>\n\n\n\n<h2 class=\"wp-block-heading\"><strong>Languages<\/strong><\/h2>\n\n\n\n<ul class=\"wp-block-list\">\n<li>French: native speaker<\/li>\n\n\n\n<li>English: fluent (C2, CPE 2015)<\/li>\n\n\n\n<li>German: notions<\/li>\n<\/ul>\n\n\n\n<h2 class=\"wp-block-heading\"><strong>Contact<\/strong><\/h2>\n\n\n\n<p>Institute of Earth Surface Dynamics (IDYST)<br>UNIL-Mouline, Geopolis, Office 3247<br>University of Lausanne<br>1015 Lausanne, Switzerland<\/p>\n\n\n\n<p><a href=\"mailto:loic.gerber.2@unil.ch\">loic.gerber.2@unil.ch<\/a><br><a href=\"https:\/\/www.linkedin.com\/in\/loic-gerber\/\" target=\"_blank\" rel=\"noreferrer noopener\">LinkedIn<\/a><\/p>\n","protected":false},"excerpt":{"rendered":"<p>Research interests Lo\u00efc Gerber is developing new approaches to generate synthetic data consistent with reanalysis datasets and is engaged in a comprehensive exploration of hydrological processes in the Volta River Basin in West Africa. His academic journey includes a focus on extreme rainfall events during his undergraduate studies and a specialization in urban hydrological modelling &hellip; <\/p>\n<p class=\"link-more\"><a href=\"https:\/\/wp.unil.ch\/gaia\/team\/loic-gerber\/\" class=\"more-link\">Continue reading<span class=\"screen-reader-text\"> &#8220;Lo\u00efc Gerber&#8221;<\/span><\/a><\/p>\n","protected":false},"author":1002473,"featured_media":0,"parent":303,"menu_order":8,"comment_status":"closed","ping_status":"closed","template":"","meta":{"_seopress_robots_primary_cat":"","_seopress_titles_title":"","_seopress_titles_desc":"","_seopress_robots_index":"","footnotes":""},"class_list":["post-1174","page","type-page","status-publish"],"_links":{"self":[{"href":"https:\/\/wp.unil.ch\/gaia\/wp-json\/wp\/v2\/pages\/1174","targetHints":{"allow":["GET"]}}],"collection":[{"href":"https:\/\/wp.unil.ch\/gaia\/wp-json\/wp\/v2\/pages"}],"about":[{"href":"https:\/\/wp.unil.ch\/gaia\/wp-json\/wp\/v2\/types\/page"}],"author":[{"embeddable":true,"href":"https:\/\/wp.unil.ch\/gaia\/wp-json\/wp\/v2\/users\/1002473"}],"replies":[{"embeddable":true,"href":"https:\/\/wp.unil.ch\/gaia\/wp-json\/wp\/v2\/comments?post=1174"}],"version-history":[{"count":5,"href":"https:\/\/wp.unil.ch\/gaia\/wp-json\/wp\/v2\/pages\/1174\/revisions"}],"predecessor-version":[{"id":1403,"href":"https:\/\/wp.unil.ch\/gaia\/wp-json\/wp\/v2\/pages\/1174\/revisions\/1403"}],"up":[{"embeddable":true,"href":"https:\/\/wp.unil.ch\/gaia\/wp-json\/wp\/v2\/pages\/303"}],"wp:attachment":[{"href":"https:\/\/wp.unil.ch\/gaia\/wp-json\/wp\/v2\/media?parent=1174"}],"curies":[{"name":"wp","href":"https:\/\/api.w.org\/{rel}","templated":true}]}}