{"id":926,"date":"2019-10-25T11:58:59","date_gmt":"2019-10-25T09:58:59","guid":{"rendered":"http:\/\/wp.unil.ch\/futurspossibles\/?page_id=926"},"modified":"2020-05-26T11:15:19","modified_gmt":"2020-05-26T09:15:19","slug":"le-seminaire-des-possibles","status":"publish","type":"page","link":"https:\/\/wp.unil.ch\/futurspossibles\/le-seminaire-des-possibles\/","title":{"rendered":"Le S\u00e9minaire des possibles"},"content":{"rendered":"<figure id=\"attachment_2055\" aria-describedby=\"caption-attachment-2055\" style=\"width: 735px\" class=\"wp-caption aligncenter\"><a href=\"https:\/\/wp.unil.ch\/futurspossibles\/files\/2020\/05\/AE1I3345.jpg\"><img alt=\"\" loading=\"lazy\" decoding=\"async\" class=\"wp-image-2055 size-large\" src=\"https:\/\/wp.unil.ch\/futurspossibles\/files\/2020\/05\/AE1I3345-1024x683.jpg\" alt=\"\" width=\"735\" height=\"490\" srcset=\"https:\/\/wp.unil.ch\/futurspossibles\/files\/2020\/05\/AE1I3345-1024x683.jpg 1024w, https:\/\/wp.unil.ch\/futurspossibles\/files\/2020\/05\/AE1I3345-300x200.jpg 300w, https:\/\/wp.unil.ch\/futurspossibles\/files\/2020\/05\/AE1I3345-768x512.jpg 768w, https:\/\/wp.unil.ch\/futurspossibles\/files\/2020\/05\/AE1I3345-1536x1024.jpg 1536w, https:\/\/wp.unil.ch\/futurspossibles\/files\/2020\/05\/AE1I3345-1320x880.jpg 1320w, https:\/\/wp.unil.ch\/futurspossibles\/files\/2020\/05\/AE1I3345.jpg 1800w\" sizes=\"auto, (max-width: 735px) 100vw, 735px\" \/><\/a><figcaption id=\"caption-attachment-2055\" class=\"wp-caption-text\">\u00a9Adrien Pillet<\/figcaption><\/figure>\n<p>En parall\u00e8le aux Assembl\u00e9es, se d\u00e9roule le <em>S\u00e9minaire des possibles<\/em>\u00a0: sept chercheurs.euses de l&rsquo;UNIL et sept artistes romand.e.s se r\u00e9unissent avec Dominique Bourg et les experts invit\u00e9s aux Assembl\u00e9es. Les chercheurs, repr\u00e9sentant les disciplines de l\u2019UNIL (lettres, sciences sociales, droit\u2026) et impliqu\u00e9s dans la durabilit\u00e9, apportent leurs expertises, les artistes leurs savoir-faire dans diff\u00e9rents champs artistiques (th\u00e9\u00e2tre, danse, arts visuels, litt\u00e9rature, musique\u2026) : ensemble, ils envisagent le renouvellement des r\u00e9cits possibles du futur, en partant de ce que l\u2019on sait aujourd\u2019hui et en se projetant demain \u00e0 travers un dialogue pluridisciplinaire entre sciences et arts.<\/p>\n<p>Vamille, illustratrice yverdonnoise qui accompagne les s\u00e9ances, rend compte de ces rendez-vous au travers ses croquis.<\/p>\n<p>D\u00e9but juin, artistes et scientifiques investissent les diff\u00e9rentes salles du Th\u00e9\u00e2tre Vidy-Lausanne pour pr\u00e9senter un \u00e9tat de leurs collaborations sous forme de performances artistiques et scientifiques\u00a0: c\u2019est le<em> Th\u00e9\u00e2tre des futurs possibles<\/em>, ouvert \u00e0 toutes et tous.<\/p>\n<p><a href=\"https:\/\/wp.unil.ch\/futurspossibles\/files\/2019\/10\/2019_10_31_Presentation-artistes-chercheurs_Pour-blog.pdf\" target=\"_blank\" rel=\"noopener noreferrer\">Pdf, pr\u00e9sentation artistes et scientifiques<\/a><\/p>\n","protected":false},"excerpt":{"rendered":"<p>En parall\u00e8le aux Assembl\u00e9es, se d\u00e9roule le S\u00e9minaire des possibles\u00a0: sept chercheurs.euses de l&rsquo;UNIL et sept artistes romand.e.s se r\u00e9unissent avec Dominique Bourg et les experts invit\u00e9s aux Assembl\u00e9es. Les &hellip; <\/p>\n","protected":false},"author":1119,"featured_media":0,"parent":0,"menu_order":0,"comment_status":"closed","ping_status":"closed","template":"","meta":{"_seopress_robots_primary_cat":"","_seopress_titles_title":"","_seopress_titles_desc":"","_seopress_robots_index":"","_uag_custom_page_level_css":"","footnotes":""},"class_list":["post-926","page","type-page","status-publish"],"uagb_featured_image_src":{"full":false,"thumbnail":false,"medium":false,"medium_large":false,"large":false,"1536x1536":false,"2048x2048":false,"hitmag-landscape":false,"hitmag-featured":false,"hitmag-grid":false,"hitmag-list":false,"hitmag-thumbnail":false,"mailpoet_newsletter_max":false},"uagb_author_info":{"display_name":"Delphine Ducoulombier","author_link":"https:\/\/wp.unil.ch\/futurspossibles\/author\/dducoulo\/"},"uagb_comment_info":0,"uagb_excerpt":"En parall\u00e8le aux Assembl\u00e9es, se d\u00e9roule le S\u00e9minaire des possibles\u00a0: sept chercheurs.euses de l&rsquo;UNIL et sept artistes romand.e.s se r\u00e9unissent avec Dominique Bourg et les experts invit\u00e9s aux Assembl\u00e9es. Les &hellip;","_links":{"self":[{"href":"https:\/\/wp.unil.ch\/futurspossibles\/wp-json\/wp\/v2\/pages\/926","targetHints":{"allow":["GET"]}}],"collection":[{"href":"https:\/\/wp.unil.ch\/futurspossibles\/wp-json\/wp\/v2\/pages"}],"about":[{"href":"https:\/\/wp.unil.ch\/futurspossibles\/wp-json\/wp\/v2\/types\/page"}],"author":[{"embeddable":true,"href":"https:\/\/wp.unil.ch\/futurspossibles\/wp-json\/wp\/v2\/users\/1119"}],"replies":[{"embeddable":true,"href":"https:\/\/wp.unil.ch\/futurspossibles\/wp-json\/wp\/v2\/comments?post=926"}],"version-history":[{"count":0,"href":"https:\/\/wp.unil.ch\/futurspossibles\/wp-json\/wp\/v2\/pages\/926\/revisions"}],"wp:attachment":[{"href":"https:\/\/wp.unil.ch\/futurspossibles\/wp-json\/wp\/v2\/media?parent=926"}],"curies":[{"name":"wp","href":"https:\/\/api.w.org\/{rel}","templated":true}]}}