{"id":922,"date":"2019-10-25T11:51:20","date_gmt":"2019-10-25T09:51:20","guid":{"rendered":"http:\/\/wp.unil.ch\/futurspossibles\/?page_id=922"},"modified":"2019-10-25T11:53:01","modified_gmt":"2019-10-25T09:53:01","slug":"les-assemblees-participatives","status":"publish","type":"page","link":"https:\/\/wp.unil.ch\/futurspossibles\/les-assemblees-participatives\/","title":{"rendered":"Les Assembl\u00e9es participatives"},"content":{"rendered":"<p>Les lundi 28 octobre, 2 d\u00e9cembre 2019, 3 f\u00e9vrier et 27 avril 2020 se tiennent les <em>Assembl\u00e9es participatives<\/em> du cycle <em>Imaginaires des futurs possibles\u00a0<\/em>: une invitation \u00e0 r\u00e9fl\u00e9chir ensemble aux d\u00e9fis soci\u00e9taux et \u00e9cologiques. Les Assembl\u00e9es font se croiser expos\u00e9s scientifiques et ateliers participatifs selon un plan qui part d\u2019un \u00e9tat des lieux avant d\u2019\u00e9laborer des perspectives alternatives et durables. Dominique Bourg et deux invit\u00e9.e.s, experts exposent leurs analyses qui sont investies et appropri\u00e9es ensuite par les participants, en les reliant \u00e0 des sujets concrets \u2013 la nourriture, la sant\u00e9, la consommation, les besoins en \u00e9nergie, la justice\u2026 Th\u00e9matiques qui sont reprises et prolong\u00e9es \u00e0 chaque nouvelle Assembl\u00e9e \u2013 ou comment faire dialoguer les analyses de la science avec le d\u00e9bat citoyen pour renouveler les mod\u00e8les de futurs durables.<\/p>\n","protected":false},"excerpt":{"rendered":"<p>Les lundi 28 octobre, 2 d\u00e9cembre 2019, 3 f\u00e9vrier et 27 avril 2020 se tiennent les Assembl\u00e9es participatives du cycle Imaginaires des futurs possibles\u00a0: une invitation \u00e0 r\u00e9fl\u00e9chir ensemble aux &hellip; <\/p>\n","protected":false},"author":1119,"featured_media":0,"parent":0,"menu_order":0,"comment_status":"closed","ping_status":"closed","template":"","meta":{"_seopress_robots_primary_cat":"","_seopress_titles_title":"","_seopress_titles_desc":"","_seopress_robots_index":"","_uag_custom_page_level_css":"","footnotes":""},"class_list":["post-922","page","type-page","status-publish"],"uagb_featured_image_src":{"full":false,"thumbnail":false,"medium":false,"medium_large":false,"large":false,"1536x1536":false,"2048x2048":false,"hitmag-landscape":false,"hitmag-featured":false,"hitmag-grid":false,"hitmag-list":false,"hitmag-thumbnail":false,"mailpoet_newsletter_max":false},"uagb_author_info":{"display_name":"Delphine Ducoulombier","author_link":"https:\/\/wp.unil.ch\/futurspossibles\/author\/dducoulo\/"},"uagb_comment_info":0,"uagb_excerpt":"Les lundi 28 octobre, 2 d\u00e9cembre 2019, 3 f\u00e9vrier et 27 avril 2020 se tiennent les Assembl\u00e9es participatives du cycle Imaginaires des futurs possibles\u00a0: une invitation \u00e0 r\u00e9fl\u00e9chir ensemble aux &hellip;","_links":{"self":[{"href":"https:\/\/wp.unil.ch\/futurspossibles\/wp-json\/wp\/v2\/pages\/922","targetHints":{"allow":["GET"]}}],"collection":[{"href":"https:\/\/wp.unil.ch\/futurspossibles\/wp-json\/wp\/v2\/pages"}],"about":[{"href":"https:\/\/wp.unil.ch\/futurspossibles\/wp-json\/wp\/v2\/types\/page"}],"author":[{"embeddable":true,"href":"https:\/\/wp.unil.ch\/futurspossibles\/wp-json\/wp\/v2\/users\/1119"}],"replies":[{"embeddable":true,"href":"https:\/\/wp.unil.ch\/futurspossibles\/wp-json\/wp\/v2\/comments?post=922"}],"version-history":[{"count":0,"href":"https:\/\/wp.unil.ch\/futurspossibles\/wp-json\/wp\/v2\/pages\/922\/revisions"}],"wp:attachment":[{"href":"https:\/\/wp.unil.ch\/futurspossibles\/wp-json\/wp\/v2\/media?parent=922"}],"curies":[{"name":"wp","href":"https:\/\/api.w.org\/{rel}","templated":true}]}}