{"id":708,"date":"2019-09-23T11:31:44","date_gmt":"2019-09-23T09:31:44","guid":{"rendered":"http:\/\/wp.unil.ch\/futurspossibles\/?page_id=708"},"modified":"2019-10-07T22:49:59","modified_gmt":"2019-10-07T20:49:59","slug":"charte-de-contribution","status":"publish","type":"page","link":"https:\/\/wp.unil.ch\/futurspossibles\/charte-de-contribution\/","title":{"rendered":"Charte de contribution"},"content":{"rendered":"<p>Conform\u00e9ment \u00e0 son objectif de contribution citoyenne et en respect de la N\u00e9tiquette (charte de bonne conduite et de politesse des utilisatrices et utilisateurs d\u2019internet) le blog FutursPoss!bles propose la charte suivante de mod\u00e9ration des contributions.<\/p>\n<p>L\u2019espace des contributions est consid\u00e9r\u00e9 comme public aux yeux de la loi. Toutes les contributions \u00e9tant libres, elles ne repr\u00e9sentent pas un avis partag\u00e9 et valid\u00e9 par la communaut\u00e9 scientifique. Les utilisatrices et utilisateurs sont pleinement responsables de leurs propos.<\/p>\n<p>Les contributions propos\u00e9es doivent avoir un lien avec les th\u00e8mes abord\u00e9s et les r\u00e9flexions men\u00e9es dans le cadre du cycle <em>Imaginaires des futurs possibles<\/em>.<\/p>\n<p>Dans leurs contributions, qu\u2019elles soient sous forme d\u2019article ou de commentaire, les utilisatrices et utilisateurs s\u2019engagent \u00e0 respecter les lois et r\u00e8glements en vigueur ainsi que le droit des personnes. Si les propos tenus font clairement l\u2019objet de fake news, les webmasters se r\u00e9servent le droit de ne pas publier les contributions propos\u00e9es.<\/p>\n<p>La discussion doit \u00eatre respectueuse, sans attaque personnelle (contre les autres contributeurs et contributrices, comme contre les personnes cit\u00e9es dans l\u2019article) et respecter les limites de la libert\u00e9 d\u2019expression : pas de diffamation, pas d\u2019injure, pas de propos discriminatoire, sexiste ou raciste, n\u00e9gationniste, ou incitant \u00e0 la haine. De m\u00eame, tous les propos relevant du pros\u00e9lytisme ou de nature promotionnelle ou publicitaire sont \u00e0 exclure.<\/p>\n<p><strong>Les contributrices et contributeurs s\u2019engagent \u00e0 respecter ces r\u00e8gles de bonne conduite et s\u2019interdisent de :<\/strong><\/p>\n<ul>\n<li>\u00e9crire enti\u00e8rement en langage abr\u00e9g\u00e9 ou en majuscules ;<\/li>\n<li>mettre en cause des personnes particuli\u00e8res ;<\/li>\n<li>publier des petites annonces ;<\/li>\n<li>publier des commentaires hors sujet (par exemple une demande de renseignement sur un dossier administratif personnel, etc..) ;<\/li>\n<li>contribuer en associant un lien hypertexte renvoyant vers un site commercial ;<\/li>\n<li>utiliser le site de mani\u00e8re abusive ou malhonn\u00eate, sans que cela soit limitatif, en multipliant les messages dans le but d\u2019entraver ou de fausser le fonctionnement de cet espace (ph\u00e9nom\u00e8nes pollupostage)<\/li>\n<\/ul>\n<p>Vos contributions sont publi\u00e9es apr\u00e8s validation par notre \u00e9quipe de mod\u00e9ration. Toute contribution que le blog FutursPoss!bles estime contraire \u00e0 la bonne tenue du d\u00e9bat ne sera pas publi\u00e9e.<\/p>\n<p>Les webmasters se r\u00e9servent la possibilit\u00e9 de fermer \u00e0 tout moment la fonctionnalit\u00e9 des commentaires sur tout ou partie de son site.<\/p>\n<p>Si un comportement inappropri\u00e9 est observ\u00e9 par les mod\u00e9rateurs, ce dernier se garde le droit de ne pas publier un article et de supprimer tout ou partie d\u2019un commentaire non conforme aux r\u00e8gles de la pr\u00e9sente charte.<\/p>\n<p>En tant qu\u2019utilisatrice ou utilisateur de ce site, vous reconnaissez avoir pris connaissance de la pr\u00e9sente charte de mod\u00e9ration et vous vous engagez \u00e0 respecter ses r\u00e8gles de bonne conduite.<\/p>\n<p>&nbsp;<\/p>\n<p>&nbsp;<\/p>\n","protected":false},"excerpt":{"rendered":"<p>Conform\u00e9ment \u00e0 son objectif de contribution citoyenne et en respect de la N\u00e9tiquette (charte de bonne conduite et de politesse des utilisatrices et utilisateurs d\u2019internet) le blog FutursPoss!bles propose la &hellip; <\/p>\n","protected":false},"author":108,"featured_media":0,"parent":0,"menu_order":0,"comment_status":"closed","ping_status":"closed","template":"","meta":{"_seopress_robots_primary_cat":"","_seopress_titles_title":"","_seopress_titles_desc":"","_seopress_robots_index":"","_uag_custom_page_level_css":"","footnotes":""},"class_list":["post-708","page","type-page","status-publish"],"uagb_featured_image_src":{"full":false,"thumbnail":false,"medium":false,"medium_large":false,"large":false,"1536x1536":false,"2048x2048":false,"hitmag-landscape":false,"hitmag-featured":false,"hitmag-grid":false,"hitmag-list":false,"hitmag-thumbnail":false,"mailpoet_newsletter_max":false},"uagb_author_info":{"display_name":"centre informatique","author_link":"https:\/\/wp.unil.ch\/futurspossibles\/author\/ci-unil\/"},"uagb_comment_info":0,"uagb_excerpt":"Conform\u00e9ment \u00e0 son objectif de contribution citoyenne et en respect de la N\u00e9tiquette (charte de bonne conduite et de politesse des utilisatrices et utilisateurs d\u2019internet) le blog FutursPoss!bles propose la &hellip;","_links":{"self":[{"href":"https:\/\/wp.unil.ch\/futurspossibles\/wp-json\/wp\/v2\/pages\/708","targetHints":{"allow":["GET"]}}],"collection":[{"href":"https:\/\/wp.unil.ch\/futurspossibles\/wp-json\/wp\/v2\/pages"}],"about":[{"href":"https:\/\/wp.unil.ch\/futurspossibles\/wp-json\/wp\/v2\/types\/page"}],"author":[{"embeddable":true,"href":"https:\/\/wp.unil.ch\/futurspossibles\/wp-json\/wp\/v2\/users\/108"}],"replies":[{"embeddable":true,"href":"https:\/\/wp.unil.ch\/futurspossibles\/wp-json\/wp\/v2\/comments?post=708"}],"version-history":[{"count":0,"href":"https:\/\/wp.unil.ch\/futurspossibles\/wp-json\/wp\/v2\/pages\/708\/revisions"}],"wp:attachment":[{"href":"https:\/\/wp.unil.ch\/futurspossibles\/wp-json\/wp\/v2\/media?parent=708"}],"curies":[{"name":"wp","href":"https:\/\/api.w.org\/{rel}","templated":true}]}}