{"id":184,"date":"2019-07-17T15:31:33","date_gmt":"2019-07-17T13:31:33","guid":{"rendered":"http:\/\/wp.unil.ch\/futurspossibles\/?page_id=184"},"modified":"2020-01-16T09:54:37","modified_gmt":"2020-01-16T08:54:37","slug":"agenda","status":"publish","type":"page","link":"https:\/\/wp.unil.ch\/futurspossibles\/agenda\/","title":{"rendered":"Agenda du cycle"},"content":{"rendered":"\r\n<div id=\"uagb-ctm-90f3cb0f-db8b-4c23-91ce-112c463fd0b6\" class=\"wp-block-uagb-content-timeline uagb-timeline__outer-wrap\">\r\n<div class=\"uagb-timeline__content-wrap uagb-timeline__center-block  uagb-timeline__arrow-center uagb-timeline__responsive-tablet uagb-timeline\">\r\n<div class=\"uagb-timeline-wrapper\">\r\n<div class=\"uagb-timeline__main\">\r\n<div class=\"uagb-timeline__days\">\r\n<article class=\"uagb-timeline__field uagb-timeline__field-wrap\">\r\n<div class=\"uagb-timeline__widget uagb-timeline__right\">\r\n<div class=\"uagb-timeline__marker out-view-uagb-timeline__icon\">\u00a0<\/div>\r\n<div class=\"uagb-timeline__day-new uagb-timeline__day-right\">\r\n<div class=\"uagb-events-new\">\r\n<div class=\"uagb-timeline__events-inner-new\">\r\n<div class=\"uagb-timeline__date-hide uagb-timeline__date-inner\">\r\n<div class=\"uagb-timeline__inner-date-new\">31 ao\u00fbt 2019<\/div>\r\n<\/div>\r\n<div class=\"uagb-timeline-content\">\r\n<div class=\"uagb-timeline__heading-text\">\r\n<h5 class=\"uagb-timeline__heading\">Prologue<\/h5>\r\n<\/div>\r\n<p class=\"uagb-timeline-desc-content\">Discussion libre entre Laetitia Dosch, Judith Zagury et Dominique Bourg \u00e0 l&rsquo;issue de la repr\u00e9sentation de\u00a0<a class=\"\" href=\"https:\/\/vidy.ch\/hate-0\">HATE<\/a>, tentative de duo avec un cheval, \u00e0 l&rsquo;Ecole Atelier ShanJu \u00e0 Gimel<\/p>\r\n<div class=\"uagb-timeline__arrow\">\u00a0<\/div>\r\n<\/div>\r\n<\/div>\r\n<\/div>\r\n<\/div>\r\n<div class=\"uagb-timeline__date-new\">\r\n<div class=\"uagb-timeline__date-new\">31 ao\u00fbt 2019<\/div>\r\n<\/div>\r\n<\/div>\r\n<\/article>\r\n<article class=\"uagb-timeline__field uagb-timeline__field-wrap\">\r\n<div class=\"uagb-timeline__widget uagb-timeline__left\">\r\n<div class=\"uagb-timeline__marker out-view-uagb-timeline__icon\">\u00a0<\/div>\r\n<div class=\"uagb-timeline__day-new uagb-timeline__day-left\">\r\n<div class=\"uagb-events-new\">\r\n<div class=\"uagb-timeline__events-inner-new\">\r\n<div class=\"uagb-timeline__date-hide uagb-timeline__date-inner\">\r\n<div class=\"uagb-timeline__inner-date-new\">28 octobre 2019<\/div>\r\n<\/div>\r\n<div class=\"uagb-timeline-content\">\r\n<div class=\"uagb-timeline__heading-text\">\r\n<h5 class=\"uagb-timeline__heading\">Un \u00e9tat des lieux: contraintes et opportunit\u00e9s<\/h5>\r\n<\/div>\r\n<p class=\"uagb-timeline-desc-content\">Dominique Bourg<\/p>\r\n<div class=\"uagb-timeline__arrow\">\u00a0<\/div>\r\n<\/div>\r\n<\/div>\r\n<\/div>\r\n<\/div>\r\n<div class=\"uagb-timeline__date-new\">\r\n<div class=\"uagb-timeline__date-new\">28 octobre 2019<\/div>\r\n<\/div>\r\n<\/div>\r\n<\/article>\r\n<article class=\"uagb-timeline__field uagb-timeline__field-wrap\">\r\n<div class=\"uagb-timeline__widget uagb-timeline__right\">\r\n<div class=\"uagb-timeline__marker out-view-uagb-timeline__icon\">\u00a0<\/div>\r\n<div class=\"uagb-timeline__day-new uagb-timeline__day-right\">\r\n<div class=\"uagb-events-new\">\r\n<div class=\"uagb-timeline__events-inner-new\">\r\n<div class=\"uagb-timeline__date-hide uagb-timeline__date-inner\">\r\n<div class=\"uagb-timeline__inner-date-new\">2 d\u00e9cembre 2019<\/div>\r\n<\/div>\r\n<div class=\"uagb-timeline-content\">\r\n<div class=\"uagb-timeline__heading-text\">\r\n<h5 class=\"uagb-timeline__heading\">Les effondrements<\/h5>\r\n<\/div>\r\n<p class=\"uagb-timeline-desc-content\">Dominique Bourg, Arthur Keller et Cynthia Fleury-Perkins<\/p>\r\n<div class=\"uagb-timeline__arrow\">\u00a0<\/div>\r\n<\/div>\r\n<\/div>\r\n<\/div>\r\n<\/div>\r\n<div class=\"uagb-timeline__date-new\">\r\n<div class=\"uagb-timeline__date-new\">2 d\u00e9cembre 2019<\/div>\r\n<\/div>\r\n<\/div>\r\n<\/article>\r\n<article class=\"uagb-timeline__field uagb-timeline__field-wrap\">\r\n<div class=\"uagb-timeline__widget uagb-timeline__left\">\r\n<div class=\"uagb-timeline__marker out-view-uagb-timeline__icon\">\u00a0<\/div>\r\n<div class=\"uagb-timeline__day-new uagb-timeline__day-left\">\r\n<div class=\"uagb-events-new\">\r\n<div class=\"uagb-timeline__events-inner-new\">\r\n<div class=\"uagb-timeline__date-hide uagb-timeline__date-inner\">\r\n<div class=\"uagb-timeline__inner-date-new\">3 f\u00e9vrier 2020<\/div>\r\n<\/div>\r\n<div class=\"uagb-timeline-content\">\r\n<div class=\"uagb-timeline__heading-text\">\r\n<h5 class=\"uagb-timeline__heading\">La technique<\/h5>\r\n<\/div>\r\n<p class=\"uagb-timeline-desc-content\">Dominique Bourg, Mathieu Arnoux et Bernard Stiegler<\/p>\r\n<div class=\"uagb-timeline__arrow\">\u00a0<\/div>\r\n<\/div>\r\n<\/div>\r\n<\/div>\r\n<\/div>\r\n<div class=\"uagb-timeline__date-new\">\r\n<div class=\"uagb-timeline__date-new\">3 f\u00e9vrier 2020<\/div>\r\n<\/div>\r\n<\/div>\r\n<\/article>\r\n<article class=\"uagb-timeline__field uagb-timeline__field-wrap\">\r\n<div class=\"uagb-timeline__widget uagb-timeline__right\">\r\n<div class=\"uagb-timeline__marker out-view-uagb-timeline__icon\">\u00a0<\/div>\r\n<div class=\"uagb-timeline__day-new uagb-timeline__day-right\">\r\n<div class=\"uagb-events-new\">\r\n<div class=\"uagb-timeline__events-inner-new\">\r\n<div class=\"uagb-timeline__date-hide uagb-timeline__date-inner\">\r\n<div class=\"uagb-timeline__inner-date-new\">27 avril 2020<\/div>\r\n<\/div>\r\n<div class=\"uagb-timeline-content\">\r\n<div class=\"uagb-timeline__heading-text\">\r\n<h5 class=\"uagb-timeline__heading\">Nouveaux paradigmes<\/h5>\r\n<\/div>\r\n<p class=\"uagb-timeline-desc-content\">Dominique Bourg, Guillaume Log\u00e9 et Virginie Maris<\/p>\r\n<div class=\"uagb-timeline__arrow\">\u00a0<\/div>\r\n<\/div>\r\n<\/div>\r\n<\/div>\r\n<\/div>\r\n<div class=\"uagb-timeline__date-new\">\r\n<div class=\"uagb-timeline__date-new\">27 avril 2020<\/div>\r\n<\/div>\r\n<\/div>\r\n<\/article>\r\n<article class=\"uagb-timeline__field uagb-timeline__field-wrap\">\r\n<div class=\"uagb-timeline__widget uagb-timeline__left\">\r\n<div class=\"uagb-timeline__marker out-view-uagb-timeline__icon\">\u00a0<\/div>\r\n<div class=\"uagb-timeline__day-new uagb-timeline__day-left\">\r\n<div class=\"uagb-events-new\">\r\n<div class=\"uagb-timeline__events-inner-new\">\r\n<div class=\"uagb-timeline__date-hide uagb-timeline__date-inner\">\r\n<div class=\"uagb-timeline__inner-date-new\">6 juin 2020<\/div>\r\n<\/div>\r\n<div class=\"uagb-timeline-content\">\r\n<div class=\"uagb-timeline__heading-text\">\r\n<h5 class=\"uagb-timeline__heading\"><strong>Th\u00e9\u00e2tre des futurs possibles<\/strong><\/h5>\r\n<\/div>\r\n<p class=\"uagb-timeline-desc-content\">Le Th\u00e9\u00e2tre des futurs possibles conclut le cycle en r\u00e9unissant formes artistiques et expos\u00e9s scientifiques pour partager les recherches men\u00e9es tout au long de l&rsquo;ann\u00e9e<\/p>\r\n<div class=\"uagb-timeline__arrow\">\u00a0<\/div>\r\n<\/div>\r\n<\/div>\r\n<\/div>\r\n<\/div>\r\n<div class=\"uagb-timeline__date-new\">\r\n<div class=\"uagb-timeline__date-new\">6 juin 2020<\/div>\r\n<\/div>\r\n<\/div>\r\n<\/article>\r\n<\/div>\r\n<div class=\"uagb-timeline__line\">\r\n<div class=\"uagb-timeline__line__inner\">\u00a0<\/div>\r\n<\/div>\r\n<\/div>\r\n<\/div>\r\n<\/div>\r\n<\/div>\r\n\r\n\r\n\r\n<p>&nbsp;<\/p>\r\n\r\n\r\n\r\n<p>&nbsp;<\/p>\r\n","protected":false},"excerpt":{"rendered":"<p>&nbsp; &nbsp;<\/p>\n","protected":false},"author":1119,"featured_media":0,"parent":0,"menu_order":30,"comment_status":"closed","ping_status":"closed","template":"","meta":{"_seopress_robots_primary_cat":"","_seopress_titles_title":"","_seopress_titles_desc":"","_seopress_robots_index":"","_uag_custom_page_level_css":"","footnotes":""},"class_list":["post-184","page","type-page","status-publish"],"uagb_featured_image_src":{"full":false,"thumbnail":false,"medium":false,"medium_large":false,"large":false,"1536x1536":false,"2048x2048":false,"hitmag-landscape":false,"hitmag-featured":false,"hitmag-grid":false,"hitmag-list":false,"hitmag-thumbnail":false,"mailpoet_newsletter_max":false},"uagb_author_info":{"display_name":"Delphine Ducoulombier","author_link":"https:\/\/wp.unil.ch\/futurspossibles\/author\/dducoulo\/"},"uagb_comment_info":0,"uagb_excerpt":"&nbsp; &nbsp;","_links":{"self":[{"href":"https:\/\/wp.unil.ch\/futurspossibles\/wp-json\/wp\/v2\/pages\/184","targetHints":{"allow":["GET"]}}],"collection":[{"href":"https:\/\/wp.unil.ch\/futurspossibles\/wp-json\/wp\/v2\/pages"}],"about":[{"href":"https:\/\/wp.unil.ch\/futurspossibles\/wp-json\/wp\/v2\/types\/page"}],"author":[{"embeddable":true,"href":"https:\/\/wp.unil.ch\/futurspossibles\/wp-json\/wp\/v2\/users\/1119"}],"replies":[{"embeddable":true,"href":"https:\/\/wp.unil.ch\/futurspossibles\/wp-json\/wp\/v2\/comments?post=184"}],"version-history":[{"count":0,"href":"https:\/\/wp.unil.ch\/futurspossibles\/wp-json\/wp\/v2\/pages\/184\/revisions"}],"wp:attachment":[{"href":"https:\/\/wp.unil.ch\/futurspossibles\/wp-json\/wp\/v2\/media?parent=184"}],"curies":[{"name":"wp","href":"https:\/\/api.w.org\/{rel}","templated":true}]}}