{"id":179,"date":"2019-07-17T15:29:47","date_gmt":"2019-07-17T13:29:47","guid":{"rendered":"http:\/\/wp.unil.ch\/futurspossibles\/?page_id=179"},"modified":"2019-10-31T16:28:02","modified_gmt":"2019-10-31T15:28:02","slug":"le-projet","status":"publish","type":"page","link":"https:\/\/wp.unil.ch\/futurspossibles\/le-projet\/","title":{"rendered":"Le projet"},"content":{"rendered":"<h3>Imaginaires des futurs possibles : un partenariat in\u00e9dit<\/h3>\n<p>Comment renouveler les imaginaires du futur face aux urgences climatiques&nbsp;?&nbsp;<\/p>\n<p>Le Th\u00e9\u00e2tre de Vidy-Lausanne, la Fondation Zoein et l\u2019Universit\u00e9 de Lausanne s\u2019associent pour r\u00e9fl\u00e9chir \u00e0 cette question dans un processus participatif in\u00e9dit.<\/p>\n<p>Tout au long de la saison th\u00e9\u00e2trale, d\u2019octobre 2019 \u00e0 juin 2020, un cycle de rencontres r\u00e9flexives et cr\u00e9atives stimule le dialogue entre sciences et fictions, chercheurs, artistes et spectateurs, sous la conduite du philosophe Dominique Bourg, professeur honoraire \u00e0 l\u2019UNIL.<\/p>\n<div class=\"wp-block-columns has-2-columns\"><\/div>\n\n\n<div class=\"wp-block-column is-layout-flow wp-block-column-is-layout-flow\">\u00a0<\/div>\n\n\n\n<div class=\"wp-block-column is-layout-flow wp-block-column-is-layout-flow\">\n<div id=\"uagb-testimonial-43e1dd79-d9e3-4aca-a1e4-a23abc61d9d1\" class=\"uagb-testomonial__outer-wrap uagb-slick-carousel uagb-tm__arrow-outside\">\r\n<div class=\"is-carousel uagb-tm__columns-1 uagb-tm__items\">\r\n<div class=\"uagb-testimonial__wrap  uagb-tm__imgicon-style-circle uagb-tm__image-position-top uagb-tm__bg-type-undefined \">\r\n<div class=\"uagb-tm__content\">\r\n<div class=\"uagb-tm__overlay\">\u00a0<\/div>\r\n<div class=\"uagb-tm__image-content\">\r\n<div class=\"uagb-tm__image\"><img decoding=\"async\" class=\"\" src=\"https:\/\/wp.unil.ch\/futurspossibles\/files\/2019\/08\/bourgportrait.jpg\" alt=\"\" \/><\/div>\r\n<\/div>\r\n<div class=\"uagb-tm__text-wrap\">\r\n<div class=\"uagb-testinomial-text-wrap\">\r\n<div class=\"uagb-tm__desc\">\u00ab\u00a0<em>Nous avons tous plus ou moins le sentiment de vivre une \u00e9poque bascule, sans pour autant savoir de quel c\u00f4t\u00e9 nous allons verser, avec quels futurs possibles. Nous vous proposons de tenter d\u2019\u00e9clairer ensemble l\u2019avenir, tout du moins d\u2019en dessiner certains contours probables, \u00e0 la faveur de ce cycle.<\/em>\u00ab\u00a0<\/div>\r\n<\/div>\r\n<div class=\"uagb-tm__meta\">\r\n<div class=\"uagb-tm__meta-inner\">\r\n<div class=\"uagb-testimonial-details\"><span class=\"uagb-tm__author-name\">Dominique Bourg <\/span><span class=\"uagb-tm__company\"><strong>Professeur honoraire UNIL<\/strong><\/span><\/div>\r\n<\/div>\r\n<\/div>\r\n<\/div>\r\n<\/div>\r\n<\/div>\r\n<\/div>\r\n<\/div>\n\n\n\n<p>&nbsp;<\/p>\n<\/div>\n\n\n<div class=\"wp-block-cover has-background-dim-20 has-background-dim has-parallax test-banner\" style=\"background-image: url('https:\/\/wp.unil.ch\/futurspossibles\/files\/2019\/10\/IMG_5752.jpg')\">\n<div class=\"wp-block-cover__inner-container\"><\/div>\n<\/div>\n\n\n<p style=\"text-align:center\" class=\"has-large-font-size\">&nbsp;<\/p>\n\n\n<h3>Quatre rendez-vous th\u00e9matiques<\/h3>\n<ul>\n<li><em>Un \u00e9tat des lieux\u00a0: contraintes et opportunit\u00e9s<\/em> &#8211; 28 octobre 2019<\/li>\n<li><em>Les effondrements<\/em> &#8211; 2 d\u00e9cembre 2019<\/li>\n<li><em>La technique<\/em> &#8211; 3 f\u00e9vrier 2020<\/li>\n<li><em>Nouveaux paradigmes<\/em>\u00a0&#8211; 27 avril 2020<\/li>\n<\/ul>\n<p>Sous la forme d\u2019<a href=\"https:\/\/wp.unil.ch\/futurspossibles\/les-assemblees-participatives\/\">assembl\u00e9es participatives<\/a>, 250 citoyen.ne.s sont invit\u00e9.e.s \u00e0 r\u00e9fl\u00e9chir \u00e0 ces d\u00e9fis soci\u00e9taux apr\u00e8s une pr\u00e9sentation introductive par <a href=\"https:\/\/wp.unil.ch\/futurspossibles\/les-scientifiques-et-conferencier-ere-s-invite-e-s-par-dominique-bourg\/\">des scientifiques et conf\u00e9renciers.\u00e8res de renom<\/a> invit\u00e9.e.s par Dominique Bourg.<\/p>\n<p>L\u2019apr\u00e8s-midi, en pr\u00e9ambule \u00e0 chacune de ces rencontres avec le public, <a href=\"https:\/\/wp.unil.ch\/futurspossibles\/files\/2019\/10\/2019_10_31_Presentation-artistes-chercheurs_Pour-blog.pdf\">sept chercheur.e.s de l&rsquo;UNIL et sept cr\u00e9ateurs romand.e.s <\/a>issus de diff\u00e9rentes disciplines artistiques travailleront ensemble \u00e0 renouveler les r\u00e9cits du futur lors d&rsquo;une s\u00e9rie de workshops, le <a href=\"https:\/\/wp.unil.ch\/futurspossibles\/le-seminaire-des-possibles\/\">S\u00e9minaire des possibles<\/a>.<\/p>\n<p>Les 6 et 7 juin, \u00e0 l\u2019issue du processus, artistes et chercheur\u00b7e\u00b7s investiront les diff\u00e9rentes salles du Th\u00e9\u00e2tre de Vidy-Lausanne pour pr\u00e9senter un \u00e9tat de leur collaboration sous forme de performances artistiques et d\u2019expos\u00e9s scientifiques. Intitul\u00e9 <em>Le Th\u00e9\u00e2tre des futurs possibles<\/em>, cet \u00e9v\u00e9nement est ouvert \u00e0 toutes et tous.<\/p>\n<p>Ce blog a pour ambition de stimuler le processus participatif aussi bien pour les 250 participant.e.s au cycle que pour la population et les expert.e.s int\u00e9ress\u00e9.e.s \u00e0 contribuer \u00e0 la r\u00e9flexion, ainsi que de documenter la d\u00e9marche dans son ensemble.<\/p>","protected":false},"excerpt":{"rendered":"<p>Imaginaires des futurs possibles : un partenariat in\u00e9dit Comment renouveler les imaginaires du futur face aux urgences climatiques&nbsp;?&nbsp; Le Th\u00e9\u00e2tre de Vidy-Lausanne, la Fondation Zoein et l\u2019Universit\u00e9 de Lausanne s\u2019associent &hellip; <\/p>\n","protected":false},"author":1119,"featured_media":0,"parent":0,"menu_order":10,"comment_status":"closed","ping_status":"closed","template":"","meta":{"_seopress_robots_primary_cat":"","_seopress_titles_title":"","_seopress_titles_desc":"","_seopress_robots_index":"","_uag_custom_page_level_css":"","footnotes":""},"class_list":["post-179","page","type-page","status-publish"],"uagb_featured_image_src":{"full":false,"thumbnail":false,"medium":false,"medium_large":false,"large":false,"1536x1536":false,"2048x2048":false,"hitmag-landscape":false,"hitmag-featured":false,"hitmag-grid":false,"hitmag-list":false,"hitmag-thumbnail":false,"mailpoet_newsletter_max":false},"uagb_author_info":{"display_name":"Delphine Ducoulombier","author_link":"https:\/\/wp.unil.ch\/futurspossibles\/author\/dducoulo\/"},"uagb_comment_info":0,"uagb_excerpt":"Imaginaires des futurs possibles : un partenariat in\u00e9dit Comment renouveler les imaginaires du futur face aux urgences climatiques&nbsp;?&nbsp; Le Th\u00e9\u00e2tre de Vidy-Lausanne, la Fondation Zoein et l\u2019Universit\u00e9 de Lausanne s\u2019associent &hellip;","_links":{"self":[{"href":"https:\/\/wp.unil.ch\/futurspossibles\/wp-json\/wp\/v2\/pages\/179","targetHints":{"allow":["GET"]}}],"collection":[{"href":"https:\/\/wp.unil.ch\/futurspossibles\/wp-json\/wp\/v2\/pages"}],"about":[{"href":"https:\/\/wp.unil.ch\/futurspossibles\/wp-json\/wp\/v2\/types\/page"}],"author":[{"embeddable":true,"href":"https:\/\/wp.unil.ch\/futurspossibles\/wp-json\/wp\/v2\/users\/1119"}],"replies":[{"embeddable":true,"href":"https:\/\/wp.unil.ch\/futurspossibles\/wp-json\/wp\/v2\/comments?post=179"}],"version-history":[{"count":0,"href":"https:\/\/wp.unil.ch\/futurspossibles\/wp-json\/wp\/v2\/pages\/179\/revisions"}],"wp:attachment":[{"href":"https:\/\/wp.unil.ch\/futurspossibles\/wp-json\/wp\/v2\/media?parent=179"}],"curies":[{"name":"wp","href":"https:\/\/api.w.org\/{rel}","templated":true}]}}