{"id":289,"date":"2021-03-17T11:02:12","date_gmt":"2021-03-17T10:02:12","guid":{"rendered":"https:\/\/wp.unil.ch\/flussforelle\/?page_id=289"},"modified":"2021-03-17T11:19:43","modified_gmt":"2021-03-17T10:19:43","slug":"erste-resultate","status":"publish","type":"page","link":"https:\/\/wp.unil.ch\/flussforelle\/erste-resultate\/","title":{"rendered":"Erste Resultate"},"content":{"rendered":"\n<p>Der J\u00e4hrlingsbesatz im 2016 (ca 3&rsquo;000 Tiere die in Reutigen aufgezogen worden waren) wurde zus\u00e4tzlich mit \u00ab\u00a0<em>VIE\u00a0\u00bb<\/em> Marken markiert. W\u00e4hrend der gesamten Sammelperiode (2017 bis 2020) wurde keine markierte Forelle, die das Fangmass erreicht h\u00e4tte, gefangen, weder von Anglern und Anglerinnen, noch vom Berner Fischereiinspektorat w\u00e4hrend ihres j\u00e4hrlichen Laichfischfangs . J\u00e4hrlingsbesatz mit Bachforellen scheint also nat\u00fcrliche Populationen kaum zu st\u00fctzen.<\/p>\n","protected":false},"excerpt":{"rendered":"<p>Der J\u00e4hrlingsbesatz im 2016 (ca 3&rsquo;000 Tiere die in Reutigen aufgezogen worden waren) wurde zus\u00e4tzlich mit \u00ab\u00a0VIE\u00a0\u00bb Marken markiert. W\u00e4hrend der gesamten Sammelperiode (2017 bis 2020) wurde keine markierte Forelle, &hellip; <\/p>\n","protected":false},"author":1691,"featured_media":0,"parent":0,"menu_order":2,"comment_status":"closed","ping_status":"closed","template":"","meta":{"_seopress_robots_primary_cat":"","_seopress_titles_title":"","_seopress_titles_desc":"","_seopress_robots_index":"","footnotes":""},"class_list":["post-289","page","type-page","status-publish"],"_links":{"self":[{"href":"https:\/\/wp.unil.ch\/flussforelle\/wp-json\/wp\/v2\/pages\/289","targetHints":{"allow":["GET"]}}],"collection":[{"href":"https:\/\/wp.unil.ch\/flussforelle\/wp-json\/wp\/v2\/pages"}],"about":[{"href":"https:\/\/wp.unil.ch\/flussforelle\/wp-json\/wp\/v2\/types\/page"}],"author":[{"embeddable":true,"href":"https:\/\/wp.unil.ch\/flussforelle\/wp-json\/wp\/v2\/users\/1691"}],"replies":[{"embeddable":true,"href":"https:\/\/wp.unil.ch\/flussforelle\/wp-json\/wp\/v2\/comments?post=289"}],"version-history":[{"count":0,"href":"https:\/\/wp.unil.ch\/flussforelle\/wp-json\/wp\/v2\/pages\/289\/revisions"}],"wp:attachment":[{"href":"https:\/\/wp.unil.ch\/flussforelle\/wp-json\/wp\/v2\/media?parent=289"}],"curies":[{"name":"wp","href":"https:\/\/api.w.org\/{rel}","templated":true}]}}