{"id":114,"date":"2017-01-19T13:54:05","date_gmt":"2017-01-19T12:54:05","guid":{"rendered":"http:\/\/wp.unil.ch\/flussforelle\/?page_id=114"},"modified":"2017-01-25T14:09:13","modified_gmt":"2017-01-25T13:09:13","slug":"methoden","status":"publish","type":"page","link":"https:\/\/wp.unil.ch\/flussforelle\/projekt\/methoden\/","title":{"rendered":"Genetische Methoden"},"content":{"rendered":"<p>Unsere molekulargenetischen Analysen basieren auf 13 Mikro\u00adsatelliten und einem geschlechtsspezifischen Marker. Sie werden uns erlauben, die Tiere ihren Eltern und damit ihrer Ursprungs\u00adpopulation zuzuordnen. Die Elterntiere stammen aus den folgenden Gew\u00e4ssern des Aaretals : Aare, G\u00fcrbe, M\u00fcsche, Giesse, Worble, Kiese und Rotache.<\/p>\n<p>Da die Tiere aus vollfaktoriellen Kreuzungen stammen und deswegen paternale von maternalen Effekten statistisch voneinander getrennt werden k\u00f6nnen, werden wir <a href=\"https:\/\/wp.unil.ch\/flussforelle\/projekt\/studie\/\">Fragen 1, 2, und 8<\/a> \u00fcber die Identifikation der Elterntiere bestimmen k\u00f6nnen. Da die Elterntiere zu verschiedenen Populationen geh\u00f6ren, kann damit auch gleich <a href=\"https:\/\/wp.unil.ch\/flussforelle\/projekt\/studie\/\">Frage 3<\/a> beantwortet werden. Die Beantwortung von <a href=\"https:\/\/wp.unil.ch\/flussforelle\/projekt\/studie\/\">Frage 4<\/a> ergibt sich aus dem geschlechtsspezifischen Marker. Mit der Familienzuordnung der Tiere lassen sich die genetischen Korrelationen zu den bereits bestimmten Stressresistenzen im Labor rechnen (<a href=\"https:\/\/wp.unil.ch\/flussforelle\/projekt\/studie\/\">Frage 5<\/a>). Die Markierungen erlauben uns, <a href=\"https:\/\/wp.unil.ch\/flussforelle\/projekt\/studie\/\">Fragen 6 und 7<\/a> zu beantworten. Weitere Analysen zu weiteren Fragestellungen werden sich aus diesen ersten Analysen ergeben.<\/p>\n<p style=\"text-align: right\"><a href=\"https:\/\/wp.unil.ch\/flussforelle\/projekt\/gza\/\">N\u00e4chstes Kapitel<\/a><\/p>\n<p>&nbsp;<\/p>\n","protected":false},"excerpt":{"rendered":"<p>Unsere molekulargenetischen Analysen basieren auf 13 Mikro\u00adsatelliten und einem geschlechtsspezifischen Marker. Sie werden uns erlauben, die Tiere ihren Eltern und damit ihrer Ursprungs\u00adpopulation zuzuordnen. Die Elterntiere stammen aus den folgenden &hellip; <\/p>\n","protected":false},"author":1001465,"featured_media":0,"parent":15,"menu_order":0,"comment_status":"closed","ping_status":"closed","template":"page-templates\/full-width-page.php","meta":{"_seopress_robots_primary_cat":"","_seopress_titles_title":"","_seopress_titles_desc":"","_seopress_robots_index":"","footnotes":""},"class_list":["post-114","page","type-page","status-publish"],"_links":{"self":[{"href":"https:\/\/wp.unil.ch\/flussforelle\/wp-json\/wp\/v2\/pages\/114","targetHints":{"allow":["GET"]}}],"collection":[{"href":"https:\/\/wp.unil.ch\/flussforelle\/wp-json\/wp\/v2\/pages"}],"about":[{"href":"https:\/\/wp.unil.ch\/flussforelle\/wp-json\/wp\/v2\/types\/page"}],"author":[{"embeddable":true,"href":"https:\/\/wp.unil.ch\/flussforelle\/wp-json\/wp\/v2\/users\/1001465"}],"replies":[{"embeddable":true,"href":"https:\/\/wp.unil.ch\/flussforelle\/wp-json\/wp\/v2\/comments?post=114"}],"version-history":[{"count":0,"href":"https:\/\/wp.unil.ch\/flussforelle\/wp-json\/wp\/v2\/pages\/114\/revisions"}],"up":[{"embeddable":true,"href":"https:\/\/wp.unil.ch\/flussforelle\/wp-json\/wp\/v2\/pages\/15"}],"wp:attachment":[{"href":"https:\/\/wp.unil.ch\/flussforelle\/wp-json\/wp\/v2\/media?parent=114"}],"curies":[{"name":"wp","href":"https:\/\/api.w.org\/{rel}","templated":true}]}}