{"id":112,"date":"2017-01-19T13:40:20","date_gmt":"2017-01-19T12:40:20","guid":{"rendered":"http:\/\/wp.unil.ch\/flussforelle\/?page_id=112"},"modified":"2017-01-23T10:31:34","modified_gmt":"2017-01-23T09:31:34","slug":"studie","status":"publish","type":"page","link":"https:\/\/wp.unil.ch\/flussforelle\/projekt\/studie\/","title":{"rendered":"Fragestellungen der Studie"},"content":{"rendered":"<p>Die bisher gesammelten Daten erlauben uns u.a. folgende Fragen anzugehen:<\/p>\n<ul>\n<li>Gibt es eine genetische Grundlage f\u00fcr die beobachteten Ph\u00e4notypen <em>? <\/em>(Frage 1)<em><br \/>\n<\/em><\/li>\n<li>Gibt es maternale Effekte (Eigr\u00f6sse etc.), die zu einer Smoltifizierung f\u00fchren k\u00f6nnen? (Frage 2)<\/li>\n<li>Spielt die Herkunft der Eltern eine Rolle (gibt es Populationseffekte auf die Smoltifizierungsrate unter standardisierten Bedingungen)? (Frage 3)<\/li>\n<li>Spielt das Geschlecht der Tiere eine Rolle bei der Smoltifizierung? (Frage 4)<\/li>\n<li>Korreliert die Smoltifizierungsrate innerhalb einer Familie mit der unter Laborbedingungen bestimmten mittleren Stressresistenz (als Mass f\u00fcr allgemeine Lebensf\u00e4higkeit)? (Frage 5)<\/li>\n<\/ul>\n<p>Wenn wir gen\u00fcgende R\u00fcckf\u00e4nge bekommen, werden wir weitere Fragen angehen k\u00f6nnen, z.B.:<\/p>\n<ul>\n<li>Entspricht der beobachtete Ph\u00e4notyp dem Wanderverhalten der Tiere (d.h. bleibt der residente Ph\u00e4notyp eher in kleineren Gew\u00e4ssern, w\u00e4hrend die anderen Ph\u00e4notypen eher wandern)? (Frage 6)<\/li>\n<li>Wachsen die Tiere unterschiedlich schnell, je nach Ph\u00e4notyp? (Frage 7)<\/li>\n<li>Gibt es genetische Unterschiede in den Wachstumsraten? (Frage 8)<\/li>\n<\/ul>\n<p style=\"text-align: right\"><a href=\"https:\/\/wp.unil.ch\/flussforelle\/projekt\/methoden\/\">N\u00e4chstes Kapitel<\/a><\/p>\n","protected":false},"excerpt":{"rendered":"<p>Die bisher gesammelten Daten erlauben uns u.a. folgende Fragen anzugehen: Gibt es eine genetische Grundlage f\u00fcr die beobachteten Ph\u00e4notypen ? (Frage 1) Gibt es maternale Effekte (Eigr\u00f6sse etc.), die zu &hellip; <\/p>\n","protected":false},"author":1001465,"featured_media":0,"parent":15,"menu_order":0,"comment_status":"closed","ping_status":"closed","template":"page-templates\/full-width-page.php","meta":{"_seopress_robots_primary_cat":"","_seopress_titles_title":"","_seopress_titles_desc":"","_seopress_robots_index":"","footnotes":""},"class_list":["post-112","page","type-page","status-publish"],"_links":{"self":[{"href":"https:\/\/wp.unil.ch\/flussforelle\/wp-json\/wp\/v2\/pages\/112","targetHints":{"allow":["GET"]}}],"collection":[{"href":"https:\/\/wp.unil.ch\/flussforelle\/wp-json\/wp\/v2\/pages"}],"about":[{"href":"https:\/\/wp.unil.ch\/flussforelle\/wp-json\/wp\/v2\/types\/page"}],"author":[{"embeddable":true,"href":"https:\/\/wp.unil.ch\/flussforelle\/wp-json\/wp\/v2\/users\/1001465"}],"replies":[{"embeddable":true,"href":"https:\/\/wp.unil.ch\/flussforelle\/wp-json\/wp\/v2\/comments?post=112"}],"version-history":[{"count":0,"href":"https:\/\/wp.unil.ch\/flussforelle\/wp-json\/wp\/v2\/pages\/112\/revisions"}],"up":[{"embeddable":true,"href":"https:\/\/wp.unil.ch\/flussforelle\/wp-json\/wp\/v2\/pages\/15"}],"wp:attachment":[{"href":"https:\/\/wp.unil.ch\/flussforelle\/wp-json\/wp\/v2\/media?parent=112"}],"curies":[{"name":"wp","href":"https:\/\/api.w.org\/{rel}","templated":true}]}}