{"id":107,"date":"2017-01-19T13:38:05","date_gmt":"2017-01-19T12:38:05","guid":{"rendered":"http:\/\/wp.unil.ch\/flussforelle\/?page_id=107"},"modified":"2017-01-23T15:48:48","modified_gmt":"2017-01-23T14:48:48","slug":"uberraschung","status":"publish","type":"page","link":"https:\/\/wp.unil.ch\/flussforelle\/projekt\/uberraschung\/","title":{"rendered":"Die spannende \u00dcberraschung"},"content":{"rendered":"<p>Als wir Ende Mai 2016 wie geplant die Fische markiert (<i>VIE-tags<\/i>) und fotografiert haben, stellte sich \u00fcberraschenderweise heraus, dass etwa die H\u00e4lfte der Tiere smoltifiziert haben und das typische Erscheinungsbild von Seeforellen (<em>Salmo trutta <\/em>morpha<em> lacustris<\/em>) oder von Flussforellen entwickelt haben. Die restlichen Fische zeigten den Ph\u00e4notyp der residenten Bachforelle (<em>Salmo trutta <\/em>morpha<em> fario<\/em>). Abbildung 1 zeigt zwei extreme P\u00e4notypen von etwa derselben K\u00f6rpergr\u00f6sse. Wir haben dann Mitte September 2016 die Fische noch einmal vermessen und fotografiert und von jedem Tier eine Gewebeprobe f\u00fcr molekulargenetische Analysen genommen. Anfang Oktober 2016 wurden alle Fische im Kanton Bern ausgesetzt.<\/p>\n<p><img alt=\"\" loading=\"lazy\" decoding=\"async\" class=\" wp-image-108 alignleft\" src=\"https:\/\/wp.unil.ch\/flussforelle\/files\/2017\/01\/see_fluss_forelle.png\" alt=\"\" width=\"566\" height=\"246\" srcset=\"https:\/\/wp.unil.ch\/flussforelle\/files\/2017\/01\/see_fluss_forelle.png 746w, https:\/\/wp.unil.ch\/flussforelle\/files\/2017\/01\/see_fluss_forelle-300x130.png 300w, https:\/\/wp.unil.ch\/flussforelle\/files\/2017\/01\/see_fluss_forelle-691x300.png 691w\" sizes=\"auto, (max-width: 566px) 100vw, 566px\" \/><\/p>\n<p>&nbsp;<\/p>\n<p>Abb. 1: Zwei \u00e4hnlich grosse J\u00e4hrlinge mit unterschiedlichem Ph\u00e4notyp. Die Fische wurden jeweils auf einer Waage fotografiert.<\/p>\n<p style=\"text-align: right\"><a href=\"https:\/\/wp.unil.ch\/flussforelle\/projekt\/studie\/\">N\u00e4chstes Kapitel<\/a><\/p>\n","protected":false},"excerpt":{"rendered":"<p>Als wir Ende Mai 2016 wie geplant die Fische markiert (VIE-tags) und fotografiert haben, stellte sich \u00fcberraschenderweise heraus, dass etwa die H\u00e4lfte der Tiere smoltifiziert haben und das typische Erscheinungsbild &hellip; <\/p>\n","protected":false},"author":1001465,"featured_media":0,"parent":15,"menu_order":0,"comment_status":"closed","ping_status":"closed","template":"page-templates\/full-width-page.php","meta":{"_seopress_robots_primary_cat":"","_seopress_titles_title":"","_seopress_titles_desc":"","_seopress_robots_index":"","footnotes":""},"class_list":["post-107","page","type-page","status-publish"],"_links":{"self":[{"href":"https:\/\/wp.unil.ch\/flussforelle\/wp-json\/wp\/v2\/pages\/107","targetHints":{"allow":["GET"]}}],"collection":[{"href":"https:\/\/wp.unil.ch\/flussforelle\/wp-json\/wp\/v2\/pages"}],"about":[{"href":"https:\/\/wp.unil.ch\/flussforelle\/wp-json\/wp\/v2\/types\/page"}],"author":[{"embeddable":true,"href":"https:\/\/wp.unil.ch\/flussforelle\/wp-json\/wp\/v2\/users\/1001465"}],"replies":[{"embeddable":true,"href":"https:\/\/wp.unil.ch\/flussforelle\/wp-json\/wp\/v2\/comments?post=107"}],"version-history":[{"count":0,"href":"https:\/\/wp.unil.ch\/flussforelle\/wp-json\/wp\/v2\/pages\/107\/revisions"}],"up":[{"embeddable":true,"href":"https:\/\/wp.unil.ch\/flussforelle\/wp-json\/wp\/v2\/pages\/15"}],"wp:attachment":[{"href":"https:\/\/wp.unil.ch\/flussforelle\/wp-json\/wp\/v2\/media?parent=107"}],"curies":[{"name":"wp","href":"https:\/\/api.w.org\/{rel}","templated":true}]}}