{"id":104,"date":"2017-01-19T13:35:16","date_gmt":"2017-01-19T12:35:16","guid":{"rendered":"http:\/\/wp.unil.ch\/flussforelle\/?page_id=104"},"modified":"2017-01-23T10:32:11","modified_gmt":"2017-01-23T09:32:11","slug":"partner","status":"publish","type":"page","link":"https:\/\/wp.unil.ch\/flussforelle\/partner\/","title":{"rendered":"Unsere Partner"},"content":{"rendered":"<p>Diese Forschung ist eine enge Zusammenarbeit mit dem Fischereiinspektorat des Kantons Bern. F\u00fcr bestimmte Analysen arbeiten wir mit Forschungsgruppen der Eidgen\u00f6ssischen Technischen Hochschule Lausanne (EPFL), der EAWAG-ETH, und der Universit\u00e4ten Lausanne, Bern (FIWI), Neuch\u00e2tel und Heidelberg (BRD) zusammen. Finanziell wird unser Projekt vom Schweizerischen Nationalfonds und vom Bundesamt f\u00fcr Umwelt unterst\u00fctzt, m\u00f6glicherweise auch noch von weiteren Stiftungen (Anfragen sind h\u00e4ngig).<\/p>\n<p>Folgende Vereine haben bisher das Projekt mit ihrer Freiwilligenarbeit unterst\u00fctzt:<\/p>\n<ul>\n<li>Fischereiverein G\u00fcrbetal | <a href=\"https:\/\/www.fvguerbetal.ch\">Link<\/a><\/li>\n<li>Fischereiverein Saane-Sense | <a href=\"https:\/\/www.fvss.ch\">Link<\/a><\/li>\n<li>Fischereiverein Aaretal \u00a0| <a href=\"https:\/\/www.fvaaretal.ch\">Link<\/a><\/li>\n<li>B\u00e4rner Fischer |\u00a0<a href=\"https:\/\/baernerfischer.weebly.com\">Link<\/a><\/li>\n<li>Fischerei-Pachtgesellschaft Rotache<\/li>\n<li>Fischerei<em>&#8211;<\/em>Pachtvereinigung Thun<em>\u00a0 <\/em>|\u00a0<a href=\"https:\/\/www.pvthun.ch\">Link<\/a><\/li>\n<li>Berner Fischer Club 1927\u00a0| <a href=\"https:\/\/www.bfc1927.ch\">Link<\/a><\/li>\n<li>Angelfischerverein Bern\u00a0| <a href=\"https:\/\/www.afvbern.ch\">Link<\/a><\/li>\n<\/ul>\n<p style=\"text-align: right\"><a href=\"https:\/\/wp.unil.ch\/flussforelle\/projekt\/uberraschung\/\">N\u00e4chstes Kapitel<\/a><\/p>\n","protected":false},"excerpt":{"rendered":"<p>Diese Forschung ist eine enge Zusammenarbeit mit dem Fischereiinspektorat des Kantons Bern. F\u00fcr bestimmte Analysen arbeiten wir mit Forschungsgruppen der Eidgen\u00f6ssischen Technischen Hochschule Lausanne (EPFL), der EAWAG-ETH, und der Universit\u00e4ten &hellip; <\/p>\n","protected":false},"author":1001465,"featured_media":0,"parent":0,"menu_order":0,"comment_status":"closed","ping_status":"closed","template":"page-templates\/full-width-page.php","meta":{"_seopress_robots_primary_cat":"","_seopress_titles_title":"","_seopress_titles_desc":"","_seopress_robots_index":"","footnotes":""},"class_list":["post-104","page","type-page","status-publish"],"_links":{"self":[{"href":"https:\/\/wp.unil.ch\/flussforelle\/wp-json\/wp\/v2\/pages\/104","targetHints":{"allow":["GET"]}}],"collection":[{"href":"https:\/\/wp.unil.ch\/flussforelle\/wp-json\/wp\/v2\/pages"}],"about":[{"href":"https:\/\/wp.unil.ch\/flussforelle\/wp-json\/wp\/v2\/types\/page"}],"author":[{"embeddable":true,"href":"https:\/\/wp.unil.ch\/flussforelle\/wp-json\/wp\/v2\/users\/1001465"}],"replies":[{"embeddable":true,"href":"https:\/\/wp.unil.ch\/flussforelle\/wp-json\/wp\/v2\/comments?post=104"}],"version-history":[{"count":0,"href":"https:\/\/wp.unil.ch\/flussforelle\/wp-json\/wp\/v2\/pages\/104\/revisions"}],"wp:attachment":[{"href":"https:\/\/wp.unil.ch\/flussforelle\/wp-json\/wp\/v2\/media?parent=104"}],"curies":[{"name":"wp","href":"https:\/\/api.w.org\/{rel}","templated":true}]}}