{"id":101,"date":"2017-01-19T13:31:24","date_gmt":"2017-01-19T12:31:24","guid":{"rendered":"http:\/\/wp.unil.ch\/flussforelle\/?page_id=101"},"modified":"2017-01-25T15:11:30","modified_gmt":"2017-01-25T14:11:30","slug":"kontext","status":"publish","type":"page","link":"https:\/\/wp.unil.ch\/flussforelle\/projekt\/kontext\/","title":{"rendered":"Der Kontext unserer Studie"},"content":{"rendered":"<p>Wir haben im Herbst 2014 im Rahmen eines breit angelegten SNF Projekts (d.h. unterst\u00fctzt durch den Schweizerischen Nationalfonds) den ganzen Bachforellenbesatz fu?r das Aaretal zwischen Thun und Bern experimentell produziert (blockweise voll-faktorielle <em>in vitro<\/em> Kreuzungen). Eine vom BKFV publizierte Zusammenfassung dieses Projekts finden Sie <a href=\"https:\/\/wp.unil.ch\/flussforelle\/files\/2017\/01\/Info_4_20151.pdf\">hier<\/a> (PDF Dokument, ab Seite 9). Wir benutzen molekulargenetische Methoden um<\/p>\n<ul>\n<li>Fische aus Probef\u00e4ngen und aus Anglerf\u00e4ngen dem Besatz oder der Naturverlaichung zuzuordnen,<\/li>\n<li>anhand einer vollst\u00e4ndigen Rekonstruktion der Familienstruktur innerhalb des Besatzmaterials den Erfolg verschiedener Besatzmethoden detailliert zu rekonstruieren, und<\/li>\n<li>genetische Korrelationen zwischen der Toleranz von im Labor experimentell gestressten Embryonen und dem Wachstum und dem \u00dcberleben der jeweiligen Voll- und Halbgeschwister im natu?rlichen Habitat zu berechnen.<\/li>\n<\/ul>\n<p>F\u00fcr Letzteres wurden von jeder Familie 24 Embryonen im Labor unter experimentellen Bedingungen auf ihre Stressresistenz getestet. Nach Abschluss der Experimente wurden die scheinbehandelten Kontrollen zur\u00fcck zum Fischerei\u00adst\u00fctzpunkt Reutigen (BE) gebracht und dort \u00fcber ein Jahr lang aufgezogen, bevor sie als markierte J\u00e4hrlinge ausgesetzt wurden.<\/p>\n<p style=\"text-align: right\"><a href=\"https:\/\/wp.unil.ch\/flussforelle\/partner\/\">N\u00e4chstes Kapitel<\/a><\/p>\n","protected":false},"excerpt":{"rendered":"<p>Wir haben im Herbst 2014 im Rahmen eines breit angelegten SNF Projekts (d.h. unterst\u00fctzt durch den Schweizerischen Nationalfonds) den ganzen Bachforellenbesatz fu?r das Aaretal zwischen Thun und Bern experimentell produziert &hellip; <\/p>\n","protected":false},"author":1001465,"featured_media":0,"parent":15,"menu_order":0,"comment_status":"closed","ping_status":"closed","template":"page-templates\/full-width-page.php","meta":{"_seopress_robots_primary_cat":"","_seopress_titles_title":"","_seopress_titles_desc":"","_seopress_robots_index":"","footnotes":""},"class_list":["post-101","page","type-page","status-publish"],"_links":{"self":[{"href":"https:\/\/wp.unil.ch\/flussforelle\/wp-json\/wp\/v2\/pages\/101","targetHints":{"allow":["GET"]}}],"collection":[{"href":"https:\/\/wp.unil.ch\/flussforelle\/wp-json\/wp\/v2\/pages"}],"about":[{"href":"https:\/\/wp.unil.ch\/flussforelle\/wp-json\/wp\/v2\/types\/page"}],"author":[{"embeddable":true,"href":"https:\/\/wp.unil.ch\/flussforelle\/wp-json\/wp\/v2\/users\/1001465"}],"replies":[{"embeddable":true,"href":"https:\/\/wp.unil.ch\/flussforelle\/wp-json\/wp\/v2\/comments?post=101"}],"version-history":[{"count":0,"href":"https:\/\/wp.unil.ch\/flussforelle\/wp-json\/wp\/v2\/pages\/101\/revisions"}],"up":[{"embeddable":true,"href":"https:\/\/wp.unil.ch\/flussforelle\/wp-json\/wp\/v2\/pages\/15"}],"wp:attachment":[{"href":"https:\/\/wp.unil.ch\/flussforelle\/wp-json\/wp\/v2\/media?parent=101"}],"curies":[{"name":"wp","href":"https:\/\/api.w.org\/{rel}","templated":true}]}}