{"id":186,"date":"2023-01-25T10:41:56","date_gmt":"2023-01-25T09:41:56","guid":{"rendered":"https:\/\/wp.unil.ch\/fireinafrica\/?page_id=186"},"modified":"2025-06-20T12:14:43","modified_gmt":"2025-06-20T10:14:43","slug":"dissemination-activities","status":"publish","type":"page","link":"https:\/\/wp.unil.ch\/fireinafrica\/dissemination-activities\/","title":{"rendered":"Dissemination activities"},"content":{"rendered":"\n<p class=\"has-vivid-red-color has-text-color has-medium-font-size\"><strong>Final project event: a science-management conference in Antananarivo<\/strong><\/p>\n\n\n\n<p>The final workshop of the SNIS-funded project took place in Antananarivo from 9 to 11 October 2024, gathering researchers, practitioners, and students for a three-day interdisciplinary exchange. Organized by our Principal Member V\u00edctor Fern\u00e1ndez-Garc\u00eda,  the meeting  \u201cAdvances in Landscape Fire Research and Management in Southeast Africa\u201d brought together a diverse group of contributors working at the intersection of science, policy, and practice.<\/p>\n\n\n\n<p>The programme included a pre-conference trip to Ampefy, where some international participants had the opportunity to visit tapia woodlands and familiarize themselves with the fire-prone grassy landscapes and local livelihoods of the highlands.<\/p>\n\n\n\n<p>During the conference day, we enjoyed twelve engaging talks, including presentations by <strong>Didier Genin <\/strong>(IRD), <strong>Christian Kull<\/strong> (University of Lausanne) and <strong>V\u00edctor Fern\u00e1ndez-Garc\u00eda<\/strong> (University of Lausanne and University of Le\u00f3n), and Cristina Sant\u00edn (Swansea University and CSIC). A comprehensive presentation was also delivered by V\u00edctor on behalf of the entire <strong>SNIS project team<\/strong>.  Additional contributions came from <strong>Paulo J. Muando <\/strong>(University Eduardo Mondlane), <strong>Miakoampo Randriamiadanarivo<\/strong> (University of Antananarivo), <strong>Nokukhanya Mpanza<\/strong> (South African National Parks), and the U.S. Forest Service represented by <strong>Johnah Ranariniaina<\/strong>. Perspectives on ongoing major projects and fire management in Madagascar&#8217;s protected areas were shared by <strong>Adam Devenish<\/strong> (Royal Botanic Gardens, Kew), <strong>Dinasoa Tahirinirainy<\/strong>, and <strong>Brice Rakotozafy<\/strong> (both from Missouri Botanical Garden).<\/p>\n\n\n\n<p>Attendees included not only researchers, but also protected area managers, public agency staff, and master&#8217;s students from Switzerland and Madagascar, ensuring dialogue between academic, technical, and local perspectives. The meeting created a space for the <strong>co-development and dissemination of key messages<\/strong> related to fire governance in the region.<\/p>\n\n\n\n<p>Among the central themes discussed were the <strong>role of fire as a management tool<\/strong> in fire-prone landscapes, and the importance of a <strong>nuanced, case-specific understanding<\/strong> of its ecological and social impacts. The workshop emphasized the need to ground fire management strategies in a combination of scientific evidence, technical expertise, and local knowledge\u2014ensuring they are both ecologically sound and socially informed.<\/p>\n\n\n\n<p>This final meeting marked an important step forward in building cross-sectoral partnerships and shaping context-sensitive approaches to fire management across Southeast Africa.<\/p>\n\n\n\n<figure class=\"wp-block-image size-large\"><img loading=\"lazy\" decoding=\"async\" width=\"1024\" height=\"476\" src=\"https:\/\/wp.unil.ch\/fireinafrica\/files\/2025\/06\/image-8-1024x476.png\" alt=\"image\" class=\"wp-image-381\" srcset=\"https:\/\/wp.unil.ch\/fireinafrica\/files\/2025\/06\/image-8-1024x476.png 1024w, https:\/\/wp.unil.ch\/fireinafrica\/files\/2025\/06\/image-8-300x139.png 300w, https:\/\/wp.unil.ch\/fireinafrica\/files\/2025\/06\/image-8-768x357.png 768w, https:\/\/wp.unil.ch\/fireinafrica\/files\/2025\/06\/image-8-1536x714.png 1536w, https:\/\/wp.unil.ch\/fireinafrica\/files\/2025\/06\/image-8.png 1584w\" sizes=\"auto, (max-width: 1024px) 100vw, 1024px\" \/><figcaption class=\"wp-element-caption\">Nokukhanya Mpanza (South African National Parks) presenting at the science-management meeting<\/figcaption><\/figure>\n\n\n\n<figure class=\"wp-block-image size-full\"><img loading=\"lazy\" decoding=\"async\" width=\"773\" height=\"900\" src=\"https:\/\/wp.unil.ch\/fireinafrica\/files\/2025\/06\/image-9.png\" alt=\"image\" class=\"wp-image-383\" srcset=\"https:\/\/wp.unil.ch\/fireinafrica\/files\/2025\/06\/image-9.png 773w, https:\/\/wp.unil.ch\/fireinafrica\/files\/2025\/06\/image-9-258x300.png 258w, https:\/\/wp.unil.ch\/fireinafrica\/files\/2025\/06\/image-9-768x894.png 768w\" sizes=\"auto, (max-width: 773px) 100vw, 773px\" \/><figcaption class=\"wp-element-caption\">Meeting program for October 11th, 2024<\/figcaption><\/figure>\n\n\n\n<p><\/p>\n\n\n\n<p class=\"has-vivid-red-color has-text-color has-medium-font-size\"><strong>Invited talk <strong>at FUEGORED: A full view of the project<\/strong><\/strong><\/p>\n\n\n\n<p>We were honored to present an invited talk fully dedicated to our project at the international FUEGORED conference\u2014a key event bringing together fire researchers and practitioners, especially from Iberia and Latin America.<\/p>\n\n\n\n<p>With much of our data now analyzed, the talk provided a comprehensive overview of the project\u2019s objectives, methods, and emerging findings. It was a great opportunity to connect our work with broader fire research efforts across the globe and foster international dialogue.<\/p>\n\n\n\n<figure class=\"wp-block-image size-large\"><img loading=\"lazy\" decoding=\"async\" width=\"1024\" height=\"517\" src=\"https:\/\/wp.unil.ch\/fireinafrica\/files\/2025\/06\/image-5-1024x517.png\" alt=\"image\" class=\"wp-image-374\" srcset=\"https:\/\/wp.unil.ch\/fireinafrica\/files\/2025\/06\/image-5-1024x517.png 1024w, https:\/\/wp.unil.ch\/fireinafrica\/files\/2025\/06\/image-5-300x151.png 300w, https:\/\/wp.unil.ch\/fireinafrica\/files\/2025\/06\/image-5-768x388.png 768w, https:\/\/wp.unil.ch\/fireinafrica\/files\/2025\/06\/image-5-1536x775.png 1536w, https:\/\/wp.unil.ch\/fireinafrica\/files\/2025\/06\/image-5.png 1920w\" sizes=\"auto, (max-width: 1024px) 100vw, 1024px\" \/><figcaption class=\"wp-element-caption\">V\u00edctor Fern\u00e1ndez-Garc\u00eda presenting at FUEGRED<\/figcaption><\/figure>\n\n\n\n<p class=\"has-vivid-red-color has-text-color has-medium-font-size\"><strong>Sharing Sparks: Presenting Project Insights at IRD and the University of Lausanne<\/strong><\/p>\n\n\n\n<div class=\"wp-block-group is-nowrap is-layout-flex wp-container-core-group-is-layout-ad2f72ca wp-block-group-is-layout-flex\">\n<p>Our Principal Member was recently invited to present key project findings at the Institut de Recherche pour le D\u00e9veloppement (IRD) in Montpellier, where an in-depth talk highlighted our latest insights on fire dynamics, burned area mapping, and the relationships between fire regimes, carbon storage, biodiversity, and local livelihoods. The IRD, with several relevant projects in Africa, provided an ideal platform to connect our work with broader fire-related research across the continent.<\/p>\n\n\n\n<p>In addition, a long-format presentation was delivered during the IGD Research Day at the University of Lausanne, offering a broader reflection on the project\u2019s interdisciplinary contributions, spanning remote sensing, ecology, and local knowledge systems.<\/p>\n\n\n\n<p><\/p>\n<\/div>\n\n\n\n<p class=\"has-vivid-red-color has-text-color has-medium-font-size\"><strong>Dissemination of the project in the main study sites<\/strong> <\/p>\n\n\n\n<p>The fieldwork of the project has been completed, as the <em>in situ<\/em> dissemination about the project, project objectives and first findings. In every village we have worked, the project has been presented to the regional and local authorities, and to the local population. In some cases, the communication was addressed by organizing a meeting with the authorities and representatives of all the families in the village (e.g. image below in Mozambique) and in others the project was communicated at multiple stages, to the different administrations and participants involved in the project field activities &#8211; samplings, interviews, and workshops-. We hope all of the participants and people we have contacted with have spent nice moments with us while we learned from each other. <\/p>\n\n\n\n<div class=\"wp-block-group\"><div class=\"wp-block-group__inner-container is-layout-constrained wp-block-group-is-layout-constrained\">\n<figure class=\"wp-block-image size-large\"><img alt=\"\" loading=\"lazy\" decoding=\"async\" width=\"1024\" height=\"771\" src=\"https:\/\/wp.unil.ch\/fireinafrica\/files\/2023\/09\/PXL_20230504_140807746.MP_-1024x771.jpg\" alt=\"\" class=\"wp-image-334\" srcset=\"https:\/\/wp.unil.ch\/fireinafrica\/files\/2023\/09\/PXL_20230504_140807746.MP_-1024x771.jpg 1024w, https:\/\/wp.unil.ch\/fireinafrica\/files\/2023\/09\/PXL_20230504_140807746.MP_-300x226.jpg 300w, https:\/\/wp.unil.ch\/fireinafrica\/files\/2023\/09\/PXL_20230504_140807746.MP_-768x578.jpg 768w, https:\/\/wp.unil.ch\/fireinafrica\/files\/2023\/09\/PXL_20230504_140807746.MP_-1536x1156.jpg 1536w, https:\/\/wp.unil.ch\/fireinafrica\/files\/2023\/09\/PXL_20230504_140807746.MP_.jpg 1594w\" sizes=\"auto, (max-width: 1024px) 100vw, 1024px\" \/><\/figure>\n<\/div><\/div>\n\n\n\n<p class=\"has-vivid-red-color has-text-color has-medium-font-size\"><strong>In May 24, the project advances were presented to students and professors at ESNEC-Universidade Eduardo Mondlane<\/strong><\/p>\n\n\n\n<div class=\"wp-block-media-text alignwide is-stacked-on-mobile\" style=\"grid-template-columns:58% auto\"><figure class=\"wp-block-media-text__media\"><img alt=\"\" loading=\"lazy\" decoding=\"async\" width=\"1024\" height=\"768\" src=\"https:\/\/wp.unil.ch\/fireinafrica\/files\/2023\/05\/IMG-20230524-WA0038-1024x768.jpg\" alt=\"\" class=\"wp-image-309 size-full\" srcset=\"https:\/\/wp.unil.ch\/fireinafrica\/files\/2023\/05\/IMG-20230524-WA0038-1024x768.jpg 1024w, https:\/\/wp.unil.ch\/fireinafrica\/files\/2023\/05\/IMG-20230524-WA0038-300x225.jpg 300w, https:\/\/wp.unil.ch\/fireinafrica\/files\/2023\/05\/IMG-20230524-WA0038-768x576.jpg 768w, https:\/\/wp.unil.ch\/fireinafrica\/files\/2023\/05\/IMG-20230524-WA0038-1536x1152.jpg 1536w, https:\/\/wp.unil.ch\/fireinafrica\/files\/2023\/05\/IMG-20230524-WA0038.jpg 1600w\" sizes=\"auto, (max-width: 1024px) 100vw, 1024px\" \/><\/figure><div class=\"wp-block-media-text__content\">\n<p>The presentation caused great interest in the academic community, leading to a nice round of questions and discussions.<\/p>\n<\/div><\/div>\n\n\n\n<hr class=\"wp-block-separator has-alpha-channel-opacity\" \/>\n\n\n\n<p class=\"has-vivid-red-color has-text-color has-medium-font-size\"><strong>The first scientific research article of the project reveals the possibility of accurately refining historical burned area data<\/strong><\/p>\n\n\n\n<div class=\"wp-block-group is-vertical is-layout-flex wp-container-core-group-is-layout-8cf370e7 wp-block-group-is-layout-flex\">\n<p>The characterization of fire regimes must be based on accurate burned area spatial data. Thus, in this work we checked and highlighted the biases of the commonly used coarse-resolution products (MODIS) by comparing them with recent fine-resolution Sentinel-2 burned area data. Our main contribution was to provide solutions to compensate the detected biases, and to identify some of the main sources of error of burned area detection across sub-Saharan Africa. We invite you to take a look here: <a href=\"https:\/\/authors.elsevier.com\/sd\/article\/S1569-8432(23)00172-3\">https:\/\/authors.elsevier.com\/sd\/article\/S1569-8432(23)00172-3<\/a> <\/p>\n<\/div>\n\n\n\n<figure class=\"wp-block-image size-full\"><img alt=\"\" loading=\"lazy\" decoding=\"async\" width=\"1021\" height=\"548\" src=\"https:\/\/wp.unil.ch\/fireinafrica\/files\/2023\/05\/Fig.7-Madagascar.png\" alt=\"\" class=\"wp-image-310\" srcset=\"https:\/\/wp.unil.ch\/fireinafrica\/files\/2023\/05\/Fig.7-Madagascar.png 1021w, https:\/\/wp.unil.ch\/fireinafrica\/files\/2023\/05\/Fig.7-Madagascar-300x161.png 300w, https:\/\/wp.unil.ch\/fireinafrica\/files\/2023\/05\/Fig.7-Madagascar-768x412.png 768w\" sizes=\"auto, (max-width: 1021px) 100vw, 1021px\" \/><\/figure>\n\n\n\n<hr class=\"wp-block-separator has-alpha-channel-opacity\" \/>\n\n\n\n<div class=\"wp-block-media-text alignwide is-stacked-on-mobile\" style=\"grid-template-columns:54% auto\"><figure class=\"wp-block-media-text__media\"><img alt=\"\" loading=\"lazy\" decoding=\"async\" width=\"771\" height=\"1024\" src=\"https:\/\/wp.unil.ch\/fireinafrica\/files\/2023\/03\/PXL_20230201_120159370-771x1024.jpg\" alt=\"\" class=\"wp-image-243 size-full\" srcset=\"https:\/\/wp.unil.ch\/fireinafrica\/files\/2023\/03\/PXL_20230201_120159370-771x1024.jpg 771w, https:\/\/wp.unil.ch\/fireinafrica\/files\/2023\/03\/PXL_20230201_120159370-226x300.jpg 226w, https:\/\/wp.unil.ch\/fireinafrica\/files\/2023\/03\/PXL_20230201_120159370-768x1019.jpg 768w, https:\/\/wp.unil.ch\/fireinafrica\/files\/2023\/03\/PXL_20230201_120159370.jpg 904w\" sizes=\"auto, (max-width: 771px) 100vw, 771px\" \/><\/figure><div class=\"wp-block-media-text__content\">\n<p class=\"has-vivid-red-color has-text-color has-medium-font-size\"><strong>Comunicating the project on site! <\/strong><\/p>\n\n\n\n<p>To motivate further engagement from people of those institutions already involved, as well as  to reach the broad public we have made and distributed posters among our partner institutions in Madagascar and MPA!<\/p>\n<\/div><\/div>\n\n\n\n<hr class=\"wp-block-separator has-alpha-channel-opacity\" \/>\n\n\n\n<p class=\"has-vivid-red-color has-text-color has-medium-font-size\"><strong>Check our project also in some of the institutions and participant&#8217;s webpages!<\/strong><\/p>\n\n\n\n<div class=\"wp-block-columns alignfull is-layout-flex wp-container-core-columns-is-layout-9d6595d7 wp-block-columns-is-layout-flex\">\n<div class=\"wp-block-column is-vertically-aligned-center is-layout-flow wp-block-column-is-layout-flow\" style=\"padding-top:1em;padding-right:1em;padding-bottom:1em;padding-left:1em\">\n<div class=\"wp-block-columns is-layout-flex wp-container-core-columns-is-layout-9d6595d7 wp-block-columns-is-layout-flex\">\n<div class=\"wp-block-column is-layout-flow wp-block-column-is-layout-flow\">\n<p><a href=\"https:\/\/igd.unil.ch\/projrech\/index.php?idPage=69&amp;page=viewDetails&amp;lang=en&amp;id_projet=368\">https:\/\/igd.unil.ch\/projrech\/index.php?idPage=69&amp;page=viewDetails&amp;lang=en&amp;id_projet=368<\/a><\/p>\n<\/div>\n\n\n\n<div class=\"wp-block-column is-layout-flow wp-block-column-is-layout-flow\">\n<figure class=\"wp-block-embed is-type-wp-embed is-provider-christian-kull wp-block-embed-christian-kull\"><div class=\"wp-block-embed__wrapper\">\n<blockquote class=\"wp-embedded-content\" data-secret=\"xo5ViE3glD\"><a href=\"https:\/\/christiankull.net\/2022\/10\/13\/snis-fire-regimes\/\">New project:  what type of fire regime for what type of benefit (carbon, biodiversity, livelihoods&#8230;) in Southern Africa and&nbsp;Madagascar<\/a><\/blockquote><iframe loading=\"lazy\" class=\"wp-embedded-content\" sandbox=\"allow-scripts\" security=\"restricted\" style=\"position: absolute; visibility: hidden;\" title=\"&#8220;New project:  what type of fire regime for what type of benefit (carbon, biodiversity, livelihoods&#8230;) in Southern Africa and&nbsp;Madagascar&#8221; &#8212; Christian Kull\" src=\"https:\/\/christiankull.net\/2022\/10\/13\/snis-fire-regimes\/embed\/#?secret=geBoxgJLHY#?secret=xo5ViE3glD\" data-secret=\"xo5ViE3glD\" width=\"600\" height=\"338\" frameborder=\"0\" marginwidth=\"0\" marginheight=\"0\" scrolling=\"no\"><\/iframe>\n<\/div><\/figure>\n<\/div>\n\n\n\n<div class=\"wp-block-column is-layout-flow wp-block-column-is-layout-flow\">\n<p><a href=\"https:\/\/sites.google.com\/view\/victorfernandez-garcia\/research\/projects\">https:\/\/sites.google.com\/view\/victorfernandez-garcia\/research\/projects<\/a><\/p>\n<\/div>\n<\/div>\n<\/div>\n<\/div>\n\n\n\n<hr class=\"wp-block-separator has-alpha-channel-opacity\" \/>\n\n\n\n<div class=\"wp-block-media-text alignwide is-stacked-on-mobile\"><figure class=\"wp-block-media-text__media\"><a href=\"https:\/\/snis.ch\/projects\/fire-regimes-and-ecosystem-services-in-african-biodiversity-hotspots-can-fire-policies-favoring-climate-change-mitigation-biodiversity-and-local-communities-converge\/\"><img alt=\"\" loading=\"lazy\" decoding=\"async\" width=\"420\" height=\"253\" src=\"https:\/\/wp.unil.ch\/fireinafrica\/files\/2023\/01\/Video_-1.jpg\" alt=\"\" class=\"wp-image-215 size-full\" srcset=\"https:\/\/wp.unil.ch\/fireinafrica\/files\/2023\/01\/Video_-1.jpg 420w, https:\/\/wp.unil.ch\/fireinafrica\/files\/2023\/01\/Video_-1-300x181.jpg 300w\" sizes=\"auto, (max-width: 420px) 100vw, 420px\" \/><\/a><\/figure><div class=\"wp-block-media-text__content\">\n<p class=\"has-vivid-red-color has-text-color has-medium-font-size\" style=\"line-height:1.6\"><strong>Initial workshop <\/strong><\/p>\n\n\n\n<p>Our first activity has been the SNIS workshop. There, we met SNIS representatives and leaders form the other granted projects. Likewise, our coordinator, Christian Kull, had the opportunity to introduce our project, as well as the usefulness and consequences of landscape fires. Watch him in<a href=\"https:\/\/snis.ch\/projects\/fire-regimes-and-ecosystem-services-in-african-biodiversity-hotspots-can-fire-policies-favoring-climate-change-mitigation-biodiversity-and-local-communities-converge\/\"> this video<\/a>!<\/p>\n<\/div><\/div>\n\n\n\n<hr class=\"wp-block-separator has-alpha-channel-opacity\" \/>\n\n\n\n<p><\/p>\n","protected":false},"excerpt":{"rendered":"<p>Final project event: a science-management conference in Antananarivo The final workshop of the SNIS-funded project took place in Antananarivo from 9 to 11 October 2024, gathering researchers, practitioners, and students &hellip; <\/p>\n","protected":false},"author":1002563,"featured_media":0,"parent":0,"menu_order":0,"comment_status":"closed","ping_status":"closed","template":"","meta":{"_seopress_robots_primary_cat":"","_seopress_titles_title":"","_seopress_titles_desc":"","_seopress_robots_index":"","footnotes":""},"class_list":["post-186","page","type-page","status-publish"],"_links":{"self":[{"href":"https:\/\/wp.unil.ch\/fireinafrica\/wp-json\/wp\/v2\/pages\/186","targetHints":{"allow":["GET"]}}],"collection":[{"href":"https:\/\/wp.unil.ch\/fireinafrica\/wp-json\/wp\/v2\/pages"}],"about":[{"href":"https:\/\/wp.unil.ch\/fireinafrica\/wp-json\/wp\/v2\/types\/page"}],"author":[{"embeddable":true,"href":"https:\/\/wp.unil.ch\/fireinafrica\/wp-json\/wp\/v2\/users\/1002563"}],"replies":[{"embeddable":true,"href":"https:\/\/wp.unil.ch\/fireinafrica\/wp-json\/wp\/v2\/comments?post=186"}],"version-history":[{"count":5,"href":"https:\/\/wp.unil.ch\/fireinafrica\/wp-json\/wp\/v2\/pages\/186\/revisions"}],"predecessor-version":[{"id":389,"href":"https:\/\/wp.unil.ch\/fireinafrica\/wp-json\/wp\/v2\/pages\/186\/revisions\/389"}],"wp:attachment":[{"href":"https:\/\/wp.unil.ch\/fireinafrica\/wp-json\/wp\/v2\/media?parent=186"}],"curies":[{"name":"wp","href":"https:\/\/api.w.org\/{rel}","templated":true}]}}