{"id":184,"date":"2023-01-25T10:41:55","date_gmt":"2023-01-25T09:41:55","guid":{"rendered":"https:\/\/wp.unil.ch\/fireinafrica\/?page_id=184"},"modified":"2024-03-06T21:36:40","modified_gmt":"2024-03-06T20:36:40","slug":"participants-and-partners","status":"publish","type":"page","link":"https:\/\/wp.unil.ch\/fireinafrica\/participants-and-partners\/","title":{"rendered":"Participants"},"content":{"rendered":"\n<p class=\"has-vivid-red-color has-text-color has-large-font-size\"><strong>Team members<\/strong><\/p>\n\n\n\n<p>Principal Member: <strong>V\u00edctor Fern\u00e1ndez-Garc\u00eda<\/strong>.  Researcher at the University of Lausanne. <\/p>\n\n\n\n<ul class=\"wp-block-list\">\n<li><em>Contact:<\/em><strong><em> victor.fernandezgarcia@unil.ch<\/em><\/strong><\/li>\n<\/ul>\n\n\n\n<p><\/p>\n\n\n\n<p>Coordinator:  <strong>Christian Kull<\/strong>,  Full Professor at the University of Lausanne. <\/p>\n\n\n\n<p>Co-coordinator: <strong>Gretchen Walters<\/strong>. Practitioner and assistant professor at the University of Lausanne.<\/p>\n\n\n\n<p>Associate Member: <strong>Cristina Sant\u00edn<\/strong>.  Honorary Researcher at Swansea University,  Researcher at the Spanish National Research Council<\/p>\n\n\n\n<p>Associate Member: <strong>Tercia Strydom<\/strong>.  Abiotic Scientist at South African National Parks.<\/p>\n\n\n\n<p>Associate Member: <strong>Paulo Jos\u00e9 Muando<\/strong>. Assistant Lecturer at the University Eduardo Mondlane.<\/p>\n\n\n\n<p>Associate Member: <strong>Jeannin Ranaivonasy<\/strong>. Faculty Member at the University of Antananarivo.<\/p>\n\n\n\n<p>Associate Member: <strong>Andry Rakoto Harivony<\/strong>. Focal Point of the Management of Natural Resources at FAO Madagascar, Comores, Maurice and Seychelles.<\/p>\n\n\n\n<hr class=\"wp-block-separator has-alpha-channel-opacity\" \/>\n\n\n\n<div class=\"wp-block-media-text alignfull has-media-on-the-right is-stacked-on-mobile is-vertically-aligned-top has-text-color has-background has-link-color wp-elements-f823f12310069acbf5c2213a2fe38fef\" style=\"color:#fffdc7;background-color:#121c1c;grid-template-columns:auto 62%\"><div class=\"wp-block-media-text__content\">\n<div class=\"wp-block-group has-link-color wp-elements-cbadd62d582dcb06352a25d9f9c50f03\" style=\"padding-top:2em;padding-right:2em;padding-bottom:2em;padding-left:2em\"><div class=\"wp-block-group__inner-container is-layout-flow wp-block-group-is-layout-flow\">\n<h2 class=\"wp-block-heading has-vivid-red-color has-text-color\" style=\"font-weight:700;line-height:1.15\">Team member&#8217;s Institutions<\/h2>\n<\/div><\/div>\n<\/div><figure class=\"wp-block-media-text__media\"><img alt=\"\" loading=\"lazy\" decoding=\"async\" width=\"553\" height=\"565\" src=\"https:\/\/wp.unil.ch\/fireinafrica\/files\/2023\/03\/Sin-titulo.png\" alt=\"\" class=\"wp-image-240 size-full\" srcset=\"https:\/\/wp.unil.ch\/fireinafrica\/files\/2023\/03\/Sin-titulo.png 553w, https:\/\/wp.unil.ch\/fireinafrica\/files\/2023\/03\/Sin-titulo-294x300.png 294w\" sizes=\"auto, (max-width: 553px) 100vw, 553px\" \/><\/figure><\/div>\n\n\n\n<p>The project is coordinated at the University of Lausanne (UNIL), and accounts with the participation of researhers or practitioners from the UNIL, the University of Le\u00f3n, Swansea University, University of Antananarivo, FAO-Madagasccar, South African National Parks and University of Eduardo Mondlane.<\/p>\n\n\n\n<hr class=\"wp-block-separator has-alpha-channel-opacity\" \/>\n\n\n\n<p class=\"has-vivid-red-color has-text-color has-large-font-size\"><strong>Partner institutions<\/strong><\/p>\n\n\n\n<p>Kew Madagascar Conservation Centre, Amis du Patrimoine de Madagascar, Osuwela, FAO-Mozambique<\/p>\n\n\n\n<p><\/p>\n","protected":false},"excerpt":{"rendered":"<p>Team members Principal Member: V\u00edctor Fern\u00e1ndez-Garc\u00eda. Researcher at the University of Lausanne. Coordinator: Christian Kull, Full Professor at the University of Lausanne. Co-coordinator: Gretchen Walters. Practitioner and assistant professor at &hellip; <\/p>\n","protected":false},"author":1002563,"featured_media":0,"parent":0,"menu_order":0,"comment_status":"closed","ping_status":"closed","template":"","meta":{"_seopress_robots_primary_cat":"","_seopress_titles_title":"","_seopress_titles_desc":"","_seopress_robots_index":"","footnotes":""},"class_list":["post-184","page","type-page","status-publish"],"_links":{"self":[{"href":"https:\/\/wp.unil.ch\/fireinafrica\/wp-json\/wp\/v2\/pages\/184","targetHints":{"allow":["GET"]}}],"collection":[{"href":"https:\/\/wp.unil.ch\/fireinafrica\/wp-json\/wp\/v2\/pages"}],"about":[{"href":"https:\/\/wp.unil.ch\/fireinafrica\/wp-json\/wp\/v2\/types\/page"}],"author":[{"embeddable":true,"href":"https:\/\/wp.unil.ch\/fireinafrica\/wp-json\/wp\/v2\/users\/1002563"}],"replies":[{"embeddable":true,"href":"https:\/\/wp.unil.ch\/fireinafrica\/wp-json\/wp\/v2\/comments?post=184"}],"version-history":[{"count":4,"href":"https:\/\/wp.unil.ch\/fireinafrica\/wp-json\/wp\/v2\/pages\/184\/revisions"}],"predecessor-version":[{"id":343,"href":"https:\/\/wp.unil.ch\/fireinafrica\/wp-json\/wp\/v2\/pages\/184\/revisions\/343"}],"wp:attachment":[{"href":"https:\/\/wp.unil.ch\/fireinafrica\/wp-json\/wp\/v2\/media?parent=184"}],"curies":[{"name":"wp","href":"https:\/\/api.w.org\/{rel}","templated":true}]}}