{"id":974,"date":"2023-03-09T16:05:32","date_gmt":"2023-03-09T15:05:32","guid":{"rendered":"https:\/\/wp.unil.ch\/filmsdepoche\/?page_id=974"},"modified":"2023-11-13T09:44:47","modified_gmt":"2023-11-13T08:44:47","slug":"archives-des-editions-precedentes","status":"publish","type":"page","link":"https:\/\/wp.unil.ch\/filmsdepoche\/","title":{"rendered":"Archives des \u00e9ditions pr\u00e9c\u00e9dentes"},"content":{"rendered":"\n<div style=\"height:20px\" aria-hidden=\"true\" class=\"wp-block-spacer\"><\/div>\n\n\n\n<h1 class=\"wp-block-heading\">Archives des \u00e9ditions pr\u00e9c\u00e9dentes<\/h1>\n\n\n\n<div class=\"wp-block-columns is-layout-flex wp-container-core-columns-is-layout-9d6595d7 wp-block-columns-is-layout-flex\">\n<div class=\"wp-block-column is-layout-flow wp-block-column-is-layout-flow\">\n<div class=\"wp-block-group bordure\"><div class=\"wp-block-group__inner-container is-layout-constrained wp-block-group-is-layout-constrained\">\n<h3 class=\"wp-block-heading\">2015 &#8211; Mon Ouest \u00e0 moi<\/h3>\n\n\n\n<p>L\u2019Ouest lausannois, c\u2019est quoi pour vous&nbsp;? Acteur incontournable de la r\u00e9gion, l\u2019Universit\u00e9 de Lausanne (UNIL) vous invite \u00e0 partager votre vision personnelle d\u2019un district en pleine mutation. L\u2019id\u00e9e est simple&nbsp;: raconter l\u2019Ouest lausannois en 80 secondes \u00e0 l\u2019aide d\u2019un t\u00e9l\u00e9phone portable.<\/p>\n\n\n\n<p>Visionnez <a href=\"https:\/\/wp.unil.ch\/filmsdepoche\/category\/2015\/\">tous les films<\/a> de l\u2019\u00e9dition 2015.<\/p>\n\n\n\n<p><strong>Palmar\u00e8s 2015<\/strong><\/p>\n\n\n\n<ul class=\"wp-block-list\">\n<li>1er prix : <a href=\"https:\/\/wp.unil.ch\/filmsdepoche\/2015\/alea-jacta-ouest\/\">Alea Jacta Ouest<\/a><\/li>\n\n\n\n<li>2\u00e8me prix : <a href=\"https:\/\/wp.unil.ch\/filmsdepoche\/2015\/ma-west-coast-lausannoise\/\">Ma West Coast lausannoise<\/a><\/li>\n\n\n\n<li>3\u00e8me prix : <a href=\"https:\/\/wp.unil.ch\/filmsdepoche\/2015\/conn3xion\/\">Conn3xion<\/a><\/li>\n\n\n\n<li>Prix du jury : <a href=\"https:\/\/wp.unil.ch\/filmsdepoche\/2015\/la-decouverte-du-bibimbap\/\">La d\u00e9couverte du bibimbap<\/a><\/li>\n\n\n\n<li>Prix des communes : <a href=\"https:\/\/wp.unil.ch\/filmsdepoche\/2015\/mon-ouest-lausannois\/\">Mon ouest lausannois<\/a><\/li>\n<\/ul>\n<\/div><\/div>\n<\/div>\n\n\n\n<div class=\"wp-block-column is-layout-flow wp-block-column-is-layout-flow\">\n<div class=\"wp-block-group bordure\"><div class=\"wp-block-group__inner-container is-layout-constrained wp-block-group-is-layout-constrained\">\n<h3 class=\"wp-block-heading\">2013 &#8211; UNIL 2084<\/h3>\n\n\n\n<p>A quoi ressemblera la vie sur le campus en 2084 ? Comment notre quotidien aura-t-il \u00e9volu\u00e9, quels enseignements seront donn\u00e9s, quelles pr\u00e9occupations guideront les chercheurs ? Tout sera-t-il pour le mieux dans le meilleur des mondes ?<\/p>\n\n\n\n<p>Visionnez <a href=\"https:\/\/wp.unil.ch\/filmsdepoche\/category\/2013\/\">tous les films<\/a> de l\u2019\u00e9dition 2013.<\/p>\n\n\n\n<p><strong>Palmar\u00e8s 2013<\/strong><\/p>\n\n\n\n<ul class=\"wp-block-list\">\n<li>1er prix du jury : <a href=\"https:\/\/wp.unil.ch\/filmsdepoche\/2013\/proxy\/\">Proxy<\/a><\/li>\n\n\n\n<li>2\u00e8me prix du jury : <a href=\"https:\/\/wp.unil.ch\/filmsdepoche\/2013\/printunil\/\">PrintUNIL<\/a><\/li>\n\n\n\n<li>3\u00e8me prix du jury : <a href=\"https:\/\/wp.unil.ch\/filmsdepoche\/2013\/reflet-de-son-epoque\/\">Reflet de son \u00e9poque<\/a><\/li>\n<\/ul>\n<\/div><\/div>\n<\/div>\n<\/div>\n\n\n\n<div class=\"wp-block-columns is-layout-flex wp-container-core-columns-is-layout-9d6595d7 wp-block-columns-is-layout-flex\">\n<div class=\"wp-block-column is-layout-flow wp-block-column-is-layout-flow\">\n<div class=\"wp-block-group bordure\"><div class=\"wp-block-group__inner-container is-layout-constrained wp-block-group-is-layout-constrained\">\n<h3 class=\"wp-block-heading\">2011 &#8211; L&rsquo;Egalit\u00e9 et moi<\/h3>\n\n\n\n<p>La seconde \u00e9dition du concours de films de poche questionnait le concept d&rsquo;\u00e9galit\u00e9 : \u00e9galit\u00e9 sociale, \u00e9galit\u00e9 des sexes, \u00e9galit\u00e9 des individus, \u00e9galit\u00e9 des scores, \u00e9galit\u00e9 math\u00e9matique\u2026 L\u2019\u00e9galit\u00e9 c\u2019est quoi, pour vous ?<\/p>\n\n\n\n<p>Visionnez&nbsp;<a href=\"https:\/\/wp.unil.ch\/filmsdepoche\/category\/2011\/\">tous les films<\/a>&nbsp;de l\u2019\u00e9dition 2011.<\/p>\n\n\n\n<p><strong>Palmar\u00e8s 2011<\/strong><\/p>\n\n\n\n<ul class=\"wp-block-list\">\n<li>1er prix du jury : <a href=\"https:\/\/wp.unil.ch\/filmsdepoche\/2011\/2-2-3\/\">2 + 2 = 3<\/a><\/li>\n\n\n\n<li>2\u00e8me prix du jury : <a href=\"https:\/\/wp.unil.ch\/filmsdepoche\/2011\/colorful\/\">Colorful<\/a><\/li>\n\n\n\n<li>3\u00e8me prix du jury : <a href=\"https:\/\/wp.unil.ch\/filmsdepoche\/2011\/adam-reve\/\">Adam &amp; R\u00eave<\/a><\/li>\n\n\n\n<li>Prix du BEC: <a href=\"https:\/\/wp.unil.ch\/filmsdepoche\/2011\/super-egalite-fighter\/\">Super Egalit\u00e9 Fighter<\/a><\/li>\n\n\n\n<li>Prix du public : <a href=\"https:\/\/wp.unil.ch\/filmsdepoche\/2011\/lucky-or-not\/\">Lucky Or Not<\/a><\/li>\n<\/ul>\n<\/div><\/div>\n<\/div>\n\n\n\n<div class=\"wp-block-column is-layout-flow wp-block-column-is-layout-flow\">\n<div class=\"wp-block-group bordure\"><div class=\"wp-block-group__inner-container is-layout-constrained wp-block-group-is-layout-constrained\">\n<h3 class=\"wp-block-heading\">2010 &#8211; Mon UNIL \u00e0 moi<\/h3>\n\n\n\n<p>La premi\u00e8re \u00e9dition du concours du film de poche de l\u2019UNIL a eu lieu \u00e0 l\u2019occasion du 40<sup>e<\/sup> anniversaire de l\u2019installation de l\u2019UNIL \u00e0 Dorigny. Le th\u00e8me en \u00e9tait tout naturellement&nbsp;: \u00ab&nbsp;Mon UNIL \u00e0 moi&nbsp;\u00bb.<\/p>\n\n\n\n<p>Visionnez <a href=\"https:\/\/podcast.unil.ch\/podcast\/unil\/d40_film_de_poche\/index.html\">tous les films<\/a> et la <a href=\"https:\/\/www.unil.ch\/dorigny40\/films-de-poche\/ceremonie-films-de-poche\/\">c\u00e9r\u00e9monie de remise des prix<\/a> de l\u2019\u00e9dition 2010.<\/p>\n\n\n\n<p><strong>Palmar\u00e8s 2010<\/strong><\/p>\n\n\n\n<ul class=\"wp-block-list\">\n<li>1er prix de la cat\u00e9gorie courts : <a href=\"https:\/\/podcast.unil.ch\/podcast\/unil\/d40_film_de_poche\/33-Mon-UNIL-a-moi.html\">Mon UNIL \u00e0 moi<\/a><\/li>\n\n\n\n<li>2\u00e8me prix de la cat\u00e9gorie courts : <a href=\"https:\/\/podcast.unil.ch\/podcast\/unil\/d40_film_de_poche\/04-Process-Blue-C.html\">Process Blue C<\/a><\/li>\n\n\n\n<li>3\u00e8me prix de la cat\u00e9gorie courts : <a href=\"https:\/\/podcast.unil.ch\/podcast\/unil\/d40_film_de_poche\/06-Le_bruit_qui_tue.html\">Le bruit qui tue<\/a><\/li>\n\n\n\n<li>1er prix de la cat\u00e9gorie longs : <a href=\"https:\/\/podcast.unil.ch\/podcast\/unil\/d40_film_de_poche\/40-L-UNIL-dans-les-chaussettes.html\">L&rsquo;UNIL dans les chaussettes<\/a><\/li>\n\n\n\n<li>2\u00e8me prix de la cat\u00e9gorie longs : <a href=\"https:\/\/podcast.unil.ch\/podcast\/unil\/d40_film_de_poche\/41-Film-social.html\">Film social<\/a><\/li>\n\n\n\n<li>3\u00e8me prix de la cat\u00e9gorie longs : <a href=\"https:\/\/podcast.unil.ch\/podcast\/unil\/d40_film_de_poche\/28-Affichage.html\">Affichage<\/a><\/li>\n\n\n\n<li>Prix sp\u00e9cial de la meilleure satire : <a href=\"https:\/\/podcast.unil.ch\/podcast\/unil\/d40_film_de_poche\/37-MonoUNIL.html\">MonoUNIL<\/a><\/li>\n<\/ul>\n<\/div><\/div>\n<\/div>\n<\/div>\n","protected":false},"excerpt":{"rendered":"<p>Archives des \u00e9ditions pr\u00e9c\u00e9dentes 2015 &#8211; Mon Ouest \u00e0 moi L\u2019Ouest lausannois, c\u2019est quoi pour vous&nbsp;? Acteur incontournable de la r\u00e9gion, l\u2019Universit\u00e9 de Lausanne (UNIL) vous invite \u00e0&hellip;<\/p>\n","protected":false},"author":108,"featured_media":0,"parent":0,"menu_order":30,"comment_status":"closed","ping_status":"closed","template":"template-full-width.php","meta":{"_seopress_robots_primary_cat":"","_seopress_titles_title":"","_seopress_titles_desc":"","_seopress_robots_index":"","footnotes":""},"class_list":["post-974","page","type-page","status-publish","has-post-thumbnail"],"_links":{"self":[{"href":"https:\/\/wp.unil.ch\/filmsdepoche\/wp-json\/wp\/v2\/pages\/974","targetHints":{"allow":["GET"]}}],"collection":[{"href":"https:\/\/wp.unil.ch\/filmsdepoche\/wp-json\/wp\/v2\/pages"}],"about":[{"href":"https:\/\/wp.unil.ch\/filmsdepoche\/wp-json\/wp\/v2\/types\/page"}],"author":[{"embeddable":true,"href":"https:\/\/wp.unil.ch\/filmsdepoche\/wp-json\/wp\/v2\/users\/108"}],"replies":[{"embeddable":true,"href":"https:\/\/wp.unil.ch\/filmsdepoche\/wp-json\/wp\/v2\/comments?post=974"}],"version-history":[{"count":2,"href":"https:\/\/wp.unil.ch\/filmsdepoche\/wp-json\/wp\/v2\/pages\/974\/revisions"}],"predecessor-version":[{"id":1264,"href":"https:\/\/wp.unil.ch\/filmsdepoche\/wp-json\/wp\/v2\/pages\/974\/revisions\/1264"}],"wp:attachment":[{"href":"https:\/\/wp.unil.ch\/filmsdepoche\/wp-json\/wp\/v2\/media?parent=974"}],"curies":[{"name":"wp","href":"https:\/\/api.w.org\/{rel}","templated":true}]}}